{"id":10640,"date":"2025-04-10T11:43:37","date_gmt":"2025-04-10T11:43:37","guid":{"rendered":"https:\/\/www.maxins.com\/volna-mista\/"},"modified":"2025-04-10T13:09:16","modified_gmt":"2025-04-10T13:09:16","slug":"volna-mista","status":"publish","type":"page","link":"https:\/\/www.maxins.com\/cs\/volna-mista\/","title":{"rendered":"Voln\u00e1 pracovn\u00ed m\u00edsta"},"content":{"rendered":"<div id=\"pl-10640\"  class=\"panel-layout\" ><div id=\"pg-10640-0\"  class=\"panel-grid panel-has-style\" ><div class=\"panel-row-style panel-row-style-for-10640-0\" ><div id=\"pgc-10640-0-0\"  class=\"panel-grid-cell\" ><div id=\"panel-10640-0-0-0\" class=\"so-panel widget widget_sow-editor panel-first-child panel-last-child\" data-index=\"0\" ><div\n\t\t\t\n\t\t\tclass=\"so-widget-sow-editor so-widget-sow-editor-base\"\n\t\t\t\n\t\t>\n<div class=\"siteorigin-widget-tinymce textwidget\">\n\t<h1>Podejte \u017e\u00e1dost doma nebo v zahrani\u010d\u00ed<\/h1>\n<\/div>\n<\/div><\/div><\/div><div id=\"pgc-10640-0-1\"  class=\"panel-grid-cell\" ><div id=\"panel-10640-0-1-0\" class=\"so-panel widget widget_sow-editor panel-first-child panel-last-child\" data-index=\"1\" ><div class=\"panel-widget-style panel-widget-style-for-10640-0-1-0\" ><div\n\t\t\t\n\t\t\tclass=\"so-widget-sow-editor so-widget-sow-editor-base\"\n\t\t\t\n\t\t>\n<div class=\"siteorigin-widget-tinymce textwidget\">\n\t<p>Ve spole\u010dnosti MAXIN'S \u017eijeme prac\u00ed. Jsme stabiln\u00edm partnerem l\u00eddr\u016f nap\u0159\u00ed\u010d obory. Ud\u011blejte prvn\u00ed krok a p\u0159idejte se k tis\u00edc\u016fm na\u0161ich spokojen\u00fdch zam\u011bstnanc\u016f.  <\/p>\n<\/div>\n<\/div><\/div><\/div><\/div><\/div><\/div><div id=\"pg-10640-1\"  class=\"panel-grid panel-has-style\" ><div class=\"siteorigin-panels-stretch panel-row-style panel-row-style-for-10640-1\" data-stretch-type=\"full\" ><div id=\"pgc-10640-1-0\"  class=\"panel-grid-cell\" ><div id=\"panel-10640-1-0-0\" class=\"so-panel widget widget_sow-image panel-first-child\" data-index=\"2\" ><div class=\"panel-widget-style panel-widget-style-for-10640-1-0-0\" ><div\n\t\t\t\n\t\t\tclass=\"so-widget-sow-image so-widget-sow-image-default-8b5b6f678277-10640\"\n\t\t\t\n\t\t><\/div><\/div><\/div><div id=\"panel-10640-1-0-1\" class=\"so-panel widget widget_sow-editor panel-last-child\" data-index=\"3\" ><div\n\t\t\t\n\t\t\tclass=\"so-widget-sow-editor so-widget-sow-editor-base\"\n\t\t\t\n\t\t>\n<div class=\"siteorigin-widget-tinymce textwidget\">\n\t<h4 style=\"text-align: center;\">Pracovn\u00ed p\u0159\u00edle\u017eitosti<br \/>na Slovensku<\/h4>\n<p style=\"text-align: center;\"><a class=\"button button-brand-color-2\" title=\"\" href=\"https:\/\/www.maxins.sk\/ponuky\/\" target=\"blank\">Zobrazit v\u00edce<\/a><\/p>\n<\/div>\n<\/div><\/div><\/div><div id=\"pgc-10640-1-1\"  class=\"panel-grid-cell\" ><div id=\"panel-10640-1-1-0\" class=\"so-panel widget widget_sow-image panel-first-child\" data-index=\"4\" ><div class=\"panel-widget-style panel-widget-style-for-10640-1-1-0\" ><div\n\t\t\t\n\t\t\tclass=\"so-widget-sow-image so-widget-sow-image-default-8b5b6f678277-10640\"\n\t\t\t\n\t\t>\n<div class=\"sow-image-container\">\n\t\t<img decoding=\"async\" src=\"https:\/\/www.maxins.com\/wp-content\/uploads\/2025\/04\/cz-flag.svg\" title=\"cz flag\" alt=\"cz flag\" \t\tclass=\"so-widget-image\"\/>\n\t<\/div>\n\n<\/div><\/div><\/div><div id=\"panel-10640-1-1-1\" class=\"so-panel widget widget_sow-editor panel-last-child\" data-index=\"5\" ><div\n\t\t\t\n\t\t\tclass=\"so-widget-sow-editor so-widget-sow-editor-base\"\n\t\t\t\n\t\t>\n<div class=\"siteorigin-widget-tinymce textwidget\">\n\t<h4 style=\"text-align: center;\">Pracovn\u00ed p\u0159\u00edle\u017eitosti<br \/>v \u010cesk\u00e9 republice<\/h4>\n<p style=\"text-align: center;\"><a class=\"button button-brand-color-2\" title=\"\" href=\"https:\/\/www.maxins.cz\" target=\"blank\">Zobrazit v\u00edce<\/a><\/p>\n<\/div>\n<\/div><\/div><\/div><div id=\"pgc-10640-1-2\"  class=\"panel-grid-cell\" ><div id=\"panel-10640-1-2-0\" class=\"so-panel widget widget_sow-image panel-first-child\" data-index=\"6\" ><div class=\"panel-widget-style panel-widget-style-for-10640-1-2-0\" ><div\n\t\t\t\n\t\t\tclass=\"so-widget-sow-image so-widget-sow-image-default-8b5b6f678277-10640\"\n\t\t\t\n\t\t><\/div><\/div><\/div><div id=\"panel-10640-1-2-1\" class=\"so-panel widget widget_sow-editor panel-last-child\" data-index=\"7\" ><div\n\t\t\t\n\t\t\tclass=\"so-widget-sow-editor so-widget-sow-editor-base\"\n\t\t\t\n\t\t>\n<div class=\"siteorigin-widget-tinymce textwidget\">\n\t<h4 style=\"text-align: center;\">Pracovn\u00ed p\u0159\u00edle\u017eitosti<br \/>v N\u011bmecku<\/h4>\n<p style=\"text-align: center;\"><a class=\"button button-brand-color-2\" title=\"\" href=\"https:\/\/www.pracuj-v-nemecku.sk\" target=\"blank\">Zobrazit v\u00edce<\/a><\/p>\n<\/div>\n<\/div><\/div><\/div><\/div><\/div><div id=\"pg-10640-2\"  class=\"panel-grid panel-has-style\" ><div class=\"siteorigin-panels-stretch panel-row-style panel-row-style-for-10640-2\" data-stretch-type=\"full\" ><div id=\"pgc-10640-2-0\"  class=\"panel-grid-cell\" ><div id=\"panel-10640-2-0-0\" class=\"so-panel widget widget_sow-image panel-first-child\" data-index=\"8\" ><div class=\"panel-widget-style panel-widget-style-for-10640-2-0-0\" ><div\n\t\t\t\n\t\t\tclass=\"so-widget-sow-image so-widget-sow-image-default-8b5b6f678277-10640\"\n\t\t\t\n\t\t><\/div><\/div><\/div><div id=\"panel-10640-2-0-1\" class=\"so-panel widget widget_sow-editor panel-last-child\" data-index=\"9\" ><div\n\t\t\t\n\t\t\tclass=\"so-widget-sow-editor so-widget-sow-editor-base\"\n\t\t\t\n\t\t>\n<div class=\"siteorigin-widget-tinymce textwidget\">\n\t<h4 style=\"text-align: center;\">Pracovn\u00ed p\u0159\u00edle\u017eitosti<br \/>pro ob\u010dany Ukrajiny<\/h4>\n<p style=\"text-align: center;\"><a class=\"button button-brand-color-2\" title=\"\" href=\"https:\/\/www.maxins.com.ua\/%D0%B2%D0%B0%D0%BA%D0%B0%D0%BD%D1%81%D1%96%D1%97\/\" target=\"blank\">Zobrazit v\u00edce<\/a><\/p>\n<\/div>\n<\/div><\/div><\/div><div id=\"pgc-10640-2-1\"  class=\"panel-grid-cell panel-grid-cell-mobile-last\" ><div id=\"panel-10640-2-1-0\" class=\"so-panel widget widget_sow-image panel-first-child\" data-index=\"10\" ><div class=\"panel-widget-style panel-widget-style-for-10640-2-1-0\" ><div\n\t\t\t\n\t\t\tclass=\"so-widget-sow-image so-widget-sow-image-default-8b5b6f678277-10640\"\n\t\t\t\n\t\t>\n<div class=\"sow-image-container\">\n\t\t<img decoding=\"async\" src=\"https:\/\/www.maxins.com\/wp-content\/uploads\/2025\/04\/pl-flag.svg\" title=\"pl flag\" alt=\"pl flag\" \t\tclass=\"so-widget-image\"\/>\n\t<\/div>\n\n<\/div><\/div><\/div><div id=\"panel-10640-2-1-1\" class=\"so-panel widget widget_sow-editor panel-last-child\" data-index=\"11\" ><div\n\t\t\t\n\t\t\tclass=\"so-widget-sow-editor so-widget-sow-editor-base\"\n\t\t\t\n\t\t>\n<div class=\"siteorigin-widget-tinymce textwidget\">\n\t<h4 style=\"text-align: center;\">Pracovn\u00ed p\u0159\u00edle\u017eitosti<br \/>pro polsk\u00e9 ob\u010dany<\/h4>\n<p style=\"text-align: center;\"><a class=\"button button-brand-color-2\" title=\"\" href=\"https:\/\/www.maxins.pl\" target=\"blank\">Zobrazit v\u00edce<\/a><\/p>\n<\/div>\n<\/div><\/div><\/div><div id=\"pgc-10640-2-2\"  class=\"panel-grid-cell panel-grid-cell-empty\" ><\/div><\/div><\/div><div id=\"pg-10640-3\"  class=\"panel-grid panel-has-style\" ><div class=\"siteorigin-panels-stretch panel-row-style panel-row-style-for-10640-3\" data-stretch-type=\"full-width-stretch\" ><div id=\"pgc-10640-3-0\"  class=\"panel-grid-cell\" ><div id=\"panel-10640-3-0-0\" class=\"so-panel widget widget_sow-editor panel-first-child panel-last-child\" data-index=\"12\" ><div\n\t\t\t\n\t\t\tclass=\"so-widget-sow-editor so-widget-sow-editor-base\"\n\t\t\t\n\t\t>\n<div class=\"siteorigin-widget-tinymce textwidget\">\n\t<section class=\"content-section panel-contact-cta\">\n  <div class=\"container\">\n    <header class=\"content-section-header\">\n      <div class=\"content-section-pre-title\">JSME TU PRO V\u00c1S<\/div>\n    <\/header>\n    <article>\n      <p class=\"big\">Usnadn\u011bte si podnik\u00e1n\u00ed s\u00a0pomoc\u00ed na\u0161ich \u0159e\u0161en\u00ed. <span class=\"highlight\">Objednejte si na\u0161e zam\u011bstnance je\u0161t\u011b dnes.<\/span><img decoding=\"async\" src=\"https:\/\/www.maxins.com\/wp-content\/themes\/maxins\/assets\/img\/graphics\/meditation.png\" alt=\"\"><\/p>\n      <div class=\"buttons-container\">\n        <a href=\"https:\/\/www.maxins.com\/cs\/kontakt\/\" title=\"\" class=\"button button-brand-color-2\">Objednat zam\u011bstnance<\/a>\n      <\/div>\n    <\/article>\n  <\/div>\n<\/section>\n<\/div>\n<\/div><\/div><\/div><\/div><\/div><\/div>","protected":false},"excerpt":{"rendered":"<p>Podejte \u017e\u00e1dost doma nebo v zahrani\u010d\u00ed Ve spole\u010dnosti MAXIN&#8217;S \u017eijeme prac\u00ed. Jsme stabiln\u00edm partnerem l\u00eddr\u016f nap\u0159\u00ed\u010d obory. Ud\u011blejte prvn\u00ed krok a p\u0159idejte se k tis\u00edc\u016fm na\u0161ich spokojen\u00fdch zam\u011bstnanc\u016f. Pracovn\u00ed p\u0159\u00edle\u017eitostina Slovensku Zobrazit v\u00edce Pracovn\u00ed p\u0159\u00edle\u017eitostiv \u010cesk\u00e9 republice Zobrazit v\u00edce Pracovn\u00ed p\u0159\u00edle\u017eitostiv N\u011bmecku Zobrazit v\u00edce<\/p>\n","protected":false},"author":3,"featured_media":7514,"parent":0,"menu_order":0,"comment_status":"closed","ping_status":"closed","template":"","meta":{"_acf_changed":false,"footnotes":""},"class_list":["post-10640","page","type-page","status-publish","has-post-thumbnail","hentry"],"acf":[],"yoast_head":"<!-- This site is optimized with the Yoast SEO plugin v25.3.1 - https:\/\/yoast.com\/wordpress\/plugins\/seo\/ -->\n<title>Voln\u00e1 pracovn\u00ed m\u00edsta - MAXIN\u2019S<\/title>\n<meta name=\"robots\" content=\"index, follow, max-snippet:-1, max-image-preview:large, max-video-preview:-1\" \/>\n<link rel=\"canonical\" href=\"https:\/\/www.maxins.com\/cs\/volna-mista\/\" \/>\n<meta property=\"og:locale\" content=\"cs_CZ\" \/>\n<meta property=\"og:type\" content=\"article\" \/>\n<meta property=\"og:title\" content=\"Voln\u00e1 pracovn\u00ed m\u00edsta - MAXIN\u2019S\" \/>\n<meta property=\"og:description\" content=\"Podejte \u017e\u00e1dost doma nebo v zahrani\u010d\u00ed Ve spole\u010dnosti MAXIN&#039;S \u017eijeme prac\u00ed. Jsme stabiln\u00edm partnerem l\u00eddr\u016f nap\u0159\u00ed\u010d obory. Ud\u011blejte prvn\u00ed krok a p\u0159idejte se k tis\u00edc\u016fm na\u0161ich spokojen\u00fdch zam\u011bstnanc\u016f. Pracovn\u00ed p\u0159\u00edle\u017eitostina Slovensku Zobrazit v\u00edce Pracovn\u00ed p\u0159\u00edle\u017eitostiv \u010cesk\u00e9 republice Zobrazit v\u00edce Pracovn\u00ed p\u0159\u00edle\u017eitostiv N\u011bmecku Zobrazit v\u00edce\" \/>\n<meta property=\"og:url\" content=\"https:\/\/www.maxins.com\/cs\/volna-mista\/\" \/>\n<meta property=\"og:site_name\" content=\"MAXIN\u2019S\" \/>\n<meta property=\"article:modified_time\" content=\"2025-04-10T13:09:16+00:00\" \/>\n<meta property=\"og:image\" content=\"https:\/\/www.maxins.com\/wp-content\/uploads\/2025\/02\/52-1024x683.png\" \/>\n\t<meta property=\"og:image:width\" content=\"1024\" \/>\n\t<meta property=\"og:image:height\" content=\"683\" \/>\n\t<meta property=\"og:image:type\" content=\"image\/png\" \/>\n<meta name=\"twitter:card\" content=\"summary_large_image\" \/>\n<meta name=\"twitter:label1\" content=\"Odhadovan\u00e1 doba \u010dten\u00ed\" \/>\n\t<meta name=\"twitter:data1\" content=\"2 minuty\" \/>\n<script type=\"application\/ld+json\" class=\"yoast-schema-graph\">{\"@context\":\"https:\/\/schema.org\",\"@graph\":[{\"@type\":\"WebPage\",\"@id\":\"https:\/\/www.maxins.com\/cs\/volna-mista\/\",\"url\":\"https:\/\/www.maxins.com\/cs\/volna-mista\/\",\"name\":\"Voln\u00e1 pracovn\u00ed m\u00edsta - MAXIN\u2019S\",\"isPartOf\":{\"@id\":\"https:\/\/www.maxins.com\/#website\"},\"primaryImageOfPage\":{\"@id\":\"https:\/\/www.maxins.com\/cs\/volna-mista\/#primaryimage\"},\"image\":{\"@id\":\"https:\/\/www.maxins.com\/cs\/volna-mista\/#primaryimage\"},\"thumbnailUrl\":\"https:\/\/www.maxins.com\/wp-content\/uploads\/2025\/02\/52.png\",\"datePublished\":\"2025-04-10T11:43:37+00:00\",\"dateModified\":\"2025-04-10T13:09:16+00:00\",\"breadcrumb\":{\"@id\":\"https:\/\/www.maxins.com\/cs\/volna-mista\/#breadcrumb\"},\"inLanguage\":\"cs\",\"potentialAction\":[{\"@type\":\"ReadAction\",\"target\":[\"https:\/\/www.maxins.com\/cs\/volna-mista\/\"]}]},{\"@type\":\"ImageObject\",\"inLanguage\":\"cs\",\"@id\":\"https:\/\/www.maxins.com\/cs\/volna-mista\/#primaryimage\",\"url\":\"https:\/\/www.maxins.com\/wp-content\/uploads\/2025\/02\/52.png\",\"contentUrl\":\"https:\/\/www.maxins.com\/wp-content\/uploads\/2025\/02\/52.png\",\"width\":1800,\"height\":1200,\"caption\":\"52\"},{\"@type\":\"BreadcrumbList\",\"@id\":\"https:\/\/www.maxins.com\/cs\/volna-mista\/#breadcrumb\",\"itemListElement\":[{\"@type\":\"ListItem\",\"position\":1,\"name\":\"Domovsk\u00e1 str\u00e1nka\",\"item\":\"https:\/\/www.maxins.com\/cs\/uvod\/\"},{\"@type\":\"ListItem\",\"position\":2,\"name\":\"Voln\u00e1 pracovn\u00ed m\u00edsta\"}]},{\"@type\":\"WebSite\",\"@id\":\"https:\/\/www.maxins.com\/#website\",\"url\":\"https:\/\/www.maxins.com\/\",\"name\":\"MAXIN\u2019S\",\"description\":\"\",\"potentialAction\":[{\"@type\":\"SearchAction\",\"target\":{\"@type\":\"EntryPoint\",\"urlTemplate\":\"https:\/\/www.maxins.com\/?s={search_term_string}\"},\"query-input\":{\"@type\":\"PropertyValueSpecification\",\"valueRequired\":true,\"valueName\":\"search_term_string\"}}],\"inLanguage\":\"cs\"}]}<\/script>\n<!-- \/ Yoast SEO plugin. -->","yoast_head_json":{"title":"Voln\u00e1 pracovn\u00ed m\u00edsta - MAXIN\u2019S","robots":{"index":"index","follow":"follow","max-snippet":"max-snippet:-1","max-image-preview":"max-image-preview:large","max-video-preview":"max-video-preview:-1"},"canonical":"https:\/\/www.maxins.com\/cs\/volna-mista\/","og_locale":"cs_CZ","og_type":"article","og_title":"Voln\u00e1 pracovn\u00ed m\u00edsta - MAXIN\u2019S","og_description":"Podejte \u017e\u00e1dost doma nebo v zahrani\u010d\u00ed Ve spole\u010dnosti MAXIN'S \u017eijeme prac\u00ed. Jsme stabiln\u00edm partnerem l\u00eddr\u016f nap\u0159\u00ed\u010d obory. Ud\u011blejte prvn\u00ed krok a p\u0159idejte se k tis\u00edc\u016fm na\u0161ich spokojen\u00fdch zam\u011bstnanc\u016f. Pracovn\u00ed p\u0159\u00edle\u017eitostina Slovensku Zobrazit v\u00edce Pracovn\u00ed p\u0159\u00edle\u017eitostiv \u010cesk\u00e9 republice Zobrazit v\u00edce Pracovn\u00ed p\u0159\u00edle\u017eitostiv N\u011bmecku Zobrazit v\u00edce","og_url":"https:\/\/www.maxins.com\/cs\/volna-mista\/","og_site_name":"MAXIN\u2019S","article_modified_time":"2025-04-10T13:09:16+00:00","og_image":[{"width":1024,"height":683,"url":"https:\/\/www.maxins.com\/wp-content\/uploads\/2025\/02\/52-1024x683.png","type":"image\/png"}],"twitter_card":"summary_large_image","twitter_misc":{"Odhadovan\u00e1 doba \u010dten\u00ed":"2 minuty"},"schema":{"@context":"https:\/\/schema.org","@graph":[{"@type":"WebPage","@id":"https:\/\/www.maxins.com\/cs\/volna-mista\/","url":"https:\/\/www.maxins.com\/cs\/volna-mista\/","name":"Voln\u00e1 pracovn\u00ed m\u00edsta - MAXIN\u2019S","isPartOf":{"@id":"https:\/\/www.maxins.com\/#website"},"primaryImageOfPage":{"@id":"https:\/\/www.maxins.com\/cs\/volna-mista\/#primaryimage"},"image":{"@id":"https:\/\/www.maxins.com\/cs\/volna-mista\/#primaryimage"},"thumbnailUrl":"https:\/\/www.maxins.com\/wp-content\/uploads\/2025\/02\/52.png","datePublished":"2025-04-10T11:43:37+00:00","dateModified":"2025-04-10T13:09:16+00:00","breadcrumb":{"@id":"https:\/\/www.maxins.com\/cs\/volna-mista\/#breadcrumb"},"inLanguage":"cs","potentialAction":[{"@type":"ReadAction","target":["https:\/\/www.maxins.com\/cs\/volna-mista\/"]}]},{"@type":"ImageObject","inLanguage":"cs","@id":"https:\/\/www.maxins.com\/cs\/volna-mista\/#primaryimage","url":"https:\/\/www.maxins.com\/wp-content\/uploads\/2025\/02\/52.png","contentUrl":"https:\/\/www.maxins.com\/wp-content\/uploads\/2025\/02\/52.png","width":1800,"height":1200,"caption":"52"},{"@type":"BreadcrumbList","@id":"https:\/\/www.maxins.com\/cs\/volna-mista\/#breadcrumb","itemListElement":[{"@type":"ListItem","position":1,"name":"Domovsk\u00e1 str\u00e1nka","item":"https:\/\/www.maxins.com\/cs\/uvod\/"},{"@type":"ListItem","position":2,"name":"Voln\u00e1 pracovn\u00ed m\u00edsta"}]},{"@type":"WebSite","@id":"https:\/\/www.maxins.com\/#website","url":"https:\/\/www.maxins.com\/","name":"MAXIN\u2019S","description":"","potentialAction":[{"@type":"SearchAction","target":{"@type":"EntryPoint","urlTemplate":"https:\/\/www.maxins.com\/?s={search_term_string}"},"query-input":{"@type":"PropertyValueSpecification","valueRequired":true,"valueName":"search_term_string"}}],"inLanguage":"cs"}]}},"_links":{"self":[{"href":"https:\/\/www.maxins.com\/cs\/wp-json\/wp\/v2\/pages\/10640","targetHints":{"allow":["GET"]}}],"collection":[{"href":"https:\/\/www.maxins.com\/cs\/wp-json\/wp\/v2\/pages"}],"about":[{"href":"https:\/\/www.maxins.com\/cs\/wp-json\/wp\/v2\/types\/page"}],"author":[{"embeddable":true,"href":"https:\/\/www.maxins.com\/cs\/wp-json\/wp\/v2\/users\/3"}],"replies":[{"embeddable":true,"href":"https:\/\/www.maxins.com\/cs\/wp-json\/wp\/v2\/comments?post=10640"}],"version-history":[{"count":12,"href":"https:\/\/www.maxins.com\/cs\/wp-json\/wp\/v2\/pages\/10640\/revisions"}],"predecessor-version":[{"id":10668,"href":"https:\/\/www.maxins.com\/cs\/wp-json\/wp\/v2\/pages\/10640\/revisions\/10668"}],"wp:featuredmedia":[{"embeddable":true,"href":"https:\/\/www.maxins.com\/cs\/wp-json\/wp\/v2\/media\/7514"}],"wp:attachment":[{"href":"https:\/\/www.maxins.com\/cs\/wp-json\/wp\/v2\/media?parent=10640"}],"curies":[{"name":"wp","href":"https:\/\/api.w.org\/{rel}","templated":true}]}}