{"id":8588,"date":"2025-02-20T13:14:15","date_gmt":"2025-02-20T13:14:15","guid":{"rendered":"https:\/\/www.maxins.com\/impressum\/"},"modified":"2025-03-11T21:54:41","modified_gmt":"2025-03-11T21:54:41","slug":"impressum","status":"publish","type":"page","link":"https:\/\/www.maxins.com\/cs\/impressum\/","title":{"rendered":"Impressum"},"content":{"rendered":"<h3><b>Provozovatel webov\u00fdch str\u00e1nek:<\/b><b><\/b><\/h3>\n<p><b>MAXIN&#8217;S Group, a.s.<\/b><br \/>\nBajkalsk\u00e1 22<br \/>\n821 09 Bratislava<\/p>\n<p>I\u010cO: 47242337<br \/>\nDI\u010c: 2023631423<br \/>\nI\u010c DPH: SK2023631423<\/p>\n<h3><b>Z\u00e1pis do obchodn\u00edho rejst\u0159\u00edku:<\/b><\/h3>\n<p>M\u011bstsk\u00fd soud Bratislava III<br \/>\nSekce: Sa, \u010d\u00edslo spisu: 7337\/B<\/p>\n<h3><b>Kontaktn\u00ed \u00fadaje:<\/b><\/h3>\n<p><strong>CZ:<\/strong><br \/>\nTelefon: <a href=\"tel:+420 608 869 017\">+420 608 869 017<\/a><br \/>\nE-mail: <a href=\"mailto:obchod@maxins.cz\">obchod@maxins.cz<\/a><\/p>\n<p><strong>SK:<\/strong><br \/>\nTelefon: <a href=\"tel: 0907 569 654\">0907 569 654<\/a><br \/>\nE-mail: <a href=\"mailto: obchod@maxins.sk\">obchod@maxins.sk<\/a><\/p>\n<p>Web: <a href=\"http:\/\/www.maxins.com\">www.maxins.com<\/a><\/p>\n<h3><b>Osoba odpov\u011bdn\u00e1 za obsah webov\u00fdch str\u00e1nek:<\/b><\/h3>\n<p>Juraj Wertlen &#8211; Marketingov\u00fd mana\u017eer, tel.: <a href=\"tel: +421911639877\">+421 911 639 877<\/a><\/p>\n<h3><b>Z\u00e1sady ochrany osobn\u00edch \u00fadaj\u016f:<\/b><\/h3>\n<p>Podrobn\u00e9 informace o zpracov\u00e1n\u00ed osobn\u00edch \u00fadaj\u016f naleznete v dokumentu <a href=\"https:\/\/www.osobnyudaj.sk\/informovanie\/50657160\/gdpr\/sk\/informacie-o-ucele-spracuvania-a-dobe-uchovavania-osobnych-udajov\">na tomto odkazu.<\/a><\/p>\n<h3><b>Autorsk\u00e1 pr\u00e1va a odpov\u011bdnost:<\/b><\/h3>\n<p>\u00a9 2025 MAXIN&#8217;S Group, a.s. V\u0161echna pr\u00e1va vyhrazena.<br \/>\nObsah t\u011bchto webov\u00fdch str\u00e1nek je chr\u00e1n\u011bn autorsk\u00fdm pr\u00e1vem a jeho pou\u017eit\u00ed bez souhlasu provozovatele je zak\u00e1z\u00e1no. Neneseme odpov\u011bdnost za obsah extern\u00edch str\u00e1nek, na kter\u00e9 odkazujeme.<\/p>\n","protected":false},"excerpt":{"rendered":"<p>Provozovatel webov\u00fdch str\u00e1nek: MAXIN&#8217;S Group, a.s. Bajkalsk\u00e1 22 821 09 Bratislava I\u010cO: 47242337 DI\u010c: 2023631423 I\u010c DPH: SK2023631423 Z\u00e1pis do obchodn\u00edho rejst\u0159\u00edku: M\u011bstsk\u00fd soud Bratislava III Sekce: Sa, \u010d\u00edslo spisu: 7337\/B Kontaktn\u00ed \u00fadaje: CZ: Telefon: +420 608 869 017 E-mail: obchod@maxins.cz SK: Telefon: 0907 569 654 E-mail: obchod@maxins.sk Web: www.maxins.com Osoba odpov\u011bdn\u00e1 za obsah webov\u00fdch [&hellip;]<\/p>\n","protected":false},"author":2,"featured_media":0,"parent":0,"menu_order":0,"comment_status":"closed","ping_status":"closed","template":"","meta":{"_acf_changed":false,"footnotes":""},"class_list":["post-8588","page","type-page","status-publish","hentry"],"acf":[],"yoast_head":"<!-- This site is optimized with the Yoast SEO plugin v25.3.1 - https:\/\/yoast.com\/wordpress\/plugins\/seo\/ -->\n<title>Impressum - MAXIN\u2019S<\/title>\n<meta name=\"robots\" content=\"index, follow, max-snippet:-1, max-image-preview:large, max-video-preview:-1\" \/>\n<link rel=\"canonical\" href=\"https:\/\/www.maxins.com\/cs\/impressum\/\" \/>\n<meta property=\"og:locale\" content=\"cs_CZ\" \/>\n<meta property=\"og:type\" content=\"article\" \/>\n<meta property=\"og:title\" content=\"Impressum - MAXIN\u2019S\" \/>\n<meta property=\"og:description\" content=\"Provozovatel webov\u00fdch str\u00e1nek: MAXIN&#8217;S Group, a.s. Bajkalsk\u00e1 22 821 09 Bratislava I\u010cO: 47242337 DI\u010c: 2023631423 I\u010c DPH: SK2023631423 Z\u00e1pis do obchodn\u00edho rejst\u0159\u00edku: M\u011bstsk\u00fd soud Bratislava III Sekce: Sa, \u010d\u00edslo spisu: 7337\/B Kontaktn\u00ed \u00fadaje: CZ: Telefon: +420 608 869 017 E-mail: obchod@maxins.cz SK: Telefon: 0907 569 654 E-mail: obchod@maxins.sk Web: www.maxins.com Osoba odpov\u011bdn\u00e1 za obsah webov\u00fdch [&hellip;]\" \/>\n<meta property=\"og:url\" content=\"https:\/\/www.maxins.com\/cs\/impressum\/\" \/>\n<meta property=\"og:site_name\" content=\"MAXIN\u2019S\" \/>\n<meta property=\"article:modified_time\" content=\"2025-03-11T21:54:41+00:00\" \/>\n<meta name=\"twitter:card\" content=\"summary_large_image\" \/>\n<meta name=\"twitter:label1\" content=\"Odhadovan\u00e1 doba \u010dten\u00ed\" \/>\n\t<meta name=\"twitter:data1\" content=\"1 minuta\" \/>\n<script type=\"application\/ld+json\" class=\"yoast-schema-graph\">{\"@context\":\"https:\/\/schema.org\",\"@graph\":[{\"@type\":\"WebPage\",\"@id\":\"https:\/\/www.maxins.com\/cs\/impressum\/\",\"url\":\"https:\/\/www.maxins.com\/cs\/impressum\/\",\"name\":\"Impressum - MAXIN\u2019S\",\"isPartOf\":{\"@id\":\"https:\/\/www.maxins.com\/#website\"},\"datePublished\":\"2025-02-20T13:14:15+00:00\",\"dateModified\":\"2025-03-11T21:54:41+00:00\",\"breadcrumb\":{\"@id\":\"https:\/\/www.maxins.com\/cs\/impressum\/#breadcrumb\"},\"inLanguage\":\"cs\",\"potentialAction\":[{\"@type\":\"ReadAction\",\"target\":[\"https:\/\/www.maxins.com\/cs\/impressum\/\"]}]},{\"@type\":\"BreadcrumbList\",\"@id\":\"https:\/\/www.maxins.com\/cs\/impressum\/#breadcrumb\",\"itemListElement\":[{\"@type\":\"ListItem\",\"position\":1,\"name\":\"Domovsk\u00e1 str\u00e1nka\",\"item\":\"https:\/\/www.maxins.com\/cs\/uvod\/\"},{\"@type\":\"ListItem\",\"position\":2,\"name\":\"Impressum\"}]},{\"@type\":\"WebSite\",\"@id\":\"https:\/\/www.maxins.com\/#website\",\"url\":\"https:\/\/www.maxins.com\/\",\"name\":\"MAXIN\u2019S\",\"description\":\"\",\"potentialAction\":[{\"@type\":\"SearchAction\",\"target\":{\"@type\":\"EntryPoint\",\"urlTemplate\":\"https:\/\/www.maxins.com\/?s={search_term_string}\"},\"query-input\":{\"@type\":\"PropertyValueSpecification\",\"valueRequired\":true,\"valueName\":\"search_term_string\"}}],\"inLanguage\":\"cs\"}]}<\/script>\n<!-- \/ Yoast SEO plugin. -->","yoast_head_json":{"title":"Impressum - MAXIN\u2019S","robots":{"index":"index","follow":"follow","max-snippet":"max-snippet:-1","max-image-preview":"max-image-preview:large","max-video-preview":"max-video-preview:-1"},"canonical":"https:\/\/www.maxins.com\/cs\/impressum\/","og_locale":"cs_CZ","og_type":"article","og_title":"Impressum - MAXIN\u2019S","og_description":"Provozovatel webov\u00fdch str\u00e1nek: MAXIN&#8217;S Group, a.s. Bajkalsk\u00e1 22 821 09 Bratislava I\u010cO: 47242337 DI\u010c: 2023631423 I\u010c DPH: SK2023631423 Z\u00e1pis do obchodn\u00edho rejst\u0159\u00edku: M\u011bstsk\u00fd soud Bratislava III Sekce: Sa, \u010d\u00edslo spisu: 7337\/B Kontaktn\u00ed \u00fadaje: CZ: Telefon: +420 608 869 017 E-mail: obchod@maxins.cz SK: Telefon: 0907 569 654 E-mail: obchod@maxins.sk Web: www.maxins.com Osoba odpov\u011bdn\u00e1 za obsah webov\u00fdch [&hellip;]","og_url":"https:\/\/www.maxins.com\/cs\/impressum\/","og_site_name":"MAXIN\u2019S","article_modified_time":"2025-03-11T21:54:41+00:00","twitter_card":"summary_large_image","twitter_misc":{"Odhadovan\u00e1 doba \u010dten\u00ed":"1 minuta"},"schema":{"@context":"https:\/\/schema.org","@graph":[{"@type":"WebPage","@id":"https:\/\/www.maxins.com\/cs\/impressum\/","url":"https:\/\/www.maxins.com\/cs\/impressum\/","name":"Impressum - MAXIN\u2019S","isPartOf":{"@id":"https:\/\/www.maxins.com\/#website"},"datePublished":"2025-02-20T13:14:15+00:00","dateModified":"2025-03-11T21:54:41+00:00","breadcrumb":{"@id":"https:\/\/www.maxins.com\/cs\/impressum\/#breadcrumb"},"inLanguage":"cs","potentialAction":[{"@type":"ReadAction","target":["https:\/\/www.maxins.com\/cs\/impressum\/"]}]},{"@type":"BreadcrumbList","@id":"https:\/\/www.maxins.com\/cs\/impressum\/#breadcrumb","itemListElement":[{"@type":"ListItem","position":1,"name":"Domovsk\u00e1 str\u00e1nka","item":"https:\/\/www.maxins.com\/cs\/uvod\/"},{"@type":"ListItem","position":2,"name":"Impressum"}]},{"@type":"WebSite","@id":"https:\/\/www.maxins.com\/#website","url":"https:\/\/www.maxins.com\/","name":"MAXIN\u2019S","description":"","potentialAction":[{"@type":"SearchAction","target":{"@type":"EntryPoint","urlTemplate":"https:\/\/www.maxins.com\/?s={search_term_string}"},"query-input":{"@type":"PropertyValueSpecification","valueRequired":true,"valueName":"search_term_string"}}],"inLanguage":"cs"}]}},"_links":{"self":[{"href":"https:\/\/www.maxins.com\/cs\/wp-json\/wp\/v2\/pages\/8588","targetHints":{"allow":["GET"]}}],"collection":[{"href":"https:\/\/www.maxins.com\/cs\/wp-json\/wp\/v2\/pages"}],"about":[{"href":"https:\/\/www.maxins.com\/cs\/wp-json\/wp\/v2\/types\/page"}],"author":[{"embeddable":true,"href":"https:\/\/www.maxins.com\/cs\/wp-json\/wp\/v2\/users\/2"}],"replies":[{"embeddable":true,"href":"https:\/\/www.maxins.com\/cs\/wp-json\/wp\/v2\/comments?post=8588"}],"version-history":[{"count":1,"href":"https:\/\/www.maxins.com\/cs\/wp-json\/wp\/v2\/pages\/8588\/revisions"}],"predecessor-version":[{"id":9571,"href":"https:\/\/www.maxins.com\/cs\/wp-json\/wp\/v2\/pages\/8588\/revisions\/9571"}],"wp:attachment":[{"href":"https:\/\/www.maxins.com\/cs\/wp-json\/wp\/v2\/media?parent=8588"}],"curies":[{"name":"wp","href":"https:\/\/api.w.org\/{rel}","templated":true}]}}