{"id":8611,"date":"2024-11-29T09:42:07","date_gmt":"2024-11-29T09:42:07","guid":{"rendered":"https:\/\/www.maxins.com\/kontakt\/maxins-group-a-s-sidlo-p-o-box\/"},"modified":"2025-06-24T10:10:35","modified_gmt":"2025-06-24T10:10:35","slug":"maxins-group-a-s-sidlo-p-o-box","status":"publish","type":"page","link":"https:\/\/www.maxins.com\/cs\/kontakt\/maxins-group-a-s-sidlo-p-o-box\/","title":{"rendered":"MAXIN&#8217;S Group, a.s., S\u00eddlo &#8211; P.O.BOX"},"content":{"rendered":"<div id=\"pl-8611\"  class=\"panel-layout\" ><div id=\"pg-8611-0\"  class=\"panel-grid panel-has-style\" ><div class=\"floating-sidebar-container siteorigin-panels-stretch panel-row-style panel-row-style-for-8611-0\" data-stretch-type=\"full\" ><div id=\"pgc-8611-0-0\"  class=\"panel-grid-cell\" ><div id=\"panel-8611-0-0-0\" class=\"so-panel widget widget_siteorigin-panels-builder panel-first-child panel-last-child\" data-index=\"0\" ><div class=\"floating-element panel-widget-style panel-widget-style-for-8611-0-0-0\" ><div id=\"pl-w67b6d96753043\"  class=\"panel-layout\" ><div id=\"pg-w67b6d96753043-0\"  class=\"panel-grid panel-no-style\" ><div id=\"pgc-w67b6d96753043-0-0\"  class=\"panel-grid-cell\" ><div id=\"panel-w67b6d96753043-0-0-0\" class=\"so-panel widget widget_siteorigin-panels-builder panel-first-child panel-last-child\" data-index=\"0\" ><div id=\"pl-w67a67dbca72b7\"  class=\"panel-layout\" ><div id=\"pg-w67a67dbca72b7-0\"  class=\"panel-grid panel-has-style\" ><div class=\"panel-row-style panel-row-style-for-w67a67dbca72b7-0\" ><div id=\"pgc-w67a67dbca72b7-0-0\"  class=\"panel-grid-cell\" ><div id=\"panel-w67a67dbca72b7-0-0-0\" class=\"so-panel widget widget_sow-image panel-first-child\" data-index=\"0\" ><div\n\t\t\t\n\t\t\tclass=\"so-widget-sow-image so-widget-sow-image-default-8b5b6f678277\"\n\t\t\t\n\t\t>\n<div class=\"sow-image-container\">\n\t\t<img loading=\"lazy\" decoding=\"async\" src=\"https:\/\/www.maxins.com\/wp-content\/uploads\/2025\/01\/Branislav-JANUCSKA-e1739811082969.jpg\" width=\"1093\" height=\"1037\" srcset=\"https:\/\/www.maxins.com\/wp-content\/uploads\/2025\/01\/Branislav-JANUCSKA-e1739811082969.jpg 1093w, https:\/\/www.maxins.com\/wp-content\/uploads\/2025\/01\/Branislav-JANUCSKA-e1739811082969-300x285.jpg 300w, https:\/\/www.maxins.com\/wp-content\/uploads\/2025\/01\/Branislav-JANUCSKA-e1739811082969-1024x972.jpg 1024w, https:\/\/www.maxins.com\/wp-content\/uploads\/2025\/01\/Branislav-JANUCSKA-e1739811082969-768x729.jpg 768w, https:\/\/www.maxins.com\/wp-content\/uploads\/2025\/01\/Branislav-JANUCSKA-e1739811082969-480x455.jpg 480w, https:\/\/www.maxins.com\/wp-content\/uploads\/2025\/01\/Branislav-JANUCSKA-e1739811082969-992x941.jpg 992w\" sizes=\"auto, (max-width: 1093px) 100vw, 1093px\" title=\"Branislav JANUCSKA e1739811082969\" alt=\"\" \t\tclass=\"so-widget-image\"\/>\n\t<\/div>\n\n<\/div><\/div><div id=\"panel-w67a67dbca72b7-0-0-1\" class=\"so-panel widget widget_sow-editor panel-last-child\" data-index=\"1\" ><div class=\"contact-info panel-widget-style panel-widget-style-for-w67a67dbca72b7-0-0-1\" ><div\n\t\t\t\n\t\t\tclass=\"so-widget-sow-editor so-widget-sow-editor-base\"\n\t\t\t\n\t\t>\n<div class=\"siteorigin-widget-tinymce textwidget\">\n\t<p><strong>Branislav Jan\u010du\u0161ka<br \/>\n<\/strong>Managing Director<strong><br \/>\n<\/strong><\/p>\n<p><a title=\"\" href=\"tel:+421 917 555 768\">+421 917 555 768<\/a><br \/>\n<a href=\"mailto: bjancuska@maxins.sk\">bjancuska@maxins.sk<\/a><\/p>\n<p class=\"social-contact\"><a href=\"https:\/\/www.linkedin.com\/in\/miroslav-%C5%A1imo-7292372a5\/\" target=\"blank\" rel=\"noopener\">Linkedin<\/a><\/p>\n<\/div>\n<\/div><\/div><\/div><\/div><\/div><\/div><\/div><\/div><\/div><\/div><\/div><\/div><\/div><\/div><div id=\"pgc-8611-0-1\"  class=\"panel-grid-cell\" ><div id=\"panel-8611-0-1-0\" class=\"so-panel widget widget_siteorigin-panels-builder panel-first-child\" data-index=\"1\" ><div class=\"panel-widget-style panel-widget-style-for-8611-0-1-0\" ><div id=\"pl-w685a798d0c238\"  class=\"panel-layout\" ><div id=\"pg-w685a798d0c238-0\"  class=\"panel-grid panel-has-style\" ><div class=\"panel-row-style panel-row-style-for-w685a798d0c238-0\" ><div id=\"pgc-w685a798d0c238-0-0\"  class=\"panel-grid-cell\" ><div id=\"panel-w685a798d0c238-0-0-0\" class=\"so-panel widget widget_sow-image panel-first-child panel-last-child\" data-index=\"0\" ><div class=\"panel-widget-style panel-widget-style-for-w685a798d0c238-0-0-0\" ><div\n\t\t\t\n\t\t\tclass=\"so-widget-sow-image so-widget-sow-image-default-8b5b6f678277\"\n\t\t\t\n\t\t><\/div><\/div><\/div><\/div><div id=\"pgc-w685a798d0c238-0-1\"  class=\"panel-grid-cell\" ><div id=\"panel-w685a798d0c238-0-1-0\" class=\"so-panel widget widget_sow-editor panel-first-child panel-last-child\" data-index=\"1\" ><div class=\"panel-widget-style panel-widget-style-for-w685a798d0c238-0-1-0\" ><div\n\t\t\t\n\t\t\tclass=\"so-widget-sow-editor so-widget-sow-editor-base\"\n\t\t\t\n\t\t>\n<div class=\"siteorigin-widget-tinymce textwidget\">\n\t<h3>MAXIN'S Bratislava<\/h3>\n<p>Tato adresa slou\u017e\u00ed pouze jako po\u0161tovn\u00ed schr\u00e1nka (P.O. Box).<br \/>\nNa t\u00e9to adrese se nenach\u00e1z\u00ed \u017e\u00e1dn\u00e1 osobn\u00ed pobo\u010dka.<\/p>\n<p>Adresa<\/p>\n<p>Bajkalsk\u00e1 22,<br \/>\n821 09 Bratislava<\/p>\n<p><a href=\"https:\/\/maps.app.goo.gl\/G48UPzJBgNAapd1V9\" target=\"blank\" title=\"\" class=\"button button-inverse\" rel=\"noopener\">Navigovat<\/a><\/p>\n<\/div>\n<\/div><\/div><\/div><\/div><\/div><\/div><\/div><\/div><\/div><div id=\"panel-8611-0-1-1\" class=\"so-panel widget widget_sow-editor panel-last-child\" data-index=\"2\" ><div class=\"panel-widget-style panel-widget-style-for-8611-0-1-1\" ><div\n\t\t\t\n\t\t\tclass=\"so-widget-sow-editor so-widget-sow-editor-base\"\n\t\t\t\n\t\t>\n<div class=\"siteorigin-widget-tinymce textwidget\">\n\t<p style=\"text-transform: uppercase\">Galerie<\/p>\n\t\t\t<style>\r\n                #foogallery-gallery-1352.fg-justified .fg-item {\r\n                    margin-right: 2px;\r\n                    margin-bottom: 2px;\r\n                }\r\n\r\n                #foogallery-gallery-1352.fg-justified .fg-image {\r\n                    height: 180px;\r\n                }\r\n\t\t\t<\/style>\r\n\t\t\t<div class=\"foogallery foogallery-container foogallery-justified foogallery-lightbox-foobox fg-justified fg-light fg-loading-default fg-loaded-fade-in fg-hover-fade fg-hover-zoom2 fg-ready\" id=\"foogallery-gallery-1352\" data-foogallery=\"{&quot;item&quot;:{&quot;showCaptionTitle&quot;:true,&quot;showCaptionDescription&quot;:false},&quot;lazy&quot;:true,&quot;template&quot;:{&quot;rowHeight&quot;:180,&quot;maxRowHeight&quot;:300,&quot;margins&quot;:2,&quot;align&quot;:&quot;left&quot;,&quot;lastRow&quot;:&quot;smart&quot;}}\" >\r\n\t<div class=\"fg-item fg-type-image fg-idle\"><figure class=\"fg-item-inner\"><a href=\"https:\/\/www.maxins.com\/wp-content\/uploads\/2024\/11\/XD_Maxins_Group_nologo-1.jpg\" data-caption-title=\"XD Maxins Group nologo 1\" data-caption-desc=\"XD Maxins Group nologo 1\" data-attachment-id=\"7743\" data-type=\"image\" class=\"fg-thumb\"><span class=\"fg-image-wrap\"><img fetchpriority=\"high\" decoding=\"async\" alt=\"XD Maxins Group nologo 1\" title=\"XD Maxins Group nologo 1\" height=\"300\" width=\"400\" class=\"skip-lazy fg-image\" data-src-fg=\"https:\/\/www.maxins.com\/wp-content\/uploads\/cache\/2024\/11\/XD_Maxins_Group_nologo-1\/1326773660.jpg\" data-srcset-fg=\"https:\/\/www.maxins.com\/wp-content\/uploads\/cache\/2024\/11\/XD_Maxins_Group_nologo-1\/259986987.jpg 2x\" src=\"data:image\/svg+xml,%3Csvg%20xmlns%3D%22http%3A%2F%2Fwww.w3.org%2F2000%2Fsvg%22%20width%3D%22400%22%20height%3D%22300%22%20viewBox%3D%220%200%20400%20300%22%3E%3C%2Fsvg%3E\" loading=\"eager\"><\/span><span class=\"fg-image-overlay\"><\/span><\/a><figcaption class=\"fg-caption\"><div class=\"fg-caption-inner\"><div class=\"fg-caption-title\">XD Maxins Group nologo 1<\/div><\/div><\/figcaption><\/figure><div class=\"fg-loader\"><\/div><\/div><div class=\"fg-item fg-type-image fg-idle\"><figure class=\"fg-item-inner\"><a href=\"https:\/\/www.maxins.com\/wp-content\/uploads\/2024\/11\/XD_Maxins_Group_nologo-4.jpg\" data-caption-title=\"XD Maxins Group nologo 4\" data-caption-desc=\"XD Maxins Group nologo 4\" data-attachment-id=\"7747\" data-type=\"image\" class=\"fg-thumb\"><span class=\"fg-image-wrap\"><img decoding=\"async\" alt=\"XD Maxins Group nologo 4\" title=\"XD Maxins Group nologo 4\" height=\"300\" width=\"400\" class=\"skip-lazy fg-image\" data-src-fg=\"https:\/\/www.maxins.com\/wp-content\/uploads\/cache\/2024\/11\/XD_Maxins_Group_nologo-4\/3925847522.jpg\" data-srcset-fg=\"https:\/\/www.maxins.com\/wp-content\/uploads\/cache\/2024\/11\/XD_Maxins_Group_nologo-4\/2845068885.jpg 2x\" src=\"data:image\/svg+xml,%3Csvg%20xmlns%3D%22http%3A%2F%2Fwww.w3.org%2F2000%2Fsvg%22%20width%3D%22400%22%20height%3D%22300%22%20viewBox%3D%220%200%20400%20300%22%3E%3C%2Fsvg%3E\" loading=\"eager\"><\/span><span class=\"fg-image-overlay\"><\/span><\/a><figcaption class=\"fg-caption\"><div class=\"fg-caption-inner\"><div class=\"fg-caption-title\">XD Maxins Group nologo 4<\/div><\/div><\/figcaption><\/figure><div class=\"fg-loader\"><\/div><\/div><div class=\"fg-item fg-type-image fg-idle\"><figure class=\"fg-item-inner\"><a href=\"https:\/\/www.maxins.com\/wp-content\/uploads\/2024\/11\/XD_Maxins_Group_nologo-10.jpg\" data-caption-title=\"XD Maxins Group nologo 10\" data-caption-desc=\"XD Maxins Group nologo 10\" data-attachment-id=\"7751\" data-type=\"image\" class=\"fg-thumb\"><span class=\"fg-image-wrap\"><img decoding=\"async\" alt=\"XD Maxins Group nologo 10\" title=\"XD Maxins Group nologo 10\" height=\"300\" width=\"400\" class=\"skip-lazy fg-image\" data-src-fg=\"https:\/\/www.maxins.com\/wp-content\/uploads\/cache\/2024\/11\/XD_Maxins_Group_nologo-10\/813798139.jpg\" data-srcset-fg=\"https:\/\/www.maxins.com\/wp-content\/uploads\/cache\/2024\/11\/XD_Maxins_Group_nologo-10\/1707401015.jpg 2x\" src=\"data:image\/svg+xml,%3Csvg%20xmlns%3D%22http%3A%2F%2Fwww.w3.org%2F2000%2Fsvg%22%20width%3D%22400%22%20height%3D%22300%22%20viewBox%3D%220%200%20400%20300%22%3E%3C%2Fsvg%3E\" loading=\"eager\"><\/span><span class=\"fg-image-overlay\"><\/span><\/a><figcaption class=\"fg-caption\"><div class=\"fg-caption-inner\"><div class=\"fg-caption-title\">XD Maxins Group nologo 10<\/div><\/div><\/figcaption><\/figure><div class=\"fg-loader\"><\/div><\/div><div class=\"fg-item fg-type-image fg-idle\"><figure class=\"fg-item-inner\"><a href=\"https:\/\/www.maxins.com\/wp-content\/uploads\/2024\/11\/XD_Maxins_Group_nologo-15.jpg\" data-caption-title=\"XD Maxins Group nologo 15\" data-caption-desc=\"XD Maxins Group nologo 15\" data-attachment-id=\"7755\" data-type=\"image\" class=\"fg-thumb\"><span class=\"fg-image-wrap\"><img decoding=\"async\" alt=\"XD Maxins Group nologo 15\" title=\"XD Maxins Group nologo 15\" height=\"300\" width=\"400\" class=\"skip-lazy fg-image\" data-src-fg=\"https:\/\/www.maxins.com\/wp-content\/uploads\/cache\/2024\/11\/XD_Maxins_Group_nologo-15\/2246930099.jpg\" data-srcset-fg=\"https:\/\/www.maxins.com\/wp-content\/uploads\/cache\/2024\/11\/XD_Maxins_Group_nologo-15\/3500680063.jpg 2x\" src=\"data:image\/svg+xml,%3Csvg%20xmlns%3D%22http%3A%2F%2Fwww.w3.org%2F2000%2Fsvg%22%20width%3D%22400%22%20height%3D%22300%22%20viewBox%3D%220%200%20400%20300%22%3E%3C%2Fsvg%3E\" loading=\"eager\"><\/span><span class=\"fg-image-overlay\"><\/span><\/a><figcaption class=\"fg-caption\"><div class=\"fg-caption-inner\"><div class=\"fg-caption-title\">XD Maxins Group nologo 15<\/div><\/div><\/figcaption><\/figure><div class=\"fg-loader\"><\/div><\/div><div class=\"fg-item fg-type-image fg-idle\"><figure class=\"fg-item-inner\"><a href=\"https:\/\/www.maxins.com\/wp-content\/uploads\/2024\/11\/XD_Maxins_Group_nologo-18.jpg\" data-caption-title=\"XD Maxins Group nologo 18\" data-caption-desc=\"XD Maxins Group nologo 18\" data-attachment-id=\"7763\" data-type=\"image\" class=\"fg-thumb\"><span class=\"fg-image-wrap\"><img decoding=\"async\" alt=\"XD Maxins Group nologo 18\" title=\"XD Maxins Group nologo 18\" height=\"300\" width=\"400\" class=\"skip-lazy fg-image\" data-src-fg=\"https:\/\/www.maxins.com\/wp-content\/uploads\/cache\/2024\/11\/XD_Maxins_Group_nologo-18\/324909796.jpg\" data-srcset-fg=\"https:\/\/www.maxins.com\/wp-content\/uploads\/cache\/2024\/11\/XD_Maxins_Group_nologo-18\/1176041256.jpg 2x\" src=\"data:image\/svg+xml,%3Csvg%20xmlns%3D%22http%3A%2F%2Fwww.w3.org%2F2000%2Fsvg%22%20width%3D%22400%22%20height%3D%22300%22%20viewBox%3D%220%200%20400%20300%22%3E%3C%2Fsvg%3E\" loading=\"eager\"><\/span><span class=\"fg-image-overlay\"><\/span><\/a><figcaption class=\"fg-caption\"><div class=\"fg-caption-inner\"><div class=\"fg-caption-title\">XD Maxins Group nologo 18<\/div><\/div><\/figcaption><\/figure><div class=\"fg-loader\"><\/div><\/div><div class=\"fg-item fg-type-image fg-idle\"><figure class=\"fg-item-inner\"><a href=\"https:\/\/www.maxins.com\/wp-content\/uploads\/2024\/11\/XD_Maxins_Group_nologo-20.jpg\" data-caption-title=\"XD Maxins Group nologo 20\" data-caption-desc=\"XD Maxins Group nologo 20\" data-attachment-id=\"7767\" data-type=\"image\" class=\"fg-thumb\"><span class=\"fg-image-wrap\"><img decoding=\"async\" alt=\"XD Maxins Group nologo 20\" title=\"XD Maxins Group nologo 20\" height=\"300\" width=\"400\" class=\"skip-lazy fg-image\" data-src-fg=\"https:\/\/www.maxins.com\/wp-content\/uploads\/cache\/2024\/11\/XD_Maxins_Group_nologo-20\/79261624.jpg\" data-srcset-fg=\"https:\/\/www.maxins.com\/wp-content\/uploads\/cache\/2024\/11\/XD_Maxins_Group_nologo-20\/1375478388.jpg 2x\" src=\"data:image\/svg+xml,%3Csvg%20xmlns%3D%22http%3A%2F%2Fwww.w3.org%2F2000%2Fsvg%22%20width%3D%22400%22%20height%3D%22300%22%20viewBox%3D%220%200%20400%20300%22%3E%3C%2Fsvg%3E\" loading=\"eager\"><\/span><span class=\"fg-image-overlay\"><\/span><\/a><figcaption class=\"fg-caption\"><div class=\"fg-caption-inner\"><div class=\"fg-caption-title\">XD Maxins Group nologo 20<\/div><\/div><\/figcaption><\/figure><div class=\"fg-loader\"><\/div><\/div><\/div>\r\n\n<\/div>\n<\/div><\/div><\/div><\/div><\/div><\/div><\/div>","protected":false},"excerpt":{"rendered":"<p>Galerie<\/p>\n","protected":false},"author":3,"featured_media":6003,"parent":8599,"menu_order":0,"comment_status":"closed","ping_status":"closed","template":"","meta":{"_acf_changed":false,"footnotes":""},"class_list":["post-8611","page","type-page","status-publish","has-post-thumbnail","hentry"],"acf":[],"yoast_head":"<!-- This site is optimized with the Yoast SEO plugin v25.3.1 - https:\/\/yoast.com\/wordpress\/plugins\/seo\/ -->\n<title>MAXIN&#039;S Group, a.s., S\u00eddlo - P.O.BOX - MAXIN\u2019S<\/title>\n<meta name=\"robots\" content=\"index, follow, max-snippet:-1, max-image-preview:large, max-video-preview:-1\" \/>\n<link rel=\"canonical\" href=\"https:\/\/www.maxins.com\/cs\/kontakt\/maxins-group-a-s-sidlo-p-o-box\/\" \/>\n<meta property=\"og:locale\" content=\"cs_CZ\" \/>\n<meta property=\"og:type\" content=\"article\" \/>\n<meta property=\"og:title\" content=\"MAXIN&#039;S Group, a.s., S\u00eddlo - P.O.BOX - MAXIN\u2019S\" \/>\n<meta property=\"og:description\" content=\"Galerie\" \/>\n<meta property=\"og:url\" content=\"https:\/\/www.maxins.com\/cs\/kontakt\/maxins-group-a-s-sidlo-p-o-box\/\" \/>\n<meta property=\"og:site_name\" content=\"MAXIN\u2019S\" \/>\n<meta property=\"article:modified_time\" content=\"2025-06-24T10:10:35+00:00\" \/>\n<meta property=\"og:image\" content=\"https:\/\/www.maxins.com\/wp-content\/uploads\/2025\/01\/XD_Maxins_Group_nologo-1.jpg\" \/>\n\t<meta property=\"og:image:width\" content=\"1845\" \/>\n\t<meta property=\"og:image:height\" content=\"1384\" \/>\n\t<meta property=\"og:image:type\" content=\"image\/jpeg\" \/>\n<meta name=\"twitter:card\" content=\"summary_large_image\" \/>\n<meta name=\"twitter:label1\" content=\"Odhadovan\u00e1 doba \u010dten\u00ed\" \/>\n\t<meta name=\"twitter:data1\" content=\"2 minuty\" \/>\n<script type=\"application\/ld+json\" class=\"yoast-schema-graph\">{\"@context\":\"https:\/\/schema.org\",\"@graph\":[{\"@type\":\"WebPage\",\"@id\":\"https:\/\/www.maxins.com\/cs\/kontakt\/maxins-group-a-s-sidlo-p-o-box\/\",\"url\":\"https:\/\/www.maxins.com\/cs\/kontakt\/maxins-group-a-s-sidlo-p-o-box\/\",\"name\":\"MAXIN'S Group, a.s., S\u00eddlo - P.O.BOX - MAXIN\u2019S\",\"isPartOf\":{\"@id\":\"https:\/\/www.maxins.com\/#website\"},\"primaryImageOfPage\":{\"@id\":\"https:\/\/www.maxins.com\/cs\/kontakt\/maxins-group-a-s-sidlo-p-o-box\/#primaryimage\"},\"image\":{\"@id\":\"https:\/\/www.maxins.com\/cs\/kontakt\/maxins-group-a-s-sidlo-p-o-box\/#primaryimage\"},\"thumbnailUrl\":\"https:\/\/www.maxins.com\/wp-content\/uploads\/2025\/01\/XD_Maxins_Group_nologo-1.jpg\",\"datePublished\":\"2024-11-29T09:42:07+00:00\",\"dateModified\":\"2025-06-24T10:10:35+00:00\",\"breadcrumb\":{\"@id\":\"https:\/\/www.maxins.com\/cs\/kontakt\/maxins-group-a-s-sidlo-p-o-box\/#breadcrumb\"},\"inLanguage\":\"cs\",\"potentialAction\":[{\"@type\":\"ReadAction\",\"target\":[\"https:\/\/www.maxins.com\/cs\/kontakt\/maxins-group-a-s-sidlo-p-o-box\/\"]}]},{\"@type\":\"ImageObject\",\"inLanguage\":\"cs\",\"@id\":\"https:\/\/www.maxins.com\/cs\/kontakt\/maxins-group-a-s-sidlo-p-o-box\/#primaryimage\",\"url\":\"https:\/\/www.maxins.com\/wp-content\/uploads\/2025\/01\/XD_Maxins_Group_nologo-1.jpg\",\"contentUrl\":\"https:\/\/www.maxins.com\/wp-content\/uploads\/2025\/01\/XD_Maxins_Group_nologo-1.jpg\",\"width\":1845,\"height\":1384,\"caption\":\"XD Maxins Group nologo 1\"},{\"@type\":\"BreadcrumbList\",\"@id\":\"https:\/\/www.maxins.com\/cs\/kontakt\/maxins-group-a-s-sidlo-p-o-box\/#breadcrumb\",\"itemListElement\":[{\"@type\":\"ListItem\",\"position\":1,\"name\":\"Domovsk\u00e1 str\u00e1nka\",\"item\":\"https:\/\/www.maxins.com\/cs\/uvod\/\"},{\"@type\":\"ListItem\",\"position\":2,\"name\":\"Kontakt\",\"item\":\"https:\/\/www.maxins.com\/cs\/kontakt\/\"},{\"@type\":\"ListItem\",\"position\":3,\"name\":\"MAXIN&#8217;S Group, a.s., S\u00eddlo &#8211; P.O.BOX\"}]},{\"@type\":\"WebSite\",\"@id\":\"https:\/\/www.maxins.com\/#website\",\"url\":\"https:\/\/www.maxins.com\/\",\"name\":\"MAXIN\u2019S\",\"description\":\"\",\"potentialAction\":[{\"@type\":\"SearchAction\",\"target\":{\"@type\":\"EntryPoint\",\"urlTemplate\":\"https:\/\/www.maxins.com\/?s={search_term_string}\"},\"query-input\":{\"@type\":\"PropertyValueSpecification\",\"valueRequired\":true,\"valueName\":\"search_term_string\"}}],\"inLanguage\":\"cs\"}]}<\/script>\n<!-- \/ Yoast SEO plugin. -->","yoast_head_json":{"title":"MAXIN'S Group, a.s., S\u00eddlo - P.O.BOX - MAXIN\u2019S","robots":{"index":"index","follow":"follow","max-snippet":"max-snippet:-1","max-image-preview":"max-image-preview:large","max-video-preview":"max-video-preview:-1"},"canonical":"https:\/\/www.maxins.com\/cs\/kontakt\/maxins-group-a-s-sidlo-p-o-box\/","og_locale":"cs_CZ","og_type":"article","og_title":"MAXIN'S Group, a.s., S\u00eddlo - P.O.BOX - MAXIN\u2019S","og_description":"Galerie","og_url":"https:\/\/www.maxins.com\/cs\/kontakt\/maxins-group-a-s-sidlo-p-o-box\/","og_site_name":"MAXIN\u2019S","article_modified_time":"2025-06-24T10:10:35+00:00","og_image":[{"width":1845,"height":1384,"url":"https:\/\/www.maxins.com\/wp-content\/uploads\/2025\/01\/XD_Maxins_Group_nologo-1.jpg","type":"image\/jpeg"}],"twitter_card":"summary_large_image","twitter_misc":{"Odhadovan\u00e1 doba \u010dten\u00ed":"2 minuty"},"schema":{"@context":"https:\/\/schema.org","@graph":[{"@type":"WebPage","@id":"https:\/\/www.maxins.com\/cs\/kontakt\/maxins-group-a-s-sidlo-p-o-box\/","url":"https:\/\/www.maxins.com\/cs\/kontakt\/maxins-group-a-s-sidlo-p-o-box\/","name":"MAXIN'S Group, a.s., S\u00eddlo - P.O.BOX - MAXIN\u2019S","isPartOf":{"@id":"https:\/\/www.maxins.com\/#website"},"primaryImageOfPage":{"@id":"https:\/\/www.maxins.com\/cs\/kontakt\/maxins-group-a-s-sidlo-p-o-box\/#primaryimage"},"image":{"@id":"https:\/\/www.maxins.com\/cs\/kontakt\/maxins-group-a-s-sidlo-p-o-box\/#primaryimage"},"thumbnailUrl":"https:\/\/www.maxins.com\/wp-content\/uploads\/2025\/01\/XD_Maxins_Group_nologo-1.jpg","datePublished":"2024-11-29T09:42:07+00:00","dateModified":"2025-06-24T10:10:35+00:00","breadcrumb":{"@id":"https:\/\/www.maxins.com\/cs\/kontakt\/maxins-group-a-s-sidlo-p-o-box\/#breadcrumb"},"inLanguage":"cs","potentialAction":[{"@type":"ReadAction","target":["https:\/\/www.maxins.com\/cs\/kontakt\/maxins-group-a-s-sidlo-p-o-box\/"]}]},{"@type":"ImageObject","inLanguage":"cs","@id":"https:\/\/www.maxins.com\/cs\/kontakt\/maxins-group-a-s-sidlo-p-o-box\/#primaryimage","url":"https:\/\/www.maxins.com\/wp-content\/uploads\/2025\/01\/XD_Maxins_Group_nologo-1.jpg","contentUrl":"https:\/\/www.maxins.com\/wp-content\/uploads\/2025\/01\/XD_Maxins_Group_nologo-1.jpg","width":1845,"height":1384,"caption":"XD Maxins Group nologo 1"},{"@type":"BreadcrumbList","@id":"https:\/\/www.maxins.com\/cs\/kontakt\/maxins-group-a-s-sidlo-p-o-box\/#breadcrumb","itemListElement":[{"@type":"ListItem","position":1,"name":"Domovsk\u00e1 str\u00e1nka","item":"https:\/\/www.maxins.com\/cs\/uvod\/"},{"@type":"ListItem","position":2,"name":"Kontakt","item":"https:\/\/www.maxins.com\/cs\/kontakt\/"},{"@type":"ListItem","position":3,"name":"MAXIN&#8217;S Group, a.s., S\u00eddlo &#8211; P.O.BOX"}]},{"@type":"WebSite","@id":"https:\/\/www.maxins.com\/#website","url":"https:\/\/www.maxins.com\/","name":"MAXIN\u2019S","description":"","potentialAction":[{"@type":"SearchAction","target":{"@type":"EntryPoint","urlTemplate":"https:\/\/www.maxins.com\/?s={search_term_string}"},"query-input":{"@type":"PropertyValueSpecification","valueRequired":true,"valueName":"search_term_string"}}],"inLanguage":"cs"}]}},"_links":{"self":[{"href":"https:\/\/www.maxins.com\/cs\/wp-json\/wp\/v2\/pages\/8611","targetHints":{"allow":["GET"]}}],"collection":[{"href":"https:\/\/www.maxins.com\/cs\/wp-json\/wp\/v2\/pages"}],"about":[{"href":"https:\/\/www.maxins.com\/cs\/wp-json\/wp\/v2\/types\/page"}],"author":[{"embeddable":true,"href":"https:\/\/www.maxins.com\/cs\/wp-json\/wp\/v2\/users\/3"}],"replies":[{"embeddable":true,"href":"https:\/\/www.maxins.com\/cs\/wp-json\/wp\/v2\/comments?post=8611"}],"version-history":[{"count":10,"href":"https:\/\/www.maxins.com\/cs\/wp-json\/wp\/v2\/pages\/8611\/revisions"}],"predecessor-version":[{"id":11151,"href":"https:\/\/www.maxins.com\/cs\/wp-json\/wp\/v2\/pages\/8611\/revisions\/11151"}],"up":[{"embeddable":true,"href":"https:\/\/www.maxins.com\/cs\/wp-json\/wp\/v2\/pages\/8599"}],"wp:featuredmedia":[{"embeddable":true,"href":"https:\/\/www.maxins.com\/cs\/wp-json\/wp\/v2\/media\/6003"}],"wp:attachment":[{"href":"https:\/\/www.maxins.com\/cs\/wp-json\/wp\/v2\/media?parent=8611"}],"curies":[{"name":"wp","href":"https:\/\/api.w.org\/{rel}","templated":true}]}}