{"id":8614,"date":"2024-11-29T09:26:37","date_gmt":"2024-11-29T09:26:37","guid":{"rendered":"https:\/\/www.maxins.com\/kontakt\/maxins-humenne\/"},"modified":"2026-01-14T15:19:42","modified_gmt":"2026-01-14T15:19:42","slug":"maxins-humenne","status":"publish","type":"page","link":"https:\/\/www.maxins.com\/cs\/kontakt\/maxins-humenne\/","title":{"rendered":"MAXIN&#8217;S Humenn\u00e9"},"content":{"rendered":"<div id=\"pl-8614\"  class=\"panel-layout\" ><div id=\"pg-8614-0\"  class=\"panel-grid panel-has-style\" ><div class=\"floating-sidebar-container siteorigin-panels-stretch panel-row-style panel-row-style-for-8614-0\" data-stretch-type=\"full\" ><div id=\"pgc-8614-0-0\"  class=\"panel-grid-cell\" ><div id=\"panel-8614-0-0-0\" class=\"so-panel widget widget_siteorigin-panels-builder panel-first-child panel-last-child\" data-index=\"0\" ><div class=\"floating-element panel-widget-style panel-widget-style-for-8614-0-0-0\" ><div id=\"pl-w6967b3b126b67\"  class=\"panel-layout\" ><div id=\"pg-w6967b3b126b67-0\"  class=\"panel-grid panel-no-style\" ><div id=\"pgc-w6967b3b126b67-0-0\"  class=\"panel-grid-cell\" ><div id=\"panel-w6967b3b126b67-0-0-0\" class=\"so-panel widget widget_siteorigin-panels-builder panel-first-child panel-last-child\" data-index=\"0\" ><div id=\"pl-w6967b3b126b75\"  class=\"panel-layout\" ><div id=\"pg-w6967b3b126b75-0\"  class=\"panel-grid panel-has-style\" ><div class=\"panel-row-style panel-row-style-for-w6967b3b126b75-0\" ><div id=\"pgc-w6967b3b126b75-0-0\"  class=\"panel-grid-cell\" ><div id=\"panel-w6967b3b126b75-0-0-0\" class=\"so-panel widget widget_sow-image panel-first-child\" data-index=\"0\" ><div\n\t\t\t\n\t\t\tclass=\"so-widget-sow-image so-widget-sow-image-default-8b5b6f678277\"\n\t\t\t\n\t\t><\/div><\/div><div id=\"panel-w6967b3b126b75-0-0-1\" class=\"so-panel widget widget_sow-editor panel-last-child\" data-index=\"1\" ><div class=\"contact-info panel-widget-style panel-widget-style-for-w6967b3b126b75-0-0-1\" ><div\n\t\t\t\n\t\t\tclass=\"so-widget-sow-editor so-widget-sow-editor-base\"\n\t\t\t\n\t\t>\n<div class=\"siteorigin-widget-tinymce textwidget\">\n\t<p><strong>Anna Broz\u00e1k<br \/>\n<\/strong>Legal & Partnership Manager<\/p>\n<p><a title=\"tel:+421 915 959 461\" href=\"tel:+421 915 959 461\" data-outlook-id=\"a47c417b-932b-471a-9cc4-df0f54c1b6c0\">+421 915 959 461<\/a><br \/>\n<a title=\"mailto:abrozak@maxins.sk\" href=\"mailto:abrozak@maxins.sk\" data-outlook-id=\"ec262d8e-4f48-49f3-9734-01c21e48fa81\"><span class=\"outlook-search-highlight\" data-markjs=\"true\">abrozak@maxins.sk<\/span><\/a><\/p>\n<p>&nbsp;<\/p>\n<\/div>\n<\/div><\/div><\/div><\/div><\/div><\/div><\/div><\/div><\/div><\/div><\/div><\/div><\/div><\/div><div id=\"pgc-8614-0-1\"  class=\"panel-grid-cell\" ><div id=\"panel-8614-0-1-0\" class=\"so-panel widget widget_sow-editor panel-first-child\" data-index=\"1\" ><div class=\"floating-sidebar-containe panel-widget-style panel-widget-style-for-8614-0-1-0\" ><div\n\t\t\t\n\t\t\tclass=\"so-widget-sow-editor so-widget-sow-editor-base\"\n\t\t\t\n\t\t>\n<div class=\"siteorigin-widget-tinymce textwidget\">\n\t<p>Pobo\u010dka spole\u010dnosti MAXIN v Humenn\u00e9m je v\u00fdznamn\u00fdm poskytovatelem person\u00e1ln\u00edch slu\u017eeb na v\u00fdchodn\u00edm Slovensku. Zam\u011b\u0159uje se na n\u00e1bor, do\u010dasn\u00e9 p\u0159id\u011blov\u00e1n\u00ed zam\u011bstnanc\u016f a outsourcing pracovn\u00ed s\u00edly pro pr\u016fmyslov\u00e1 odv\u011btv\u00ed, jako je zpracovatelsk\u00fd, chemick\u00fd a textiln\u00ed pr\u016fmysl.<\/p>\n<\/div>\n<\/div><\/div><\/div><div id=\"panel-8614-0-1-1\" class=\"so-panel widget widget_siteorigin-panels-builder\" data-index=\"2\" ><div class=\"panel-widget-style panel-widget-style-for-8614-0-1-1\" ><div id=\"pl-w6967b40e636ff\"  class=\"panel-layout\" ><div id=\"pg-w6967b40e636ff-0\"  class=\"panel-grid panel-has-style\" ><div class=\"panel-row-style panel-row-style-for-w6967b40e636ff-0\" ><div id=\"pgc-w6967b40e636ff-0-0\"  class=\"panel-grid-cell\" ><div id=\"panel-w6967b40e636ff-0-0-0\" class=\"so-panel widget widget_sow-image panel-first-child panel-last-child\" data-index=\"0\" ><div class=\"panel-widget-style panel-widget-style-for-w6967b40e636ff-0-0-0\" ><div\n\t\t\t\n\t\t\tclass=\"so-widget-sow-image so-widget-sow-image-default-8b5b6f678277\"\n\t\t\t\n\t\t><\/div><\/div><\/div><\/div><div id=\"pgc-w6967b40e636ff-0-1\"  class=\"panel-grid-cell\" ><div id=\"panel-w6967b40e636ff-0-1-0\" class=\"so-panel widget widget_sow-editor panel-first-child panel-last-child\" data-index=\"1\" ><div class=\"panel-widget-style panel-widget-style-for-w6967b40e636ff-0-1-0\" ><div\n\t\t\t\n\t\t\tclass=\"so-widget-sow-editor so-widget-sow-editor-base\"\n\t\t\t\n\t\t>\n<div class=\"siteorigin-widget-tinymce textwidget\">\n\t<h3>MAXIN'S Humenn\u00e9<\/h3>\n<p>Otev\u00edrac\u00ed doba<br \/>\n<strong>Po-P\u00e1: 08:00 - 16:00 hod.<\/strong><\/p>\n<p>Adresa<\/p>\n<p>Vala\u0161kovsk\u00e1 21,<br \/>\n066 01 Humenn\u00e9<\/p>\n<p><a href=\"https:\/\/maps.app.goo.gl\/Q8fqz2EfnsLmTMFs8\" target=\"blank\" title=\"\" class=\"button button-inverse\" rel=\"noopener\">Navigovat<\/a><\/p>\n<\/div>\n<\/div><\/div><\/div><\/div><\/div><\/div><\/div><\/div><\/div><div id=\"panel-8614-0-1-2\" class=\"so-panel widget widget_sow-editor\" data-index=\"3\" ><div class=\"floating-sidebar-containe panel-widget-style panel-widget-style-for-8614-0-1-2\" ><div\n\t\t\t\n\t\t\tclass=\"so-widget-sow-editor so-widget-sow-editor-base\"\n\t\t\t\n\t\t>\n<div class=\"siteorigin-widget-tinymce textwidget\">\n\t<p>Pobo\u010dka v Humenn\u00e9m zaji\u0161\u0165uje person\u00e1ln\u00ed projekty pro m\u00edstn\u00ed i mezin\u00e1rodn\u00ed spole\u010dnosti s d\u016frazem na flexibiln\u00ed \u0159e\u0161en\u00ed a efektivn\u00ed obsazov\u00e1n\u00ed pracovn\u00edch pozic. D\u00edky sv\u00fdm region\u00e1ln\u00edm zku\u0161enostem a individu\u00e1ln\u00edmu p\u0159\u00edstupu pom\u00e1h\u00e1 spole\u010dnostem optimalizovat jejich person\u00e1ln\u00ed procesy a poskytuje kandid\u00e1t\u016fm stabiln\u00ed pracovn\u00ed p\u0159\u00edle\u017eitosti.<\/p>\n<\/div>\n<\/div><\/div><\/div><div id=\"panel-8614-0-1-3\" class=\"so-panel widget widget_sow-editor panel-last-child\" data-index=\"4\" ><div class=\"panel-widget-style panel-widget-style-for-8614-0-1-3\" ><div\n\t\t\t\n\t\t\tclass=\"so-widget-sow-editor so-widget-sow-editor-base\"\n\t\t\t\n\t\t>\n<div class=\"siteorigin-widget-tinymce textwidget\">\n\t<p style=\"text-transform: uppercase\">Galerie<\/p>\n\t\t\t<style>\r\n                #foogallery-gallery-1352.fg-justified .fg-item {\r\n                    margin-right: 2px;\r\n                    margin-bottom: 2px;\r\n                }\r\n\r\n                #foogallery-gallery-1352.fg-justified .fg-image {\r\n                    height: 180px;\r\n                }\r\n\t\t\t<\/style>\r\n\t\t\t<div class=\"foogallery foogallery-container foogallery-justified foogallery-lightbox-foobox fg-justified fg-light fg-loading-default fg-loaded-fade-in fg-hover-fade fg-hover-zoom2 fg-ready\" id=\"foogallery-gallery-1352\" data-foogallery=\"{&quot;item&quot;:{&quot;showCaptionTitle&quot;:true,&quot;showCaptionDescription&quot;:false},&quot;lazy&quot;:true,&quot;template&quot;:{&quot;rowHeight&quot;:180,&quot;maxRowHeight&quot;:300,&quot;margins&quot;:2,&quot;align&quot;:&quot;left&quot;,&quot;lastRow&quot;:&quot;smart&quot;}}\" >\r\n\t<div class=\"fg-item fg-type-image fg-idle\"><figure class=\"fg-item-inner\"><a href=\"https:\/\/www.maxins.com\/wp-content\/uploads\/2024\/11\/XD_Maxins_Group_nologo-1.jpg\" data-caption-title=\"XD Maxins Group nologo 1\" data-caption-desc=\"XD Maxins Group nologo 1\" data-attachment-id=\"7743\" data-type=\"image\" class=\"fg-thumb\"><span class=\"fg-image-wrap\"><img fetchpriority=\"high\" decoding=\"async\" alt=\"XD Maxins Group nologo 1\" title=\"XD Maxins Group nologo 1\" height=\"300\" width=\"400\" class=\"skip-lazy fg-image\" data-src-fg=\"https:\/\/www.maxins.com\/wp-content\/uploads\/cache\/2024\/11\/XD_Maxins_Group_nologo-1\/1326773660.jpg\" data-srcset-fg=\"https:\/\/www.maxins.com\/wp-content\/uploads\/cache\/2024\/11\/XD_Maxins_Group_nologo-1\/259986987.jpg 2x\" src=\"data:image\/svg+xml,%3Csvg%20xmlns%3D%22http%3A%2F%2Fwww.w3.org%2F2000%2Fsvg%22%20width%3D%22400%22%20height%3D%22300%22%20viewBox%3D%220%200%20400%20300%22%3E%3C%2Fsvg%3E\" loading=\"eager\"><\/span><span class=\"fg-image-overlay\"><\/span><\/a><figcaption class=\"fg-caption\"><div class=\"fg-caption-inner\"><div class=\"fg-caption-title\">XD Maxins Group nologo 1<\/div><\/div><\/figcaption><\/figure><div class=\"fg-loader\"><\/div><\/div><div class=\"fg-item fg-type-image fg-idle\"><figure class=\"fg-item-inner\"><a href=\"https:\/\/www.maxins.com\/wp-content\/uploads\/2024\/11\/XD_Maxins_Group_nologo-4.jpg\" data-caption-title=\"XD Maxins Group nologo 4\" data-caption-desc=\"XD Maxins Group nologo 4\" data-attachment-id=\"7747\" data-type=\"image\" class=\"fg-thumb\"><span class=\"fg-image-wrap\"><img decoding=\"async\" alt=\"XD Maxins Group nologo 4\" title=\"XD Maxins Group nologo 4\" height=\"300\" width=\"400\" class=\"skip-lazy fg-image\" data-src-fg=\"https:\/\/www.maxins.com\/wp-content\/uploads\/cache\/2024\/11\/XD_Maxins_Group_nologo-4\/3925847522.jpg\" data-srcset-fg=\"https:\/\/www.maxins.com\/wp-content\/uploads\/cache\/2024\/11\/XD_Maxins_Group_nologo-4\/2845068885.jpg 2x\" src=\"data:image\/svg+xml,%3Csvg%20xmlns%3D%22http%3A%2F%2Fwww.w3.org%2F2000%2Fsvg%22%20width%3D%22400%22%20height%3D%22300%22%20viewBox%3D%220%200%20400%20300%22%3E%3C%2Fsvg%3E\" loading=\"eager\"><\/span><span class=\"fg-image-overlay\"><\/span><\/a><figcaption class=\"fg-caption\"><div class=\"fg-caption-inner\"><div class=\"fg-caption-title\">XD Maxins Group nologo 4<\/div><\/div><\/figcaption><\/figure><div class=\"fg-loader\"><\/div><\/div><div class=\"fg-item fg-type-image fg-idle\"><figure class=\"fg-item-inner\"><a href=\"https:\/\/www.maxins.com\/wp-content\/uploads\/2024\/11\/XD_Maxins_Group_nologo-10.jpg\" data-caption-title=\"XD Maxins Group nologo 10\" data-caption-desc=\"XD Maxins Group nologo 10\" data-attachment-id=\"7751\" data-type=\"image\" class=\"fg-thumb\"><span class=\"fg-image-wrap\"><img decoding=\"async\" alt=\"XD Maxins Group nologo 10\" title=\"XD Maxins Group nologo 10\" height=\"300\" width=\"400\" class=\"skip-lazy fg-image\" data-src-fg=\"https:\/\/www.maxins.com\/wp-content\/uploads\/cache\/2024\/11\/XD_Maxins_Group_nologo-10\/813798139.jpg\" data-srcset-fg=\"https:\/\/www.maxins.com\/wp-content\/uploads\/cache\/2024\/11\/XD_Maxins_Group_nologo-10\/1707401015.jpg 2x\" src=\"data:image\/svg+xml,%3Csvg%20xmlns%3D%22http%3A%2F%2Fwww.w3.org%2F2000%2Fsvg%22%20width%3D%22400%22%20height%3D%22300%22%20viewBox%3D%220%200%20400%20300%22%3E%3C%2Fsvg%3E\" loading=\"eager\"><\/span><span class=\"fg-image-overlay\"><\/span><\/a><figcaption class=\"fg-caption\"><div class=\"fg-caption-inner\"><div class=\"fg-caption-title\">XD Maxins Group nologo 10<\/div><\/div><\/figcaption><\/figure><div class=\"fg-loader\"><\/div><\/div><div class=\"fg-item fg-type-image fg-idle\"><figure class=\"fg-item-inner\"><a href=\"https:\/\/www.maxins.com\/wp-content\/uploads\/2024\/11\/XD_Maxins_Group_nologo-15.jpg\" data-caption-title=\"XD Maxins Group nologo 15\" data-caption-desc=\"XD Maxins Group nologo 15\" data-attachment-id=\"7755\" data-type=\"image\" class=\"fg-thumb\"><span class=\"fg-image-wrap\"><img decoding=\"async\" alt=\"XD Maxins Group nologo 15\" title=\"XD Maxins Group nologo 15\" height=\"300\" width=\"400\" class=\"skip-lazy fg-image\" data-src-fg=\"https:\/\/www.maxins.com\/wp-content\/uploads\/cache\/2024\/11\/XD_Maxins_Group_nologo-15\/2246930099.jpg\" data-srcset-fg=\"https:\/\/www.maxins.com\/wp-content\/uploads\/cache\/2024\/11\/XD_Maxins_Group_nologo-15\/3500680063.jpg 2x\" src=\"data:image\/svg+xml,%3Csvg%20xmlns%3D%22http%3A%2F%2Fwww.w3.org%2F2000%2Fsvg%22%20width%3D%22400%22%20height%3D%22300%22%20viewBox%3D%220%200%20400%20300%22%3E%3C%2Fsvg%3E\" loading=\"eager\"><\/span><span class=\"fg-image-overlay\"><\/span><\/a><figcaption class=\"fg-caption\"><div class=\"fg-caption-inner\"><div class=\"fg-caption-title\">XD Maxins Group nologo 15<\/div><\/div><\/figcaption><\/figure><div class=\"fg-loader\"><\/div><\/div><div class=\"fg-item fg-type-image fg-idle\"><figure class=\"fg-item-inner\"><a href=\"https:\/\/www.maxins.com\/wp-content\/uploads\/2024\/11\/XD_Maxins_Group_nologo-18.jpg\" data-caption-title=\"XD Maxins Group nologo 18\" data-caption-desc=\"XD Maxins Group nologo 18\" data-attachment-id=\"7763\" data-type=\"image\" class=\"fg-thumb\"><span class=\"fg-image-wrap\"><img decoding=\"async\" alt=\"XD Maxins Group nologo 18\" title=\"XD Maxins Group nologo 18\" height=\"300\" width=\"400\" class=\"skip-lazy fg-image\" data-src-fg=\"https:\/\/www.maxins.com\/wp-content\/uploads\/cache\/2024\/11\/XD_Maxins_Group_nologo-18\/324909796.jpg\" data-srcset-fg=\"https:\/\/www.maxins.com\/wp-content\/uploads\/cache\/2024\/11\/XD_Maxins_Group_nologo-18\/1176041256.jpg 2x\" src=\"data:image\/svg+xml,%3Csvg%20xmlns%3D%22http%3A%2F%2Fwww.w3.org%2F2000%2Fsvg%22%20width%3D%22400%22%20height%3D%22300%22%20viewBox%3D%220%200%20400%20300%22%3E%3C%2Fsvg%3E\" loading=\"eager\"><\/span><span class=\"fg-image-overlay\"><\/span><\/a><figcaption class=\"fg-caption\"><div class=\"fg-caption-inner\"><div class=\"fg-caption-title\">XD Maxins Group nologo 18<\/div><\/div><\/figcaption><\/figure><div class=\"fg-loader\"><\/div><\/div><div class=\"fg-item fg-type-image fg-idle\"><figure class=\"fg-item-inner\"><a href=\"https:\/\/www.maxins.com\/wp-content\/uploads\/2024\/11\/XD_Maxins_Group_nologo-20.jpg\" data-caption-title=\"XD Maxins Group nologo 20\" data-caption-desc=\"XD Maxins Group nologo 20\" data-attachment-id=\"7767\" data-type=\"image\" class=\"fg-thumb\"><span class=\"fg-image-wrap\"><img decoding=\"async\" alt=\"XD Maxins Group nologo 20\" title=\"XD Maxins Group nologo 20\" height=\"300\" width=\"400\" class=\"skip-lazy fg-image\" data-src-fg=\"https:\/\/www.maxins.com\/wp-content\/uploads\/cache\/2024\/11\/XD_Maxins_Group_nologo-20\/79261624.jpg\" data-srcset-fg=\"https:\/\/www.maxins.com\/wp-content\/uploads\/cache\/2024\/11\/XD_Maxins_Group_nologo-20\/1375478388.jpg 2x\" src=\"data:image\/svg+xml,%3Csvg%20xmlns%3D%22http%3A%2F%2Fwww.w3.org%2F2000%2Fsvg%22%20width%3D%22400%22%20height%3D%22300%22%20viewBox%3D%220%200%20400%20300%22%3E%3C%2Fsvg%3E\" loading=\"eager\"><\/span><span class=\"fg-image-overlay\"><\/span><\/a><figcaption class=\"fg-caption\"><div class=\"fg-caption-inner\"><div class=\"fg-caption-title\">XD Maxins Group nologo 20<\/div><\/div><\/figcaption><\/figure><div class=\"fg-loader\"><\/div><\/div><\/div>\r\n\n<\/div>\n<\/div><\/div><\/div><\/div><\/div><\/div><\/div>","protected":false},"excerpt":{"rendered":"<p>Pobo\u010dka spole\u010dnosti MAXIN v Humenn\u00e9m je v\u00fdznamn\u00fdm poskytovatelem person\u00e1ln\u00edch slu\u017eeb na v\u00fdchodn\u00edm Slovensku. Zam\u011b\u0159uje se na n\u00e1bor, do\u010dasn\u00e9 p\u0159id\u011blov\u00e1n\u00ed zam\u011bstnanc\u016f a outsourcing pracovn\u00ed s\u00edly pro pr\u016fmyslov\u00e1 odv\u011btv\u00ed, jako je zpracovatelsk\u00fd, chemick\u00fd a textiln\u00ed pr\u016fmysl. Pobo\u010dka v Humenn\u00e9m zaji\u0161\u0165uje person\u00e1ln\u00ed projekty pro m\u00edstn\u00ed i mezin\u00e1rodn\u00ed spole\u010dnosti s d\u016frazem na flexibiln\u00ed \u0159e\u0161en\u00ed a efektivn\u00ed obsazov\u00e1n\u00ed pracovn\u00edch pozic. [&hellip;]<\/p>\n","protected":false},"author":3,"featured_media":7792,"parent":8599,"menu_order":0,"comment_status":"closed","ping_status":"closed","template":"","meta":{"_acf_changed":false,"footnotes":""},"class_list":["post-8614","page","type-page","status-publish","has-post-thumbnail","hentry"],"acf":[],"yoast_head":"<!-- This site is optimized with the Yoast SEO plugin v25.3.1 - https:\/\/yoast.com\/wordpress\/plugins\/seo\/ -->\n<title>MAXIN&#039;S Humenn\u00e9 - MAXIN\u2019S<\/title>\n<meta name=\"robots\" content=\"index, follow, max-snippet:-1, max-image-preview:large, max-video-preview:-1\" \/>\n<link rel=\"canonical\" href=\"https:\/\/www.maxins.com\/cs\/kontakt\/maxins-humenne\/\" \/>\n<meta property=\"og:locale\" content=\"cs_CZ\" \/>\n<meta property=\"og:type\" content=\"article\" \/>\n<meta property=\"og:title\" content=\"MAXIN&#039;S Humenn\u00e9 - MAXIN\u2019S\" \/>\n<meta property=\"og:description\" content=\"Pobo\u010dka spole\u010dnosti MAXIN v Humenn\u00e9m je v\u00fdznamn\u00fdm poskytovatelem person\u00e1ln\u00edch slu\u017eeb na v\u00fdchodn\u00edm Slovensku. Zam\u011b\u0159uje se na n\u00e1bor, do\u010dasn\u00e9 p\u0159id\u011blov\u00e1n\u00ed zam\u011bstnanc\u016f a outsourcing pracovn\u00ed s\u00edly pro pr\u016fmyslov\u00e1 odv\u011btv\u00ed, jako je zpracovatelsk\u00fd, chemick\u00fd a textiln\u00ed pr\u016fmysl. Pobo\u010dka v Humenn\u00e9m zaji\u0161\u0165uje person\u00e1ln\u00ed projekty pro m\u00edstn\u00ed i mezin\u00e1rodn\u00ed spole\u010dnosti s d\u016frazem na flexibiln\u00ed \u0159e\u0161en\u00ed a efektivn\u00ed obsazov\u00e1n\u00ed pracovn\u00edch pozic. [&hellip;]\" \/>\n<meta property=\"og:url\" content=\"https:\/\/www.maxins.com\/cs\/kontakt\/maxins-humenne\/\" \/>\n<meta property=\"og:site_name\" content=\"MAXIN\u2019S\" \/>\n<meta property=\"article:modified_time\" content=\"2026-01-14T15:19:42+00:00\" \/>\n<meta property=\"og:image\" content=\"https:\/\/www.maxins.com\/wp-content\/uploads\/2025\/02\/nr12.jpg\" \/>\n\t<meta property=\"og:image:width\" content=\"1845\" \/>\n\t<meta property=\"og:image:height\" content=\"1384\" \/>\n\t<meta property=\"og:image:type\" content=\"image\/jpeg\" \/>\n<meta name=\"twitter:card\" content=\"summary_large_image\" \/>\n<meta name=\"twitter:label1\" content=\"Odhadovan\u00e1 doba \u010dten\u00ed\" \/>\n\t<meta name=\"twitter:data1\" content=\"3 minuty\" \/>\n<script type=\"application\/ld+json\" class=\"yoast-schema-graph\">{\"@context\":\"https:\/\/schema.org\",\"@graph\":[{\"@type\":\"WebPage\",\"@id\":\"https:\/\/www.maxins.com\/cs\/kontakt\/maxins-humenne\/\",\"url\":\"https:\/\/www.maxins.com\/cs\/kontakt\/maxins-humenne\/\",\"name\":\"MAXIN'S Humenn\u00e9 - MAXIN\u2019S\",\"isPartOf\":{\"@id\":\"https:\/\/www.maxins.com\/#website\"},\"primaryImageOfPage\":{\"@id\":\"https:\/\/www.maxins.com\/cs\/kontakt\/maxins-humenne\/#primaryimage\"},\"image\":{\"@id\":\"https:\/\/www.maxins.com\/cs\/kontakt\/maxins-humenne\/#primaryimage\"},\"thumbnailUrl\":\"https:\/\/www.maxins.com\/wp-content\/uploads\/2025\/02\/nr12.jpg\",\"datePublished\":\"2024-11-29T09:26:37+00:00\",\"dateModified\":\"2026-01-14T15:19:42+00:00\",\"breadcrumb\":{\"@id\":\"https:\/\/www.maxins.com\/cs\/kontakt\/maxins-humenne\/#breadcrumb\"},\"inLanguage\":\"cs\",\"potentialAction\":[{\"@type\":\"ReadAction\",\"target\":[\"https:\/\/www.maxins.com\/cs\/kontakt\/maxins-humenne\/\"]}]},{\"@type\":\"ImageObject\",\"inLanguage\":\"cs\",\"@id\":\"https:\/\/www.maxins.com\/cs\/kontakt\/maxins-humenne\/#primaryimage\",\"url\":\"https:\/\/www.maxins.com\/wp-content\/uploads\/2025\/02\/nr12.jpg\",\"contentUrl\":\"https:\/\/www.maxins.com\/wp-content\/uploads\/2025\/02\/nr12.jpg\",\"width\":1845,\"height\":1384,\"caption\":\"nr12\"},{\"@type\":\"BreadcrumbList\",\"@id\":\"https:\/\/www.maxins.com\/cs\/kontakt\/maxins-humenne\/#breadcrumb\",\"itemListElement\":[{\"@type\":\"ListItem\",\"position\":1,\"name\":\"Domovsk\u00e1 str\u00e1nka\",\"item\":\"https:\/\/www.maxins.com\/cs\/uvod\/\"},{\"@type\":\"ListItem\",\"position\":2,\"name\":\"Kontakt\",\"item\":\"https:\/\/www.maxins.com\/cs\/kontakt\/\"},{\"@type\":\"ListItem\",\"position\":3,\"name\":\"MAXIN&#8217;S Humenn\u00e9\"}]},{\"@type\":\"WebSite\",\"@id\":\"https:\/\/www.maxins.com\/#website\",\"url\":\"https:\/\/www.maxins.com\/\",\"name\":\"MAXIN\u2019S\",\"description\":\"\",\"potentialAction\":[{\"@type\":\"SearchAction\",\"target\":{\"@type\":\"EntryPoint\",\"urlTemplate\":\"https:\/\/www.maxins.com\/?s={search_term_string}\"},\"query-input\":{\"@type\":\"PropertyValueSpecification\",\"valueRequired\":true,\"valueName\":\"search_term_string\"}}],\"inLanguage\":\"cs\"}]}<\/script>\n<!-- \/ Yoast SEO plugin. -->","yoast_head_json":{"title":"MAXIN'S Humenn\u00e9 - MAXIN\u2019S","robots":{"index":"index","follow":"follow","max-snippet":"max-snippet:-1","max-image-preview":"max-image-preview:large","max-video-preview":"max-video-preview:-1"},"canonical":"https:\/\/www.maxins.com\/cs\/kontakt\/maxins-humenne\/","og_locale":"cs_CZ","og_type":"article","og_title":"MAXIN'S Humenn\u00e9 - MAXIN\u2019S","og_description":"Pobo\u010dka spole\u010dnosti MAXIN v Humenn\u00e9m je v\u00fdznamn\u00fdm poskytovatelem person\u00e1ln\u00edch slu\u017eeb na v\u00fdchodn\u00edm Slovensku. Zam\u011b\u0159uje se na n\u00e1bor, do\u010dasn\u00e9 p\u0159id\u011blov\u00e1n\u00ed zam\u011bstnanc\u016f a outsourcing pracovn\u00ed s\u00edly pro pr\u016fmyslov\u00e1 odv\u011btv\u00ed, jako je zpracovatelsk\u00fd, chemick\u00fd a textiln\u00ed pr\u016fmysl. Pobo\u010dka v Humenn\u00e9m zaji\u0161\u0165uje person\u00e1ln\u00ed projekty pro m\u00edstn\u00ed i mezin\u00e1rodn\u00ed spole\u010dnosti s d\u016frazem na flexibiln\u00ed \u0159e\u0161en\u00ed a efektivn\u00ed obsazov\u00e1n\u00ed pracovn\u00edch pozic. [&hellip;]","og_url":"https:\/\/www.maxins.com\/cs\/kontakt\/maxins-humenne\/","og_site_name":"MAXIN\u2019S","article_modified_time":"2026-01-14T15:19:42+00:00","og_image":[{"width":1845,"height":1384,"url":"https:\/\/www.maxins.com\/wp-content\/uploads\/2025\/02\/nr12.jpg","type":"image\/jpeg"}],"twitter_card":"summary_large_image","twitter_misc":{"Odhadovan\u00e1 doba \u010dten\u00ed":"3 minuty"},"schema":{"@context":"https:\/\/schema.org","@graph":[{"@type":"WebPage","@id":"https:\/\/www.maxins.com\/cs\/kontakt\/maxins-humenne\/","url":"https:\/\/www.maxins.com\/cs\/kontakt\/maxins-humenne\/","name":"MAXIN'S Humenn\u00e9 - MAXIN\u2019S","isPartOf":{"@id":"https:\/\/www.maxins.com\/#website"},"primaryImageOfPage":{"@id":"https:\/\/www.maxins.com\/cs\/kontakt\/maxins-humenne\/#primaryimage"},"image":{"@id":"https:\/\/www.maxins.com\/cs\/kontakt\/maxins-humenne\/#primaryimage"},"thumbnailUrl":"https:\/\/www.maxins.com\/wp-content\/uploads\/2025\/02\/nr12.jpg","datePublished":"2024-11-29T09:26:37+00:00","dateModified":"2026-01-14T15:19:42+00:00","breadcrumb":{"@id":"https:\/\/www.maxins.com\/cs\/kontakt\/maxins-humenne\/#breadcrumb"},"inLanguage":"cs","potentialAction":[{"@type":"ReadAction","target":["https:\/\/www.maxins.com\/cs\/kontakt\/maxins-humenne\/"]}]},{"@type":"ImageObject","inLanguage":"cs","@id":"https:\/\/www.maxins.com\/cs\/kontakt\/maxins-humenne\/#primaryimage","url":"https:\/\/www.maxins.com\/wp-content\/uploads\/2025\/02\/nr12.jpg","contentUrl":"https:\/\/www.maxins.com\/wp-content\/uploads\/2025\/02\/nr12.jpg","width":1845,"height":1384,"caption":"nr12"},{"@type":"BreadcrumbList","@id":"https:\/\/www.maxins.com\/cs\/kontakt\/maxins-humenne\/#breadcrumb","itemListElement":[{"@type":"ListItem","position":1,"name":"Domovsk\u00e1 str\u00e1nka","item":"https:\/\/www.maxins.com\/cs\/uvod\/"},{"@type":"ListItem","position":2,"name":"Kontakt","item":"https:\/\/www.maxins.com\/cs\/kontakt\/"},{"@type":"ListItem","position":3,"name":"MAXIN&#8217;S Humenn\u00e9"}]},{"@type":"WebSite","@id":"https:\/\/www.maxins.com\/#website","url":"https:\/\/www.maxins.com\/","name":"MAXIN\u2019S","description":"","potentialAction":[{"@type":"SearchAction","target":{"@type":"EntryPoint","urlTemplate":"https:\/\/www.maxins.com\/?s={search_term_string}"},"query-input":{"@type":"PropertyValueSpecification","valueRequired":true,"valueName":"search_term_string"}}],"inLanguage":"cs"}]}},"_links":{"self":[{"href":"https:\/\/www.maxins.com\/cs\/wp-json\/wp\/v2\/pages\/8614","targetHints":{"allow":["GET"]}}],"collection":[{"href":"https:\/\/www.maxins.com\/cs\/wp-json\/wp\/v2\/pages"}],"about":[{"href":"https:\/\/www.maxins.com\/cs\/wp-json\/wp\/v2\/types\/page"}],"author":[{"embeddable":true,"href":"https:\/\/www.maxins.com\/cs\/wp-json\/wp\/v2\/users\/3"}],"replies":[{"embeddable":true,"href":"https:\/\/www.maxins.com\/cs\/wp-json\/wp\/v2\/comments?post=8614"}],"version-history":[{"count":7,"href":"https:\/\/www.maxins.com\/cs\/wp-json\/wp\/v2\/pages\/8614\/revisions"}],"predecessor-version":[{"id":12402,"href":"https:\/\/www.maxins.com\/cs\/wp-json\/wp\/v2\/pages\/8614\/revisions\/12402"}],"up":[{"embeddable":true,"href":"https:\/\/www.maxins.com\/cs\/wp-json\/wp\/v2\/pages\/8599"}],"wp:featuredmedia":[{"embeddable":true,"href":"https:\/\/www.maxins.com\/cs\/wp-json\/wp\/v2\/media\/7792"}],"wp:attachment":[{"href":"https:\/\/www.maxins.com\/cs\/wp-json\/wp\/v2\/media?parent=8614"}],"curies":[{"name":"wp","href":"https:\/\/api.w.org\/{rel}","templated":true}]}}