{"id":8616,"date":"2024-11-29T09:15:48","date_gmt":"2024-11-29T09:15:48","guid":{"rendered":"https:\/\/www.maxins.com\/kontakt\/maxins-kosice\/"},"modified":"2025-03-07T19:58:43","modified_gmt":"2025-03-07T19:58:43","slug":"maxins-kosice","status":"publish","type":"page","link":"https:\/\/www.maxins.com\/cs\/kontakt\/maxins-kosice\/","title":{"rendered":"MAXIN&#8217;S Ko\u0161ice"},"content":{"rendered":"<div id=\"pl-8616\"  class=\"panel-layout\" ><div id=\"pg-8616-0\"  class=\"panel-grid panel-has-style\" ><div class=\"floating-sidebar-container siteorigin-panels-stretch panel-row-style panel-row-style-for-8616-0\" data-stretch-type=\"full\" ><div id=\"pgc-8616-0-0\"  class=\"panel-grid-cell\" ><div id=\"panel-8616-0-0-0\" class=\"so-panel widget widget_siteorigin-panels-builder panel-first-child panel-last-child\" data-index=\"0\" ><div class=\"floating-element panel-widget-style panel-widget-style-for-8616-0-0-0\" ><div id=\"pl-w67b6d799c1ddb\"  class=\"panel-layout\" ><div id=\"pg-w67b6d799c1ddb-0\"  class=\"panel-grid panel-no-style\" ><div id=\"pgc-w67b6d799c1ddb-0-0\"  class=\"panel-grid-cell\" ><div id=\"panel-w67b6d799c1ddb-0-0-0\" class=\"so-panel widget widget_siteorigin-panels-builder panel-first-child panel-last-child\" data-index=\"0\" ><div id=\"pl-w67b6d799c1de2\"  class=\"panel-layout\" ><div id=\"pg-w67b6d799c1de2-0\"  class=\"panel-grid panel-has-style\" ><div class=\"panel-row-style panel-row-style-for-w67b6d799c1de2-0\" ><div id=\"pgc-w67b6d799c1de2-0-0\"  class=\"panel-grid-cell\" ><div id=\"panel-w67b6d799c1de2-0-0-0\" class=\"so-panel widget widget_sow-image panel-first-child\" data-index=\"0\" ><div\n\t\t\t\n\t\t\tclass=\"so-widget-sow-image so-widget-sow-image-default-8b5b6f678277\"\n\t\t\t\n\t\t><\/div><\/div><div id=\"panel-w67b6d799c1de2-0-0-1\" class=\"so-panel widget widget_sow-editor panel-last-child\" data-index=\"1\" ><div class=\"contact-info panel-widget-style panel-widget-style-for-w67b6d799c1de2-0-0-1\" ><div\n\t\t\t\n\t\t\tclass=\"so-widget-sow-editor so-widget-sow-editor-base\"\n\t\t\t\n\t\t>\n<div class=\"siteorigin-widget-tinymce textwidget\">\n\t<p><strong>M\u00e1ria Janu\u0161ov\u00e1<br \/>\n<\/strong>Regional Director - v\u00fdchod<\/p>\n<p><a href=\"tel: +421 918 468 712\">+421 918 468 712<\/a><br \/>\n<a href=\"mailto: mjanusova@maxins.sk\">mjanusova@maxins.sk<\/a><\/p>\n<p class=\"social-contact\"><a href=\"https:\/\/www.linkedin.com\/in\/m%C3%A1ria-janu%C5%A1ov%C3%A1-63b4661b6\/\" target=\"blank\" rel=\"noopener\">Linkedin<\/a><\/p>\n<\/div>\n<\/div><\/div><\/div><\/div><\/div><\/div><\/div><\/div><\/div><\/div><\/div><\/div><\/div><\/div><div id=\"pgc-8616-0-1\"  class=\"panel-grid-cell\" ><div id=\"panel-8616-0-1-0\" class=\"so-panel widget widget_sow-editor panel-first-child\" data-index=\"1\" ><div class=\"floating-sidebar-containe panel-widget-style panel-widget-style-for-8616-0-1-0\" ><div\n\t\t\t\n\t\t\tclass=\"so-widget-sow-editor so-widget-sow-editor-base\"\n\t\t\t\n\t\t>\n<div class=\"siteorigin-widget-tinymce textwidget\">\n\t<p>Pobo\u010dka v Ko\u0161ic\u00edch je kl\u00ed\u010dov\u00fdm partnerem pro zam\u011bstnavatele a uchaze\u010de o zam\u011bstn\u00e1n\u00ed na v\u00fdchodn\u00edm Slovensku. Specializuje se na n\u00e1bor, do\u010dasn\u00e9 p\u0159id\u011blen\u00ed a outsourcing person\u00e1ln\u00edch slu\u017eeb pro odv\u011btv\u00ed, jako je automobilov\u00fd pr\u016fmysl, stroj\u00edrenstv\u00ed, elektrotechnika, logistika a centra z\u00e1kaznick\u00fdch slu\u017eeb.<\/p>\n<\/div>\n<\/div><\/div><\/div><div id=\"panel-8616-0-1-1\" class=\"so-panel widget widget_siteorigin-panels-builder\" data-index=\"2\" ><div class=\"panel-widget-style panel-widget-style-for-8616-0-1-1\" ><div id=\"pl-w6797956b1da29\"  class=\"panel-layout\" ><div id=\"pg-w6797956b1da29-0\"  class=\"panel-grid panel-has-style\" ><div class=\"panel-row-style panel-row-style-for-w6797956b1da29-0\" ><div id=\"pgc-w6797956b1da29-0-0\"  class=\"panel-grid-cell\" ><div id=\"panel-w6797956b1da29-0-0-0\" class=\"so-panel widget widget_sow-image panel-first-child panel-last-child\" data-index=\"0\" ><div class=\"panel-widget-style panel-widget-style-for-w6797956b1da29-0-0-0\" ><div\n\t\t\t\n\t\t\tclass=\"so-widget-sow-image so-widget-sow-image-default-8b5b6f678277\"\n\t\t\t\n\t\t><\/div><\/div><\/div><\/div><div id=\"pgc-w6797956b1da29-0-1\"  class=\"panel-grid-cell\" ><div id=\"panel-w6797956b1da29-0-1-0\" class=\"so-panel widget widget_sow-editor panel-first-child panel-last-child\" data-index=\"1\" ><div class=\"panel-widget-style panel-widget-style-for-w6797956b1da29-0-1-0\" ><div\n\t\t\t\n\t\t\tclass=\"so-widget-sow-editor so-widget-sow-editor-base\"\n\t\t\t\n\t\t>\n<div class=\"siteorigin-widget-tinymce textwidget\">\n\t<h3>MAXIN'S Ko\u0161ice<\/h3>\n<p>Otev\u00edrac\u00ed doba<br \/>\n<strong>Po-P\u00e1: 08:00 - 16:00 hod.<\/strong><\/p>\n<p>Adresa<\/p>\n<p>Mlynsk\u00e1 22,<br \/>\n040 01 Ko\u0161ice<\/p>\n<p><a href=\"https:\/\/maps.app.goo.gl\/3zXVAJtfQYAtcp1j8\" target=\"blank\" title=\"\" class=\"button button-inverse\" rel=\"noopener\">Navigovat<\/a><\/p>\n<\/div>\n<\/div><\/div><\/div><\/div><\/div><\/div><\/div><\/div><\/div><div id=\"panel-8616-0-1-2\" class=\"so-panel widget widget_sow-editor\" data-index=\"3\" ><div class=\"floating-sidebar-containe panel-widget-style panel-widget-style-for-8616-0-1-2\" ><div\n\t\t\t\n\t\t\tclass=\"so-widget-sow-editor so-widget-sow-editor-base\"\n\t\t\t\n\t\t>\n<div class=\"siteorigin-widget-tinymce textwidget\">\n\t<p style=\"font-weight: 400;\">Ko\u0161ick\u00e1 pobo\u010dka se zab\u00fdv\u00e1 n\u00e1borov\u00fdmi projekty pro v\u00fdrobn\u00ed z\u00e1vody a centra sd\u00edlen\u00fdch slu\u017eeb a zam\u011b\u0159uje se na obsazov\u00e1n\u00ed kvalifikovan\u00fdch i nekvalifikovan\u00fdch pozic. D\u00edky sv\u00fdm siln\u00fdm region\u00e1ln\u00edm znalostem a individu\u00e1ln\u00edmu p\u0159\u00edstupu pom\u00e1h\u00e1 spole\u010dnostem efektivn\u011b \u0159e\u0161it person\u00e1ln\u00ed probl\u00e9my a p\u0159isp\u00edv\u00e1 k rozvoji trhu pr\u00e1ce v regionu.<\/p>\n<\/div>\n<\/div><\/div><\/div><div id=\"panel-8616-0-1-3\" class=\"so-panel widget widget_sow-editor\" data-index=\"4\" ><div class=\"panel-widget-style panel-widget-style-for-8616-0-1-3\" ><div\n\t\t\t\n\t\t\tclass=\"so-widget-sow-editor so-widget-sow-editor-base\"\n\t\t\t\n\t\t>\n<div class=\"siteorigin-widget-tinymce textwidget\">\n\t<h3>Pobo\u010dka<\/h3>\n<p style=\"uppercase\">3D prohl\u00eddka<\/p>\n<\/div>\n<\/div><\/div><\/div><div id=\"panel-8616-0-1-4\" class=\"so-panel widget widget_sow-editor panel-last-child\" data-index=\"5\" ><div\n\t\t\t\n\t\t\tclass=\"so-widget-sow-editor so-widget-sow-editor-base\"\n\t\t\t\n\t\t>\n<div class=\"siteorigin-widget-tinymce textwidget\">\n\t<p><iframe src=\"https:\/\/www.google.com\/maps\/embed?pb=!4v1738763888812!6m8!1m7!1sCAoSLEFGMVFpcFAtbnEyYjZLVlFSX0hteENOWWpPYnBCX3ZkRFBXYi03c2tuT2JB!2m2!1d48.72147034748133!2d21.26129594064551!3f345.45!4f-2.950000000000003!5f0.7820865974627469\" width=\"100%\" height=\"500\" style=\"border:0;\" allowfullscreen=\"\" loading=\"lazy\" referrerpolicy=\"no-referrer-when-downgrade\"><\/iframe><\/p>\n<\/div>\n<\/div><\/div><\/div><\/div><\/div><\/div>","protected":false},"excerpt":{"rendered":"<p>Pobo\u010dka v Ko\u0161ic\u00edch je kl\u00ed\u010dov\u00fdm partnerem pro zam\u011bstnavatele a uchaze\u010de o zam\u011bstn\u00e1n\u00ed na v\u00fdchodn\u00edm Slovensku. Specializuje se na n\u00e1bor, do\u010dasn\u00e9 p\u0159id\u011blen\u00ed a outsourcing person\u00e1ln\u00edch slu\u017eeb pro odv\u011btv\u00ed, jako je automobilov\u00fd pr\u016fmysl, stroj\u00edrenstv\u00ed, elektrotechnika, logistika a centra z\u00e1kaznick\u00fdch slu\u017eeb. Ko\u0161ick\u00e1 pobo\u010dka se zab\u00fdv\u00e1 n\u00e1borov\u00fdmi projekty pro v\u00fdrobn\u00ed z\u00e1vody a centra sd\u00edlen\u00fdch slu\u017eeb a zam\u011b\u0159uje se na [&hellip;]<\/p>\n","protected":false},"author":3,"featured_media":1442,"parent":8599,"menu_order":0,"comment_status":"closed","ping_status":"closed","template":"","meta":{"_acf_changed":false,"footnotes":""},"class_list":["post-8616","page","type-page","status-publish","has-post-thumbnail","hentry"],"acf":[],"yoast_head":"<!-- This site is optimized with the Yoast SEO plugin v25.3.1 - https:\/\/yoast.com\/wordpress\/plugins\/seo\/ -->\n<title>MAXIN&#039;S Ko\u0161ice - MAXIN\u2019S<\/title>\n<meta name=\"robots\" content=\"index, follow, max-snippet:-1, max-image-preview:large, max-video-preview:-1\" \/>\n<link rel=\"canonical\" href=\"https:\/\/www.maxins.com\/cs\/kontakt\/maxins-kosice\/\" \/>\n<meta property=\"og:locale\" content=\"cs_CZ\" \/>\n<meta property=\"og:type\" content=\"article\" \/>\n<meta property=\"og:title\" content=\"MAXIN&#039;S Ko\u0161ice - MAXIN\u2019S\" \/>\n<meta property=\"og:description\" content=\"Pobo\u010dka v Ko\u0161ic\u00edch je kl\u00ed\u010dov\u00fdm partnerem pro zam\u011bstnavatele a uchaze\u010de o zam\u011bstn\u00e1n\u00ed na v\u00fdchodn\u00edm Slovensku. Specializuje se na n\u00e1bor, do\u010dasn\u00e9 p\u0159id\u011blen\u00ed a outsourcing person\u00e1ln\u00edch slu\u017eeb pro odv\u011btv\u00ed, jako je automobilov\u00fd pr\u016fmysl, stroj\u00edrenstv\u00ed, elektrotechnika, logistika a centra z\u00e1kaznick\u00fdch slu\u017eeb. Ko\u0161ick\u00e1 pobo\u010dka se zab\u00fdv\u00e1 n\u00e1borov\u00fdmi projekty pro v\u00fdrobn\u00ed z\u00e1vody a centra sd\u00edlen\u00fdch slu\u017eeb a zam\u011b\u0159uje se na [&hellip;]\" \/>\n<meta property=\"og:url\" content=\"https:\/\/www.maxins.com\/cs\/kontakt\/maxins-kosice\/\" \/>\n<meta property=\"og:site_name\" content=\"MAXIN\u2019S\" \/>\n<meta property=\"article:modified_time\" content=\"2025-03-07T19:58:43+00:00\" \/>\n<meta property=\"og:image\" content=\"https:\/\/www.maxins.com\/wp-content\/uploads\/2024\/11\/XD_Maxins_Group_NO-3.jpg\" \/>\n\t<meta property=\"og:image:width\" content=\"1845\" \/>\n\t<meta property=\"og:image:height\" content=\"1384\" \/>\n\t<meta property=\"og:image:type\" content=\"image\/jpeg\" \/>\n<meta name=\"twitter:card\" content=\"summary_large_image\" \/>\n<meta name=\"twitter:label1\" content=\"Odhadovan\u00e1 doba \u010dten\u00ed\" \/>\n\t<meta name=\"twitter:data1\" content=\"2 minuty\" \/>\n<script type=\"application\/ld+json\" class=\"yoast-schema-graph\">{\"@context\":\"https:\/\/schema.org\",\"@graph\":[{\"@type\":\"WebPage\",\"@id\":\"https:\/\/www.maxins.com\/cs\/kontakt\/maxins-kosice\/\",\"url\":\"https:\/\/www.maxins.com\/cs\/kontakt\/maxins-kosice\/\",\"name\":\"MAXIN'S Ko\u0161ice - MAXIN\u2019S\",\"isPartOf\":{\"@id\":\"https:\/\/www.maxins.com\/#website\"},\"primaryImageOfPage\":{\"@id\":\"https:\/\/www.maxins.com\/cs\/kontakt\/maxins-kosice\/#primaryimage\"},\"image\":{\"@id\":\"https:\/\/www.maxins.com\/cs\/kontakt\/maxins-kosice\/#primaryimage\"},\"thumbnailUrl\":\"https:\/\/www.maxins.com\/wp-content\/uploads\/2024\/11\/XD_Maxins_Group_NO-3.jpg\",\"datePublished\":\"2024-11-29T09:15:48+00:00\",\"dateModified\":\"2025-03-07T19:58:43+00:00\",\"breadcrumb\":{\"@id\":\"https:\/\/www.maxins.com\/cs\/kontakt\/maxins-kosice\/#breadcrumb\"},\"inLanguage\":\"cs\",\"potentialAction\":[{\"@type\":\"ReadAction\",\"target\":[\"https:\/\/www.maxins.com\/cs\/kontakt\/maxins-kosice\/\"]}]},{\"@type\":\"ImageObject\",\"inLanguage\":\"cs\",\"@id\":\"https:\/\/www.maxins.com\/cs\/kontakt\/maxins-kosice\/#primaryimage\",\"url\":\"https:\/\/www.maxins.com\/wp-content\/uploads\/2024\/11\/XD_Maxins_Group_NO-3.jpg\",\"contentUrl\":\"https:\/\/www.maxins.com\/wp-content\/uploads\/2024\/11\/XD_Maxins_Group_NO-3.jpg\",\"width\":1845,\"height\":1384,\"caption\":\"XD Maxins Group NO 3\"},{\"@type\":\"BreadcrumbList\",\"@id\":\"https:\/\/www.maxins.com\/cs\/kontakt\/maxins-kosice\/#breadcrumb\",\"itemListElement\":[{\"@type\":\"ListItem\",\"position\":1,\"name\":\"Domovsk\u00e1 str\u00e1nka\",\"item\":\"https:\/\/www.maxins.com\/cs\/uvod\/\"},{\"@type\":\"ListItem\",\"position\":2,\"name\":\"Kontakt\",\"item\":\"https:\/\/www.maxins.com\/cs\/kontakt\/\"},{\"@type\":\"ListItem\",\"position\":3,\"name\":\"MAXIN&#8217;S Ko\u0161ice\"}]},{\"@type\":\"WebSite\",\"@id\":\"https:\/\/www.maxins.com\/#website\",\"url\":\"https:\/\/www.maxins.com\/\",\"name\":\"MAXIN\u2019S\",\"description\":\"\",\"potentialAction\":[{\"@type\":\"SearchAction\",\"target\":{\"@type\":\"EntryPoint\",\"urlTemplate\":\"https:\/\/www.maxins.com\/?s={search_term_string}\"},\"query-input\":{\"@type\":\"PropertyValueSpecification\",\"valueRequired\":true,\"valueName\":\"search_term_string\"}}],\"inLanguage\":\"cs\"}]}<\/script>\n<!-- \/ Yoast SEO plugin. -->","yoast_head_json":{"title":"MAXIN'S Ko\u0161ice - MAXIN\u2019S","robots":{"index":"index","follow":"follow","max-snippet":"max-snippet:-1","max-image-preview":"max-image-preview:large","max-video-preview":"max-video-preview:-1"},"canonical":"https:\/\/www.maxins.com\/cs\/kontakt\/maxins-kosice\/","og_locale":"cs_CZ","og_type":"article","og_title":"MAXIN'S Ko\u0161ice - MAXIN\u2019S","og_description":"Pobo\u010dka v Ko\u0161ic\u00edch je kl\u00ed\u010dov\u00fdm partnerem pro zam\u011bstnavatele a uchaze\u010de o zam\u011bstn\u00e1n\u00ed na v\u00fdchodn\u00edm Slovensku. Specializuje se na n\u00e1bor, do\u010dasn\u00e9 p\u0159id\u011blen\u00ed a outsourcing person\u00e1ln\u00edch slu\u017eeb pro odv\u011btv\u00ed, jako je automobilov\u00fd pr\u016fmysl, stroj\u00edrenstv\u00ed, elektrotechnika, logistika a centra z\u00e1kaznick\u00fdch slu\u017eeb. Ko\u0161ick\u00e1 pobo\u010dka se zab\u00fdv\u00e1 n\u00e1borov\u00fdmi projekty pro v\u00fdrobn\u00ed z\u00e1vody a centra sd\u00edlen\u00fdch slu\u017eeb a zam\u011b\u0159uje se na [&hellip;]","og_url":"https:\/\/www.maxins.com\/cs\/kontakt\/maxins-kosice\/","og_site_name":"MAXIN\u2019S","article_modified_time":"2025-03-07T19:58:43+00:00","og_image":[{"width":1845,"height":1384,"url":"https:\/\/www.maxins.com\/wp-content\/uploads\/2024\/11\/XD_Maxins_Group_NO-3.jpg","type":"image\/jpeg"}],"twitter_card":"summary_large_image","twitter_misc":{"Odhadovan\u00e1 doba \u010dten\u00ed":"2 minuty"},"schema":{"@context":"https:\/\/schema.org","@graph":[{"@type":"WebPage","@id":"https:\/\/www.maxins.com\/cs\/kontakt\/maxins-kosice\/","url":"https:\/\/www.maxins.com\/cs\/kontakt\/maxins-kosice\/","name":"MAXIN'S Ko\u0161ice - MAXIN\u2019S","isPartOf":{"@id":"https:\/\/www.maxins.com\/#website"},"primaryImageOfPage":{"@id":"https:\/\/www.maxins.com\/cs\/kontakt\/maxins-kosice\/#primaryimage"},"image":{"@id":"https:\/\/www.maxins.com\/cs\/kontakt\/maxins-kosice\/#primaryimage"},"thumbnailUrl":"https:\/\/www.maxins.com\/wp-content\/uploads\/2024\/11\/XD_Maxins_Group_NO-3.jpg","datePublished":"2024-11-29T09:15:48+00:00","dateModified":"2025-03-07T19:58:43+00:00","breadcrumb":{"@id":"https:\/\/www.maxins.com\/cs\/kontakt\/maxins-kosice\/#breadcrumb"},"inLanguage":"cs","potentialAction":[{"@type":"ReadAction","target":["https:\/\/www.maxins.com\/cs\/kontakt\/maxins-kosice\/"]}]},{"@type":"ImageObject","inLanguage":"cs","@id":"https:\/\/www.maxins.com\/cs\/kontakt\/maxins-kosice\/#primaryimage","url":"https:\/\/www.maxins.com\/wp-content\/uploads\/2024\/11\/XD_Maxins_Group_NO-3.jpg","contentUrl":"https:\/\/www.maxins.com\/wp-content\/uploads\/2024\/11\/XD_Maxins_Group_NO-3.jpg","width":1845,"height":1384,"caption":"XD Maxins Group NO 3"},{"@type":"BreadcrumbList","@id":"https:\/\/www.maxins.com\/cs\/kontakt\/maxins-kosice\/#breadcrumb","itemListElement":[{"@type":"ListItem","position":1,"name":"Domovsk\u00e1 str\u00e1nka","item":"https:\/\/www.maxins.com\/cs\/uvod\/"},{"@type":"ListItem","position":2,"name":"Kontakt","item":"https:\/\/www.maxins.com\/cs\/kontakt\/"},{"@type":"ListItem","position":3,"name":"MAXIN&#8217;S Ko\u0161ice"}]},{"@type":"WebSite","@id":"https:\/\/www.maxins.com\/#website","url":"https:\/\/www.maxins.com\/","name":"MAXIN\u2019S","description":"","potentialAction":[{"@type":"SearchAction","target":{"@type":"EntryPoint","urlTemplate":"https:\/\/www.maxins.com\/?s={search_term_string}"},"query-input":{"@type":"PropertyValueSpecification","valueRequired":true,"valueName":"search_term_string"}}],"inLanguage":"cs"}]}},"_links":{"self":[{"href":"https:\/\/www.maxins.com\/cs\/wp-json\/wp\/v2\/pages\/8616","targetHints":{"allow":["GET"]}}],"collection":[{"href":"https:\/\/www.maxins.com\/cs\/wp-json\/wp\/v2\/pages"}],"about":[{"href":"https:\/\/www.maxins.com\/cs\/wp-json\/wp\/v2\/types\/page"}],"author":[{"embeddable":true,"href":"https:\/\/www.maxins.com\/cs\/wp-json\/wp\/v2\/users\/3"}],"replies":[{"embeddable":true,"href":"https:\/\/www.maxins.com\/cs\/wp-json\/wp\/v2\/comments?post=8616"}],"version-history":[{"count":8,"href":"https:\/\/www.maxins.com\/cs\/wp-json\/wp\/v2\/pages\/8616\/revisions"}],"predecessor-version":[{"id":9539,"href":"https:\/\/www.maxins.com\/cs\/wp-json\/wp\/v2\/pages\/8616\/revisions\/9539"}],"up":[{"embeddable":true,"href":"https:\/\/www.maxins.com\/cs\/wp-json\/wp\/v2\/pages\/8599"}],"wp:featuredmedia":[{"embeddable":true,"href":"https:\/\/www.maxins.com\/cs\/wp-json\/wp\/v2\/media\/1442"}],"wp:attachment":[{"href":"https:\/\/www.maxins.com\/cs\/wp-json\/wp\/v2\/media?parent=8616"}],"curies":[{"name":"wp","href":"https:\/\/api.w.org\/{rel}","templated":true}]}}