{"id":8672,"date":"2024-12-17T14:04:45","date_gmt":"2024-12-17T14:04:45","guid":{"rendered":"https:\/\/www.maxins.com\/pobocky\/"},"modified":"2025-03-07T14:09:59","modified_gmt":"2025-03-07T14:09:59","slug":"pobocky","status":"publish","type":"page","link":"https:\/\/www.maxins.com\/cs\/pobocky\/","title":{"rendered":"Pobo\u010dky"},"content":{"rendered":"","protected":false},"excerpt":{"rendered":"","protected":false},"author":3,"featured_media":1319,"parent":0,"menu_order":0,"comment_status":"closed","ping_status":"closed","template":"page-contact.php","meta":{"_acf_changed":false,"footnotes":""},"class_list":["post-8672","page","type-page","status-publish","has-post-thumbnail","hentry"],"acf":[],"yoast_head":"<!-- This site is optimized with the Yoast SEO plugin v25.3.1 - https:\/\/yoast.com\/wordpress\/plugins\/seo\/ -->\n<title>Pobo\u010dky - spolehliv\u00e1 podpora na dosah ruky | MAXIN&#039;S Group<\/title>\n<meta name=\"description\" content=\"Zjist\u011bte, kde n\u00e1s najdete! Skupina MAXIN&#039;S m\u00e1 pobo\u010dky na Slovensku, v \u010cesk\u00e9 republice a v N\u011bmecku, abychom v\u00e1m mohli poskytnout ty nejlep\u0161\u00ed slu\u017eby v oblasti n\u00e1boru a zam\u011bstn\u00e1v\u00e1n\u00ed.\" \/>\n<meta name=\"robots\" content=\"index, follow, max-snippet:-1, max-image-preview:large, max-video-preview:-1\" \/>\n<link rel=\"canonical\" href=\"https:\/\/www.maxins.com\/cs\/pobocky\/\" \/>\n<meta property=\"og:locale\" content=\"cs_CZ\" \/>\n<meta property=\"og:type\" content=\"article\" \/>\n<meta property=\"og:title\" content=\"Pobo\u010dky - spolehliv\u00e1 podpora na dosah ruky | MAXIN&#039;S Group\" \/>\n<meta property=\"og:description\" content=\"Zjist\u011bte, kde n\u00e1s najdete! Skupina MAXIN&#039;S m\u00e1 pobo\u010dky na Slovensku, v \u010cesk\u00e9 republice a v N\u011bmecku, abychom v\u00e1m mohli poskytnout ty nejlep\u0161\u00ed slu\u017eby v oblasti n\u00e1boru a zam\u011bstn\u00e1v\u00e1n\u00ed.\" \/>\n<meta property=\"og:url\" content=\"https:\/\/www.maxins.com\/cs\/pobocky\/\" \/>\n<meta property=\"og:site_name\" content=\"MAXIN\u2019S\" \/>\n<meta property=\"article:modified_time\" content=\"2025-03-07T14:09:59+00:00\" \/>\n<meta property=\"og:image\" content=\"https:\/\/www.maxins.com\/wp-content\/uploads\/2024\/11\/301480426_486406823491080_8797496384831985367_n.jpg\" \/>\n\t<meta property=\"og:image:width\" content=\"1845\" \/>\n\t<meta property=\"og:image:height\" content=\"1384\" \/>\n\t<meta property=\"og:image:type\" content=\"image\/jpeg\" \/>\n<meta name=\"twitter:card\" content=\"summary_large_image\" \/>\n<meta name=\"twitter:label1\" content=\"Odhadovan\u00e1 doba \u010dten\u00ed\" \/>\n\t<meta name=\"twitter:data1\" content=\"1 minuta\" \/>\n<script type=\"application\/ld+json\" class=\"yoast-schema-graph\">{\"@context\":\"https:\/\/schema.org\",\"@graph\":[{\"@type\":\"WebPage\",\"@id\":\"https:\/\/www.maxins.com\/cs\/pobocky\/\",\"url\":\"https:\/\/www.maxins.com\/cs\/pobocky\/\",\"name\":\"Pobo\u010dky - spolehliv\u00e1 podpora na dosah ruky | MAXIN'S Group\",\"isPartOf\":{\"@id\":\"https:\/\/www.maxins.com\/#website\"},\"primaryImageOfPage\":{\"@id\":\"https:\/\/www.maxins.com\/cs\/pobocky\/#primaryimage\"},\"image\":{\"@id\":\"https:\/\/www.maxins.com\/cs\/pobocky\/#primaryimage\"},\"thumbnailUrl\":\"https:\/\/www.maxins.com\/wp-content\/uploads\/2024\/11\/301480426_486406823491080_8797496384831985367_n.jpg\",\"datePublished\":\"2024-12-17T14:04:45+00:00\",\"dateModified\":\"2025-03-07T14:09:59+00:00\",\"description\":\"Zjist\u011bte, kde n\u00e1s najdete! Skupina MAXIN'S m\u00e1 pobo\u010dky na Slovensku, v \u010cesk\u00e9 republice a v N\u011bmecku, abychom v\u00e1m mohli poskytnout ty nejlep\u0161\u00ed slu\u017eby v oblasti n\u00e1boru a zam\u011bstn\u00e1v\u00e1n\u00ed.\",\"breadcrumb\":{\"@id\":\"https:\/\/www.maxins.com\/cs\/pobocky\/#breadcrumb\"},\"inLanguage\":\"cs\",\"potentialAction\":[{\"@type\":\"ReadAction\",\"target\":[\"https:\/\/www.maxins.com\/cs\/pobocky\/\"]}]},{\"@type\":\"ImageObject\",\"inLanguage\":\"cs\",\"@id\":\"https:\/\/www.maxins.com\/cs\/pobocky\/#primaryimage\",\"url\":\"https:\/\/www.maxins.com\/wp-content\/uploads\/2024\/11\/301480426_486406823491080_8797496384831985367_n.jpg\",\"contentUrl\":\"https:\/\/www.maxins.com\/wp-content\/uploads\/2024\/11\/301480426_486406823491080_8797496384831985367_n.jpg\",\"width\":1845,\"height\":1384,\"caption\":\"301480426 486406823491080 8797496384831985367 n\"},{\"@type\":\"BreadcrumbList\",\"@id\":\"https:\/\/www.maxins.com\/cs\/pobocky\/#breadcrumb\",\"itemListElement\":[{\"@type\":\"ListItem\",\"position\":1,\"name\":\"Domovsk\u00e1 str\u00e1nka\",\"item\":\"https:\/\/www.maxins.com\/cs\/uvod\/\"},{\"@type\":\"ListItem\",\"position\":2,\"name\":\"Pobo\u010dky\"}]},{\"@type\":\"WebSite\",\"@id\":\"https:\/\/www.maxins.com\/#website\",\"url\":\"https:\/\/www.maxins.com\/\",\"name\":\"MAXIN\u2019S\",\"description\":\"\",\"potentialAction\":[{\"@type\":\"SearchAction\",\"target\":{\"@type\":\"EntryPoint\",\"urlTemplate\":\"https:\/\/www.maxins.com\/?s={search_term_string}\"},\"query-input\":{\"@type\":\"PropertyValueSpecification\",\"valueRequired\":true,\"valueName\":\"search_term_string\"}}],\"inLanguage\":\"cs\"}]}<\/script>\n<!-- \/ Yoast SEO plugin. -->","yoast_head_json":{"title":"Pobo\u010dky - spolehliv\u00e1 podpora na dosah ruky | MAXIN'S Group","description":"Zjist\u011bte, kde n\u00e1s najdete! Skupina MAXIN'S m\u00e1 pobo\u010dky na Slovensku, v \u010cesk\u00e9 republice a v N\u011bmecku, abychom v\u00e1m mohli poskytnout ty nejlep\u0161\u00ed slu\u017eby v oblasti n\u00e1boru a zam\u011bstn\u00e1v\u00e1n\u00ed.","robots":{"index":"index","follow":"follow","max-snippet":"max-snippet:-1","max-image-preview":"max-image-preview:large","max-video-preview":"max-video-preview:-1"},"canonical":"https:\/\/www.maxins.com\/cs\/pobocky\/","og_locale":"cs_CZ","og_type":"article","og_title":"Pobo\u010dky - spolehliv\u00e1 podpora na dosah ruky | MAXIN'S Group","og_description":"Zjist\u011bte, kde n\u00e1s najdete! Skupina MAXIN'S m\u00e1 pobo\u010dky na Slovensku, v \u010cesk\u00e9 republice a v N\u011bmecku, abychom v\u00e1m mohli poskytnout ty nejlep\u0161\u00ed slu\u017eby v oblasti n\u00e1boru a zam\u011bstn\u00e1v\u00e1n\u00ed.","og_url":"https:\/\/www.maxins.com\/cs\/pobocky\/","og_site_name":"MAXIN\u2019S","article_modified_time":"2025-03-07T14:09:59+00:00","og_image":[{"width":1845,"height":1384,"url":"https:\/\/www.maxins.com\/wp-content\/uploads\/2024\/11\/301480426_486406823491080_8797496384831985367_n.jpg","type":"image\/jpeg"}],"twitter_card":"summary_large_image","twitter_misc":{"Odhadovan\u00e1 doba \u010dten\u00ed":"1 minuta"},"schema":{"@context":"https:\/\/schema.org","@graph":[{"@type":"WebPage","@id":"https:\/\/www.maxins.com\/cs\/pobocky\/","url":"https:\/\/www.maxins.com\/cs\/pobocky\/","name":"Pobo\u010dky - spolehliv\u00e1 podpora na dosah ruky | MAXIN'S Group","isPartOf":{"@id":"https:\/\/www.maxins.com\/#website"},"primaryImageOfPage":{"@id":"https:\/\/www.maxins.com\/cs\/pobocky\/#primaryimage"},"image":{"@id":"https:\/\/www.maxins.com\/cs\/pobocky\/#primaryimage"},"thumbnailUrl":"https:\/\/www.maxins.com\/wp-content\/uploads\/2024\/11\/301480426_486406823491080_8797496384831985367_n.jpg","datePublished":"2024-12-17T14:04:45+00:00","dateModified":"2025-03-07T14:09:59+00:00","description":"Zjist\u011bte, kde n\u00e1s najdete! Skupina MAXIN'S m\u00e1 pobo\u010dky na Slovensku, v \u010cesk\u00e9 republice a v N\u011bmecku, abychom v\u00e1m mohli poskytnout ty nejlep\u0161\u00ed slu\u017eby v oblasti n\u00e1boru a zam\u011bstn\u00e1v\u00e1n\u00ed.","breadcrumb":{"@id":"https:\/\/www.maxins.com\/cs\/pobocky\/#breadcrumb"},"inLanguage":"cs","potentialAction":[{"@type":"ReadAction","target":["https:\/\/www.maxins.com\/cs\/pobocky\/"]}]},{"@type":"ImageObject","inLanguage":"cs","@id":"https:\/\/www.maxins.com\/cs\/pobocky\/#primaryimage","url":"https:\/\/www.maxins.com\/wp-content\/uploads\/2024\/11\/301480426_486406823491080_8797496384831985367_n.jpg","contentUrl":"https:\/\/www.maxins.com\/wp-content\/uploads\/2024\/11\/301480426_486406823491080_8797496384831985367_n.jpg","width":1845,"height":1384,"caption":"301480426 486406823491080 8797496384831985367 n"},{"@type":"BreadcrumbList","@id":"https:\/\/www.maxins.com\/cs\/pobocky\/#breadcrumb","itemListElement":[{"@type":"ListItem","position":1,"name":"Domovsk\u00e1 str\u00e1nka","item":"https:\/\/www.maxins.com\/cs\/uvod\/"},{"@type":"ListItem","position":2,"name":"Pobo\u010dky"}]},{"@type":"WebSite","@id":"https:\/\/www.maxins.com\/#website","url":"https:\/\/www.maxins.com\/","name":"MAXIN\u2019S","description":"","potentialAction":[{"@type":"SearchAction","target":{"@type":"EntryPoint","urlTemplate":"https:\/\/www.maxins.com\/?s={search_term_string}"},"query-input":{"@type":"PropertyValueSpecification","valueRequired":true,"valueName":"search_term_string"}}],"inLanguage":"cs"}]}},"_links":{"self":[{"href":"https:\/\/www.maxins.com\/cs\/wp-json\/wp\/v2\/pages\/8672","targetHints":{"allow":["GET"]}}],"collection":[{"href":"https:\/\/www.maxins.com\/cs\/wp-json\/wp\/v2\/pages"}],"about":[{"href":"https:\/\/www.maxins.com\/cs\/wp-json\/wp\/v2\/types\/page"}],"author":[{"embeddable":true,"href":"https:\/\/www.maxins.com\/cs\/wp-json\/wp\/v2\/users\/3"}],"replies":[{"embeddable":true,"href":"https:\/\/www.maxins.com\/cs\/wp-json\/wp\/v2\/comments?post=8672"}],"version-history":[{"count":5,"href":"https:\/\/www.maxins.com\/cs\/wp-json\/wp\/v2\/pages\/8672\/revisions"}],"predecessor-version":[{"id":9489,"href":"https:\/\/www.maxins.com\/cs\/wp-json\/wp\/v2\/pages\/8672\/revisions\/9489"}],"wp:featuredmedia":[{"embeddable":true,"href":"https:\/\/www.maxins.com\/cs\/wp-json\/wp\/v2\/media\/1319"}],"wp:attachment":[{"href":"https:\/\/www.maxins.com\/cs\/wp-json\/wp\/v2\/media?parent=8672"}],"curies":[{"name":"wp","href":"https:\/\/api.w.org\/{rel}","templated":true}]}}