{"id":8678,"date":"2024-11-26T13:55:15","date_gmt":"2024-11-26T13:55:15","guid":{"rendered":"https:\/\/www.maxins.com\/pripadove-studie\/"},"modified":"2025-03-07T10:41:42","modified_gmt":"2025-03-07T10:41:42","slug":"pripadove-studie","status":"publish","type":"page","link":"https:\/\/www.maxins.com\/cs\/pripadove-studie\/","title":{"rendered":"P\u0159\u00edpadov\u00e9 studie"},"content":{"rendered":"","protected":false},"excerpt":{"rendered":"","protected":false},"author":3,"featured_media":970,"parent":0,"menu_order":0,"comment_status":"closed","ping_status":"closed","template":"page-case-studies.php","meta":{"_acf_changed":false,"footnotes":""},"class_list":["post-8678","page","type-page","status-publish","has-post-thumbnail","hentry"],"acf":[],"yoast_head":"<!-- This site is optimized with the Yoast SEO plugin v25.3.1 - https:\/\/yoast.com\/wordpress\/plugins\/seo\/ -->\n<title>P\u0159\u00edpadov\u00e9 studie - MAXIN\u2019S<\/title>\n<meta name=\"robots\" content=\"index, follow, max-snippet:-1, max-image-preview:large, max-video-preview:-1\" \/>\n<link rel=\"canonical\" href=\"https:\/\/www.maxins.com\/cs\/pripadove-studie\/\" \/>\n<meta property=\"og:locale\" content=\"cs_CZ\" \/>\n<meta property=\"og:type\" content=\"article\" \/>\n<meta property=\"og:title\" content=\"P\u0159\u00edpadov\u00e9 studie - MAXIN\u2019S\" \/>\n<meta property=\"og:url\" content=\"https:\/\/www.maxins.com\/cs\/pripadove-studie\/\" \/>\n<meta property=\"og:site_name\" content=\"MAXIN\u2019S\" \/>\n<meta property=\"article:modified_time\" content=\"2025-03-07T10:41:42+00:00\" \/>\n<meta property=\"og:image\" content=\"https:\/\/www.maxins.com\/wp-content\/uploads\/2024\/11\/case_hero_primary.jpg\" \/>\n\t<meta property=\"og:image:width\" content=\"1240\" \/>\n\t<meta property=\"og:image:height\" content=\"976\" \/>\n\t<meta property=\"og:image:type\" content=\"image\/jpeg\" \/>\n<meta name=\"twitter:card\" content=\"summary_large_image\" \/>\n<meta name=\"twitter:label1\" content=\"Odhadovan\u00e1 doba \u010dten\u00ed\" \/>\n\t<meta name=\"twitter:data1\" content=\"1 minuta\" \/>\n<script type=\"application\/ld+json\" class=\"yoast-schema-graph\">{\"@context\":\"https:\/\/schema.org\",\"@graph\":[{\"@type\":\"WebPage\",\"@id\":\"https:\/\/www.maxins.com\/cs\/pripadove-studie\/\",\"url\":\"https:\/\/www.maxins.com\/cs\/pripadove-studie\/\",\"name\":\"P\u0159\u00edpadov\u00e9 studie - MAXIN\u2019S\",\"isPartOf\":{\"@id\":\"https:\/\/www.maxins.com\/#website\"},\"primaryImageOfPage\":{\"@id\":\"https:\/\/www.maxins.com\/cs\/pripadove-studie\/#primaryimage\"},\"image\":{\"@id\":\"https:\/\/www.maxins.com\/cs\/pripadove-studie\/#primaryimage\"},\"thumbnailUrl\":\"https:\/\/www.maxins.com\/wp-content\/uploads\/2024\/11\/case_hero_primary.jpg\",\"datePublished\":\"2024-11-26T13:55:15+00:00\",\"dateModified\":\"2025-03-07T10:41:42+00:00\",\"breadcrumb\":{\"@id\":\"https:\/\/www.maxins.com\/cs\/pripadove-studie\/#breadcrumb\"},\"inLanguage\":\"cs\",\"potentialAction\":[{\"@type\":\"ReadAction\",\"target\":[\"https:\/\/www.maxins.com\/cs\/pripadove-studie\/\"]}]},{\"@type\":\"ImageObject\",\"inLanguage\":\"cs\",\"@id\":\"https:\/\/www.maxins.com\/cs\/pripadove-studie\/#primaryimage\",\"url\":\"https:\/\/www.maxins.com\/wp-content\/uploads\/2024\/11\/case_hero_primary.jpg\",\"contentUrl\":\"https:\/\/www.maxins.com\/wp-content\/uploads\/2024\/11\/case_hero_primary.jpg\",\"width\":1240,\"height\":976,\"caption\":\"case hero primary\"},{\"@type\":\"BreadcrumbList\",\"@id\":\"https:\/\/www.maxins.com\/cs\/pripadove-studie\/#breadcrumb\",\"itemListElement\":[{\"@type\":\"ListItem\",\"position\":1,\"name\":\"Domovsk\u00e1 str\u00e1nka\",\"item\":\"https:\/\/www.maxins.com\/cs\/uvod\/\"},{\"@type\":\"ListItem\",\"position\":2,\"name\":\"P\u0159\u00edpadov\u00e9 studie\"}]},{\"@type\":\"WebSite\",\"@id\":\"https:\/\/www.maxins.com\/#website\",\"url\":\"https:\/\/www.maxins.com\/\",\"name\":\"MAXIN\u2019S\",\"description\":\"\",\"potentialAction\":[{\"@type\":\"SearchAction\",\"target\":{\"@type\":\"EntryPoint\",\"urlTemplate\":\"https:\/\/www.maxins.com\/?s={search_term_string}\"},\"query-input\":{\"@type\":\"PropertyValueSpecification\",\"valueRequired\":true,\"valueName\":\"search_term_string\"}}],\"inLanguage\":\"cs\"}]}<\/script>\n<!-- \/ Yoast SEO plugin. -->","yoast_head_json":{"title":"P\u0159\u00edpadov\u00e9 studie - MAXIN\u2019S","robots":{"index":"index","follow":"follow","max-snippet":"max-snippet:-1","max-image-preview":"max-image-preview:large","max-video-preview":"max-video-preview:-1"},"canonical":"https:\/\/www.maxins.com\/cs\/pripadove-studie\/","og_locale":"cs_CZ","og_type":"article","og_title":"P\u0159\u00edpadov\u00e9 studie - MAXIN\u2019S","og_url":"https:\/\/www.maxins.com\/cs\/pripadove-studie\/","og_site_name":"MAXIN\u2019S","article_modified_time":"2025-03-07T10:41:42+00:00","og_image":[{"width":1240,"height":976,"url":"https:\/\/www.maxins.com\/wp-content\/uploads\/2024\/11\/case_hero_primary.jpg","type":"image\/jpeg"}],"twitter_card":"summary_large_image","twitter_misc":{"Odhadovan\u00e1 doba \u010dten\u00ed":"1 minuta"},"schema":{"@context":"https:\/\/schema.org","@graph":[{"@type":"WebPage","@id":"https:\/\/www.maxins.com\/cs\/pripadove-studie\/","url":"https:\/\/www.maxins.com\/cs\/pripadove-studie\/","name":"P\u0159\u00edpadov\u00e9 studie - MAXIN\u2019S","isPartOf":{"@id":"https:\/\/www.maxins.com\/#website"},"primaryImageOfPage":{"@id":"https:\/\/www.maxins.com\/cs\/pripadove-studie\/#primaryimage"},"image":{"@id":"https:\/\/www.maxins.com\/cs\/pripadove-studie\/#primaryimage"},"thumbnailUrl":"https:\/\/www.maxins.com\/wp-content\/uploads\/2024\/11\/case_hero_primary.jpg","datePublished":"2024-11-26T13:55:15+00:00","dateModified":"2025-03-07T10:41:42+00:00","breadcrumb":{"@id":"https:\/\/www.maxins.com\/cs\/pripadove-studie\/#breadcrumb"},"inLanguage":"cs","potentialAction":[{"@type":"ReadAction","target":["https:\/\/www.maxins.com\/cs\/pripadove-studie\/"]}]},{"@type":"ImageObject","inLanguage":"cs","@id":"https:\/\/www.maxins.com\/cs\/pripadove-studie\/#primaryimage","url":"https:\/\/www.maxins.com\/wp-content\/uploads\/2024\/11\/case_hero_primary.jpg","contentUrl":"https:\/\/www.maxins.com\/wp-content\/uploads\/2024\/11\/case_hero_primary.jpg","width":1240,"height":976,"caption":"case hero primary"},{"@type":"BreadcrumbList","@id":"https:\/\/www.maxins.com\/cs\/pripadove-studie\/#breadcrumb","itemListElement":[{"@type":"ListItem","position":1,"name":"Domovsk\u00e1 str\u00e1nka","item":"https:\/\/www.maxins.com\/cs\/uvod\/"},{"@type":"ListItem","position":2,"name":"P\u0159\u00edpadov\u00e9 studie"}]},{"@type":"WebSite","@id":"https:\/\/www.maxins.com\/#website","url":"https:\/\/www.maxins.com\/","name":"MAXIN\u2019S","description":"","potentialAction":[{"@type":"SearchAction","target":{"@type":"EntryPoint","urlTemplate":"https:\/\/www.maxins.com\/?s={search_term_string}"},"query-input":{"@type":"PropertyValueSpecification","valueRequired":true,"valueName":"search_term_string"}}],"inLanguage":"cs"}]}},"_links":{"self":[{"href":"https:\/\/www.maxins.com\/cs\/wp-json\/wp\/v2\/pages\/8678","targetHints":{"allow":["GET"]}}],"collection":[{"href":"https:\/\/www.maxins.com\/cs\/wp-json\/wp\/v2\/pages"}],"about":[{"href":"https:\/\/www.maxins.com\/cs\/wp-json\/wp\/v2\/types\/page"}],"author":[{"embeddable":true,"href":"https:\/\/www.maxins.com\/cs\/wp-json\/wp\/v2\/users\/3"}],"replies":[{"embeddable":true,"href":"https:\/\/www.maxins.com\/cs\/wp-json\/wp\/v2\/comments?post=8678"}],"version-history":[{"count":2,"href":"https:\/\/www.maxins.com\/cs\/wp-json\/wp\/v2\/pages\/8678\/revisions"}],"predecessor-version":[{"id":9427,"href":"https:\/\/www.maxins.com\/cs\/wp-json\/wp\/v2\/pages\/8678\/revisions\/9427"}],"wp:featuredmedia":[{"embeddable":true,"href":"https:\/\/www.maxins.com\/cs\/wp-json\/wp\/v2\/media\/970"}],"wp:attachment":[{"href":"https:\/\/www.maxins.com\/cs\/wp-json\/wp\/v2\/media?parent=8678"}],"curies":[{"name":"wp","href":"https:\/\/api.w.org\/{rel}","templated":true}]}}