{"id":9476,"date":"2025-03-07T10:00:56","date_gmt":"2025-03-07T10:00:56","guid":{"rendered":"https:\/\/www.maxins.com\/?page_id=9476"},"modified":"2025-03-07T13:52:40","modified_gmt":"2025-03-07T13:52:40","slug":"maxins-praha","status":"publish","type":"page","link":"https:\/\/www.maxins.com\/cs\/kontakt\/maxins-praha\/","title":{"rendered":"MAXIN\u2019S Praha"},"content":{"rendered":"<div id=\"pl-9476\"  class=\"panel-layout\" ><div id=\"pg-9476-0\"  class=\"panel-grid panel-has-style\" ><div class=\"floating-sidebar-container siteorigin-panels-stretch panel-row-style panel-row-style-for-9476-0\" data-stretch-type=\"full\" ><div id=\"pgc-9476-0-0\"  class=\"panel-grid-cell\" ><div id=\"panel-9476-0-0-0\" class=\"so-panel widget widget_siteorigin-panels-builder panel-first-child panel-last-child\" data-index=\"0\" ><div class=\"floating-element panel-widget-style panel-widget-style-for-9476-0-0-0\" ><div id=\"pl-w67cac3d9a6865\"  class=\"panel-layout\" ><div id=\"pg-w67cac3d9a6865-0\"  class=\"panel-grid panel-no-style\" ><div id=\"pgc-w67cac3d9a6865-0-0\"  class=\"panel-grid-cell\" ><div id=\"panel-w67cac3d9a6865-0-0-0\" class=\"so-panel widget widget_siteorigin-panels-builder panel-first-child panel-last-child\" data-index=\"0\" ><div id=\"pl-w67a680ffbac59\"  class=\"panel-layout\" ><div id=\"pg-w67a680ffbac59-0\"  class=\"panel-grid panel-has-style\" ><div class=\"panel-row-style panel-row-style-for-w67a680ffbac59-0\" ><div id=\"pgc-w67a680ffbac59-0-0\"  class=\"panel-grid-cell\" ><div id=\"panel-w67a680ffbac59-0-0-0\" class=\"so-panel widget widget_sow-image panel-first-child\" data-index=\"0\" ><div\n\t\t\t\n\t\t\tclass=\"so-widget-sow-image so-widget-sow-image-default-8b5b6f678277\"\n\t\t\t\n\t\t>\n<div class=\"sow-image-container\">\n\t\t<img loading=\"lazy\" decoding=\"async\" src=\"https:\/\/www.maxins.com\/wp-content\/uploads\/2025\/02\/1723535063572.jpeg\" width=\"800\" height=\"659\" srcset=\"https:\/\/www.maxins.com\/wp-content\/uploads\/2025\/02\/1723535063572.jpeg 800w, https:\/\/www.maxins.com\/wp-content\/uploads\/2025\/02\/1723535063572-300x247.jpeg 300w, https:\/\/www.maxins.com\/wp-content\/uploads\/2025\/02\/1723535063572-768x633.jpeg 768w, https:\/\/www.maxins.com\/wp-content\/uploads\/2025\/02\/1723535063572-480x395.jpeg 480w\" sizes=\"auto, (max-width: 800px) 100vw, 800px\" title=\"1723535063572\" alt=\"\" \t\tclass=\"so-widget-image\"\/>\n\t<\/div>\n\n<\/div><\/div><div id=\"panel-w67a680ffbac59-0-0-1\" class=\"so-panel widget widget_sow-editor panel-last-child\" data-index=\"1\" ><div class=\"contact-info panel-widget-style panel-widget-style-for-w67a680ffbac59-0-0-1\" ><div\n\t\t\t\n\t\t\tclass=\"so-widget-sow-editor so-widget-sow-editor-base\"\n\t\t\t\n\t\t>\n<div class=\"siteorigin-widget-tinymce textwidget\">\n\t<p><strong>Mari\u00e1n Luk\u00e1\u010d ml.<br \/>\n<\/strong>Branch Manager<\/p>\n<p><a href=\"tel: +420 608 764 153\">+420 608 764 153<\/a><br \/>\n<a href=\"mailto: marianlukac@maxins.cz\">marianlukac@maxins.cz<\/a><\/p>\n<p class=\"social-contact\"><a href=\"https:\/\/www.linkedin.com\/in\/mari\u00e1n-luk\u00e1\u010d\/\" target=\"blank\" rel=\"noopener\">Linkedin<\/a><\/p>\n<\/div>\n<\/div><\/div><\/div><\/div><\/div><\/div><\/div><\/div><\/div><\/div><\/div><\/div><\/div><\/div><div id=\"pgc-9476-0-1\"  class=\"panel-grid-cell\" ><div id=\"panel-9476-0-1-0\" class=\"so-panel widget widget_sow-editor panel-first-child\" data-index=\"1\" ><div class=\"floating-sidebar-containe panel-widget-style panel-widget-style-for-9476-0-1-0\" ><div\n\t\t\t\n\t\t\tclass=\"so-widget-sow-editor so-widget-sow-editor-base\"\n\t\t\t\n\t\t>\n<div class=\"siteorigin-widget-tinymce textwidget\">\n\t<p style=\"font-weight: 400;\">Pra\u017esk\u00e1 pobo\u010dka nab\u00edz\u00ed pracovn\u00ed m\u00edsta v r\u016fzn\u00fdch odv\u011btv\u00edch, jako je v\u00fdroba, logistika, automobilov\u00fd pr\u016fmysl a dal\u0161\u00ed. Sv\u00fdm klient\u016fm poskytuje komplexn\u00ed slu\u017eby v oblasti lidsk\u00fdch zdroj\u016f, v\u010detn\u011b poradenstv\u00ed, n\u00e1boru a v\u00fdb\u011bru zam\u011bstnanc\u016f.<\/p>\n<\/div>\n<\/div><\/div><\/div><div id=\"panel-9476-0-1-1\" class=\"so-panel widget widget_siteorigin-panels-builder\" data-index=\"2\" ><div class=\"panel-widget-style panel-widget-style-for-9476-0-1-1\" ><div id=\"pl-w67cafa2853d41\"  class=\"panel-layout\" ><div id=\"pg-w67cafa2853d41-0\"  class=\"panel-grid panel-has-style\" ><div class=\"panel-row-style panel-row-style-for-w67cafa2853d41-0\" ><div id=\"pgc-w67cafa2853d41-0-0\"  class=\"panel-grid-cell\" ><div id=\"panel-w67cafa2853d41-0-0-0\" class=\"so-panel widget widget_sow-image panel-first-child panel-last-child\" data-index=\"0\" ><div class=\"panel-widget-style panel-widget-style-for-w67cafa2853d41-0-0-0\" ><div\n\t\t\t\n\t\t\tclass=\"so-widget-sow-image so-widget-sow-image-default-8b5b6f678277\"\n\t\t\t\n\t\t><\/div><\/div><\/div><\/div><div id=\"pgc-w67cafa2853d41-0-1\"  class=\"panel-grid-cell\" ><div id=\"panel-w67cafa2853d41-0-1-0\" class=\"so-panel widget widget_sow-editor panel-first-child panel-last-child\" data-index=\"1\" ><div class=\"panel-widget-style panel-widget-style-for-w67cafa2853d41-0-1-0\" ><div\n\t\t\t\n\t\t\tclass=\"so-widget-sow-editor so-widget-sow-editor-base\"\n\t\t\t\n\t\t>\n<div class=\"siteorigin-widget-tinymce textwidget\">\n\t<h3>MAXIN\u2019S Praha<\/h3>\n<p>Otev\u00edrac\u00ed doba<br \/>\n<strong>Pon-P\u00e1 : 08:00 - 16:00<\/strong><\/p>\n<p>Adresa<\/p>\n<p>V J\u00e1m\u011b 1,<br \/>\n110 00 Praha<\/p>\n<p><a class=\"button button-inverse\" title=\"\" href=\"https:\/\/maps.app.goo.gl\/FBmBxXBrHW7ocgZC7\" target=\"blank\" rel=\"noopener\">Navigovat<\/a><\/p>\n<\/div>\n<\/div><\/div><\/div><\/div><\/div><\/div><\/div><\/div><\/div><div id=\"panel-9476-0-1-2\" class=\"so-panel widget widget_sow-editor panel-last-child\" data-index=\"3\" ><div class=\"panel-widget-style panel-widget-style-for-9476-0-1-2\" ><div\n\t\t\t\n\t\t\tclass=\"so-widget-sow-editor so-widget-sow-editor-base\"\n\t\t\t\n\t\t>\n<div class=\"siteorigin-widget-tinymce textwidget\">\n\t<p style=\"text-transform: uppercase\">gal\u00e9ria<\/p>\n\t\t\t<style>\r\n                #foogallery-gallery-7701.fg-justified .fg-item {\r\n                    margin-right: 2px;\r\n                    margin-bottom: 2px;\r\n                }\r\n\r\n                #foogallery-gallery-7701.fg-justified .fg-image {\r\n                    height: 200px;\r\n                }\r\n\t\t\t<\/style>\r\n\t\t\t<div class=\"foogallery foogallery-container foogallery-justified foogallery-lightbox-foobox fg-justified fg-light fg-loading-default fg-loaded-fade-in fg-hover-fade fg-hover-zoom2 fg-ready\" id=\"foogallery-gallery-7701\" data-foogallery=\"{&quot;item&quot;:{&quot;showCaptionTitle&quot;:true,&quot;showCaptionDescription&quot;:false},&quot;lazy&quot;:true,&quot;template&quot;:{&quot;rowHeight&quot;:200,&quot;maxRowHeight&quot;:300,&quot;margins&quot;:2,&quot;align&quot;:&quot;left&quot;,&quot;lastRow&quot;:&quot;smart&quot;}}\" >\r\n\t<div class=\"fg-item fg-type-image fg-idle\"><figure class=\"fg-item-inner\"><a href=\"https:\/\/www.maxins.com\/wp-content\/uploads\/2025\/02\/IMG_1448.jpeg\" data-caption-title=\"IMG 1448\" data-caption-desc=\"IMG 1448\" data-attachment-id=\"7703\" data-type=\"image\" class=\"fg-thumb\"><span class=\"fg-image-wrap\"><img fetchpriority=\"high\" decoding=\"async\" alt=\"IMG 1448\" title=\"IMG 1448\" height=\"300\" width=\"400\" class=\"skip-lazy fg-image\" data-src-fg=\"https:\/\/www.maxins.com\/wp-content\/uploads\/cache\/2025\/02\/IMG_1448\/1872711655.jpeg\" data-srcset-fg=\"https:\/\/www.maxins.com\/wp-content\/uploads\/cache\/2025\/02\/IMG_1448\/2879040059.jpeg 2x\" src=\"data:image\/svg+xml,%3Csvg%20xmlns%3D%22http%3A%2F%2Fwww.w3.org%2F2000%2Fsvg%22%20width%3D%22400%22%20height%3D%22300%22%20viewBox%3D%220%200%20400%20300%22%3E%3C%2Fsvg%3E\" loading=\"eager\"><\/span><span class=\"fg-image-overlay\"><\/span><\/a><figcaption class=\"fg-caption\"><div class=\"fg-caption-inner\"><div class=\"fg-caption-title\">IMG 1448<\/div><\/div><\/figcaption><\/figure><div class=\"fg-loader\"><\/div><\/div><div class=\"fg-item fg-type-image fg-idle\"><figure class=\"fg-item-inner\"><a href=\"https:\/\/www.maxins.com\/wp-content\/uploads\/2025\/02\/IMG_2316.jpg\" data-caption-title=\"IMG 2316\" data-caption-desc=\"IMG 2316\" data-attachment-id=\"7715\" data-type=\"image\" class=\"fg-thumb\"><span class=\"fg-image-wrap\"><img decoding=\"async\" alt=\"IMG 2316\" title=\"IMG 2316\" height=\"300\" width=\"400\" class=\"skip-lazy fg-image\" data-src-fg=\"https:\/\/www.maxins.com\/wp-content\/uploads\/cache\/2025\/02\/IMG_2316\/3172468707.jpg\" data-srcset-fg=\"https:\/\/www.maxins.com\/wp-content\/uploads\/cache\/2025\/02\/IMG_2316\/3590818735.jpg 2x\" src=\"data:image\/svg+xml,%3Csvg%20xmlns%3D%22http%3A%2F%2Fwww.w3.org%2F2000%2Fsvg%22%20width%3D%22400%22%20height%3D%22300%22%20viewBox%3D%220%200%20400%20300%22%3E%3C%2Fsvg%3E\" loading=\"eager\"><\/span><span class=\"fg-image-overlay\"><\/span><\/a><figcaption class=\"fg-caption\"><div class=\"fg-caption-inner\"><div class=\"fg-caption-title\">IMG 2316<\/div><\/div><\/figcaption><\/figure><div class=\"fg-loader\"><\/div><\/div><div class=\"fg-item fg-type-image fg-idle\"><figure class=\"fg-item-inner\"><a href=\"https:\/\/www.maxins.com\/wp-content\/uploads\/2025\/02\/IMG_2318-rotated.jpg\" data-caption-title=\"IMG 2318 rotated\" data-caption-desc=\"IMG 2318 rotated\" data-attachment-id=\"7719\" data-type=\"image\" class=\"fg-thumb\"><span class=\"fg-image-wrap\"><img decoding=\"async\" alt=\"IMG 2318 rotated\" title=\"IMG 2318 rotated\" height=\"300\" width=\"225\" class=\"skip-lazy fg-image\" data-src-fg=\"https:\/\/www.maxins.com\/wp-content\/uploads\/cache\/2025\/02\/IMG_2318-rotated\/1223781237.jpg\" data-srcset-fg=\"https:\/\/www.maxins.com\/wp-content\/uploads\/cache\/2025\/02\/IMG_2318-rotated\/617858551.jpg 2x\" src=\"data:image\/svg+xml,%3Csvg%20xmlns%3D%22http%3A%2F%2Fwww.w3.org%2F2000%2Fsvg%22%20width%3D%22225%22%20height%3D%22300%22%20viewBox%3D%220%200%20225%20300%22%3E%3C%2Fsvg%3E\" loading=\"eager\"><\/span><span class=\"fg-image-overlay\"><\/span><\/a><figcaption class=\"fg-caption\"><div class=\"fg-caption-inner\"><div class=\"fg-caption-title\">IMG 2318 rotated<\/div><\/div><\/figcaption><\/figure><div class=\"fg-loader\"><\/div><\/div><div class=\"fg-item fg-type-image fg-idle\"><figure class=\"fg-item-inner\"><a href=\"https:\/\/www.maxins.com\/wp-content\/uploads\/2025\/02\/IMG_2321.jpg\" data-caption-title=\"IMG 2321\" data-caption-desc=\"IMG 2321\" data-attachment-id=\"7723\" data-type=\"image\" class=\"fg-thumb\"><span class=\"fg-image-wrap\"><img decoding=\"async\" alt=\"IMG 2321\" title=\"IMG 2321\" height=\"300\" width=\"400\" class=\"skip-lazy fg-image\" data-src-fg=\"https:\/\/www.maxins.com\/wp-content\/uploads\/cache\/2025\/02\/IMG_2321\/3325217924.jpg\" data-srcset-fg=\"https:\/\/www.maxins.com\/wp-content\/uploads\/cache\/2025\/02\/IMG_2321\/2905424072.jpg 2x\" src=\"data:image\/svg+xml,%3Csvg%20xmlns%3D%22http%3A%2F%2Fwww.w3.org%2F2000%2Fsvg%22%20width%3D%22400%22%20height%3D%22300%22%20viewBox%3D%220%200%20400%20300%22%3E%3C%2Fsvg%3E\" loading=\"eager\"><\/span><span class=\"fg-image-overlay\"><\/span><\/a><figcaption class=\"fg-caption\"><div class=\"fg-caption-inner\"><div class=\"fg-caption-title\">IMG 2321<\/div><\/div><\/figcaption><\/figure><div class=\"fg-loader\"><\/div><\/div><div class=\"fg-item fg-type-image fg-idle\"><figure class=\"fg-item-inner\"><a href=\"https:\/\/www.maxins.com\/wp-content\/uploads\/2025\/02\/IMG_2324.jpg\" data-caption-title=\"IMG 2324\" data-caption-desc=\"IMG 2324\" data-attachment-id=\"7727\" data-type=\"image\" class=\"fg-thumb\"><span class=\"fg-image-wrap\"><img decoding=\"async\" alt=\"IMG 2324\" title=\"IMG 2324\" height=\"300\" width=\"400\" class=\"skip-lazy fg-image\" data-src-fg=\"https:\/\/www.maxins.com\/wp-content\/uploads\/cache\/2025\/02\/IMG_2324\/492234673.jpg\" data-srcset-fg=\"https:\/\/www.maxins.com\/wp-content\/uploads\/cache\/2025\/02\/IMG_2324\/1984523261.jpg 2x\" src=\"data:image\/svg+xml,%3Csvg%20xmlns%3D%22http%3A%2F%2Fwww.w3.org%2F2000%2Fsvg%22%20width%3D%22400%22%20height%3D%22300%22%20viewBox%3D%220%200%20400%20300%22%3E%3C%2Fsvg%3E\" loading=\"eager\"><\/span><span class=\"fg-image-overlay\"><\/span><\/a><figcaption class=\"fg-caption\"><div class=\"fg-caption-inner\"><div class=\"fg-caption-title\">IMG 2324<\/div><\/div><\/figcaption><\/figure><div class=\"fg-loader\"><\/div><\/div><div class=\"fg-item fg-type-image fg-idle\"><figure class=\"fg-item-inner\"><a href=\"https:\/\/www.maxins.com\/wp-content\/uploads\/2025\/02\/IMG_2325.jpg\" data-caption-title=\"IMG 2325\" data-caption-desc=\"IMG 2325\" data-attachment-id=\"7731\" data-type=\"image\" class=\"fg-thumb\"><span class=\"fg-image-wrap\"><img decoding=\"async\" alt=\"IMG 2325\" title=\"IMG 2325\" height=\"300\" width=\"400\" class=\"skip-lazy fg-image\" data-src-fg=\"https:\/\/www.maxins.com\/wp-content\/uploads\/cache\/2025\/02\/IMG_2325\/2052679703.jpg\" data-srcset-fg=\"https:\/\/www.maxins.com\/wp-content\/uploads\/cache\/2025\/02\/IMG_2325\/289858651.jpg 2x\" src=\"data:image\/svg+xml,%3Csvg%20xmlns%3D%22http%3A%2F%2Fwww.w3.org%2F2000%2Fsvg%22%20width%3D%22400%22%20height%3D%22300%22%20viewBox%3D%220%200%20400%20300%22%3E%3C%2Fsvg%3E\" loading=\"eager\"><\/span><span class=\"fg-image-overlay\"><\/span><\/a><figcaption class=\"fg-caption\"><div class=\"fg-caption-inner\"><div class=\"fg-caption-title\">IMG 2325<\/div><\/div><\/figcaption><\/figure><div class=\"fg-loader\"><\/div><\/div><\/div>\r\n\n<\/div>\n<\/div><\/div><\/div><\/div><\/div><\/div><\/div>","protected":false},"excerpt":{"rendered":"<p>Pra\u017esk\u00e1 pobo\u010dka nab\u00edz\u00ed pracovn\u00ed m\u00edsta v r\u016fzn\u00fdch odv\u011btv\u00edch, jako je v\u00fdroba, logistika, automobilov\u00fd pr\u016fmysl a dal\u0161\u00ed. Sv\u00fdm klient\u016fm poskytuje komplexn\u00ed slu\u017eby v oblasti lidsk\u00fdch zdroj\u016f, v\u010detn\u011b poradenstv\u00ed, n\u00e1boru a v\u00fdb\u011bru zam\u011bstnanc\u016f. gal\u00e9ria<\/p>\n","protected":false},"author":3,"featured_media":9517,"parent":8599,"menu_order":0,"comment_status":"closed","ping_status":"closed","template":"","meta":{"_acf_changed":false,"footnotes":""},"class_list":["post-9476","page","type-page","status-publish","has-post-thumbnail","hentry"],"acf":[],"yoast_head":"<!-- This site is optimized with the Yoast SEO plugin v25.3.1 - https:\/\/yoast.com\/wordpress\/plugins\/seo\/ -->\n<title>MAXIN\u2019S Praha - MAXIN\u2019S<\/title>\n<meta name=\"robots\" content=\"index, follow, max-snippet:-1, max-image-preview:large, max-video-preview:-1\" \/>\n<link rel=\"canonical\" href=\"https:\/\/www.maxins.com\/cs\/kontakt\/maxins-praha\/\" \/>\n<meta property=\"og:locale\" content=\"cs_CZ\" \/>\n<meta property=\"og:type\" content=\"article\" \/>\n<meta property=\"og:title\" content=\"MAXIN\u2019S Praha - MAXIN\u2019S\" \/>\n<meta property=\"og:description\" content=\"Pra\u017esk\u00e1 pobo\u010dka nab\u00edz\u00ed pracovn\u00ed m\u00edsta v r\u016fzn\u00fdch odv\u011btv\u00edch, jako je v\u00fdroba, logistika, automobilov\u00fd pr\u016fmysl a dal\u0161\u00ed. Sv\u00fdm klient\u016fm poskytuje komplexn\u00ed slu\u017eby v oblasti lidsk\u00fdch zdroj\u016f, v\u010detn\u011b poradenstv\u00ed, n\u00e1boru a v\u00fdb\u011bru zam\u011bstnanc\u016f. gal\u00e9ria\" \/>\n<meta property=\"og:url\" content=\"https:\/\/www.maxins.com\/cs\/kontakt\/maxins-praha\/\" \/>\n<meta property=\"og:site_name\" content=\"MAXIN\u2019S\" \/>\n<meta property=\"article:modified_time\" content=\"2025-03-07T13:52:40+00:00\" \/>\n<meta property=\"og:image\" content=\"https:\/\/www.maxins.com\/wp-content\/uploads\/2025\/02\/IMG_2316.jpg\" \/>\n\t<meta property=\"og:image:width\" content=\"4032\" \/>\n\t<meta property=\"og:image:height\" content=\"3024\" \/>\n\t<meta property=\"og:image:type\" content=\"image\/jpeg\" \/>\n<meta name=\"twitter:card\" content=\"summary_large_image\" \/>\n<meta name=\"twitter:label1\" content=\"Odhadovan\u00e1 doba \u010dten\u00ed\" \/>\n\t<meta name=\"twitter:data1\" content=\"2 minuty\" \/>\n<script type=\"application\/ld+json\" class=\"yoast-schema-graph\">{\"@context\":\"https:\/\/schema.org\",\"@graph\":[{\"@type\":\"WebPage\",\"@id\":\"https:\/\/www.maxins.com\/cs\/kontakt\/maxins-praha\/\",\"url\":\"https:\/\/www.maxins.com\/cs\/kontakt\/maxins-praha\/\",\"name\":\"MAXIN\u2019S Praha - MAXIN\u2019S\",\"isPartOf\":{\"@id\":\"https:\/\/www.maxins.com\/#website\"},\"primaryImageOfPage\":{\"@id\":\"https:\/\/www.maxins.com\/cs\/kontakt\/maxins-praha\/#primaryimage\"},\"image\":{\"@id\":\"https:\/\/www.maxins.com\/cs\/kontakt\/maxins-praha\/#primaryimage\"},\"thumbnailUrl\":\"https:\/\/www.maxins.com\/wp-content\/uploads\/2025\/03\/Praha.png\",\"datePublished\":\"2025-03-07T10:00:56+00:00\",\"dateModified\":\"2025-03-07T13:52:40+00:00\",\"breadcrumb\":{\"@id\":\"https:\/\/www.maxins.com\/cs\/kontakt\/maxins-praha\/#breadcrumb\"},\"inLanguage\":\"cs\",\"potentialAction\":[{\"@type\":\"ReadAction\",\"target\":[\"https:\/\/www.maxins.com\/cs\/kontakt\/maxins-praha\/\"]}]},{\"@type\":\"ImageObject\",\"inLanguage\":\"cs\",\"@id\":\"https:\/\/www.maxins.com\/cs\/kontakt\/maxins-praha\/#primaryimage\",\"url\":\"https:\/\/www.maxins.com\/wp-content\/uploads\/2025\/03\/Praha.png\",\"contentUrl\":\"https:\/\/www.maxins.com\/wp-content\/uploads\/2025\/03\/Praha.png\",\"width\":1200,\"height\":800},{\"@type\":\"BreadcrumbList\",\"@id\":\"https:\/\/www.maxins.com\/cs\/kontakt\/maxins-praha\/#breadcrumb\",\"itemListElement\":[{\"@type\":\"ListItem\",\"position\":1,\"name\":\"Domovsk\u00e1 str\u00e1nka\",\"item\":\"https:\/\/www.maxins.com\/cs\/uvod\/\"},{\"@type\":\"ListItem\",\"position\":2,\"name\":\"Kontakt\",\"item\":\"https:\/\/www.maxins.com\/cs\/kontakt\/\"},{\"@type\":\"ListItem\",\"position\":3,\"name\":\"MAXIN\u2019S Praha\"}]},{\"@type\":\"WebSite\",\"@id\":\"https:\/\/www.maxins.com\/#website\",\"url\":\"https:\/\/www.maxins.com\/\",\"name\":\"MAXIN\u2019S\",\"description\":\"\",\"potentialAction\":[{\"@type\":\"SearchAction\",\"target\":{\"@type\":\"EntryPoint\",\"urlTemplate\":\"https:\/\/www.maxins.com\/?s={search_term_string}\"},\"query-input\":{\"@type\":\"PropertyValueSpecification\",\"valueRequired\":true,\"valueName\":\"search_term_string\"}}],\"inLanguage\":\"cs\"}]}<\/script>\n<!-- \/ Yoast SEO plugin. -->","yoast_head_json":{"title":"MAXIN\u2019S Praha - MAXIN\u2019S","robots":{"index":"index","follow":"follow","max-snippet":"max-snippet:-1","max-image-preview":"max-image-preview:large","max-video-preview":"max-video-preview:-1"},"canonical":"https:\/\/www.maxins.com\/cs\/kontakt\/maxins-praha\/","og_locale":"cs_CZ","og_type":"article","og_title":"MAXIN\u2019S Praha - MAXIN\u2019S","og_description":"Pra\u017esk\u00e1 pobo\u010dka nab\u00edz\u00ed pracovn\u00ed m\u00edsta v r\u016fzn\u00fdch odv\u011btv\u00edch, jako je v\u00fdroba, logistika, automobilov\u00fd pr\u016fmysl a dal\u0161\u00ed. Sv\u00fdm klient\u016fm poskytuje komplexn\u00ed slu\u017eby v oblasti lidsk\u00fdch zdroj\u016f, v\u010detn\u011b poradenstv\u00ed, n\u00e1boru a v\u00fdb\u011bru zam\u011bstnanc\u016f. gal\u00e9ria","og_url":"https:\/\/www.maxins.com\/cs\/kontakt\/maxins-praha\/","og_site_name":"MAXIN\u2019S","article_modified_time":"2025-03-07T13:52:40+00:00","og_image":[{"width":4032,"height":3024,"url":"https:\/\/www.maxins.com\/wp-content\/uploads\/2025\/02\/IMG_2316.jpg","type":"image\/jpeg"}],"twitter_card":"summary_large_image","twitter_misc":{"Odhadovan\u00e1 doba \u010dten\u00ed":"2 minuty"},"schema":{"@context":"https:\/\/schema.org","@graph":[{"@type":"WebPage","@id":"https:\/\/www.maxins.com\/cs\/kontakt\/maxins-praha\/","url":"https:\/\/www.maxins.com\/cs\/kontakt\/maxins-praha\/","name":"MAXIN\u2019S Praha - MAXIN\u2019S","isPartOf":{"@id":"https:\/\/www.maxins.com\/#website"},"primaryImageOfPage":{"@id":"https:\/\/www.maxins.com\/cs\/kontakt\/maxins-praha\/#primaryimage"},"image":{"@id":"https:\/\/www.maxins.com\/cs\/kontakt\/maxins-praha\/#primaryimage"},"thumbnailUrl":"https:\/\/www.maxins.com\/wp-content\/uploads\/2025\/03\/Praha.png","datePublished":"2025-03-07T10:00:56+00:00","dateModified":"2025-03-07T13:52:40+00:00","breadcrumb":{"@id":"https:\/\/www.maxins.com\/cs\/kontakt\/maxins-praha\/#breadcrumb"},"inLanguage":"cs","potentialAction":[{"@type":"ReadAction","target":["https:\/\/www.maxins.com\/cs\/kontakt\/maxins-praha\/"]}]},{"@type":"ImageObject","inLanguage":"cs","@id":"https:\/\/www.maxins.com\/cs\/kontakt\/maxins-praha\/#primaryimage","url":"https:\/\/www.maxins.com\/wp-content\/uploads\/2025\/03\/Praha.png","contentUrl":"https:\/\/www.maxins.com\/wp-content\/uploads\/2025\/03\/Praha.png","width":1200,"height":800},{"@type":"BreadcrumbList","@id":"https:\/\/www.maxins.com\/cs\/kontakt\/maxins-praha\/#breadcrumb","itemListElement":[{"@type":"ListItem","position":1,"name":"Domovsk\u00e1 str\u00e1nka","item":"https:\/\/www.maxins.com\/cs\/uvod\/"},{"@type":"ListItem","position":2,"name":"Kontakt","item":"https:\/\/www.maxins.com\/cs\/kontakt\/"},{"@type":"ListItem","position":3,"name":"MAXIN\u2019S Praha"}]},{"@type":"WebSite","@id":"https:\/\/www.maxins.com\/#website","url":"https:\/\/www.maxins.com\/","name":"MAXIN\u2019S","description":"","potentialAction":[{"@type":"SearchAction","target":{"@type":"EntryPoint","urlTemplate":"https:\/\/www.maxins.com\/?s={search_term_string}"},"query-input":{"@type":"PropertyValueSpecification","valueRequired":true,"valueName":"search_term_string"}}],"inLanguage":"cs"}]}},"_links":{"self":[{"href":"https:\/\/www.maxins.com\/cs\/wp-json\/wp\/v2\/pages\/9476","targetHints":{"allow":["GET"]}}],"collection":[{"href":"https:\/\/www.maxins.com\/cs\/wp-json\/wp\/v2\/pages"}],"about":[{"href":"https:\/\/www.maxins.com\/cs\/wp-json\/wp\/v2\/types\/page"}],"author":[{"embeddable":true,"href":"https:\/\/www.maxins.com\/cs\/wp-json\/wp\/v2\/users\/3"}],"replies":[{"embeddable":true,"href":"https:\/\/www.maxins.com\/cs\/wp-json\/wp\/v2\/comments?post=9476"}],"version-history":[{"count":3,"href":"https:\/\/www.maxins.com\/cs\/wp-json\/wp\/v2\/pages\/9476\/revisions"}],"predecessor-version":[{"id":9479,"href":"https:\/\/www.maxins.com\/cs\/wp-json\/wp\/v2\/pages\/9476\/revisions\/9479"}],"up":[{"embeddable":true,"href":"https:\/\/www.maxins.com\/cs\/wp-json\/wp\/v2\/pages\/8599"}],"wp:featuredmedia":[{"embeddable":true,"href":"https:\/\/www.maxins.com\/cs\/wp-json\/wp\/v2\/media\/9517"}],"wp:attachment":[{"href":"https:\/\/www.maxins.com\/cs\/wp-json\/wp\/v2\/media?parent=9476"}],"curies":[{"name":"wp","href":"https:\/\/api.w.org\/{rel}","templated":true}]}}