{"id":9480,"date":"2025-03-07T10:05:01","date_gmt":"2025-03-07T10:05:01","guid":{"rendered":"https:\/\/www.maxins.com\/kontakt\/maxins-brno\/"},"modified":"2025-03-07T19:58:04","modified_gmt":"2025-03-07T19:58:04","slug":"maxins-brno","status":"publish","type":"page","link":"https:\/\/www.maxins.com\/cs\/kontakt\/maxins-brno\/","title":{"rendered":"MAXIN&#8217;S Brno"},"content":{"rendered":"<div id=\"pl-9480\"  class=\"panel-layout\" ><div id=\"pg-9480-0\"  class=\"panel-grid panel-has-style\" ><div class=\"floating-sidebar-container siteorigin-panels-stretch panel-row-style panel-row-style-for-9480-0\" data-stretch-type=\"full\" ><div id=\"pgc-9480-0-0\"  class=\"panel-grid-cell\" ><div id=\"panel-9480-0-0-0\" class=\"so-panel widget widget_siteorigin-panels-builder panel-first-child panel-last-child\" data-index=\"0\" ><div class=\"floating-element panel-widget-style panel-widget-style-for-9480-0-0-0\" ><div id=\"pl-w67cafbeab1177\"  class=\"panel-layout\" ><div id=\"pg-w67cafbeab1177-0\"  class=\"panel-grid panel-no-style\" ><div id=\"pgc-w67cafbeab1177-0-0\"  class=\"panel-grid-cell\" ><div id=\"panel-w67cafbeab1177-0-0-0\" class=\"so-panel widget widget_siteorigin-panels-builder panel-first-child panel-last-child\" data-index=\"0\" ><div id=\"pl-w67cafbeab1182\"  class=\"panel-layout\" ><div id=\"pg-w67cafbeab1182-0\"  class=\"panel-grid panel-has-style\" ><div class=\"panel-row-style panel-row-style-for-w67cafbeab1182-0\" ><div id=\"pgc-w67cafbeab1182-0-0\"  class=\"panel-grid-cell\" ><div id=\"panel-w67cafbeab1182-0-0-0\" class=\"so-panel widget widget_sow-image panel-first-child\" data-index=\"0\" ><div\n\t\t\t\n\t\t\tclass=\"so-widget-sow-image so-widget-sow-image-default-8b5b6f678277\"\n\t\t\t\n\t\t>\n<div class=\"sow-image-container\">\n\t\t<img loading=\"lazy\" decoding=\"async\" src=\"https:\/\/www.maxins.com\/wp-content\/uploads\/2024\/11\/brno2024-332.png\" width=\"548\" height=\"452\" srcset=\"https:\/\/www.maxins.com\/wp-content\/uploads\/2024\/11\/brno2024-332.png 548w, https:\/\/www.maxins.com\/wp-content\/uploads\/2024\/11\/brno2024-332-300x247.png 300w, https:\/\/www.maxins.com\/wp-content\/uploads\/2024\/11\/brno2024-332-480x396.png 480w\" sizes=\"auto, (max-width: 548px) 100vw, 548px\" title=\"brno2024 332\" alt=\"\" \t\tclass=\"so-widget-image\"\/>\n\t<\/div>\n\n<\/div><\/div><div id=\"panel-w67cafbeab1182-0-0-1\" class=\"so-panel widget widget_sow-editor panel-last-child\" data-index=\"1\" ><div class=\"contact-info panel-widget-style panel-widget-style-for-w67cafbeab1182-0-0-1\" ><div\n\t\t\t\n\t\t\tclass=\"so-widget-sow-editor so-widget-sow-editor-base\"\n\t\t\t\n\t\t>\n<div class=\"siteorigin-widget-tinymce textwidget\">\n\t<p><strong>Anastasiya Polyak<br \/>\n<\/strong>Branch Manager<\/p>\n<p><a href=\"tel: +420 775 550 024\">+420 775 550 024<\/a><br \/>\n<a href=\"mailto: apolyak@maxins.cz\">apolyak@maxins.cz<\/a><\/p>\n<p class=\"social-contact\"><a href=\"https:\/\/www.linkedin.com\/in\/anastasiya-polyak\/\" target=\"blank\" rel=\"noopener\">Linkedin<\/a><\/p>\n<\/div>\n<\/div><\/div><\/div><\/div><\/div><\/div><\/div><\/div><\/div><\/div><\/div><\/div><\/div><\/div><div id=\"pgc-9480-0-1\"  class=\"panel-grid-cell\" ><div id=\"panel-9480-0-1-0\" class=\"so-panel widget widget_sow-editor panel-first-child\" data-index=\"1\" ><div class=\"floating-sidebar-containe panel-widget-style panel-widget-style-for-9480-0-1-0\" ><div\n\t\t\t\n\t\t\tclass=\"so-widget-sow-editor so-widget-sow-editor-base\"\n\t\t\t\n\t\t>\n<div class=\"siteorigin-widget-tinymce textwidget\">\n\t<p style=\"font-weight: 400;\">Brn\u011bnsk\u00e1 pobo\u010dka je v\u00fdznamn\u00fdm centrem n\u00e1boru a person\u00e1ln\u00edch slu\u017eeb v Jihomoravsk\u00e9m kraji. Zam\u011b\u0159uje se na n\u00e1bor zam\u011bstnanc\u016f, do\u010dasn\u00e9 p\u0159id\u011blen\u00ed a outsourcing person\u00e1ln\u00edch slu\u017eeb pro odv\u011btv\u00ed, jako je stroj\u00edrenstv\u00ed, automobilov\u00fd pr\u016fmysl, elektrotechnika a logistika.<\/p>\n<\/div>\n<\/div><\/div><\/div><div id=\"panel-9480-0-1-1\" class=\"so-panel widget widget_siteorigin-panels-builder\" data-index=\"2\" ><div class=\"panel-widget-style panel-widget-style-for-9480-0-1-1\" ><div id=\"pl-w67cafbeab15c0\"  class=\"panel-layout\" ><div id=\"pg-w67cafbeab15c0-0\"  class=\"panel-grid panel-has-style\" ><div class=\"panel-row-style panel-row-style-for-w67cafbeab15c0-0\" ><div id=\"pgc-w67cafbeab15c0-0-0\"  class=\"panel-grid-cell\" ><div id=\"panel-w67cafbeab15c0-0-0-0\" class=\"so-panel widget widget_sow-image panel-first-child panel-last-child\" data-index=\"0\" ><div class=\"panel-widget-style panel-widget-style-for-w67cafbeab15c0-0-0-0\" ><div\n\t\t\t\n\t\t\tclass=\"so-widget-sow-image so-widget-sow-image-default-8b5b6f678277\"\n\t\t\t\n\t\t><\/div><\/div><\/div><\/div><div id=\"pgc-w67cafbeab15c0-0-1\"  class=\"panel-grid-cell\" ><div id=\"panel-w67cafbeab15c0-0-1-0\" class=\"so-panel widget widget_sow-editor panel-first-child panel-last-child\" data-index=\"1\" ><div class=\"panel-widget-style panel-widget-style-for-w67cafbeab15c0-0-1-0\" ><div\n\t\t\t\n\t\t\tclass=\"so-widget-sow-editor so-widget-sow-editor-base\"\n\t\t\t\n\t\t>\n<div class=\"siteorigin-widget-tinymce textwidget\">\n\t<h3>MAXIN\u2019S Brno<\/h3>\n<p>Otev\u00edrac\u00ed doba<br \/>\n<strong>Pon-P\u00e1 : 08:00 - 16:00<\/strong><\/p>\n<p>Adresa<\/p>\n<p>Pra\u017e\u00e1kova 51a,<br \/>\n619 00 Brno-jih<\/p>\n<p><a href=\"https:\/\/maps.app.goo.gl\/X7cAevnt2SVAU3zv7\" target=\"blank\" title=\"\" class=\"button button-inverse\" rel=\"noopener\">Navigovat<\/a><\/p>\n<\/div>\n<\/div><\/div><\/div><\/div><\/div><\/div><\/div><\/div><\/div><div id=\"panel-9480-0-1-2\" class=\"so-panel widget widget_sow-editor panel-last-child\" data-index=\"3\" ><div class=\"panel-widget-style panel-widget-style-for-9480-0-1-2\" ><div\n\t\t\t\n\t\t\tclass=\"so-widget-sow-editor so-widget-sow-editor-base\"\n\t\t\t\n\t\t>\n<div class=\"siteorigin-widget-tinymce textwidget\">\n\t<p style=\"text-transform: uppercase\">Galerie<\/p>\n\t\t\t<style>\r\n                #foogallery-gallery-7667.fg-justified .fg-item {\r\n                    margin-right: 2px;\r\n                    margin-bottom: 2px;\r\n                }\r\n\r\n                #foogallery-gallery-7667.fg-justified .fg-image {\r\n                    height: 200px;\r\n                }\r\n\t\t\t<\/style>\r\n\t\t\t<div class=\"foogallery foogallery-container foogallery-justified foogallery-lightbox-foobox fg-justified fg-light fg-loading-default fg-loaded-fade-in fg-hover-fade fg-hover-zoom2 fg-ready\" id=\"foogallery-gallery-7667\" data-foogallery=\"{&quot;item&quot;:{&quot;showCaptionTitle&quot;:true,&quot;showCaptionDescription&quot;:false},&quot;lazy&quot;:true,&quot;template&quot;:{&quot;rowHeight&quot;:200,&quot;maxRowHeight&quot;:300,&quot;margins&quot;:2,&quot;align&quot;:&quot;left&quot;,&quot;lastRow&quot;:&quot;smart&quot;}}\" >\r\n\t<div class=\"fg-item fg-type-image fg-idle\"><figure class=\"fg-item-inner\"><a href=\"https:\/\/www.maxins.com\/wp-content\/uploads\/2025\/02\/0-02-05-6d1e621363e45b734e223bdfdbd5671ee6b3d656e494545239db2cabf1935ea7_43c04024d1cdd5ab.jpg\" data-caption-title=\"0 02 05 6d1e621363e45b734e223bdfdbd5671ee6b3d656e494545239db2cabf1935ea7 43c04024d1cdd5ab\" data-caption-desc=\"0 02 05 6d1e621363e45b734e223bdfdbd5671ee6b3d656e494545239db2cabf1935ea7 43c04024d1cdd5ab\" data-attachment-id=\"7677\" data-type=\"image\" class=\"fg-thumb\"><span class=\"fg-image-wrap\"><img fetchpriority=\"high\" decoding=\"async\" alt=\"0 02 05 6d1e621363e45b734e223bdfdbd5671ee6b3d656e494545239db2cabf1935ea7 43c04024d1cdd5ab\" title=\"0 02 05 6d1e621363e45b734e223bdfdbd5671ee6b3d656e494545239db2cabf1935ea7 43c04024d1cdd5ab\" height=\"300\" width=\"400\" class=\"skip-lazy fg-image\" data-src-fg=\"https:\/\/www.maxins.com\/wp-content\/uploads\/cache\/2025\/02\/0-02-05-6d1e621363e45b734e223bdfdbd5671ee6b3d656e494545239db2cabf1935ea7_43c04024d1cdd5ab\/9970787.jpg\" data-srcset-fg=\"https:\/\/www.maxins.com\/wp-content\/uploads\/cache\/2025\/02\/0-02-05-6d1e621363e45b734e223bdfdbd5671ee6b3d656e494545239db2cabf1935ea7_43c04024d1cdd5ab\/204341161.jpg 2x\" src=\"data:image\/svg+xml,%3Csvg%20xmlns%3D%22http%3A%2F%2Fwww.w3.org%2F2000%2Fsvg%22%20width%3D%22400%22%20height%3D%22300%22%20viewBox%3D%220%200%20400%20300%22%3E%3C%2Fsvg%3E\" loading=\"eager\"><\/span><span class=\"fg-image-overlay\"><\/span><\/a><figcaption class=\"fg-caption\"><div class=\"fg-caption-inner\"><div class=\"fg-caption-title\">0 02 05 6d1e621363e45b734e223bdfdbd5671ee6b3d656e494545239db2cabf1935ea7 43c04024d1cdd5ab<\/div><\/div><\/figcaption><\/figure><div class=\"fg-loader\"><\/div><\/div><div class=\"fg-item fg-type-image fg-idle\"><figure class=\"fg-item-inner\"><a href=\"https:\/\/www.maxins.com\/wp-content\/uploads\/2025\/02\/IMG_5932-rotated.jpeg\" data-caption-title=\"IMG 5932 rotated\" data-caption-desc=\"IMG 5932 rotated\" data-attachment-id=\"7689\" data-type=\"image\" class=\"fg-thumb\"><span class=\"fg-image-wrap\"><img decoding=\"async\" alt=\"IMG 5932 rotated\" title=\"IMG 5932 rotated\" height=\"300\" width=\"225\" class=\"skip-lazy fg-image\" data-src-fg=\"https:\/\/www.maxins.com\/wp-content\/uploads\/cache\/2025\/02\/IMG_5932-rotated\/4265665875.jpeg\" data-srcset-fg=\"https:\/\/www.maxins.com\/wp-content\/uploads\/cache\/2025\/02\/IMG_5932-rotated\/4254737905.jpeg 2x\" src=\"data:image\/svg+xml,%3Csvg%20xmlns%3D%22http%3A%2F%2Fwww.w3.org%2F2000%2Fsvg%22%20width%3D%22225%22%20height%3D%22300%22%20viewBox%3D%220%200%20225%20300%22%3E%3C%2Fsvg%3E\" loading=\"eager\"><\/span><span class=\"fg-image-overlay\"><\/span><\/a><figcaption class=\"fg-caption\"><div class=\"fg-caption-inner\"><div class=\"fg-caption-title\">IMG 5932 rotated<\/div><\/div><\/figcaption><\/figure><div class=\"fg-loader\"><\/div><\/div><div class=\"fg-item fg-type-image fg-idle\"><figure class=\"fg-item-inner\"><a href=\"https:\/\/www.maxins.com\/wp-content\/uploads\/2025\/02\/0-02-05-8f0c236de58c6dc16070695146d9df660e938fccf58b8e0c92ac41709d01bd8d_9fc7ab820ed8e68f.jpg\" data-caption-title=\"0 02 05 8f0c236de58c6dc16070695146d9df660e938fccf58b8e0c92ac41709d01bd8d 9fc7ab820ed8e68f\" data-caption-desc=\"0 02 05 8f0c236de58c6dc16070695146d9df660e938fccf58b8e0c92ac41709d01bd8d 9fc7ab820ed8e68f\" data-attachment-id=\"7681\" data-type=\"image\" class=\"fg-thumb\"><span class=\"fg-image-wrap\"><img decoding=\"async\" alt=\"0 02 05 8f0c236de58c6dc16070695146d9df660e938fccf58b8e0c92ac41709d01bd8d 9fc7ab820ed8e68f\" title=\"0 02 05 8f0c236de58c6dc16070695146d9df660e938fccf58b8e0c92ac41709d01bd8d 9fc7ab820ed8e68f\" height=\"300\" width=\"225\" class=\"skip-lazy fg-image\" data-src-fg=\"https:\/\/www.maxins.com\/wp-content\/uploads\/cache\/2025\/02\/0-02-05-8f0c236de58c6dc16070695146d9df660e938fccf58b8e0c92ac41709d01bd8d_9fc7ab820ed8e68f\/1538342097.jpg\" data-srcset-fg=\"https:\/\/www.maxins.com\/wp-content\/uploads\/cache\/2025\/02\/0-02-05-8f0c236de58c6dc16070695146d9df660e938fccf58b8e0c92ac41709d01bd8d_9fc7ab820ed8e68f\/2673661296.jpg 2x\" src=\"data:image\/svg+xml,%3Csvg%20xmlns%3D%22http%3A%2F%2Fwww.w3.org%2F2000%2Fsvg%22%20width%3D%22225%22%20height%3D%22300%22%20viewBox%3D%220%200%20225%20300%22%3E%3C%2Fsvg%3E\" loading=\"eager\"><\/span><span class=\"fg-image-overlay\"><\/span><\/a><figcaption class=\"fg-caption\"><div class=\"fg-caption-inner\"><div class=\"fg-caption-title\">0 02 05 8f0c236de58c6dc16070695146d9df660e938fccf58b8e0c92ac41709d01bd8d 9fc7ab820ed8e68f<\/div><\/div><\/figcaption><\/figure><div class=\"fg-loader\"><\/div><\/div><div class=\"fg-item fg-type-image fg-idle\"><figure class=\"fg-item-inner\"><a href=\"https:\/\/www.maxins.com\/wp-content\/uploads\/2025\/02\/viber_image_2025-01-03_08-19-50-062.jpg\" data-caption-title=\"viber image 2025 01 03 08 19 50 062\" data-caption-desc=\"viber image 2025 01 03 08 19 50 062\" data-attachment-id=\"7693\" data-type=\"image\" class=\"fg-thumb\"><span class=\"fg-image-wrap\"><img decoding=\"async\" alt=\"viber image 2025 01 03 08 19 50 062\" title=\"viber image 2025 01 03 08 19 50 062\" height=\"300\" width=\"225\" class=\"skip-lazy fg-image\" data-src-fg=\"https:\/\/www.maxins.com\/wp-content\/uploads\/cache\/2025\/02\/viber_image_2025-01-03_08-19-50-062\/3112340401.jpg\" data-srcset-fg=\"https:\/\/www.maxins.com\/wp-content\/uploads\/cache\/2025\/02\/viber_image_2025-01-03_08-19-50-062\/3655066970.jpg 2x\" src=\"data:image\/svg+xml,%3Csvg%20xmlns%3D%22http%3A%2F%2Fwww.w3.org%2F2000%2Fsvg%22%20width%3D%22225%22%20height%3D%22300%22%20viewBox%3D%220%200%20225%20300%22%3E%3C%2Fsvg%3E\" loading=\"eager\"><\/span><span class=\"fg-image-overlay\"><\/span><\/a><figcaption class=\"fg-caption\"><div class=\"fg-caption-inner\"><div class=\"fg-caption-title\">viber image 2025 01 03 08 19 50 062<\/div><\/div><\/figcaption><\/figure><div class=\"fg-loader\"><\/div><\/div><div class=\"fg-item fg-type-image fg-idle\"><figure class=\"fg-item-inner\"><a href=\"https:\/\/www.maxins.com\/wp-content\/uploads\/2025\/02\/0-02-05-3eca2a0e1798d0638d24c36728a13c5d0cd351d9f7f10cefc6024ac6cde47386_6661bb52fab4275b.jpg\" data-caption-title=\"0 02 05 3eca2a0e1798d0638d24c36728a13c5d0cd351d9f7f10cefc6024ac6cde47386 6661bb52fab4275b\" data-caption-desc=\"0 02 05 3eca2a0e1798d0638d24c36728a13c5d0cd351d9f7f10cefc6024ac6cde47386 6661bb52fab4275b\" data-attachment-id=\"7669\" data-type=\"image\" class=\"fg-thumb\"><span class=\"fg-image-wrap\"><img decoding=\"async\" alt=\"0 02 05 3eca2a0e1798d0638d24c36728a13c5d0cd351d9f7f10cefc6024ac6cde47386 6661bb52fab4275b\" title=\"0 02 05 3eca2a0e1798d0638d24c36728a13c5d0cd351d9f7f10cefc6024ac6cde47386 6661bb52fab4275b\" height=\"300\" width=\"225\" class=\"skip-lazy fg-image\" data-src-fg=\"https:\/\/www.maxins.com\/wp-content\/uploads\/cache\/2025\/02\/0-02-05-3eca2a0e1798d0638d24c36728a13c5d0cd351d9f7f10cefc6024ac6cde47386_6661bb52fab4275b\/924234479.jpg\" data-srcset-fg=\"https:\/\/www.maxins.com\/wp-content\/uploads\/cache\/2025\/02\/0-02-05-3eca2a0e1798d0638d24c36728a13c5d0cd351d9f7f10cefc6024ac6cde47386_6661bb52fab4275b\/4093336398.jpg 2x\" src=\"data:image\/svg+xml,%3Csvg%20xmlns%3D%22http%3A%2F%2Fwww.w3.org%2F2000%2Fsvg%22%20width%3D%22225%22%20height%3D%22300%22%20viewBox%3D%220%200%20225%20300%22%3E%3C%2Fsvg%3E\" loading=\"eager\"><\/span><span class=\"fg-image-overlay\"><\/span><\/a><figcaption class=\"fg-caption\"><div class=\"fg-caption-inner\"><div class=\"fg-caption-title\">0 02 05 3eca2a0e1798d0638d24c36728a13c5d0cd351d9f7f10cefc6024ac6cde47386 6661bb52fab4275b<\/div><\/div><\/figcaption><\/figure><div class=\"fg-loader\"><\/div><\/div><div class=\"fg-item fg-type-image fg-idle\"><figure class=\"fg-item-inner\"><a href=\"https:\/\/www.maxins.com\/wp-content\/uploads\/2025\/02\/viber_image_2025-01-31_08-56-17-751.jpg\" data-caption-title=\"viber image 2025 01 31 08 56 17 751\" data-caption-desc=\"viber image 2025 01 31 08 56 17 751\" data-attachment-id=\"7697\" data-type=\"image\" class=\"fg-thumb\"><span class=\"fg-image-wrap\"><img decoding=\"async\" alt=\"viber image 2025 01 31 08 56 17 751\" title=\"viber image 2025 01 31 08 56 17 751\" height=\"300\" width=\"400\" class=\"skip-lazy fg-image\" data-src-fg=\"https:\/\/www.maxins.com\/wp-content\/uploads\/cache\/2025\/02\/viber_image_2025-01-31_08-56-17-751\/3911501854.jpg\" data-srcset-fg=\"https:\/\/www.maxins.com\/wp-content\/uploads\/cache\/2025\/02\/viber_image_2025-01-31_08-56-17-751\/761885833.jpg 2x\" src=\"data:image\/svg+xml,%3Csvg%20xmlns%3D%22http%3A%2F%2Fwww.w3.org%2F2000%2Fsvg%22%20width%3D%22400%22%20height%3D%22300%22%20viewBox%3D%220%200%20400%20300%22%3E%3C%2Fsvg%3E\" loading=\"eager\"><\/span><span class=\"fg-image-overlay\"><\/span><\/a><figcaption class=\"fg-caption\"><div class=\"fg-caption-inner\"><div class=\"fg-caption-title\">viber image 2025 01 31 08 56 17 751<\/div><\/div><\/figcaption><\/figure><div class=\"fg-loader\"><\/div><\/div><div class=\"fg-item fg-type-image fg-idle\"><figure class=\"fg-item-inner\"><a href=\"https:\/\/www.maxins.com\/wp-content\/uploads\/2025\/02\/0-02-05-4dceb8ca4adaa55c71eb221e9988d11d8b46a27b74624f4e32a98cb4b6afdab4_8a594eab93103b89.jpg\" data-caption-title=\"0 02 05 4dceb8ca4adaa55c71eb221e9988d11d8b46a27b74624f4e32a98cb4b6afdab4 8a594eab93103b89\" data-caption-desc=\"0 02 05 4dceb8ca4adaa55c71eb221e9988d11d8b46a27b74624f4e32a98cb4b6afdab4 8a594eab93103b89\" data-attachment-id=\"7673\" data-type=\"image\" class=\"fg-thumb\"><span class=\"fg-image-wrap\"><img decoding=\"async\" alt=\"0 02 05 4dceb8ca4adaa55c71eb221e9988d11d8b46a27b74624f4e32a98cb4b6afdab4 8a594eab93103b89\" title=\"0 02 05 4dceb8ca4adaa55c71eb221e9988d11d8b46a27b74624f4e32a98cb4b6afdab4 8a594eab93103b89\" height=\"300\" width=\"400\" class=\"skip-lazy fg-image\" data-src-fg=\"https:\/\/www.maxins.com\/wp-content\/uploads\/cache\/2025\/02\/0-02-05-4dceb8ca4adaa55c71eb221e9988d11d8b46a27b74624f4e32a98cb4b6afdab4_8a594eab93103b89\/438140276.jpg\" data-srcset-fg=\"https:\/\/www.maxins.com\/wp-content\/uploads\/cache\/2025\/02\/0-02-05-4dceb8ca4adaa55c71eb221e9988d11d8b46a27b74624f4e32a98cb4b6afdab4_8a594eab93103b89\/380151486.jpg 2x\" src=\"data:image\/svg+xml,%3Csvg%20xmlns%3D%22http%3A%2F%2Fwww.w3.org%2F2000%2Fsvg%22%20width%3D%22400%22%20height%3D%22300%22%20viewBox%3D%220%200%20400%20300%22%3E%3C%2Fsvg%3E\" loading=\"eager\"><\/span><span class=\"fg-image-overlay\"><\/span><\/a><figcaption class=\"fg-caption\"><div class=\"fg-caption-inner\"><div class=\"fg-caption-title\">0 02 05 4dceb8ca4adaa55c71eb221e9988d11d8b46a27b74624f4e32a98cb4b6afdab4 8a594eab93103b89<\/div><\/div><\/figcaption><\/figure><div class=\"fg-loader\"><\/div><\/div><div class=\"fg-item fg-type-image fg-idle\"><figure class=\"fg-item-inner\"><a href=\"https:\/\/www.maxins.com\/wp-content\/uploads\/2025\/02\/IMG_5931-rotated.jpeg\" data-caption-title=\"IMG 5931 rotated\" data-caption-desc=\"IMG 5931 rotated\" data-attachment-id=\"7829\" data-type=\"image\" class=\"fg-thumb\"><span class=\"fg-image-wrap\"><img decoding=\"async\" alt=\"IMG 5931 rotated\" title=\"IMG 5931 rotated\" height=\"300\" width=\"225\" class=\"skip-lazy fg-image\" data-src-fg=\"https:\/\/www.maxins.com\/wp-content\/uploads\/cache\/2025\/02\/IMG_5931-rotated\/327593503.jpeg\" data-srcset-fg=\"https:\/\/www.maxins.com\/wp-content\/uploads\/cache\/2025\/02\/IMG_5931-rotated\/274493117.jpeg 2x\" src=\"data:image\/svg+xml,%3Csvg%20xmlns%3D%22http%3A%2F%2Fwww.w3.org%2F2000%2Fsvg%22%20width%3D%22225%22%20height%3D%22300%22%20viewBox%3D%220%200%20225%20300%22%3E%3C%2Fsvg%3E\" loading=\"eager\"><\/span><span class=\"fg-image-overlay\"><\/span><\/a><figcaption class=\"fg-caption\"><div class=\"fg-caption-inner\"><div class=\"fg-caption-title\">IMG 5931 rotated<\/div><\/div><\/figcaption><\/figure><div class=\"fg-loader\"><\/div><\/div><\/div>\r\n\n<\/div>\n<\/div><\/div><\/div><\/div><\/div><\/div><\/div>","protected":false},"excerpt":{"rendered":"<p>Brn\u011bnsk\u00e1 pobo\u010dka je v\u00fdznamn\u00fdm centrem n\u00e1boru a person\u00e1ln\u00edch slu\u017eeb v Jihomoravsk\u00e9m kraji. Zam\u011b\u0159uje se na n\u00e1bor zam\u011bstnanc\u016f, do\u010dasn\u00e9 p\u0159id\u011blen\u00ed a outsourcing person\u00e1ln\u00edch slu\u017eeb pro odv\u011btv\u00ed, jako je stroj\u00edrenstv\u00ed, automobilov\u00fd pr\u016fmysl, elektrotechnika a logistika. Galerie<\/p>\n","protected":false},"author":3,"featured_media":9513,"parent":8599,"menu_order":0,"comment_status":"closed","ping_status":"closed","template":"","meta":{"_acf_changed":false,"footnotes":""},"class_list":["post-9480","page","type-page","status-publish","has-post-thumbnail","hentry"],"acf":[],"yoast_head":"<!-- This site is optimized with the Yoast SEO plugin v25.3.1 - https:\/\/yoast.com\/wordpress\/plugins\/seo\/ -->\n<title>MAXIN&#039;S Brno - MAXIN\u2019S<\/title>\n<meta name=\"robots\" content=\"index, follow, max-snippet:-1, max-image-preview:large, max-video-preview:-1\" \/>\n<link rel=\"canonical\" href=\"https:\/\/www.maxins.com\/cs\/kontakt\/maxins-brno\/\" \/>\n<meta property=\"og:locale\" content=\"cs_CZ\" \/>\n<meta property=\"og:type\" content=\"article\" \/>\n<meta property=\"og:title\" content=\"MAXIN&#039;S Brno - MAXIN\u2019S\" \/>\n<meta property=\"og:description\" content=\"Brn\u011bnsk\u00e1 pobo\u010dka je v\u00fdznamn\u00fdm centrem n\u00e1boru a person\u00e1ln\u00edch slu\u017eeb v Jihomoravsk\u00e9m kraji. Zam\u011b\u0159uje se na n\u00e1bor zam\u011bstnanc\u016f, do\u010dasn\u00e9 p\u0159id\u011blen\u00ed a outsourcing person\u00e1ln\u00edch slu\u017eeb pro odv\u011btv\u00ed, jako je stroj\u00edrenstv\u00ed, automobilov\u00fd pr\u016fmysl, elektrotechnika a logistika. Galerie\" \/>\n<meta property=\"og:url\" content=\"https:\/\/www.maxins.com\/cs\/kontakt\/maxins-brno\/\" \/>\n<meta property=\"og:site_name\" content=\"MAXIN\u2019S\" \/>\n<meta property=\"article:modified_time\" content=\"2025-03-07T19:58:04+00:00\" \/>\n<meta property=\"og:image\" content=\"https:\/\/www.maxins.com\/wp-content\/uploads\/2025\/03\/4.png\" \/>\n\t<meta property=\"og:image:width\" content=\"1200\" \/>\n\t<meta property=\"og:image:height\" content=\"800\" \/>\n\t<meta property=\"og:image:type\" content=\"image\/png\" \/>\n<meta name=\"twitter:card\" content=\"summary_large_image\" \/>\n<meta name=\"twitter:label1\" content=\"Odhadovan\u00e1 doba \u010dten\u00ed\" \/>\n\t<meta name=\"twitter:data1\" content=\"3 minuty\" \/>\n<script type=\"application\/ld+json\" class=\"yoast-schema-graph\">{\"@context\":\"https:\/\/schema.org\",\"@graph\":[{\"@type\":\"WebPage\",\"@id\":\"https:\/\/www.maxins.com\/cs\/kontakt\/maxins-brno\/\",\"url\":\"https:\/\/www.maxins.com\/cs\/kontakt\/maxins-brno\/\",\"name\":\"MAXIN'S Brno - MAXIN\u2019S\",\"isPartOf\":{\"@id\":\"https:\/\/www.maxins.com\/#website\"},\"primaryImageOfPage\":{\"@id\":\"https:\/\/www.maxins.com\/cs\/kontakt\/maxins-brno\/#primaryimage\"},\"image\":{\"@id\":\"https:\/\/www.maxins.com\/cs\/kontakt\/maxins-brno\/#primaryimage\"},\"thumbnailUrl\":\"https:\/\/www.maxins.com\/wp-content\/uploads\/2025\/03\/4.png\",\"datePublished\":\"2025-03-07T10:05:01+00:00\",\"dateModified\":\"2025-03-07T19:58:04+00:00\",\"breadcrumb\":{\"@id\":\"https:\/\/www.maxins.com\/cs\/kontakt\/maxins-brno\/#breadcrumb\"},\"inLanguage\":\"cs\",\"potentialAction\":[{\"@type\":\"ReadAction\",\"target\":[\"https:\/\/www.maxins.com\/cs\/kontakt\/maxins-brno\/\"]}]},{\"@type\":\"ImageObject\",\"inLanguage\":\"cs\",\"@id\":\"https:\/\/www.maxins.com\/cs\/kontakt\/maxins-brno\/#primaryimage\",\"url\":\"https:\/\/www.maxins.com\/wp-content\/uploads\/2025\/03\/4.png\",\"contentUrl\":\"https:\/\/www.maxins.com\/wp-content\/uploads\/2025\/03\/4.png\",\"width\":1200,\"height\":800},{\"@type\":\"BreadcrumbList\",\"@id\":\"https:\/\/www.maxins.com\/cs\/kontakt\/maxins-brno\/#breadcrumb\",\"itemListElement\":[{\"@type\":\"ListItem\",\"position\":1,\"name\":\"Domovsk\u00e1 str\u00e1nka\",\"item\":\"https:\/\/www.maxins.com\/cs\/uvod\/\"},{\"@type\":\"ListItem\",\"position\":2,\"name\":\"Kontakt\",\"item\":\"https:\/\/www.maxins.com\/cs\/kontakt\/\"},{\"@type\":\"ListItem\",\"position\":3,\"name\":\"MAXIN&#8217;S Brno\"}]},{\"@type\":\"WebSite\",\"@id\":\"https:\/\/www.maxins.com\/#website\",\"url\":\"https:\/\/www.maxins.com\/\",\"name\":\"MAXIN\u2019S\",\"description\":\"\",\"potentialAction\":[{\"@type\":\"SearchAction\",\"target\":{\"@type\":\"EntryPoint\",\"urlTemplate\":\"https:\/\/www.maxins.com\/?s={search_term_string}\"},\"query-input\":{\"@type\":\"PropertyValueSpecification\",\"valueRequired\":true,\"valueName\":\"search_term_string\"}}],\"inLanguage\":\"cs\"}]}<\/script>\n<!-- \/ Yoast SEO plugin. -->","yoast_head_json":{"title":"MAXIN'S Brno - MAXIN\u2019S","robots":{"index":"index","follow":"follow","max-snippet":"max-snippet:-1","max-image-preview":"max-image-preview:large","max-video-preview":"max-video-preview:-1"},"canonical":"https:\/\/www.maxins.com\/cs\/kontakt\/maxins-brno\/","og_locale":"cs_CZ","og_type":"article","og_title":"MAXIN'S Brno - MAXIN\u2019S","og_description":"Brn\u011bnsk\u00e1 pobo\u010dka je v\u00fdznamn\u00fdm centrem n\u00e1boru a person\u00e1ln\u00edch slu\u017eeb v Jihomoravsk\u00e9m kraji. Zam\u011b\u0159uje se na n\u00e1bor zam\u011bstnanc\u016f, do\u010dasn\u00e9 p\u0159id\u011blen\u00ed a outsourcing person\u00e1ln\u00edch slu\u017eeb pro odv\u011btv\u00ed, jako je stroj\u00edrenstv\u00ed, automobilov\u00fd pr\u016fmysl, elektrotechnika a logistika. Galerie","og_url":"https:\/\/www.maxins.com\/cs\/kontakt\/maxins-brno\/","og_site_name":"MAXIN\u2019S","article_modified_time":"2025-03-07T19:58:04+00:00","og_image":[{"width":1200,"height":800,"url":"https:\/\/www.maxins.com\/wp-content\/uploads\/2025\/03\/4.png","type":"image\/png"}],"twitter_card":"summary_large_image","twitter_misc":{"Odhadovan\u00e1 doba \u010dten\u00ed":"3 minuty"},"schema":{"@context":"https:\/\/schema.org","@graph":[{"@type":"WebPage","@id":"https:\/\/www.maxins.com\/cs\/kontakt\/maxins-brno\/","url":"https:\/\/www.maxins.com\/cs\/kontakt\/maxins-brno\/","name":"MAXIN'S Brno - MAXIN\u2019S","isPartOf":{"@id":"https:\/\/www.maxins.com\/#website"},"primaryImageOfPage":{"@id":"https:\/\/www.maxins.com\/cs\/kontakt\/maxins-brno\/#primaryimage"},"image":{"@id":"https:\/\/www.maxins.com\/cs\/kontakt\/maxins-brno\/#primaryimage"},"thumbnailUrl":"https:\/\/www.maxins.com\/wp-content\/uploads\/2025\/03\/4.png","datePublished":"2025-03-07T10:05:01+00:00","dateModified":"2025-03-07T19:58:04+00:00","breadcrumb":{"@id":"https:\/\/www.maxins.com\/cs\/kontakt\/maxins-brno\/#breadcrumb"},"inLanguage":"cs","potentialAction":[{"@type":"ReadAction","target":["https:\/\/www.maxins.com\/cs\/kontakt\/maxins-brno\/"]}]},{"@type":"ImageObject","inLanguage":"cs","@id":"https:\/\/www.maxins.com\/cs\/kontakt\/maxins-brno\/#primaryimage","url":"https:\/\/www.maxins.com\/wp-content\/uploads\/2025\/03\/4.png","contentUrl":"https:\/\/www.maxins.com\/wp-content\/uploads\/2025\/03\/4.png","width":1200,"height":800},{"@type":"BreadcrumbList","@id":"https:\/\/www.maxins.com\/cs\/kontakt\/maxins-brno\/#breadcrumb","itemListElement":[{"@type":"ListItem","position":1,"name":"Domovsk\u00e1 str\u00e1nka","item":"https:\/\/www.maxins.com\/cs\/uvod\/"},{"@type":"ListItem","position":2,"name":"Kontakt","item":"https:\/\/www.maxins.com\/cs\/kontakt\/"},{"@type":"ListItem","position":3,"name":"MAXIN&#8217;S Brno"}]},{"@type":"WebSite","@id":"https:\/\/www.maxins.com\/#website","url":"https:\/\/www.maxins.com\/","name":"MAXIN\u2019S","description":"","potentialAction":[{"@type":"SearchAction","target":{"@type":"EntryPoint","urlTemplate":"https:\/\/www.maxins.com\/?s={search_term_string}"},"query-input":{"@type":"PropertyValueSpecification","valueRequired":true,"valueName":"search_term_string"}}],"inLanguage":"cs"}]}},"_links":{"self":[{"href":"https:\/\/www.maxins.com\/cs\/wp-json\/wp\/v2\/pages\/9480","targetHints":{"allow":["GET"]}}],"collection":[{"href":"https:\/\/www.maxins.com\/cs\/wp-json\/wp\/v2\/pages"}],"about":[{"href":"https:\/\/www.maxins.com\/cs\/wp-json\/wp\/v2\/types\/page"}],"author":[{"embeddable":true,"href":"https:\/\/www.maxins.com\/cs\/wp-json\/wp\/v2\/users\/3"}],"replies":[{"embeddable":true,"href":"https:\/\/www.maxins.com\/cs\/wp-json\/wp\/v2\/comments?post=9480"}],"version-history":[{"count":8,"href":"https:\/\/www.maxins.com\/cs\/wp-json\/wp\/v2\/pages\/9480\/revisions"}],"predecessor-version":[{"id":9529,"href":"https:\/\/www.maxins.com\/cs\/wp-json\/wp\/v2\/pages\/9480\/revisions\/9529"}],"up":[{"embeddable":true,"href":"https:\/\/www.maxins.com\/cs\/wp-json\/wp\/v2\/pages\/8599"}],"wp:featuredmedia":[{"embeddable":true,"href":"https:\/\/www.maxins.com\/cs\/wp-json\/wp\/v2\/media\/9513"}],"wp:attachment":[{"href":"https:\/\/www.maxins.com\/cs\/wp-json\/wp\/v2\/media?parent=9480"}],"curies":[{"name":"wp","href":"https:\/\/api.w.org\/{rel}","templated":true}]}}