{"id":9880,"date":"2024-11-27T09:44:41","date_gmt":"2024-11-27T09:44:41","guid":{"rendered":"https:\/\/www.maxins.com\/kontakt\/maxins-bratislava\/"},"modified":"2025-03-25T07:32:10","modified_gmt":"2025-03-25T07:32:10","slug":"maxins-bratislava","status":"publish","type":"page","link":"https:\/\/www.maxins.com\/de\/kontakt\/maxins-bratislava\/","title":{"rendered":"MAXIN&#8217;S Bratislava"},"content":{"rendered":"<div id=\"pl-9880\"  class=\"panel-layout\" ><div id=\"pg-9880-0\"  class=\"panel-grid panel-has-style\" ><div class=\"floating-sidebar-container siteorigin-panels-stretch panel-row-style panel-row-style-for-9880-0\" data-stretch-type=\"full\" ><div id=\"pgc-9880-0-0\"  class=\"panel-grid-cell\" ><div id=\"panel-9880-0-0-0\" class=\"so-panel widget widget_siteorigin-panels-builder panel-first-child panel-last-child\" data-index=\"0\" ><div class=\"floating-element panel-widget-style panel-widget-style-for-9880-0-0-0\" ><div id=\"pl-w67e25a559e87c\"  class=\"panel-layout\" ><div id=\"pg-w67e25a559e87c-0\"  class=\"panel-grid panel-no-style\" ><div id=\"pgc-w67e25a559e87c-0-0\"  class=\"panel-grid-cell\" ><div id=\"panel-w67e25a559e87c-0-0-0\" class=\"so-panel widget widget_siteorigin-panels-builder panel-first-child panel-last-child\" data-index=\"0\" ><div id=\"pl-w67e25a559e885\"  class=\"panel-layout\" ><div id=\"pg-w67e25a559e885-0\"  class=\"panel-grid panel-has-style\" ><div class=\"panel-row-style panel-row-style-for-w67e25a559e885-0\" ><div id=\"pgc-w67e25a559e885-0-0\"  class=\"panel-grid-cell\" ><div id=\"panel-w67e25a559e885-0-0-0\" class=\"so-panel widget widget_sow-image panel-first-child\" data-index=\"0\" ><div\n\t\t\t\n\t\t\tclass=\"so-widget-sow-image so-widget-sow-image-default-8b5b6f678277\"\n\t\t\t\n\t\t>\n<div class=\"sow-image-container\">\n\t\t<img loading=\"lazy\" decoding=\"async\" src=\"https:\/\/www.maxins.com\/wp-content\/uploads\/2024\/11\/brno2024-418.png\" width=\"365\" height=\"301\" srcset=\"https:\/\/www.maxins.com\/wp-content\/uploads\/2024\/11\/brno2024-418.png 365w, https:\/\/www.maxins.com\/wp-content\/uploads\/2024\/11\/brno2024-418-300x247.png 300w\" sizes=\"auto, (max-width: 365px) 100vw, 365px\" title=\"brno2024 418\" alt=\"\" \t\tclass=\"so-widget-image\"\/>\n\t<\/div>\n\n<\/div><\/div><div id=\"panel-w67e25a559e885-0-0-1\" class=\"so-panel widget widget_sow-editor panel-last-child\" data-index=\"1\" ><div class=\"contact-info panel-widget-style panel-widget-style-for-w67e25a559e885-0-0-1\" ><div\n\t\t\t\n\t\t\tclass=\"so-widget-sow-editor so-widget-sow-editor-base\"\n\t\t\t\n\t\t>\n<div class=\"siteorigin-widget-tinymce textwidget\">\n\t<p><strong>Miroslav \u0160imo<\/strong><br \/>\nProjektleiter<\/p>\n<p><a href=\"tel: +421 907 455 135\">+421 907 455 135<\/a><br \/>\n<a href=\"mailto: msimo@maxins.sk\">msimo@maxins.sk<\/a><\/p>\n<p class=\"social-contact\"><a href=\"https:\/\/www.linkedin.com\/in\/miroslav-%C5%A1imo-7292372a5\/\" target=\"blank\" rel=\"noopener\">Linkedin<\/a><\/p>\n<\/div>\n<\/div><\/div><\/div><\/div><\/div><\/div><\/div><\/div><\/div><\/div><\/div><\/div><\/div><\/div><div id=\"pgc-9880-0-1\"  class=\"panel-grid-cell\" ><div id=\"panel-9880-0-1-0\" class=\"so-panel widget widget_sow-editor panel-first-child\" data-index=\"1\" ><div class=\"floating-sidebar-containe panel-widget-style panel-widget-style-for-9880-0-1-0\" ><div\n\t\t\t\n\t\t\tclass=\"so-widget-sow-editor so-widget-sow-editor-base\"\n\t\t\t\n\t\t>\n<div class=\"siteorigin-widget-tinymce textwidget\">\n\t<p>Das B\u00fcro in Bratislava ist ein wichtiges Zentrum f\u00fcr das Management von Rekrutierungs- und HR-Projekten in der Hauptstadt der Slowakischen Republik und ihrer Umgebung. Es ist spezialisiert auf die Rekrutierung, die zeitlich befristete \u00dcberlassung und das Outsourcing von Personaldienstleistungen f\u00fcr verschiedene Branchen, darunter Fertigung, Logistik und Kundendienst.<\/p>\n<\/div>\n<\/div><\/div><\/div><div id=\"panel-9880-0-1-1\" class=\"so-panel widget widget_siteorigin-panels-builder\" data-index=\"2\" ><div class=\"panel-widget-style panel-widget-style-for-9880-0-1-1\" ><div id=\"pl-w67b84faf49e73\"  class=\"panel-layout\" ><div id=\"pg-w67b84faf49e73-0\"  class=\"panel-grid panel-has-style\" ><div class=\"panel-row-style panel-row-style-for-w67b84faf49e73-0\" ><div id=\"pgc-w67b84faf49e73-0-0\"  class=\"panel-grid-cell\" ><div id=\"panel-w67b84faf49e73-0-0-0\" class=\"so-panel widget widget_sow-image panel-first-child panel-last-child\" data-index=\"0\" ><div class=\"panel-widget-style panel-widget-style-for-w67b84faf49e73-0-0-0\" ><div\n\t\t\t\n\t\t\tclass=\"so-widget-sow-image so-widget-sow-image-default-8b5b6f678277\"\n\t\t\t\n\t\t><\/div><\/div><\/div><\/div><div id=\"pgc-w67b84faf49e73-0-1\"  class=\"panel-grid-cell\" ><div id=\"panel-w67b84faf49e73-0-1-0\" class=\"so-panel widget widget_sow-editor panel-first-child panel-last-child\" data-index=\"1\" ><div class=\"panel-widget-style panel-widget-style-for-w67b84faf49e73-0-1-0\" ><div\n\t\t\t\n\t\t\tclass=\"so-widget-sow-editor so-widget-sow-editor-base\"\n\t\t\t\n\t\t>\n<div class=\"siteorigin-widget-tinymce textwidget\">\n\t<h3>MAXIN'S Bratislava<\/h3>\n<p>Die \u00d6ffnungszeiten<br \/>\n<strong>Mo-Fr : 08:00 - 16:00<\/strong><\/p>\n<p>Adresse<\/p>\n<p>Opletalova 84,<br \/>\n841 07 Dev\u00ednska Nov\u00e1 Ves<\/p>\n<p><a href=\"https:\/\/maps.app.goo.gl\/Ljw37CQ35gLDm6qLA\" target=\"blank\" title=\"\" class=\"button button-inverse\" rel=\"noopener\">Navigieren Sie auf<\/a><\/p>\n<\/div>\n<\/div><\/div><\/div><\/div><\/div><\/div><\/div><\/div><\/div><div id=\"panel-9880-0-1-2\" class=\"so-panel widget widget_sow-editor\" data-index=\"3\" ><div class=\"floating-sidebar-containe panel-widget-style panel-widget-style-for-9880-0-1-2\" ><div\n\t\t\t\n\t\t\tclass=\"so-widget-sow-editor so-widget-sow-editor-base\"\n\t\t\t\n\t\t>\n<div class=\"siteorigin-widget-tinymce textwidget\">\n\t<p style=\"font-weight: 400;\">Das B\u00fcro in Bratislava deckt Gro\u00dfprojekte vor allem in den Bereichen Automobil und Elektrotechnik ab und arbeitet mit f\u00fchrenden Unternehmen auf dem Markt zusammen.<\/p>\n<\/div>\n<\/div><\/div><\/div><div id=\"panel-9880-0-1-3\" class=\"so-panel widget widget_sow-editor\" data-index=\"4\" ><div class=\"panel-widget-style panel-widget-style-for-9880-0-1-3\" ><div\n\t\t\t\n\t\t\tclass=\"so-widget-sow-editor so-widget-sow-editor-base\"\n\t\t\t\n\t\t>\n<div class=\"siteorigin-widget-tinymce textwidget\">\n\t<h3>Filiale<\/h3>\n<p style=\"uppercase\">3D Rundgang<\/p>\n<\/div>\n<\/div><\/div><\/div><div id=\"panel-9880-0-1-4\" class=\"widget_text so-panel widget widget_custom_html\" data-index=\"5\" ><div class=\"textwidget custom-html-widget\"><iframe src=\"https:\/\/www.google.com\/maps\/embed?pb=!4v1739355203903!6m8!1m7!1sCAoSLEFGMVFpcE5DRXBFQW51S1R5U01mMUF2RFB0UGkxTERlYjBFVV9aYUh1TklP!2m2!1d48.22666737993654!2d16.9797898636!3f282.94078660366415!4f-6.781125375115124!5f1.5161672136152107\" width=\"100%\" height=\"450\" style=\"border:0;\" allowfullscreen=\"\" loading=\"lazy\" referrerpolicy=\"no-referrer-when-downgrade\"><\/iframe><\/div><\/div><div id=\"panel-9880-0-1-5\" class=\"so-panel widget widget_sow-editor panel-last-child\" data-index=\"6\" ><div class=\"panel-widget-style panel-widget-style-for-9880-0-1-5\" ><div\n\t\t\t\n\t\t\tclass=\"so-widget-sow-editor so-widget-sow-editor-base\"\n\t\t\t\n\t\t>\n<div class=\"siteorigin-widget-tinymce textwidget\">\n\t<p style=\"text-transform: uppercase\">Galerie<\/p>\n\t\t\t<style>\r\n                #foogallery-gallery-1221.fg-justified .fg-item {\r\n                    margin-right: 2px;\r\n                    margin-bottom: 2px;\r\n                }\r\n\r\n                #foogallery-gallery-1221.fg-justified .fg-image {\r\n                    height: 200px;\r\n                }\r\n\t\t\t<\/style>\r\n\t\t\t<div class=\"foogallery foogallery-container foogallery-justified foogallery-lightbox-foobox fg-justified fg-light fg-loading-default fg-loaded-fade-in fg-hover-fade fg-hover-zoom2 fg-ready\" id=\"foogallery-gallery-1221\" data-foogallery=\"{&quot;item&quot;:{&quot;showCaptionTitle&quot;:true,&quot;showCaptionDescription&quot;:false},&quot;lazy&quot;:true,&quot;template&quot;:{&quot;rowHeight&quot;:200,&quot;maxRowHeight&quot;:300,&quot;margins&quot;:2,&quot;align&quot;:&quot;left&quot;,&quot;lastRow&quot;:&quot;smart&quot;}}\" >\r\n\t<div class=\"fg-item fg-type-image fg-idle\"><figure class=\"fg-item-inner\"><a href=\"https:\/\/www.maxins.com\/wp-content\/uploads\/2024\/11\/301450756_486406793491083_2354334224878861288_n.jpg\" data-caption-title=\"301450756 486406793491083 2354334224878861288 n\" data-caption-desc=\"301450756 486406793491083 2354334224878861288 n\" data-attachment-id=\"1317\" data-type=\"image\" class=\"fg-thumb\"><span class=\"fg-image-wrap\"><img fetchpriority=\"high\" decoding=\"async\" alt=\"301450756 486406793491083 2354334224878861288 n\" title=\"301450756 486406793491083 2354334224878861288 n\" height=\"300\" width=\"400\" class=\"skip-lazy fg-image\" data-src-fg=\"https:\/\/www.maxins.com\/wp-content\/uploads\/cache\/2024\/11\/301450756_486406793491083_2354334224878861288_n\/1236872952.jpg\" data-srcset-fg=\"https:\/\/www.maxins.com\/wp-content\/uploads\/cache\/2024\/11\/301450756_486406793491083_2354334224878861288_n\/192549059.jpg 2x\" src=\"data:image\/svg+xml,%3Csvg%20xmlns%3D%22http%3A%2F%2Fwww.w3.org%2F2000%2Fsvg%22%20width%3D%22400%22%20height%3D%22300%22%20viewBox%3D%220%200%20400%20300%22%3E%3C%2Fsvg%3E\" loading=\"eager\"><\/span><span class=\"fg-image-overlay\"><\/span><\/a><figcaption class=\"fg-caption\"><div class=\"fg-caption-inner\"><div class=\"fg-caption-title\">301450756 486406793491083 2354334224878861288 n<\/div><\/div><\/figcaption><\/figure><div class=\"fg-loader\"><\/div><\/div><div class=\"fg-item fg-type-image fg-idle\"><figure class=\"fg-item-inner\"><a href=\"https:\/\/www.maxins.com\/wp-content\/uploads\/2024\/11\/301480426_486406823491080_8797496384831985367_n.jpg\" data-caption-title=\"301480426 486406823491080 8797496384831985367 n\" data-caption-desc=\"301480426 486406823491080 8797496384831985367 n\" data-attachment-id=\"1321\" data-type=\"image\" class=\"fg-thumb\"><span class=\"fg-image-wrap\"><img decoding=\"async\" alt=\"301480426 486406823491080 8797496384831985367 n\" title=\"301480426 486406823491080 8797496384831985367 n\" height=\"300\" width=\"400\" class=\"skip-lazy fg-image\" data-src-fg=\"https:\/\/www.maxins.com\/wp-content\/uploads\/cache\/2024\/11\/301480426_486406823491080_8797496384831985367_n\/2014529590.jpg\" data-srcset-fg=\"https:\/\/www.maxins.com\/wp-content\/uploads\/cache\/2024\/11\/301480426_486406823491080_8797496384831985367_n\/986740237.jpg 2x\" src=\"data:image\/svg+xml,%3Csvg%20xmlns%3D%22http%3A%2F%2Fwww.w3.org%2F2000%2Fsvg%22%20width%3D%22400%22%20height%3D%22300%22%20viewBox%3D%220%200%20400%20300%22%3E%3C%2Fsvg%3E\" loading=\"eager\"><\/span><span class=\"fg-image-overlay\"><\/span><\/a><figcaption class=\"fg-caption\"><div class=\"fg-caption-inner\"><div class=\"fg-caption-title\">301480426 486406823491080 8797496384831985367 n<\/div><\/div><\/figcaption><\/figure><div class=\"fg-loader\"><\/div><\/div><div class=\"fg-item fg-type-image fg-idle\"><figure class=\"fg-item-inner\"><a href=\"https:\/\/www.maxins.com\/wp-content\/uploads\/2024\/11\/IMG-631a13169bfc66d69aa333ab01579a88-V.jpg\" data-caption-title=\"IMG 631a13169bfc66d69aa333ab01579a88 V\" data-caption-desc=\"IMG 631a13169bfc66d69aa333ab01579a88 V\" data-attachment-id=\"1337\" data-type=\"image\" class=\"fg-thumb\"><span class=\"fg-image-wrap\"><img decoding=\"async\" alt=\"IMG 631a13169bfc66d69aa333ab01579a88 V\" title=\"IMG 631a13169bfc66d69aa333ab01579a88 V\" height=\"300\" width=\"225\" class=\"skip-lazy fg-image\" data-src-fg=\"https:\/\/www.maxins.com\/wp-content\/uploads\/cache\/2024\/11\/IMG-631a13169bfc66d69aa333ab01579a88-V\/3260774938.jpg\" data-srcset-fg=\"https:\/\/www.maxins.com\/wp-content\/uploads\/cache\/2024\/11\/IMG-631a13169bfc66d69aa333ab01579a88-V\/2384849474.jpg 2x\" src=\"data:image\/svg+xml,%3Csvg%20xmlns%3D%22http%3A%2F%2Fwww.w3.org%2F2000%2Fsvg%22%20width%3D%22225%22%20height%3D%22300%22%20viewBox%3D%220%200%20225%20300%22%3E%3C%2Fsvg%3E\" loading=\"eager\"><\/span><span class=\"fg-image-overlay\"><\/span><\/a><figcaption class=\"fg-caption\"><div class=\"fg-caption-inner\"><div class=\"fg-caption-title\">IMG 631a13169bfc66d69aa333ab01579a88 V<\/div><\/div><\/figcaption><\/figure><div class=\"fg-loader\"><\/div><\/div><div class=\"fg-item fg-type-image fg-idle\"><figure class=\"fg-item-inner\"><a href=\"https:\/\/www.maxins.com\/wp-content\/uploads\/2024\/11\/301836260_486406836824412_888732652361871013_n.jpg\" data-caption-title=\"301836260 486406836824412 888732652361871013 n\" data-caption-desc=\"301836260 486406836824412 888732652361871013 n\" data-attachment-id=\"1329\" data-type=\"image\" class=\"fg-thumb\"><span class=\"fg-image-wrap\"><img decoding=\"async\" alt=\"301836260 486406836824412 888732652361871013 n\" title=\"301836260 486406836824412 888732652361871013 n\" height=\"300\" width=\"400\" class=\"skip-lazy fg-image\" data-src-fg=\"https:\/\/www.maxins.com\/wp-content\/uploads\/cache\/2024\/11\/301836260_486406836824412_888732652361871013_n\/1325585825.jpg\" data-srcset-fg=\"https:\/\/www.maxins.com\/wp-content\/uploads\/cache\/2024\/11\/301836260_486406836824412_888732652361871013_n\/1050968712.jpg 2x\" src=\"data:image\/svg+xml,%3Csvg%20xmlns%3D%22http%3A%2F%2Fwww.w3.org%2F2000%2Fsvg%22%20width%3D%22400%22%20height%3D%22300%22%20viewBox%3D%220%200%20400%20300%22%3E%3C%2Fsvg%3E\" loading=\"eager\"><\/span><span class=\"fg-image-overlay\"><\/span><\/a><figcaption class=\"fg-caption\"><div class=\"fg-caption-inner\"><div class=\"fg-caption-title\">301836260 486406836824412 888732652361871013 n<\/div><\/div><\/figcaption><\/figure><div class=\"fg-loader\"><\/div><\/div><div class=\"fg-item fg-type-image fg-idle\"><figure class=\"fg-item-inner\"><a href=\"https:\/\/www.maxins.com\/wp-content\/uploads\/2024\/11\/IMG-412bd625d3f281a42dbb03ba3fe83b1a-V.jpg\" data-caption-title=\"IMG 412bd625d3f281a42dbb03ba3fe83b1a V\" data-caption-desc=\"IMG 412bd625d3f281a42dbb03ba3fe83b1a V\" data-attachment-id=\"1333\" data-type=\"image\" class=\"fg-thumb\"><span class=\"fg-image-wrap\"><img decoding=\"async\" alt=\"IMG 412bd625d3f281a42dbb03ba3fe83b1a V\" title=\"IMG 412bd625d3f281a42dbb03ba3fe83b1a V\" height=\"300\" width=\"225\" class=\"skip-lazy fg-image\" data-src-fg=\"https:\/\/www.maxins.com\/wp-content\/uploads\/cache\/2024\/11\/IMG-412bd625d3f281a42dbb03ba3fe83b1a-V\/911880609.jpg\" data-srcset-fg=\"https:\/\/www.maxins.com\/wp-content\/uploads\/cache\/2024\/11\/IMG-412bd625d3f281a42dbb03ba3fe83b1a-V\/2049221113.jpg 2x\" src=\"data:image\/svg+xml,%3Csvg%20xmlns%3D%22http%3A%2F%2Fwww.w3.org%2F2000%2Fsvg%22%20width%3D%22225%22%20height%3D%22300%22%20viewBox%3D%220%200%20225%20300%22%3E%3C%2Fsvg%3E\" loading=\"eager\"><\/span><span class=\"fg-image-overlay\"><\/span><\/a><figcaption class=\"fg-caption\"><div class=\"fg-caption-inner\"><div class=\"fg-caption-title\">IMG 412bd625d3f281a42dbb03ba3fe83b1a V<\/div><\/div><\/figcaption><\/figure><div class=\"fg-loader\"><\/div><\/div><div class=\"fg-item fg-type-image fg-idle\"><figure class=\"fg-item-inner\"><a href=\"https:\/\/www.maxins.com\/wp-content\/uploads\/2024\/11\/IMG_2111.jpg\" data-caption-title=\"IMG 2111\" data-caption-desc=\"IMG 2111\" data-attachment-id=\"7781\" data-type=\"image\" class=\"fg-thumb\"><span class=\"fg-image-wrap\"><img decoding=\"async\" alt=\"IMG 2111\" title=\"IMG 2111\" height=\"300\" width=\"225\" class=\"skip-lazy fg-image\" data-src-fg=\"https:\/\/www.maxins.com\/wp-content\/uploads\/cache\/2024\/11\/IMG_2111\/712541042.jpg\" data-srcset-fg=\"https:\/\/www.maxins.com\/wp-content\/uploads\/cache\/2024\/11\/IMG_2111\/1048149880.jpg 2x\" src=\"data:image\/svg+xml,%3Csvg%20xmlns%3D%22http%3A%2F%2Fwww.w3.org%2F2000%2Fsvg%22%20width%3D%22225%22%20height%3D%22300%22%20viewBox%3D%220%200%20225%20300%22%3E%3C%2Fsvg%3E\" loading=\"eager\"><\/span><span class=\"fg-image-overlay\"><\/span><\/a><figcaption class=\"fg-caption\"><div class=\"fg-caption-inner\"><div class=\"fg-caption-title\">IMG 2111<\/div><\/div><\/figcaption><\/figure><div class=\"fg-loader\"><\/div><\/div><div class=\"fg-item fg-type-image fg-idle\"><figure class=\"fg-item-inner\"><a href=\"https:\/\/www.maxins.com\/wp-content\/uploads\/2024\/11\/IMG_2090.jpg\" data-caption-title=\"IMG 2090\" data-caption-desc=\"IMG 2090\" data-attachment-id=\"7785\" data-type=\"image\" class=\"fg-thumb\"><span class=\"fg-image-wrap\"><img decoding=\"async\" alt=\"IMG 2090\" title=\"IMG 2090\" height=\"300\" width=\"400\" class=\"skip-lazy fg-image\" data-src-fg=\"https:\/\/www.maxins.com\/wp-content\/uploads\/cache\/2024\/11\/IMG_2090\/558657435.jpg\" data-srcset-fg=\"https:\/\/www.maxins.com\/wp-content\/uploads\/cache\/2024\/11\/IMG_2090\/1247011799.jpg 2x\" src=\"data:image\/svg+xml,%3Csvg%20xmlns%3D%22http%3A%2F%2Fwww.w3.org%2F2000%2Fsvg%22%20width%3D%22400%22%20height%3D%22300%22%20viewBox%3D%220%200%20400%20300%22%3E%3C%2Fsvg%3E\" loading=\"eager\"><\/span><span class=\"fg-image-overlay\"><\/span><\/a><figcaption class=\"fg-caption\"><div class=\"fg-caption-inner\"><div class=\"fg-caption-title\">IMG 2090<\/div><\/div><\/figcaption><\/figure><div class=\"fg-loader\"><\/div><\/div><\/div>\r\n\n<\/div>\n<\/div><\/div><\/div><\/div><\/div><\/div><\/div>","protected":false},"excerpt":{"rendered":"<p>Das B\u00fcro in Bratislava ist ein wichtiges Zentrum f\u00fcr das Management von Rekrutierungs- und HR-Projekten in der Hauptstadt der Slowakischen Republik und ihrer Umgebung. Es ist spezialisiert auf die Rekrutierung, die zeitlich befristete \u00dcberlassung und das Outsourcing von Personaldienstleistungen f\u00fcr verschiedene Branchen, darunter Fertigung, Logistik und Kundendienst. Das B\u00fcro in Bratislava deckt Gro\u00dfprojekte vor allem [&hellip;]<\/p>\n","protected":false},"author":3,"featured_media":7843,"parent":9876,"menu_order":0,"comment_status":"closed","ping_status":"closed","template":"","meta":{"_acf_changed":false,"footnotes":""},"class_list":["post-9880","page","type-page","status-publish","has-post-thumbnail","hentry"],"acf":[],"yoast_head":"<!-- This site is optimized with the Yoast SEO plugin v25.3.1 - https:\/\/yoast.com\/wordpress\/plugins\/seo\/ -->\n<title>MAXIN&#039;S Bratislava - MAXIN\u2019S<\/title>\n<meta name=\"robots\" content=\"index, follow, max-snippet:-1, max-image-preview:large, max-video-preview:-1\" \/>\n<link rel=\"canonical\" href=\"https:\/\/www.maxins.com\/de\/kontakt\/maxins-bratislava\/\" \/>\n<meta property=\"og:locale\" content=\"de_DE\" \/>\n<meta property=\"og:type\" content=\"article\" \/>\n<meta property=\"og:title\" content=\"MAXIN&#039;S Bratislava - MAXIN\u2019S\" \/>\n<meta property=\"og:description\" content=\"Das B\u00fcro in Bratislava ist ein wichtiges Zentrum f\u00fcr das Management von Rekrutierungs- und HR-Projekten in der Hauptstadt der Slowakischen Republik und ihrer Umgebung. Es ist spezialisiert auf die Rekrutierung, die zeitlich befristete \u00dcberlassung und das Outsourcing von Personaldienstleistungen f\u00fcr verschiedene Branchen, darunter Fertigung, Logistik und Kundendienst. Das B\u00fcro in Bratislava deckt Gro\u00dfprojekte vor allem [&hellip;]\" \/>\n<meta property=\"og:url\" content=\"https:\/\/www.maxins.com\/de\/kontakt\/maxins-bratislava\/\" \/>\n<meta property=\"og:site_name\" content=\"MAXIN\u2019S\" \/>\n<meta property=\"article:modified_time\" content=\"2025-03-25T07:32:10+00:00\" \/>\n<meta property=\"og:image\" content=\"https:\/\/www.maxins.com\/wp-content\/uploads\/2025\/02\/301450756_486406793491083_2354334224878861288_n.jpg\" \/>\n\t<meta property=\"og:image:width\" content=\"1845\" \/>\n\t<meta property=\"og:image:height\" content=\"1384\" \/>\n\t<meta property=\"og:image:type\" content=\"image\/jpeg\" \/>\n<meta name=\"twitter:card\" content=\"summary_large_image\" \/>\n<meta name=\"twitter:label1\" content=\"Gesch\u00e4tzte Lesezeit\" \/>\n\t<meta name=\"twitter:data1\" content=\"3\u00a0Minuten\" \/>\n<script type=\"application\/ld+json\" class=\"yoast-schema-graph\">{\"@context\":\"https:\/\/schema.org\",\"@graph\":[{\"@type\":\"WebPage\",\"@id\":\"https:\/\/www.maxins.com\/de\/kontakt\/maxins-bratislava\/\",\"url\":\"https:\/\/www.maxins.com\/de\/kontakt\/maxins-bratislava\/\",\"name\":\"MAXIN'S Bratislava - MAXIN\u2019S\",\"isPartOf\":{\"@id\":\"https:\/\/www.maxins.com\/#website\"},\"primaryImageOfPage\":{\"@id\":\"https:\/\/www.maxins.com\/de\/kontakt\/maxins-bratislava\/#primaryimage\"},\"image\":{\"@id\":\"https:\/\/www.maxins.com\/de\/kontakt\/maxins-bratislava\/#primaryimage\"},\"thumbnailUrl\":\"https:\/\/www.maxins.com\/wp-content\/uploads\/2025\/02\/301450756_486406793491083_2354334224878861288_n.jpg\",\"datePublished\":\"2024-11-27T09:44:41+00:00\",\"dateModified\":\"2025-03-25T07:32:10+00:00\",\"breadcrumb\":{\"@id\":\"https:\/\/www.maxins.com\/de\/kontakt\/maxins-bratislava\/#breadcrumb\"},\"inLanguage\":\"de\",\"potentialAction\":[{\"@type\":\"ReadAction\",\"target\":[\"https:\/\/www.maxins.com\/de\/kontakt\/maxins-bratislava\/\"]}]},{\"@type\":\"ImageObject\",\"inLanguage\":\"de\",\"@id\":\"https:\/\/www.maxins.com\/de\/kontakt\/maxins-bratislava\/#primaryimage\",\"url\":\"https:\/\/www.maxins.com\/wp-content\/uploads\/2025\/02\/301450756_486406793491083_2354334224878861288_n.jpg\",\"contentUrl\":\"https:\/\/www.maxins.com\/wp-content\/uploads\/2025\/02\/301450756_486406793491083_2354334224878861288_n.jpg\",\"width\":1845,\"height\":1384,\"caption\":\"301450756 486406793491083 2354334224878861288 n\"},{\"@type\":\"BreadcrumbList\",\"@id\":\"https:\/\/www.maxins.com\/de\/kontakt\/maxins-bratislava\/#breadcrumb\",\"itemListElement\":[{\"@type\":\"ListItem\",\"position\":1,\"name\":\"Domovsk\u00e1 str\u00e1nka\",\"item\":\"https:\/\/www.maxins.com\/de\/\"},{\"@type\":\"ListItem\",\"position\":2,\"name\":\"Kontakt\",\"item\":\"https:\/\/www.maxins.com\/de\/kontakt\/\"},{\"@type\":\"ListItem\",\"position\":3,\"name\":\"MAXIN&#8217;S Bratislava\"}]},{\"@type\":\"WebSite\",\"@id\":\"https:\/\/www.maxins.com\/#website\",\"url\":\"https:\/\/www.maxins.com\/\",\"name\":\"MAXIN\u2019S\",\"description\":\"\",\"potentialAction\":[{\"@type\":\"SearchAction\",\"target\":{\"@type\":\"EntryPoint\",\"urlTemplate\":\"https:\/\/www.maxins.com\/?s={search_term_string}\"},\"query-input\":{\"@type\":\"PropertyValueSpecification\",\"valueRequired\":true,\"valueName\":\"search_term_string\"}}],\"inLanguage\":\"de\"}]}<\/script>\n<!-- \/ Yoast SEO plugin. -->","yoast_head_json":{"title":"MAXIN'S Bratislava - MAXIN\u2019S","robots":{"index":"index","follow":"follow","max-snippet":"max-snippet:-1","max-image-preview":"max-image-preview:large","max-video-preview":"max-video-preview:-1"},"canonical":"https:\/\/www.maxins.com\/de\/kontakt\/maxins-bratislava\/","og_locale":"de_DE","og_type":"article","og_title":"MAXIN'S Bratislava - MAXIN\u2019S","og_description":"Das B\u00fcro in Bratislava ist ein wichtiges Zentrum f\u00fcr das Management von Rekrutierungs- und HR-Projekten in der Hauptstadt der Slowakischen Republik und ihrer Umgebung. Es ist spezialisiert auf die Rekrutierung, die zeitlich befristete \u00dcberlassung und das Outsourcing von Personaldienstleistungen f\u00fcr verschiedene Branchen, darunter Fertigung, Logistik und Kundendienst. Das B\u00fcro in Bratislava deckt Gro\u00dfprojekte vor allem [&hellip;]","og_url":"https:\/\/www.maxins.com\/de\/kontakt\/maxins-bratislava\/","og_site_name":"MAXIN\u2019S","article_modified_time":"2025-03-25T07:32:10+00:00","og_image":[{"width":1845,"height":1384,"url":"https:\/\/www.maxins.com\/wp-content\/uploads\/2025\/02\/301450756_486406793491083_2354334224878861288_n.jpg","type":"image\/jpeg"}],"twitter_card":"summary_large_image","twitter_misc":{"Gesch\u00e4tzte Lesezeit":"3\u00a0Minuten"},"schema":{"@context":"https:\/\/schema.org","@graph":[{"@type":"WebPage","@id":"https:\/\/www.maxins.com\/de\/kontakt\/maxins-bratislava\/","url":"https:\/\/www.maxins.com\/de\/kontakt\/maxins-bratislava\/","name":"MAXIN'S Bratislava - MAXIN\u2019S","isPartOf":{"@id":"https:\/\/www.maxins.com\/#website"},"primaryImageOfPage":{"@id":"https:\/\/www.maxins.com\/de\/kontakt\/maxins-bratislava\/#primaryimage"},"image":{"@id":"https:\/\/www.maxins.com\/de\/kontakt\/maxins-bratislava\/#primaryimage"},"thumbnailUrl":"https:\/\/www.maxins.com\/wp-content\/uploads\/2025\/02\/301450756_486406793491083_2354334224878861288_n.jpg","datePublished":"2024-11-27T09:44:41+00:00","dateModified":"2025-03-25T07:32:10+00:00","breadcrumb":{"@id":"https:\/\/www.maxins.com\/de\/kontakt\/maxins-bratislava\/#breadcrumb"},"inLanguage":"de","potentialAction":[{"@type":"ReadAction","target":["https:\/\/www.maxins.com\/de\/kontakt\/maxins-bratislava\/"]}]},{"@type":"ImageObject","inLanguage":"de","@id":"https:\/\/www.maxins.com\/de\/kontakt\/maxins-bratislava\/#primaryimage","url":"https:\/\/www.maxins.com\/wp-content\/uploads\/2025\/02\/301450756_486406793491083_2354334224878861288_n.jpg","contentUrl":"https:\/\/www.maxins.com\/wp-content\/uploads\/2025\/02\/301450756_486406793491083_2354334224878861288_n.jpg","width":1845,"height":1384,"caption":"301450756 486406793491083 2354334224878861288 n"},{"@type":"BreadcrumbList","@id":"https:\/\/www.maxins.com\/de\/kontakt\/maxins-bratislava\/#breadcrumb","itemListElement":[{"@type":"ListItem","position":1,"name":"Domovsk\u00e1 str\u00e1nka","item":"https:\/\/www.maxins.com\/de\/"},{"@type":"ListItem","position":2,"name":"Kontakt","item":"https:\/\/www.maxins.com\/de\/kontakt\/"},{"@type":"ListItem","position":3,"name":"MAXIN&#8217;S Bratislava"}]},{"@type":"WebSite","@id":"https:\/\/www.maxins.com\/#website","url":"https:\/\/www.maxins.com\/","name":"MAXIN\u2019S","description":"","potentialAction":[{"@type":"SearchAction","target":{"@type":"EntryPoint","urlTemplate":"https:\/\/www.maxins.com\/?s={search_term_string}"},"query-input":{"@type":"PropertyValueSpecification","valueRequired":true,"valueName":"search_term_string"}}],"inLanguage":"de"}]}},"_links":{"self":[{"href":"https:\/\/www.maxins.com\/de\/wp-json\/wp\/v2\/pages\/9880","targetHints":{"allow":["GET"]}}],"collection":[{"href":"https:\/\/www.maxins.com\/de\/wp-json\/wp\/v2\/pages"}],"about":[{"href":"https:\/\/www.maxins.com\/de\/wp-json\/wp\/v2\/types\/page"}],"author":[{"embeddable":true,"href":"https:\/\/www.maxins.com\/de\/wp-json\/wp\/v2\/users\/3"}],"replies":[{"embeddable":true,"href":"https:\/\/www.maxins.com\/de\/wp-json\/wp\/v2\/comments?post=9880"}],"version-history":[{"count":4,"href":"https:\/\/www.maxins.com\/de\/wp-json\/wp\/v2\/pages\/9880\/revisions"}],"predecessor-version":[{"id":10253,"href":"https:\/\/www.maxins.com\/de\/wp-json\/wp\/v2\/pages\/9880\/revisions\/10253"}],"up":[{"embeddable":true,"href":"https:\/\/www.maxins.com\/de\/wp-json\/wp\/v2\/pages\/9876"}],"wp:featuredmedia":[{"embeddable":true,"href":"https:\/\/www.maxins.com\/de\/wp-json\/wp\/v2\/media\/7843"}],"wp:attachment":[{"href":"https:\/\/www.maxins.com\/de\/wp-json\/wp\/v2\/media?parent=9880"}],"curies":[{"name":"wp","href":"https:\/\/api.w.org\/{rel}","templated":true}]}}