{"id":9883,"date":"2024-11-29T09:26:37","date_gmt":"2024-11-29T09:26:37","guid":{"rendered":"https:\/\/www.maxins.com\/kontakt\/maxins-humenne\/"},"modified":"2026-01-14T15:19:24","modified_gmt":"2026-01-14T15:19:24","slug":"maxins-humenne","status":"publish","type":"page","link":"https:\/\/www.maxins.com\/de\/kontakt\/maxins-humenne\/","title":{"rendered":"MAXIN&#8217;S Humenn\u00e9"},"content":{"rendered":"<div id=\"pl-9883\"  class=\"panel-layout\" ><div id=\"pg-9883-0\"  class=\"panel-grid panel-has-style\" ><div class=\"floating-sidebar-container siteorigin-panels-stretch panel-row-style panel-row-style-for-9883-0\" data-stretch-type=\"full\" ><div id=\"pgc-9883-0-0\"  class=\"panel-grid-cell\" ><div id=\"panel-9883-0-0-0\" class=\"so-panel widget widget_siteorigin-panels-builder panel-first-child panel-last-child\" data-index=\"0\" ><div class=\"floating-element panel-widget-style panel-widget-style-for-9883-0-0-0\" ><div id=\"pl-w6967b39ae9d31\"  class=\"panel-layout\" ><div id=\"pg-w6967b39ae9d31-0\"  class=\"panel-grid panel-no-style\" ><div id=\"pgc-w6967b39ae9d31-0-0\"  class=\"panel-grid-cell\" ><div id=\"panel-w6967b39ae9d31-0-0-0\" class=\"so-panel widget widget_siteorigin-panels-builder panel-first-child panel-last-child\" data-index=\"0\" ><div id=\"pl-w6967b39ae9d38\"  class=\"panel-layout\" ><div id=\"pg-w6967b39ae9d38-0\"  class=\"panel-grid panel-has-style\" ><div class=\"panel-row-style panel-row-style-for-w6967b39ae9d38-0\" ><div id=\"pgc-w6967b39ae9d38-0-0\"  class=\"panel-grid-cell\" ><div id=\"panel-w6967b39ae9d38-0-0-0\" class=\"so-panel widget widget_sow-image panel-first-child\" data-index=\"0\" ><div\n\t\t\t\n\t\t\tclass=\"so-widget-sow-image so-widget-sow-image-default-8b5b6f678277\"\n\t\t\t\n\t\t><\/div><\/div><div id=\"panel-w6967b39ae9d38-0-0-1\" class=\"so-panel widget widget_sow-editor panel-last-child\" data-index=\"1\" ><div class=\"contact-info panel-widget-style panel-widget-style-for-w6967b39ae9d38-0-0-1\" ><div\n\t\t\t\n\t\t\tclass=\"so-widget-sow-editor so-widget-sow-editor-base\"\n\t\t\t\n\t\t>\n<div class=\"siteorigin-widget-tinymce textwidget\">\n\t<p><strong>Anna Broz\u00e1k<br \/>\n<\/strong>Legal & Partnership Manager<\/p>\n<p><a title=\"tel:+421 915 959 461\" href=\"tel:+421 915 959 461\" data-outlook-id=\"a47c417b-932b-471a-9cc4-df0f54c1b6c0\">+421 915 959 461<\/a><br \/>\n<a title=\"mailto:abrozak@maxins.sk\" href=\"mailto:abrozak@maxins.sk\" data-outlook-id=\"ec262d8e-4f48-49f3-9734-01c21e48fa81\"><span class=\"outlook-search-highlight\" data-markjs=\"true\">abrozak@maxins.sk<\/span><\/a><\/p>\n<p>&nbsp;<\/p>\n<\/div>\n<\/div><\/div><\/div><\/div><\/div><\/div><\/div><\/div><\/div><\/div><\/div><\/div><\/div><\/div><div id=\"pgc-9883-0-1\"  class=\"panel-grid-cell\" ><div id=\"panel-9883-0-1-0\" class=\"so-panel widget widget_sow-editor panel-first-child\" data-index=\"1\" ><div class=\"floating-sidebar-containe panel-widget-style panel-widget-style-for-9883-0-1-0\" ><div\n\t\t\t\n\t\t\tclass=\"so-widget-sow-editor so-widget-sow-editor-base\"\n\t\t\t\n\t\t>\n<div class=\"siteorigin-widget-tinymce textwidget\">\n\t<p>Die Niederlassung von MAXIN in Humenne ist ein wichtiger Anbieter von Personaldienstleistungen in der Ostslowakei. Sie konzentriert sich auf die Rekrutierung, die vor\u00fcbergehende \u00dcberlassung von Mitarbeitern und das Outsourcing von Arbeitskr\u00e4ften f\u00fcr Branchen wie die verarbeitende Industrie, die chemische Industrie und die Textilindustrie.<\/p>\n<\/div>\n<\/div><\/div><\/div><div id=\"panel-9883-0-1-1\" class=\"so-panel widget widget_siteorigin-panels-builder\" data-index=\"2\" ><div class=\"panel-widget-style panel-widget-style-for-9883-0-1-1\" ><div id=\"pl-w6967b3fc6488e\"  class=\"panel-layout\" ><div id=\"pg-w6967b3fc6488e-0\"  class=\"panel-grid panel-has-style\" ><div class=\"panel-row-style panel-row-style-for-w6967b3fc6488e-0\" ><div id=\"pgc-w6967b3fc6488e-0-0\"  class=\"panel-grid-cell\" ><div id=\"panel-w6967b3fc6488e-0-0-0\" class=\"so-panel widget widget_sow-image panel-first-child panel-last-child\" data-index=\"0\" ><div class=\"panel-widget-style panel-widget-style-for-w6967b3fc6488e-0-0-0\" ><div\n\t\t\t\n\t\t\tclass=\"so-widget-sow-image so-widget-sow-image-default-8b5b6f678277\"\n\t\t\t\n\t\t><\/div><\/div><\/div><\/div><div id=\"pgc-w6967b3fc6488e-0-1\"  class=\"panel-grid-cell\" ><div id=\"panel-w6967b3fc6488e-0-1-0\" class=\"so-panel widget widget_sow-editor panel-first-child panel-last-child\" data-index=\"1\" ><div class=\"panel-widget-style panel-widget-style-for-w6967b3fc6488e-0-1-0\" ><div\n\t\t\t\n\t\t\tclass=\"so-widget-sow-editor so-widget-sow-editor-base\"\n\t\t\t\n\t\t>\n<div class=\"siteorigin-widget-tinymce textwidget\">\n\t<h3>MAXIN'S Humenn\u00e9<\/h3>\n<p>Die \u00d6ffnungszeiten<br \/>\n<strong>Mo-Fr : 08:00 - 16:00<\/strong><\/p>\n<p>Adresse<\/p>\n<p>Vala\u0161kovsk\u00e1 21,<br \/>\n066 01 Humenn\u00e9<\/p>\n<p><a class=\"button button-inverse\" title=\"\" href=\"https:\/\/maps.app.goo.gl\/Q8fqz2EfnsLmTMFs8\" target=\"blank\" rel=\"noopener\">Navigieren Sie auf<\/a><\/p>\n<\/div>\n<\/div><\/div><\/div><\/div><\/div><\/div><\/div><\/div><\/div><div id=\"panel-9883-0-1-2\" class=\"so-panel widget widget_sow-editor\" data-index=\"3\" ><div class=\"floating-sidebar-containe panel-widget-style panel-widget-style-for-9883-0-1-2\" ><div\n\t\t\t\n\t\t\tclass=\"so-widget-sow-editor so-widget-sow-editor-base\"\n\t\t\t\n\t\t>\n<div class=\"siteorigin-widget-tinymce textwidget\">\n\t<p>Die Niederlassung in Humenn\u00e9 deckt Personalbeschaffungsprojekte f\u00fcr lokale und internationale Unternehmen ab, wobei der Schwerpunkt auf flexiblen L\u00f6sungen und der effizienten Besetzung von Stellen liegt. Dank ihrer regionalen Expertise und ihres individuellen Ansatzes unterst\u00fctzt sie Unternehmen bei der Optimierung ihrer Personalprozesse und bietet Kandidaten stabile Besch\u00e4ftigungsm\u00f6glichkeiten. <\/p>\n<\/div>\n<\/div><\/div><\/div><div id=\"panel-9883-0-1-3\" class=\"so-panel widget widget_sow-editor panel-last-child\" data-index=\"4\" ><div class=\"panel-widget-style panel-widget-style-for-9883-0-1-3\" ><div\n\t\t\t\n\t\t\tclass=\"so-widget-sow-editor so-widget-sow-editor-base\"\n\t\t\t\n\t\t>\n<div class=\"siteorigin-widget-tinymce textwidget\">\n\t<p style=\"text-transform: uppercase\">Galerie<\/p>\n\t\t\t<style>\r\n                #foogallery-gallery-1352.fg-justified .fg-item {\r\n                    margin-right: 2px;\r\n                    margin-bottom: 2px;\r\n                }\r\n\r\n                #foogallery-gallery-1352.fg-justified .fg-image {\r\n                    height: 180px;\r\n                }\r\n\t\t\t<\/style>\r\n\t\t\t<div class=\"foogallery foogallery-container foogallery-justified foogallery-lightbox-foobox fg-justified fg-light fg-loading-default fg-loaded-fade-in fg-hover-fade fg-hover-zoom2 fg-ready\" id=\"foogallery-gallery-1352\" data-foogallery=\"{&quot;item&quot;:{&quot;showCaptionTitle&quot;:true,&quot;showCaptionDescription&quot;:false},&quot;lazy&quot;:true,&quot;template&quot;:{&quot;rowHeight&quot;:180,&quot;maxRowHeight&quot;:300,&quot;margins&quot;:2,&quot;align&quot;:&quot;left&quot;,&quot;lastRow&quot;:&quot;smart&quot;}}\" >\r\n\t<div class=\"fg-item fg-type-image fg-idle\"><figure class=\"fg-item-inner\"><a href=\"https:\/\/www.maxins.com\/wp-content\/uploads\/2024\/11\/XD_Maxins_Group_nologo-1.jpg\" data-caption-title=\"XD Maxins Group nologo 1\" data-caption-desc=\"XD Maxins Group nologo 1\" data-attachment-id=\"7745\" data-type=\"image\" class=\"fg-thumb\"><span class=\"fg-image-wrap\"><img fetchpriority=\"high\" decoding=\"async\" alt=\"XD Maxins Group nologo 1\" title=\"XD Maxins Group nologo 1\" height=\"300\" width=\"400\" class=\"skip-lazy fg-image\" data-src-fg=\"https:\/\/www.maxins.com\/wp-content\/uploads\/cache\/2024\/11\/XD_Maxins_Group_nologo-1\/3592030347.jpg\" data-srcset-fg=\"https:\/\/www.maxins.com\/wp-content\/uploads\/cache\/2024\/11\/XD_Maxins_Group_nologo-1\/2524048188.jpg 2x\" src=\"data:image\/svg+xml,%3Csvg%20xmlns%3D%22http%3A%2F%2Fwww.w3.org%2F2000%2Fsvg%22%20width%3D%22400%22%20height%3D%22300%22%20viewBox%3D%220%200%20400%20300%22%3E%3C%2Fsvg%3E\" loading=\"eager\"><\/span><span class=\"fg-image-overlay\"><\/span><\/a><figcaption class=\"fg-caption\"><div class=\"fg-caption-inner\"><div class=\"fg-caption-title\">XD Maxins Group nologo 1<\/div><\/div><\/figcaption><\/figure><div class=\"fg-loader\"><\/div><\/div><div class=\"fg-item fg-type-image fg-idle\"><figure class=\"fg-item-inner\"><a href=\"https:\/\/www.maxins.com\/wp-content\/uploads\/2024\/11\/XD_Maxins_Group_nologo-4.jpg\" data-caption-title=\"XD Maxins Group nologo 4\" data-caption-desc=\"XD Maxins Group nologo 4\" data-attachment-id=\"7749\" data-type=\"image\" class=\"fg-thumb\"><span class=\"fg-image-wrap\"><img decoding=\"async\" alt=\"XD Maxins Group nologo 4\" title=\"XD Maxins Group nologo 4\" height=\"300\" width=\"400\" class=\"skip-lazy fg-image\" data-src-fg=\"https:\/\/www.maxins.com\/wp-content\/uploads\/cache\/2024\/11\/XD_Maxins_Group_nologo-4\/2006383232.jpg\" data-srcset-fg=\"https:\/\/www.maxins.com\/wp-content\/uploads\/cache\/2024\/11\/XD_Maxins_Group_nologo-4\/939333943.jpg 2x\" src=\"data:image\/svg+xml,%3Csvg%20xmlns%3D%22http%3A%2F%2Fwww.w3.org%2F2000%2Fsvg%22%20width%3D%22400%22%20height%3D%22300%22%20viewBox%3D%220%200%20400%20300%22%3E%3C%2Fsvg%3E\" loading=\"eager\"><\/span><span class=\"fg-image-overlay\"><\/span><\/a><figcaption class=\"fg-caption\"><div class=\"fg-caption-inner\"><div class=\"fg-caption-title\">XD Maxins Group nologo 4<\/div><\/div><\/figcaption><\/figure><div class=\"fg-loader\"><\/div><\/div><div class=\"fg-item fg-type-image fg-idle\"><figure class=\"fg-item-inner\"><a href=\"https:\/\/www.maxins.com\/wp-content\/uploads\/2024\/11\/XD_Maxins_Group_nologo-10.jpg\" data-caption-title=\"XD Maxins Group nologo 10\" data-caption-desc=\"XD Maxins Group nologo 10\" data-attachment-id=\"7753\" data-type=\"image\" class=\"fg-thumb\"><span class=\"fg-image-wrap\"><img decoding=\"async\" alt=\"XD Maxins Group nologo 10\" title=\"XD Maxins Group nologo 10\" height=\"300\" width=\"400\" class=\"skip-lazy fg-image\" data-src-fg=\"https:\/\/www.maxins.com\/wp-content\/uploads\/cache\/2024\/11\/XD_Maxins_Group_nologo-10\/1313336301.jpg\" data-srcset-fg=\"https:\/\/www.maxins.com\/wp-content\/uploads\/cache\/2024\/11\/XD_Maxins_Group_nologo-10\/453158433.jpg 2x\" src=\"data:image\/svg+xml,%3Csvg%20xmlns%3D%22http%3A%2F%2Fwww.w3.org%2F2000%2Fsvg%22%20width%3D%22400%22%20height%3D%22300%22%20viewBox%3D%220%200%20400%20300%22%3E%3C%2Fsvg%3E\" loading=\"eager\"><\/span><span class=\"fg-image-overlay\"><\/span><\/a><figcaption class=\"fg-caption\"><div class=\"fg-caption-inner\"><div class=\"fg-caption-title\">XD Maxins Group nologo 10<\/div><\/div><\/figcaption><\/figure><div class=\"fg-loader\"><\/div><\/div><div class=\"fg-item fg-type-image fg-idle\"><figure class=\"fg-item-inner\"><a href=\"https:\/\/www.maxins.com\/wp-content\/uploads\/2024\/11\/XD_Maxins_Group_nologo-15.jpg\" data-caption-title=\"XD Maxins Group nologo 15\" data-caption-desc=\"XD Maxins Group nologo 15\" data-attachment-id=\"7757\" data-type=\"image\" class=\"fg-thumb\"><span class=\"fg-image-wrap\"><img decoding=\"async\" alt=\"XD Maxins Group nologo 15\" title=\"XD Maxins Group nologo 15\" height=\"300\" width=\"400\" class=\"skip-lazy fg-image\" data-src-fg=\"https:\/\/www.maxins.com\/wp-content\/uploads\/cache\/2024\/11\/XD_Maxins_Group_nologo-15\/4213905317.jpg\" data-srcset-fg=\"https:\/\/www.maxins.com\/wp-content\/uploads\/cache\/2024\/11\/XD_Maxins_Group_nologo-15\/2926467689.jpg 2x\" src=\"data:image\/svg+xml,%3Csvg%20xmlns%3D%22http%3A%2F%2Fwww.w3.org%2F2000%2Fsvg%22%20width%3D%22400%22%20height%3D%22300%22%20viewBox%3D%220%200%20400%20300%22%3E%3C%2Fsvg%3E\" loading=\"eager\"><\/span><span class=\"fg-image-overlay\"><\/span><\/a><figcaption class=\"fg-caption\"><div class=\"fg-caption-inner\"><div class=\"fg-caption-title\">XD Maxins Group nologo 15<\/div><\/div><\/figcaption><\/figure><div class=\"fg-loader\"><\/div><\/div><div class=\"fg-item fg-type-image fg-idle\"><figure class=\"fg-item-inner\"><a href=\"https:\/\/www.maxins.com\/wp-content\/uploads\/2024\/11\/XD_Maxins_Group_nologo-18.jpg\" data-caption-title=\"XD Maxins Group nologo 18\" data-caption-desc=\"XD Maxins Group nologo 18\" data-attachment-id=\"7765\" data-type=\"image\" class=\"fg-thumb\"><span class=\"fg-image-wrap\"><img decoding=\"async\" alt=\"XD Maxins Group nologo 18\" title=\"XD Maxins Group nologo 18\" height=\"300\" width=\"400\" class=\"skip-lazy fg-image\" data-src-fg=\"https:\/\/www.maxins.com\/wp-content\/uploads\/cache\/2024\/11\/XD_Maxins_Group_nologo-18\/2417439198.jpg\" data-srcset-fg=\"https:\/\/www.maxins.com\/wp-content\/uploads\/cache\/2024\/11\/XD_Maxins_Group_nologo-18\/3310517266.jpg 2x\" src=\"data:image\/svg+xml,%3Csvg%20xmlns%3D%22http%3A%2F%2Fwww.w3.org%2F2000%2Fsvg%22%20width%3D%22400%22%20height%3D%22300%22%20viewBox%3D%220%200%20400%20300%22%3E%3C%2Fsvg%3E\" loading=\"eager\"><\/span><span class=\"fg-image-overlay\"><\/span><\/a><figcaption class=\"fg-caption\"><div class=\"fg-caption-inner\"><div class=\"fg-caption-title\">XD Maxins Group nologo 18<\/div><\/div><\/figcaption><\/figure><div class=\"fg-loader\"><\/div><\/div><div class=\"fg-item fg-type-image fg-idle\"><figure class=\"fg-item-inner\"><a href=\"https:\/\/www.maxins.com\/wp-content\/uploads\/2024\/11\/XD_Maxins_Group_nologo-20.jpg\" data-caption-title=\"XD Maxins Group nologo 20\" data-caption-desc=\"XD Maxins Group nologo 20\" data-attachment-id=\"7769\" data-type=\"image\" class=\"fg-thumb\"><span class=\"fg-image-wrap\"><img decoding=\"async\" alt=\"XD Maxins Group nologo 20\" title=\"XD Maxins Group nologo 20\" height=\"300\" width=\"400\" class=\"skip-lazy fg-image\" data-src-fg=\"https:\/\/www.maxins.com\/wp-content\/uploads\/cache\/2024\/11\/XD_Maxins_Group_nologo-20\/2811954843.jpg\" data-srcset-fg=\"https:\/\/www.maxins.com\/wp-content\/uploads\/cache\/2024\/11\/XD_Maxins_Group_nologo-20\/4074654551.jpg 2x\" src=\"data:image\/svg+xml,%3Csvg%20xmlns%3D%22http%3A%2F%2Fwww.w3.org%2F2000%2Fsvg%22%20width%3D%22400%22%20height%3D%22300%22%20viewBox%3D%220%200%20400%20300%22%3E%3C%2Fsvg%3E\" loading=\"eager\"><\/span><span class=\"fg-image-overlay\"><\/span><\/a><figcaption class=\"fg-caption\"><div class=\"fg-caption-inner\"><div class=\"fg-caption-title\">XD Maxins Group nologo 20<\/div><\/div><\/figcaption><\/figure><div class=\"fg-loader\"><\/div><\/div><\/div>\r\n\n<\/div>\n<\/div><\/div><\/div><\/div><\/div><\/div><\/div>","protected":false},"excerpt":{"rendered":"<p>Die Niederlassung von MAXIN in Humenne ist ein wichtiger Anbieter von Personaldienstleistungen in der Ostslowakei. Sie konzentriert sich auf die Rekrutierung, die vor\u00fcbergehende \u00dcberlassung von Mitarbeitern und das Outsourcing von Arbeitskr\u00e4ften f\u00fcr Branchen wie die verarbeitende Industrie, die chemische Industrie und die Textilindustrie. Die Niederlassung in Humenn\u00e9 deckt Personalbeschaffungsprojekte f\u00fcr lokale und internationale Unternehmen ab, [&hellip;]<\/p>\n","protected":false},"author":3,"featured_media":7794,"parent":9876,"menu_order":0,"comment_status":"closed","ping_status":"closed","template":"","meta":{"_acf_changed":false,"footnotes":""},"class_list":["post-9883","page","type-page","status-publish","has-post-thumbnail","hentry"],"acf":[],"yoast_head":"<!-- This site is optimized with the Yoast SEO plugin v25.3.1 - https:\/\/yoast.com\/wordpress\/plugins\/seo\/ -->\n<title>MAXIN&#039;S Humenn\u00e9 - MAXIN\u2019S<\/title>\n<meta name=\"robots\" content=\"index, follow, max-snippet:-1, max-image-preview:large, max-video-preview:-1\" \/>\n<link rel=\"canonical\" href=\"https:\/\/www.maxins.com\/de\/kontakt\/maxins-humenne\/\" \/>\n<meta property=\"og:locale\" content=\"de_DE\" \/>\n<meta property=\"og:type\" content=\"article\" \/>\n<meta property=\"og:title\" content=\"MAXIN&#039;S Humenn\u00e9 - MAXIN\u2019S\" \/>\n<meta property=\"og:description\" content=\"Die Niederlassung von MAXIN in Humenne ist ein wichtiger Anbieter von Personaldienstleistungen in der Ostslowakei. Sie konzentriert sich auf die Rekrutierung, die vor\u00fcbergehende \u00dcberlassung von Mitarbeitern und das Outsourcing von Arbeitskr\u00e4ften f\u00fcr Branchen wie die verarbeitende Industrie, die chemische Industrie und die Textilindustrie. Die Niederlassung in Humenn\u00e9 deckt Personalbeschaffungsprojekte f\u00fcr lokale und internationale Unternehmen ab, [&hellip;]\" \/>\n<meta property=\"og:url\" content=\"https:\/\/www.maxins.com\/de\/kontakt\/maxins-humenne\/\" \/>\n<meta property=\"og:site_name\" content=\"MAXIN\u2019S\" \/>\n<meta property=\"article:modified_time\" content=\"2026-01-14T15:19:24+00:00\" \/>\n<meta property=\"og:image\" content=\"https:\/\/www.maxins.com\/wp-content\/uploads\/2025\/02\/nr12.jpg\" \/>\n\t<meta property=\"og:image:width\" content=\"1845\" \/>\n\t<meta property=\"og:image:height\" content=\"1384\" \/>\n\t<meta property=\"og:image:type\" content=\"image\/jpeg\" \/>\n<meta name=\"twitter:card\" content=\"summary_large_image\" \/>\n<meta name=\"twitter:label1\" content=\"Gesch\u00e4tzte Lesezeit\" \/>\n\t<meta name=\"twitter:data1\" content=\"3\u00a0Minuten\" \/>\n<script type=\"application\/ld+json\" class=\"yoast-schema-graph\">{\"@context\":\"https:\/\/schema.org\",\"@graph\":[{\"@type\":\"WebPage\",\"@id\":\"https:\/\/www.maxins.com\/de\/kontakt\/maxins-humenne\/\",\"url\":\"https:\/\/www.maxins.com\/de\/kontakt\/maxins-humenne\/\",\"name\":\"MAXIN'S Humenn\u00e9 - MAXIN\u2019S\",\"isPartOf\":{\"@id\":\"https:\/\/www.maxins.com\/#website\"},\"primaryImageOfPage\":{\"@id\":\"https:\/\/www.maxins.com\/de\/kontakt\/maxins-humenne\/#primaryimage\"},\"image\":{\"@id\":\"https:\/\/www.maxins.com\/de\/kontakt\/maxins-humenne\/#primaryimage\"},\"thumbnailUrl\":\"https:\/\/www.maxins.com\/wp-content\/uploads\/2025\/02\/nr12.jpg\",\"datePublished\":\"2024-11-29T09:26:37+00:00\",\"dateModified\":\"2026-01-14T15:19:24+00:00\",\"breadcrumb\":{\"@id\":\"https:\/\/www.maxins.com\/de\/kontakt\/maxins-humenne\/#breadcrumb\"},\"inLanguage\":\"de\",\"potentialAction\":[{\"@type\":\"ReadAction\",\"target\":[\"https:\/\/www.maxins.com\/de\/kontakt\/maxins-humenne\/\"]}]},{\"@type\":\"ImageObject\",\"inLanguage\":\"de\",\"@id\":\"https:\/\/www.maxins.com\/de\/kontakt\/maxins-humenne\/#primaryimage\",\"url\":\"https:\/\/www.maxins.com\/wp-content\/uploads\/2025\/02\/nr12.jpg\",\"contentUrl\":\"https:\/\/www.maxins.com\/wp-content\/uploads\/2025\/02\/nr12.jpg\",\"width\":1845,\"height\":1384,\"caption\":\"nr12\"},{\"@type\":\"BreadcrumbList\",\"@id\":\"https:\/\/www.maxins.com\/de\/kontakt\/maxins-humenne\/#breadcrumb\",\"itemListElement\":[{\"@type\":\"ListItem\",\"position\":1,\"name\":\"Domovsk\u00e1 str\u00e1nka\",\"item\":\"https:\/\/www.maxins.com\/de\/\"},{\"@type\":\"ListItem\",\"position\":2,\"name\":\"Kontakt\",\"item\":\"https:\/\/www.maxins.com\/de\/kontakt\/\"},{\"@type\":\"ListItem\",\"position\":3,\"name\":\"MAXIN&#8217;S Humenn\u00e9\"}]},{\"@type\":\"WebSite\",\"@id\":\"https:\/\/www.maxins.com\/#website\",\"url\":\"https:\/\/www.maxins.com\/\",\"name\":\"MAXIN\u2019S\",\"description\":\"\",\"potentialAction\":[{\"@type\":\"SearchAction\",\"target\":{\"@type\":\"EntryPoint\",\"urlTemplate\":\"https:\/\/www.maxins.com\/?s={search_term_string}\"},\"query-input\":{\"@type\":\"PropertyValueSpecification\",\"valueRequired\":true,\"valueName\":\"search_term_string\"}}],\"inLanguage\":\"de\"}]}<\/script>\n<!-- \/ Yoast SEO plugin. -->","yoast_head_json":{"title":"MAXIN'S Humenn\u00e9 - MAXIN\u2019S","robots":{"index":"index","follow":"follow","max-snippet":"max-snippet:-1","max-image-preview":"max-image-preview:large","max-video-preview":"max-video-preview:-1"},"canonical":"https:\/\/www.maxins.com\/de\/kontakt\/maxins-humenne\/","og_locale":"de_DE","og_type":"article","og_title":"MAXIN'S Humenn\u00e9 - MAXIN\u2019S","og_description":"Die Niederlassung von MAXIN in Humenne ist ein wichtiger Anbieter von Personaldienstleistungen in der Ostslowakei. Sie konzentriert sich auf die Rekrutierung, die vor\u00fcbergehende \u00dcberlassung von Mitarbeitern und das Outsourcing von Arbeitskr\u00e4ften f\u00fcr Branchen wie die verarbeitende Industrie, die chemische Industrie und die Textilindustrie. Die Niederlassung in Humenn\u00e9 deckt Personalbeschaffungsprojekte f\u00fcr lokale und internationale Unternehmen ab, [&hellip;]","og_url":"https:\/\/www.maxins.com\/de\/kontakt\/maxins-humenne\/","og_site_name":"MAXIN\u2019S","article_modified_time":"2026-01-14T15:19:24+00:00","og_image":[{"width":1845,"height":1384,"url":"https:\/\/www.maxins.com\/wp-content\/uploads\/2025\/02\/nr12.jpg","type":"image\/jpeg"}],"twitter_card":"summary_large_image","twitter_misc":{"Gesch\u00e4tzte Lesezeit":"3\u00a0Minuten"},"schema":{"@context":"https:\/\/schema.org","@graph":[{"@type":"WebPage","@id":"https:\/\/www.maxins.com\/de\/kontakt\/maxins-humenne\/","url":"https:\/\/www.maxins.com\/de\/kontakt\/maxins-humenne\/","name":"MAXIN'S Humenn\u00e9 - MAXIN\u2019S","isPartOf":{"@id":"https:\/\/www.maxins.com\/#website"},"primaryImageOfPage":{"@id":"https:\/\/www.maxins.com\/de\/kontakt\/maxins-humenne\/#primaryimage"},"image":{"@id":"https:\/\/www.maxins.com\/de\/kontakt\/maxins-humenne\/#primaryimage"},"thumbnailUrl":"https:\/\/www.maxins.com\/wp-content\/uploads\/2025\/02\/nr12.jpg","datePublished":"2024-11-29T09:26:37+00:00","dateModified":"2026-01-14T15:19:24+00:00","breadcrumb":{"@id":"https:\/\/www.maxins.com\/de\/kontakt\/maxins-humenne\/#breadcrumb"},"inLanguage":"de","potentialAction":[{"@type":"ReadAction","target":["https:\/\/www.maxins.com\/de\/kontakt\/maxins-humenne\/"]}]},{"@type":"ImageObject","inLanguage":"de","@id":"https:\/\/www.maxins.com\/de\/kontakt\/maxins-humenne\/#primaryimage","url":"https:\/\/www.maxins.com\/wp-content\/uploads\/2025\/02\/nr12.jpg","contentUrl":"https:\/\/www.maxins.com\/wp-content\/uploads\/2025\/02\/nr12.jpg","width":1845,"height":1384,"caption":"nr12"},{"@type":"BreadcrumbList","@id":"https:\/\/www.maxins.com\/de\/kontakt\/maxins-humenne\/#breadcrumb","itemListElement":[{"@type":"ListItem","position":1,"name":"Domovsk\u00e1 str\u00e1nka","item":"https:\/\/www.maxins.com\/de\/"},{"@type":"ListItem","position":2,"name":"Kontakt","item":"https:\/\/www.maxins.com\/de\/kontakt\/"},{"@type":"ListItem","position":3,"name":"MAXIN&#8217;S Humenn\u00e9"}]},{"@type":"WebSite","@id":"https:\/\/www.maxins.com\/#website","url":"https:\/\/www.maxins.com\/","name":"MAXIN\u2019S","description":"","potentialAction":[{"@type":"SearchAction","target":{"@type":"EntryPoint","urlTemplate":"https:\/\/www.maxins.com\/?s={search_term_string}"},"query-input":{"@type":"PropertyValueSpecification","valueRequired":true,"valueName":"search_term_string"}}],"inLanguage":"de"}]}},"_links":{"self":[{"href":"https:\/\/www.maxins.com\/de\/wp-json\/wp\/v2\/pages\/9883","targetHints":{"allow":["GET"]}}],"collection":[{"href":"https:\/\/www.maxins.com\/de\/wp-json\/wp\/v2\/pages"}],"about":[{"href":"https:\/\/www.maxins.com\/de\/wp-json\/wp\/v2\/types\/page"}],"author":[{"embeddable":true,"href":"https:\/\/www.maxins.com\/de\/wp-json\/wp\/v2\/users\/3"}],"replies":[{"embeddable":true,"href":"https:\/\/www.maxins.com\/de\/wp-json\/wp\/v2\/comments?post=9883"}],"version-history":[{"count":8,"href":"https:\/\/www.maxins.com\/de\/wp-json\/wp\/v2\/pages\/9883\/revisions"}],"predecessor-version":[{"id":12401,"href":"https:\/\/www.maxins.com\/de\/wp-json\/wp\/v2\/pages\/9883\/revisions\/12401"}],"up":[{"embeddable":true,"href":"https:\/\/www.maxins.com\/de\/wp-json\/wp\/v2\/pages\/9876"}],"wp:featuredmedia":[{"embeddable":true,"href":"https:\/\/www.maxins.com\/de\/wp-json\/wp\/v2\/media\/7794"}],"wp:attachment":[{"href":"https:\/\/www.maxins.com\/de\/wp-json\/wp\/v2\/media?parent=9883"}],"curies":[{"name":"wp","href":"https:\/\/api.w.org\/{rel}","templated":true}]}}