{"id":9886,"date":"2024-11-29T09:15:48","date_gmt":"2024-11-29T09:15:48","guid":{"rendered":"https:\/\/www.maxins.com\/kontakt\/maxins-kosice\/"},"modified":"2025-03-25T07:40:43","modified_gmt":"2025-03-25T07:40:43","slug":"maxins-kosice","status":"publish","type":"page","link":"https:\/\/www.maxins.com\/de\/kontakt\/maxins-kosice\/","title":{"rendered":"MAXIN&#8217;S Ko\u0161ice"},"content":{"rendered":"<div id=\"pl-9886\"  class=\"panel-layout\" ><div id=\"pg-9886-0\"  class=\"panel-grid panel-has-style\" ><div class=\"floating-sidebar-container siteorigin-panels-stretch panel-row-style panel-row-style-for-9886-0\" data-stretch-type=\"full\" ><div id=\"pgc-9886-0-0\"  class=\"panel-grid-cell\" ><div id=\"panel-9886-0-0-0\" class=\"so-panel widget widget_siteorigin-panels-builder panel-first-child panel-last-child\" data-index=\"0\" ><div class=\"floating-element panel-widget-style panel-widget-style-for-9886-0-0-0\" ><div id=\"pl-w67e25dfb25d9c\"  class=\"panel-layout\" ><div id=\"pg-w67e25dfb25d9c-0\"  class=\"panel-grid panel-no-style\" ><div id=\"pgc-w67e25dfb25d9c-0-0\"  class=\"panel-grid-cell\" ><div id=\"panel-w67e25dfb25d9c-0-0-0\" class=\"so-panel widget widget_siteorigin-panels-builder panel-first-child panel-last-child\" data-index=\"0\" ><div id=\"pl-w67e25dfb25da5\"  class=\"panel-layout\" ><div id=\"pg-w67e25dfb25da5-0\"  class=\"panel-grid panel-has-style\" ><div class=\"panel-row-style panel-row-style-for-w67e25dfb25da5-0\" ><div id=\"pgc-w67e25dfb25da5-0-0\"  class=\"panel-grid-cell\" ><div id=\"panel-w67e25dfb25da5-0-0-0\" class=\"so-panel widget widget_sow-image panel-first-child\" data-index=\"0\" ><div\n\t\t\t\n\t\t\tclass=\"so-widget-sow-image so-widget-sow-image-default-8b5b6f678277\"\n\t\t\t\n\t\t><\/div><\/div><div id=\"panel-w67e25dfb25da5-0-0-1\" class=\"so-panel widget widget_sow-editor panel-last-child\" data-index=\"1\" ><div class=\"contact-info panel-widget-style panel-widget-style-for-w67e25dfb25da5-0-0-1\" ><div\n\t\t\t\n\t\t\tclass=\"so-widget-sow-editor so-widget-sow-editor-base\"\n\t\t\t\n\t\t>\n<div class=\"siteorigin-widget-tinymce textwidget\">\n\t<p><strong>M\u00e1ria Janu\u0161ov\u00e1<\/strong><br \/>\nRegionaldirektor - Ost<\/p>\n<p><a href=\"tel: +421 918 468 712\">+421 918 468 712<\/a><br \/>\n<a href=\"mailto: mjanusova@maxins.sk\">mjanusova@maxins.sk<\/a><\/p>\n<p class=\"social-contact\"><a href=\"https:\/\/www.linkedin.com\/in\/m%C3%A1ria-janu%C5%A1ov%C3%A1-63b4661b6\/\" target=\"blank\" rel=\"noopener\">Linkedin<\/a><\/p>\n<\/div>\n<\/div><\/div><\/div><\/div><\/div><\/div><\/div><\/div><\/div><\/div><\/div><\/div><\/div><\/div><div id=\"pgc-9886-0-1\"  class=\"panel-grid-cell\" ><div id=\"panel-9886-0-1-0\" class=\"so-panel widget widget_sow-editor panel-first-child\" data-index=\"1\" ><div class=\"floating-sidebar-containe panel-widget-style panel-widget-style-for-9886-0-1-0\" ><div\n\t\t\t\n\t\t\tclass=\"so-widget-sow-editor so-widget-sow-editor-base\"\n\t\t\t\n\t\t>\n<div class=\"siteorigin-widget-tinymce textwidget\">\n\t<p>Die Niederlassung in Ko\u0161ice ist ein wichtiger Partner f\u00fcr Arbeitgeber und Arbeitssuchende in der Ostslowakei. Sie ist spezialisiert auf Personalvermittlung, Zeitarbeit und Outsourcing von Personaldienstleistungen f\u00fcr Branchen wie Automobil, Maschinenbau, Elektrotechnik, Logistik und Kundendienstzentren.<\/p>\n<\/div>\n<\/div><\/div><\/div><div id=\"panel-9886-0-1-1\" class=\"so-panel widget widget_siteorigin-panels-builder\" data-index=\"2\" ><div class=\"panel-widget-style panel-widget-style-for-9886-0-1-1\" ><div id=\"pl-w6797956b1da29\"  class=\"panel-layout\" ><div id=\"pg-w6797956b1da29-0\"  class=\"panel-grid panel-has-style\" ><div class=\"panel-row-style panel-row-style-for-w6797956b1da29-0\" ><div id=\"pgc-w6797956b1da29-0-0\"  class=\"panel-grid-cell\" ><div id=\"panel-w6797956b1da29-0-0-0\" class=\"so-panel widget widget_sow-image panel-first-child panel-last-child\" data-index=\"0\" ><div class=\"panel-widget-style panel-widget-style-for-w6797956b1da29-0-0-0\" ><div\n\t\t\t\n\t\t\tclass=\"so-widget-sow-image so-widget-sow-image-default-8b5b6f678277\"\n\t\t\t\n\t\t><\/div><\/div><\/div><\/div><div id=\"pgc-w6797956b1da29-0-1\"  class=\"panel-grid-cell\" ><div id=\"panel-w6797956b1da29-0-1-0\" class=\"so-panel widget widget_sow-editor panel-first-child panel-last-child\" data-index=\"1\" ><div class=\"panel-widget-style panel-widget-style-for-w6797956b1da29-0-1-0\" ><div\n\t\t\t\n\t\t\tclass=\"so-widget-sow-editor so-widget-sow-editor-base\"\n\t\t\t\n\t\t>\n<div class=\"siteorigin-widget-tinymce textwidget\">\n\t<h3>MAXIN'S Ko\u0161ice<\/h3>\n<p>Die \u00d6ffnungszeiten<br \/>\n<strong>Mo-Fr : 08:00 - 16:00<\/strong><\/p>\n<p>Adresse<\/p>\n<p>Mlynsk\u00e1 22,<br \/>\n040 01 Ko\u0161ice<\/p>\n<p><a href=\"https:\/\/maps.app.goo.gl\/3zXVAJtfQYAtcp1j8\" target=\"blank\" title=\"\" class=\"button button-inverse\" rel=\"noopener\">Navigieren Sie auf<\/a><\/p>\n<\/div>\n<\/div><\/div><\/div><\/div><\/div><\/div><\/div><\/div><\/div><div id=\"panel-9886-0-1-2\" class=\"so-panel widget widget_sow-editor\" data-index=\"3\" ><div class=\"floating-sidebar-containe panel-widget-style panel-widget-style-for-9886-0-1-2\" ><div\n\t\t\t\n\t\t\tclass=\"so-widget-sow-editor so-widget-sow-editor-base\"\n\t\t\t\n\t\t>\n<div class=\"siteorigin-widget-tinymce textwidget\">\n\t<p style=\"font-weight: 400;\">Das B\u00fcro in Ko\u0161ice wickelt Rekrutierungsprojekte f\u00fcr Produktionsbetriebe und Shared Service Center ab und konzentriert sich dabei auf die Besetzung von qualifizierten und ungelernten Stellen. Dank seiner ausgepr\u00e4gten regionalen Expertise und seines individuellen Ansatzes hilft es Unternehmen, die Herausforderungen bei der Personalbeschaffung effektiv anzugehen und tr\u00e4gt zur Entwicklung des Arbeitsmarktes in der Region bei. <\/p>\n<\/div>\n<\/div><\/div><\/div><div id=\"panel-9886-0-1-3\" class=\"so-panel widget widget_sow-editor\" data-index=\"4\" ><div class=\"panel-widget-style panel-widget-style-for-9886-0-1-3\" ><div\n\t\t\t\n\t\t\tclass=\"so-widget-sow-editor so-widget-sow-editor-base\"\n\t\t\t\n\t\t>\n<div class=\"siteorigin-widget-tinymce textwidget\">\n\t<h3>Filiale<\/h3>\n<p style=\"uppercase\">3D Rundgang<\/p>\n<\/div>\n<\/div><\/div><\/div><div id=\"panel-9886-0-1-4\" class=\"so-panel widget widget_sow-editor panel-last-child\" data-index=\"5\" ><div\n\t\t\t\n\t\t\tclass=\"so-widget-sow-editor so-widget-sow-editor-base\"\n\t\t\t\n\t\t>\n<div class=\"siteorigin-widget-tinymce textwidget\">\n\t<p><iframe src=\"https:\/\/www.google.com\/maps\/embed?pb=!4v1738763888812!6m8!1m7!1sCAoSLEFGMVFpcFAtbnEyYjZLVlFSX0hteENOWWpPYnBCX3ZkRFBXYi03c2tuT2JB!2m2!1d48.72147034748133!2d21.26129594064551!3f345.45!4f-2.950000000000003!5f0.7820865974627469\" width=\"100%\" height=\"500\" style=\"border:0;\" allowfullscreen=\"\" loading=\"lazy\" referrerpolicy=\"no-referrer-when-downgrade\"><\/iframe><\/p>\n<\/div>\n<\/div><\/div><\/div><\/div><\/div><\/div>","protected":false},"excerpt":{"rendered":"<p>Die Niederlassung in Ko\u0161ice ist ein wichtiger Partner f\u00fcr Arbeitgeber und Arbeitssuchende in der Ostslowakei. Sie ist spezialisiert auf Personalvermittlung, Zeitarbeit und Outsourcing von Personaldienstleistungen f\u00fcr Branchen wie Automobil, Maschinenbau, Elektrotechnik, Logistik und Kundendienstzentren. Das B\u00fcro in Ko\u0161ice wickelt Rekrutierungsprojekte f\u00fcr Produktionsbetriebe und Shared Service Center ab und konzentriert sich dabei auf die Besetzung von [&hellip;]<\/p>\n","protected":false},"author":3,"featured_media":1444,"parent":9876,"menu_order":0,"comment_status":"closed","ping_status":"closed","template":"","meta":{"_acf_changed":false,"footnotes":""},"class_list":["post-9886","page","type-page","status-publish","has-post-thumbnail","hentry"],"acf":[],"yoast_head":"<!-- This site is optimized with the Yoast SEO plugin v25.3.1 - https:\/\/yoast.com\/wordpress\/plugins\/seo\/ -->\n<title>MAXIN&#039;S Ko\u0161ice - MAXIN\u2019S<\/title>\n<meta name=\"robots\" content=\"index, follow, max-snippet:-1, max-image-preview:large, max-video-preview:-1\" \/>\n<link rel=\"canonical\" href=\"https:\/\/www.maxins.com\/de\/kontakt\/maxins-kosice\/\" \/>\n<meta property=\"og:locale\" content=\"de_DE\" \/>\n<meta property=\"og:type\" content=\"article\" \/>\n<meta property=\"og:title\" content=\"MAXIN&#039;S Ko\u0161ice - MAXIN\u2019S\" \/>\n<meta property=\"og:description\" content=\"Die Niederlassung in Ko\u0161ice ist ein wichtiger Partner f\u00fcr Arbeitgeber und Arbeitssuchende in der Ostslowakei. Sie ist spezialisiert auf Personalvermittlung, Zeitarbeit und Outsourcing von Personaldienstleistungen f\u00fcr Branchen wie Automobil, Maschinenbau, Elektrotechnik, Logistik und Kundendienstzentren. Das B\u00fcro in Ko\u0161ice wickelt Rekrutierungsprojekte f\u00fcr Produktionsbetriebe und Shared Service Center ab und konzentriert sich dabei auf die Besetzung von [&hellip;]\" \/>\n<meta property=\"og:url\" content=\"https:\/\/www.maxins.com\/de\/kontakt\/maxins-kosice\/\" \/>\n<meta property=\"og:site_name\" content=\"MAXIN\u2019S\" \/>\n<meta property=\"article:modified_time\" content=\"2025-03-25T07:40:43+00:00\" \/>\n<meta property=\"og:image\" content=\"https:\/\/www.maxins.com\/wp-content\/uploads\/2024\/11\/XD_Maxins_Group_NO-3.jpg\" \/>\n\t<meta property=\"og:image:width\" content=\"1845\" \/>\n\t<meta property=\"og:image:height\" content=\"1384\" \/>\n\t<meta property=\"og:image:type\" content=\"image\/jpeg\" \/>\n<meta name=\"twitter:card\" content=\"summary_large_image\" \/>\n<meta name=\"twitter:label1\" content=\"Gesch\u00e4tzte Lesezeit\" \/>\n\t<meta name=\"twitter:data1\" content=\"1\u00a0Minute\" \/>\n<script type=\"application\/ld+json\" class=\"yoast-schema-graph\">{\"@context\":\"https:\/\/schema.org\",\"@graph\":[{\"@type\":\"WebPage\",\"@id\":\"https:\/\/www.maxins.com\/de\/kontakt\/maxins-kosice\/\",\"url\":\"https:\/\/www.maxins.com\/de\/kontakt\/maxins-kosice\/\",\"name\":\"MAXIN'S Ko\u0161ice - MAXIN\u2019S\",\"isPartOf\":{\"@id\":\"https:\/\/www.maxins.com\/#website\"},\"primaryImageOfPage\":{\"@id\":\"https:\/\/www.maxins.com\/de\/kontakt\/maxins-kosice\/#primaryimage\"},\"image\":{\"@id\":\"https:\/\/www.maxins.com\/de\/kontakt\/maxins-kosice\/#primaryimage\"},\"thumbnailUrl\":\"https:\/\/www.maxins.com\/wp-content\/uploads\/2024\/11\/XD_Maxins_Group_NO-3.jpg\",\"datePublished\":\"2024-11-29T09:15:48+00:00\",\"dateModified\":\"2025-03-25T07:40:43+00:00\",\"breadcrumb\":{\"@id\":\"https:\/\/www.maxins.com\/de\/kontakt\/maxins-kosice\/#breadcrumb\"},\"inLanguage\":\"de\",\"potentialAction\":[{\"@type\":\"ReadAction\",\"target\":[\"https:\/\/www.maxins.com\/de\/kontakt\/maxins-kosice\/\"]}]},{\"@type\":\"ImageObject\",\"inLanguage\":\"de\",\"@id\":\"https:\/\/www.maxins.com\/de\/kontakt\/maxins-kosice\/#primaryimage\",\"url\":\"https:\/\/www.maxins.com\/wp-content\/uploads\/2024\/11\/XD_Maxins_Group_NO-3.jpg\",\"contentUrl\":\"https:\/\/www.maxins.com\/wp-content\/uploads\/2024\/11\/XD_Maxins_Group_NO-3.jpg\",\"width\":1845,\"height\":1384,\"caption\":\"XD Maxins Group NO 3\"},{\"@type\":\"BreadcrumbList\",\"@id\":\"https:\/\/www.maxins.com\/de\/kontakt\/maxins-kosice\/#breadcrumb\",\"itemListElement\":[{\"@type\":\"ListItem\",\"position\":1,\"name\":\"Domovsk\u00e1 str\u00e1nka\",\"item\":\"https:\/\/www.maxins.com\/de\/\"},{\"@type\":\"ListItem\",\"position\":2,\"name\":\"Kontakt\",\"item\":\"https:\/\/www.maxins.com\/de\/kontakt\/\"},{\"@type\":\"ListItem\",\"position\":3,\"name\":\"MAXIN&#8217;S Ko\u0161ice\"}]},{\"@type\":\"WebSite\",\"@id\":\"https:\/\/www.maxins.com\/#website\",\"url\":\"https:\/\/www.maxins.com\/\",\"name\":\"MAXIN\u2019S\",\"description\":\"\",\"potentialAction\":[{\"@type\":\"SearchAction\",\"target\":{\"@type\":\"EntryPoint\",\"urlTemplate\":\"https:\/\/www.maxins.com\/?s={search_term_string}\"},\"query-input\":{\"@type\":\"PropertyValueSpecification\",\"valueRequired\":true,\"valueName\":\"search_term_string\"}}],\"inLanguage\":\"de\"}]}<\/script>\n<!-- \/ Yoast SEO plugin. -->","yoast_head_json":{"title":"MAXIN'S Ko\u0161ice - MAXIN\u2019S","robots":{"index":"index","follow":"follow","max-snippet":"max-snippet:-1","max-image-preview":"max-image-preview:large","max-video-preview":"max-video-preview:-1"},"canonical":"https:\/\/www.maxins.com\/de\/kontakt\/maxins-kosice\/","og_locale":"de_DE","og_type":"article","og_title":"MAXIN'S Ko\u0161ice - MAXIN\u2019S","og_description":"Die Niederlassung in Ko\u0161ice ist ein wichtiger Partner f\u00fcr Arbeitgeber und Arbeitssuchende in der Ostslowakei. Sie ist spezialisiert auf Personalvermittlung, Zeitarbeit und Outsourcing von Personaldienstleistungen f\u00fcr Branchen wie Automobil, Maschinenbau, Elektrotechnik, Logistik und Kundendienstzentren. Das B\u00fcro in Ko\u0161ice wickelt Rekrutierungsprojekte f\u00fcr Produktionsbetriebe und Shared Service Center ab und konzentriert sich dabei auf die Besetzung von [&hellip;]","og_url":"https:\/\/www.maxins.com\/de\/kontakt\/maxins-kosice\/","og_site_name":"MAXIN\u2019S","article_modified_time":"2025-03-25T07:40:43+00:00","og_image":[{"width":1845,"height":1384,"url":"https:\/\/www.maxins.com\/wp-content\/uploads\/2024\/11\/XD_Maxins_Group_NO-3.jpg","type":"image\/jpeg"}],"twitter_card":"summary_large_image","twitter_misc":{"Gesch\u00e4tzte Lesezeit":"1\u00a0Minute"},"schema":{"@context":"https:\/\/schema.org","@graph":[{"@type":"WebPage","@id":"https:\/\/www.maxins.com\/de\/kontakt\/maxins-kosice\/","url":"https:\/\/www.maxins.com\/de\/kontakt\/maxins-kosice\/","name":"MAXIN'S Ko\u0161ice - MAXIN\u2019S","isPartOf":{"@id":"https:\/\/www.maxins.com\/#website"},"primaryImageOfPage":{"@id":"https:\/\/www.maxins.com\/de\/kontakt\/maxins-kosice\/#primaryimage"},"image":{"@id":"https:\/\/www.maxins.com\/de\/kontakt\/maxins-kosice\/#primaryimage"},"thumbnailUrl":"https:\/\/www.maxins.com\/wp-content\/uploads\/2024\/11\/XD_Maxins_Group_NO-3.jpg","datePublished":"2024-11-29T09:15:48+00:00","dateModified":"2025-03-25T07:40:43+00:00","breadcrumb":{"@id":"https:\/\/www.maxins.com\/de\/kontakt\/maxins-kosice\/#breadcrumb"},"inLanguage":"de","potentialAction":[{"@type":"ReadAction","target":["https:\/\/www.maxins.com\/de\/kontakt\/maxins-kosice\/"]}]},{"@type":"ImageObject","inLanguage":"de","@id":"https:\/\/www.maxins.com\/de\/kontakt\/maxins-kosice\/#primaryimage","url":"https:\/\/www.maxins.com\/wp-content\/uploads\/2024\/11\/XD_Maxins_Group_NO-3.jpg","contentUrl":"https:\/\/www.maxins.com\/wp-content\/uploads\/2024\/11\/XD_Maxins_Group_NO-3.jpg","width":1845,"height":1384,"caption":"XD Maxins Group NO 3"},{"@type":"BreadcrumbList","@id":"https:\/\/www.maxins.com\/de\/kontakt\/maxins-kosice\/#breadcrumb","itemListElement":[{"@type":"ListItem","position":1,"name":"Domovsk\u00e1 str\u00e1nka","item":"https:\/\/www.maxins.com\/de\/"},{"@type":"ListItem","position":2,"name":"Kontakt","item":"https:\/\/www.maxins.com\/de\/kontakt\/"},{"@type":"ListItem","position":3,"name":"MAXIN&#8217;S Ko\u0161ice"}]},{"@type":"WebSite","@id":"https:\/\/www.maxins.com\/#website","url":"https:\/\/www.maxins.com\/","name":"MAXIN\u2019S","description":"","potentialAction":[{"@type":"SearchAction","target":{"@type":"EntryPoint","urlTemplate":"https:\/\/www.maxins.com\/?s={search_term_string}"},"query-input":{"@type":"PropertyValueSpecification","valueRequired":true,"valueName":"search_term_string"}}],"inLanguage":"de"}]}},"_links":{"self":[{"href":"https:\/\/www.maxins.com\/de\/wp-json\/wp\/v2\/pages\/9886","targetHints":{"allow":["GET"]}}],"collection":[{"href":"https:\/\/www.maxins.com\/de\/wp-json\/wp\/v2\/pages"}],"about":[{"href":"https:\/\/www.maxins.com\/de\/wp-json\/wp\/v2\/types\/page"}],"author":[{"embeddable":true,"href":"https:\/\/www.maxins.com\/de\/wp-json\/wp\/v2\/users\/3"}],"replies":[{"embeddable":true,"href":"https:\/\/www.maxins.com\/de\/wp-json\/wp\/v2\/comments?post=9886"}],"version-history":[{"count":3,"href":"https:\/\/www.maxins.com\/de\/wp-json\/wp\/v2\/pages\/9886\/revisions"}],"predecessor-version":[{"id":10277,"href":"https:\/\/www.maxins.com\/de\/wp-json\/wp\/v2\/pages\/9886\/revisions\/10277"}],"up":[{"embeddable":true,"href":"https:\/\/www.maxins.com\/de\/wp-json\/wp\/v2\/pages\/9876"}],"wp:featuredmedia":[{"embeddable":true,"href":"https:\/\/www.maxins.com\/de\/wp-json\/wp\/v2\/media\/1444"}],"wp:attachment":[{"href":"https:\/\/www.maxins.com\/de\/wp-json\/wp\/v2\/media?parent=9886"}],"curies":[{"name":"wp","href":"https:\/\/api.w.org\/{rel}","templated":true}]}}