{"id":9887,"date":"2024-11-29T08:21:29","date_gmt":"2024-11-29T08:21:29","guid":{"rendered":"https:\/\/www.maxins.com\/kontakt\/maxins-nitra\/"},"modified":"2025-03-25T07:46:57","modified_gmt":"2025-03-25T07:46:57","slug":"maxins-nitra","status":"publish","type":"page","link":"https:\/\/www.maxins.com\/de\/kontakt\/maxins-nitra\/","title":{"rendered":"MAXIN&#8217;S Nitra"},"content":{"rendered":"<div id=\"pl-9887\"  class=\"panel-layout\" ><div id=\"pg-9887-0\"  class=\"panel-grid panel-has-style\" ><div class=\"floating-sidebar-container siteorigin-panels-stretch panel-row-style panel-row-style-for-9887-0\" data-stretch-type=\"full\" ><div id=\"pgc-9887-0-0\"  class=\"panel-grid-cell\" ><div id=\"panel-9887-0-0-0\" class=\"so-panel widget widget_siteorigin-panels-builder panel-first-child panel-last-child\" data-index=\"0\" ><div class=\"floating-element panel-widget-style panel-widget-style-for-9887-0-0-0\" ><div id=\"pl-w67e25f61a3cff\"  class=\"panel-layout\" ><div id=\"pg-w67e25f61a3cff-0\"  class=\"panel-grid panel-no-style\" ><div id=\"pgc-w67e25f61a3cff-0-0\"  class=\"panel-grid-cell\" ><div id=\"panel-w67e25f61a3cff-0-0-0\" class=\"so-panel widget widget_siteorigin-panels-builder panel-first-child panel-last-child\" data-index=\"0\" ><div id=\"pl-w67e25f61a3d0a\"  class=\"panel-layout\" ><div id=\"pg-w67e25f61a3d0a-0\"  class=\"panel-grid panel-has-style\" ><div class=\"panel-row-style panel-row-style-for-w67e25f61a3d0a-0\" ><div id=\"pgc-w67e25f61a3d0a-0-0\"  class=\"panel-grid-cell\" ><div id=\"panel-w67e25f61a3d0a-0-0-0\" class=\"so-panel widget widget_sow-image panel-first-child\" data-index=\"0\" ><div\n\t\t\t\n\t\t\tclass=\"so-widget-sow-image so-widget-sow-image-default-8b5b6f678277\"\n\t\t\t\n\t\t>\n<div class=\"sow-image-container\">\n\t\t<img loading=\"lazy\" decoding=\"async\" src=\"https:\/\/www.maxins.com\/wp-content\/uploads\/2024\/11\/brno2024-356-1.jpg\" width=\"1000\" height=\"949\" srcset=\"https:\/\/www.maxins.com\/wp-content\/uploads\/2024\/11\/brno2024-356-1.jpg 1000w, https:\/\/www.maxins.com\/wp-content\/uploads\/2024\/11\/brno2024-356-1-300x285.jpg 300w, https:\/\/www.maxins.com\/wp-content\/uploads\/2024\/11\/brno2024-356-1-768x729.jpg 768w, https:\/\/www.maxins.com\/wp-content\/uploads\/2024\/11\/brno2024-356-1-480x456.jpg 480w, https:\/\/www.maxins.com\/wp-content\/uploads\/2024\/11\/brno2024-356-1-992x941.jpg 992w\" sizes=\"auto, (max-width: 1000px) 100vw, 1000px\" title=\"brno2024 356 1\" alt=\"\" \t\tclass=\"so-widget-image\"\/>\n\t<\/div>\n\n<\/div><\/div><div id=\"panel-w67e25f61a3d0a-0-0-1\" class=\"so-panel widget widget_sow-editor panel-last-child\" data-index=\"1\" ><div class=\"contact-info panel-widget-style panel-widget-style-for-w67e25f61a3d0a-0-0-1\" ><div\n\t\t\t\n\t\t\tclass=\"so-widget-sow-editor so-widget-sow-editor-base\"\n\t\t\t\n\t\t>\n<div class=\"siteorigin-widget-tinymce textwidget\">\n\t<p><strong>Jozef Pavlovi\u010d<\/strong><br \/>\nRegionaldirektor - West<\/p>\n<p><a href=\"tel: +421 905 938 143\">+421 905 938 143<\/a><br \/>\n<a href=\"mailto: jpavlovic@maxins.sk\">jpavlovic@maxins.sk<\/a><\/p>\n<p class=\"social-contact\"><a href=\"https:\/\/www.linkedin.com\/in\/jozef-pavlovic\/\" target=\"blank\" rel=\"noopener\">Linkedin<\/a><\/p>\n<\/div>\n<\/div><\/div><\/div><\/div><\/div><\/div><\/div><\/div><\/div><\/div><\/div><\/div><\/div><\/div><div id=\"pgc-9887-0-1\"  class=\"panel-grid-cell\" ><div id=\"panel-9887-0-1-0\" class=\"so-panel widget widget_sow-editor panel-first-child\" data-index=\"1\" ><div class=\"floating-sidebar-containe panel-widget-style panel-widget-style-for-9887-0-1-0\" ><div\n\t\t\t\n\t\t\tclass=\"so-widget-sow-editor so-widget-sow-editor-base\"\n\t\t\t\n\t\t>\n<div class=\"siteorigin-widget-tinymce textwidget\">\n\t<p>Die Niederlassung Nitra ist ein wichtiges regionales Zentrum f\u00fcr Personalbeschaffung und -dienstleistungen in der Region Nitra. Sie konzentriert sich auf die Rekrutierung, die zeitlich befristete \u00dcberlassung von Mitarbeitern und das Outsourcing von Personaldienstleistungen und arbeitet mit gro\u00dfen Unternehmen aus der Automobil-, Maschinenbau- und Logistikbranche zusammen.<\/p>\n<\/div>\n<\/div><\/div><\/div><div id=\"panel-9887-0-1-1\" class=\"so-panel widget widget_siteorigin-panels-builder\" data-index=\"2\" ><div class=\"panel-widget-style panel-widget-style-for-9887-0-1-1\" ><div id=\"pl-w679795944b038\"  class=\"panel-layout\" ><div id=\"pg-w679795944b038-0\"  class=\"panel-grid panel-has-style\" ><div class=\"panel-row-style panel-row-style-for-w679795944b038-0\" ><div id=\"pgc-w679795944b038-0-0\"  class=\"panel-grid-cell\" ><div id=\"panel-w679795944b038-0-0-0\" class=\"so-panel widget widget_sow-image panel-first-child panel-last-child\" data-index=\"0\" ><div class=\"panel-widget-style panel-widget-style-for-w679795944b038-0-0-0\" ><div\n\t\t\t\n\t\t\tclass=\"so-widget-sow-image so-widget-sow-image-default-8b5b6f678277\"\n\t\t\t\n\t\t><\/div><\/div><\/div><\/div><div id=\"pgc-w679795944b038-0-1\"  class=\"panel-grid-cell\" ><div id=\"panel-w679795944b038-0-1-0\" class=\"so-panel widget widget_sow-editor panel-first-child panel-last-child\" data-index=\"1\" ><div class=\"panel-widget-style panel-widget-style-for-w679795944b038-0-1-0\" ><div\n\t\t\t\n\t\t\tclass=\"so-widget-sow-editor so-widget-sow-editor-base\"\n\t\t\t\n\t\t>\n<div class=\"siteorigin-widget-tinymce textwidget\">\n\t<h3>MAXIN'S Nitra<\/h3>\n<p>Die \u00d6ffnungszeiten<br \/>\n<strong>Mo-Fr : 08:00 - 16:00<\/strong><\/p>\n<p>Adresse<\/p>\n<p>TAB\u00c1\u0147-Pal\u00e1nok 3,<br \/>\n949 01 Nitra<\/p>\n<p><a href=\"https:\/\/maps.app.goo.gl\/7yTXqSWCMh43PhHy6\" target=\"blank\" title=\"\" class=\"button button-inverse\" rel=\"noopener\">Navigieren Sie auf<\/a><\/p>\n<\/div>\n<\/div><\/div><\/div><\/div><\/div><\/div><\/div><\/div><\/div><div id=\"panel-9887-0-1-2\" class=\"so-panel widget widget_sow-editor\" data-index=\"3\" ><div class=\"floating-sidebar-containe panel-widget-style panel-widget-style-for-9887-0-1-2\" ><div\n\t\t\t\n\t\t\tclass=\"so-widget-sow-editor so-widget-sow-editor-base\"\n\t\t\t\n\t\t>\n<div class=\"siteorigin-widget-tinymce textwidget\">\n\t<p style=\"font-weight: 400;\">Die Niederlassung in Nitra deckt Personalbeschaffungsprojekte f\u00fcr Produktionsbetriebe und Logistikzentren ab, wobei der Schwerpunkt auf flexiblen L\u00f6sungen f\u00fcr Arbeitgeber und Qualit\u00e4tsservice f\u00fcr Arbeitssuchende liegt. Dank des Fachwissens und der Erfahrung des MAXIN'S-Teams hilft es Unternehmen, ihren Personalbedarf effektiv zu decken und unterst\u00fctzt gleichzeitig die Entwicklung des Arbeitsmarktes in der Region. <\/p>\n<\/div>\n<\/div><\/div><\/div><div id=\"panel-9887-0-1-3\" class=\"so-panel widget widget_sow-editor\" data-index=\"4\" ><div class=\"panel-widget-style panel-widget-style-for-9887-0-1-3\" ><div\n\t\t\t\n\t\t\tclass=\"so-widget-sow-editor so-widget-sow-editor-base\"\n\t\t\t\n\t\t>\n<div class=\"siteorigin-widget-tinymce textwidget\">\n\t<h3>Filiale<\/h3>\n<p style=\"uppercase\">3D Rundgang<\/p>\n<\/div>\n<\/div><\/div><\/div><div id=\"panel-9887-0-1-4\" class=\"so-panel widget widget_sow-editor\" data-index=\"5\" ><div\n\t\t\t\n\t\t\tclass=\"so-widget-sow-editor so-widget-sow-editor-base\"\n\t\t\t\n\t\t>\n<div class=\"siteorigin-widget-tinymce textwidget\">\n\t<p><iframe src=\"https:\/\/www.google.com\/maps\/embed?pb=!4v1738762788978!6m8!1m7!1sCAoSLUFGMVFpcFAzejVIaDE2bWtmMXlOMmIgcVlWRFpMNEh5d3FDMTBwRUh3dHpfRw..!2m2!1d48.3091233478358!2d18.08286217396149!3f191.39!4f0!5f0.7820865974627469\" width=\"100%\" height=\"500\" style=\"border:0;\" allowfullscreen=\"\" loading=\"lazy\" referrerpolicy=\"no-referrer-when-downgrade\"><\/iframe><\/p>\n<\/div>\n<\/div><\/div><div id=\"panel-9887-0-1-5\" class=\"so-panel widget widget_sow-editor panel-last-child\" data-index=\"6\" ><div class=\"panel-widget-style panel-widget-style-for-9887-0-1-5\" ><div\n\t\t\t\n\t\t\tclass=\"so-widget-sow-editor so-widget-sow-editor-base\"\n\t\t\t\n\t\t>\n<div class=\"siteorigin-widget-tinymce textwidget\">\n\t<p style=\"text-transform: uppercase\">Galerie<\/p>\n\t\t\t<style>\r\n                #foogallery-gallery-7786.fg-justified .fg-item {\r\n                    margin-right: 2px;\r\n                    margin-bottom: 2px;\r\n                }\r\n\r\n                #foogallery-gallery-7786.fg-justified .fg-image {\r\n                    height: 200px;\r\n                }\r\n\t\t\t<\/style>\r\n\t\t\t<div class=\"foogallery foogallery-container foogallery-justified foogallery-lightbox-foobox fg-justified fg-light fg-loading-default fg-loaded-fade-in fg-hover-fade fg-hover-zoom2 fg-ready\" id=\"foogallery-gallery-7786\" data-foogallery=\"{&quot;item&quot;:{&quot;showCaptionTitle&quot;:true,&quot;showCaptionDescription&quot;:false},&quot;lazy&quot;:true,&quot;template&quot;:{&quot;rowHeight&quot;:200,&quot;maxRowHeight&quot;:300,&quot;margins&quot;:2,&quot;align&quot;:&quot;left&quot;,&quot;lastRow&quot;:&quot;smart&quot;}}\" >\r\n\t<div class=\"fg-item fg-type-image fg-idle\"><figure class=\"fg-item-inner\"><a href=\"https:\/\/www.maxins.com\/wp-content\/uploads\/2025\/02\/nr17.jpg\" data-caption-title=\"nr17\" data-caption-desc=\"nr17\" data-attachment-id=\"7810\" data-type=\"image\" class=\"fg-thumb\"><span class=\"fg-image-wrap\"><img fetchpriority=\"high\" decoding=\"async\" alt=\"nr17\" title=\"nr17\" height=\"300\" width=\"400\" class=\"skip-lazy fg-image\" data-src-fg=\"https:\/\/www.maxins.com\/wp-content\/uploads\/cache\/2025\/02\/nr17\/3406824578.jpg\" data-srcset-fg=\"https:\/\/www.maxins.com\/wp-content\/uploads\/cache\/2025\/02\/nr17\/713918138.jpg 2x\" src=\"data:image\/svg+xml,%3Csvg%20xmlns%3D%22http%3A%2F%2Fwww.w3.org%2F2000%2Fsvg%22%20width%3D%22400%22%20height%3D%22300%22%20viewBox%3D%220%200%20400%20300%22%3E%3C%2Fsvg%3E\" loading=\"eager\"><\/span><span class=\"fg-image-overlay\"><\/span><\/a><figcaption class=\"fg-caption\"><div class=\"fg-caption-inner\"><div class=\"fg-caption-title\">nr17<\/div><\/div><\/figcaption><\/figure><div class=\"fg-loader\"><\/div><\/div><div class=\"fg-item fg-type-image fg-idle\"><figure class=\"fg-item-inner\"><a href=\"https:\/\/www.maxins.com\/wp-content\/uploads\/2025\/02\/nr15.jpg\" data-caption-title=\"nr15\" data-caption-desc=\"nr15\" data-attachment-id=\"7802\" data-type=\"image\" class=\"fg-thumb\"><span class=\"fg-image-wrap\"><img decoding=\"async\" alt=\"nr15\" title=\"nr15\" height=\"300\" width=\"400\" class=\"skip-lazy fg-image\" data-src-fg=\"https:\/\/www.maxins.com\/wp-content\/uploads\/cache\/2025\/02\/nr15\/2017466202.jpg\" data-srcset-fg=\"https:\/\/www.maxins.com\/wp-content\/uploads\/cache\/2025\/02\/nr15\/2581435746.jpg 2x\" src=\"data:image\/svg+xml,%3Csvg%20xmlns%3D%22http%3A%2F%2Fwww.w3.org%2F2000%2Fsvg%22%20width%3D%22400%22%20height%3D%22300%22%20viewBox%3D%220%200%20400%20300%22%3E%3C%2Fsvg%3E\" loading=\"eager\"><\/span><span class=\"fg-image-overlay\"><\/span><\/a><figcaption class=\"fg-caption\"><div class=\"fg-caption-inner\"><div class=\"fg-caption-title\">nr15<\/div><\/div><\/figcaption><\/figure><div class=\"fg-loader\"><\/div><\/div><div class=\"fg-item fg-type-image fg-idle\"><figure class=\"fg-item-inner\"><a href=\"https:\/\/www.maxins.com\/wp-content\/uploads\/2025\/02\/nr16.jpg\" data-caption-title=\"nr16\" data-caption-desc=\"nr16\" data-attachment-id=\"7806\" data-type=\"image\" class=\"fg-thumb\"><span class=\"fg-image-wrap\"><img decoding=\"async\" alt=\"nr16\" title=\"nr16\" height=\"300\" width=\"400\" class=\"skip-lazy fg-image\" data-src-fg=\"https:\/\/www.maxins.com\/wp-content\/uploads\/cache\/2025\/02\/nr16\/3080644200.jpg\" data-srcset-fg=\"https:\/\/www.maxins.com\/wp-content\/uploads\/cache\/2025\/02\/nr16\/1443062864.jpg 2x\" src=\"data:image\/svg+xml,%3Csvg%20xmlns%3D%22http%3A%2F%2Fwww.w3.org%2F2000%2Fsvg%22%20width%3D%22400%22%20height%3D%22300%22%20viewBox%3D%220%200%20400%20300%22%3E%3C%2Fsvg%3E\" loading=\"eager\"><\/span><span class=\"fg-image-overlay\"><\/span><\/a><figcaption class=\"fg-caption\"><div class=\"fg-caption-inner\"><div class=\"fg-caption-title\">nr16<\/div><\/div><\/figcaption><\/figure><div class=\"fg-loader\"><\/div><\/div><div class=\"fg-item fg-type-image fg-idle\"><figure class=\"fg-item-inner\"><a href=\"https:\/\/www.maxins.com\/wp-content\/uploads\/2025\/02\/nr18.jpg\" data-caption-title=\"nr18\" data-caption-desc=\"nr18\" data-attachment-id=\"7814\" data-type=\"image\" class=\"fg-thumb\"><span class=\"fg-image-wrap\"><img decoding=\"async\" alt=\"nr18\" title=\"nr18\" height=\"300\" width=\"400\" class=\"skip-lazy fg-image\" data-src-fg=\"https:\/\/www.maxins.com\/wp-content\/uploads\/cache\/2025\/02\/nr18\/1398923519.jpg\" data-srcset-fg=\"https:\/\/www.maxins.com\/wp-content\/uploads\/cache\/2025\/02\/nr18\/3002884807.jpg 2x\" src=\"data:image\/svg+xml,%3Csvg%20xmlns%3D%22http%3A%2F%2Fwww.w3.org%2F2000%2Fsvg%22%20width%3D%22400%22%20height%3D%22300%22%20viewBox%3D%220%200%20400%20300%22%3E%3C%2Fsvg%3E\" loading=\"eager\"><\/span><span class=\"fg-image-overlay\"><\/span><\/a><figcaption class=\"fg-caption\"><div class=\"fg-caption-inner\"><div class=\"fg-caption-title\">nr18<\/div><\/div><\/figcaption><\/figure><div class=\"fg-loader\"><\/div><\/div><div class=\"fg-item fg-type-image fg-idle\"><figure class=\"fg-item-inner\"><a href=\"https:\/\/www.maxins.com\/wp-content\/uploads\/2025\/02\/nr19.jpg\" data-caption-title=\"nr19\" data-caption-desc=\"nr19\" data-attachment-id=\"7818\" data-type=\"image\" class=\"fg-thumb\"><span class=\"fg-image-wrap\"><img decoding=\"async\" alt=\"nr19\" title=\"nr19\" height=\"300\" width=\"400\" class=\"skip-lazy fg-image\" data-src-fg=\"https:\/\/www.maxins.com\/wp-content\/uploads\/cache\/2025\/02\/nr19\/1547303698.jpg\" data-srcset-fg=\"https:\/\/www.maxins.com\/wp-content\/uploads\/cache\/2025\/02\/nr19\/3181672746.jpg 2x\" src=\"data:image\/svg+xml,%3Csvg%20xmlns%3D%22http%3A%2F%2Fwww.w3.org%2F2000%2Fsvg%22%20width%3D%22400%22%20height%3D%22300%22%20viewBox%3D%220%200%20400%20300%22%3E%3C%2Fsvg%3E\" loading=\"eager\"><\/span><span class=\"fg-image-overlay\"><\/span><\/a><figcaption class=\"fg-caption\"><div class=\"fg-caption-inner\"><div class=\"fg-caption-title\">nr19<\/div><\/div><\/figcaption><\/figure><div class=\"fg-loader\"><\/div><\/div><div class=\"fg-item fg-type-image fg-idle\"><figure class=\"fg-item-inner\"><a href=\"https:\/\/www.maxins.com\/wp-content\/uploads\/2025\/02\/nr14.jpg\" data-caption-title=\"nr14\" data-caption-desc=\"nr14\" data-attachment-id=\"7798\" data-type=\"image\" class=\"fg-thumb\"><span class=\"fg-image-wrap\"><img decoding=\"async\" alt=\"nr14\" title=\"nr14\" height=\"300\" width=\"400\" class=\"skip-lazy fg-image\" data-src-fg=\"https:\/\/www.maxins.com\/wp-content\/uploads\/cache\/2025\/02\/nr14\/3387467131.jpg\" data-srcset-fg=\"https:\/\/www.maxins.com\/wp-content\/uploads\/cache\/2025\/02\/nr14\/678766403.jpg 2x\" src=\"data:image\/svg+xml,%3Csvg%20xmlns%3D%22http%3A%2F%2Fwww.w3.org%2F2000%2Fsvg%22%20width%3D%22400%22%20height%3D%22300%22%20viewBox%3D%220%200%20400%20300%22%3E%3C%2Fsvg%3E\" loading=\"eager\"><\/span><span class=\"fg-image-overlay\"><\/span><\/a><figcaption class=\"fg-caption\"><div class=\"fg-caption-inner\"><div class=\"fg-caption-title\">nr14<\/div><\/div><\/figcaption><\/figure><div class=\"fg-loader\"><\/div><\/div><div class=\"fg-item fg-type-image fg-idle\"><figure class=\"fg-item-inner\"><a href=\"https:\/\/www.maxins.com\/wp-content\/uploads\/2025\/02\/nr5.jpg\" data-caption-title=\"nr5\" data-caption-desc=\"nr5\" data-attachment-id=\"7827\" data-type=\"image\" class=\"fg-thumb\"><span class=\"fg-image-wrap\"><img decoding=\"async\" alt=\"nr5\" title=\"nr5\" height=\"300\" width=\"400\" class=\"skip-lazy fg-image\" data-src-fg=\"https:\/\/www.maxins.com\/wp-content\/uploads\/cache\/2025\/02\/nr5\/149759296.jpg\" data-srcset-fg=\"https:\/\/www.maxins.com\/wp-content\/uploads\/cache\/2025\/02\/nr5\/2616657163.jpg 2x\" src=\"data:image\/svg+xml,%3Csvg%20xmlns%3D%22http%3A%2F%2Fwww.w3.org%2F2000%2Fsvg%22%20width%3D%22400%22%20height%3D%22300%22%20viewBox%3D%220%200%20400%20300%22%3E%3C%2Fsvg%3E\" loading=\"eager\"><\/span><span class=\"fg-image-overlay\"><\/span><\/a><figcaption class=\"fg-caption\"><div class=\"fg-caption-inner\"><div class=\"fg-caption-title\">nr5<\/div><\/div><\/figcaption><\/figure><div class=\"fg-loader\"><\/div><\/div><div class=\"fg-item fg-type-image fg-idle\"><figure class=\"fg-item-inner\"><a href=\"https:\/\/www.maxins.com\/wp-content\/uploads\/2025\/02\/nr2.jpg\" data-caption-title=\"nr2\" data-caption-desc=\"nr2\" data-attachment-id=\"7823\" data-type=\"image\" class=\"fg-thumb\"><span class=\"fg-image-wrap\"><img decoding=\"async\" alt=\"nr2\" title=\"nr2\" height=\"300\" width=\"400\" class=\"skip-lazy fg-image\" data-src-fg=\"https:\/\/www.maxins.com\/wp-content\/uploads\/cache\/2025\/02\/nr2\/1470406130.jpg\" data-srcset-fg=\"https:\/\/www.maxins.com\/wp-content\/uploads\/cache\/2025\/02\/nr2\/3300834745.jpg 2x\" src=\"data:image\/svg+xml,%3Csvg%20xmlns%3D%22http%3A%2F%2Fwww.w3.org%2F2000%2Fsvg%22%20width%3D%22400%22%20height%3D%22300%22%20viewBox%3D%220%200%20400%20300%22%3E%3C%2Fsvg%3E\" loading=\"eager\"><\/span><span class=\"fg-image-overlay\"><\/span><\/a><figcaption class=\"fg-caption\"><div class=\"fg-caption-inner\"><div class=\"fg-caption-title\">nr2<\/div><\/div><\/figcaption><\/figure><div class=\"fg-loader\"><\/div><\/div><div class=\"fg-item fg-type-image fg-idle\"><figure class=\"fg-item-inner\"><a href=\"https:\/\/www.maxins.com\/wp-content\/uploads\/2025\/02\/nr11.jpg\" data-caption-title=\"nr11\" data-caption-desc=\"nr11\" data-attachment-id=\"7790\" data-type=\"image\" class=\"fg-thumb\"><span class=\"fg-image-wrap\"><img decoding=\"async\" alt=\"nr11\" title=\"nr11\" height=\"300\" width=\"400\" class=\"skip-lazy fg-image\" data-src-fg=\"https:\/\/www.maxins.com\/wp-content\/uploads\/cache\/2025\/02\/nr11\/61556413.jpg\" data-srcset-fg=\"https:\/\/www.maxins.com\/wp-content\/uploads\/cache\/2025\/02\/nr11\/3795240069.jpg 2x\" src=\"data:image\/svg+xml,%3Csvg%20xmlns%3D%22http%3A%2F%2Fwww.w3.org%2F2000%2Fsvg%22%20width%3D%22400%22%20height%3D%22300%22%20viewBox%3D%220%200%20400%20300%22%3E%3C%2Fsvg%3E\" loading=\"eager\"><\/span><span class=\"fg-image-overlay\"><\/span><\/a><figcaption class=\"fg-caption\"><div class=\"fg-caption-inner\"><div class=\"fg-caption-title\">nr11<\/div><\/div><\/figcaption><\/figure><div class=\"fg-loader\"><\/div><\/div><\/div>\r\n\n<\/div>\n<\/div><\/div><\/div><\/div><\/div><\/div><\/div>","protected":false},"excerpt":{"rendered":"<p>Die Niederlassung Nitra ist ein wichtiges regionales Zentrum f\u00fcr Personalbeschaffung und -dienstleistungen in der Region Nitra. Sie konzentriert sich auf die Rekrutierung, die zeitlich befristete \u00dcberlassung von Mitarbeitern und das Outsourcing von Personaldienstleistungen und arbeitet mit gro\u00dfen Unternehmen aus der Automobil-, Maschinenbau- und Logistikbranche zusammen. Die Niederlassung in Nitra deckt Personalbeschaffungsprojekte f\u00fcr Produktionsbetriebe und Logistikzentren [&hellip;]<\/p>\n","protected":false},"author":3,"featured_media":7814,"parent":9876,"menu_order":0,"comment_status":"closed","ping_status":"closed","template":"","meta":{"_acf_changed":false,"footnotes":""},"class_list":["post-9887","page","type-page","status-publish","has-post-thumbnail","hentry"],"acf":[],"yoast_head":"<!-- This site is optimized with the Yoast SEO plugin v25.3.1 - https:\/\/yoast.com\/wordpress\/plugins\/seo\/ -->\n<title>MAXIN&#039;S Nitra - MAXIN\u2019S<\/title>\n<meta name=\"robots\" content=\"index, follow, max-snippet:-1, max-image-preview:large, max-video-preview:-1\" \/>\n<link rel=\"canonical\" href=\"https:\/\/www.maxins.com\/de\/kontakt\/maxins-nitra\/\" \/>\n<meta property=\"og:locale\" content=\"de_DE\" \/>\n<meta property=\"og:type\" content=\"article\" \/>\n<meta property=\"og:title\" content=\"MAXIN&#039;S Nitra - MAXIN\u2019S\" \/>\n<meta property=\"og:description\" content=\"Die Niederlassung Nitra ist ein wichtiges regionales Zentrum f\u00fcr Personalbeschaffung und -dienstleistungen in der Region Nitra. Sie konzentriert sich auf die Rekrutierung, die zeitlich befristete \u00dcberlassung von Mitarbeitern und das Outsourcing von Personaldienstleistungen und arbeitet mit gro\u00dfen Unternehmen aus der Automobil-, Maschinenbau- und Logistikbranche zusammen. Die Niederlassung in Nitra deckt Personalbeschaffungsprojekte f\u00fcr Produktionsbetriebe und Logistikzentren [&hellip;]\" \/>\n<meta property=\"og:url\" content=\"https:\/\/www.maxins.com\/de\/kontakt\/maxins-nitra\/\" \/>\n<meta property=\"og:site_name\" content=\"MAXIN\u2019S\" \/>\n<meta property=\"article:modified_time\" content=\"2025-03-25T07:46:57+00:00\" \/>\n<meta property=\"og:image\" content=\"https:\/\/www.maxins.com\/wp-content\/uploads\/2025\/02\/nr18.jpg\" \/>\n\t<meta property=\"og:image:width\" content=\"1845\" \/>\n\t<meta property=\"og:image:height\" content=\"1384\" \/>\n\t<meta property=\"og:image:type\" content=\"image\/jpeg\" \/>\n<meta name=\"twitter:card\" content=\"summary_large_image\" \/>\n<meta name=\"twitter:label1\" content=\"Gesch\u00e4tzte Lesezeit\" \/>\n\t<meta name=\"twitter:data1\" content=\"3\u00a0Minuten\" \/>\n<script type=\"application\/ld+json\" class=\"yoast-schema-graph\">{\"@context\":\"https:\/\/schema.org\",\"@graph\":[{\"@type\":\"WebPage\",\"@id\":\"https:\/\/www.maxins.com\/de\/kontakt\/maxins-nitra\/\",\"url\":\"https:\/\/www.maxins.com\/de\/kontakt\/maxins-nitra\/\",\"name\":\"MAXIN'S Nitra - MAXIN\u2019S\",\"isPartOf\":{\"@id\":\"https:\/\/www.maxins.com\/#website\"},\"primaryImageOfPage\":{\"@id\":\"https:\/\/www.maxins.com\/de\/kontakt\/maxins-nitra\/#primaryimage\"},\"image\":{\"@id\":\"https:\/\/www.maxins.com\/de\/kontakt\/maxins-nitra\/#primaryimage\"},\"thumbnailUrl\":\"https:\/\/www.maxins.com\/wp-content\/uploads\/2025\/02\/nr18.jpg\",\"datePublished\":\"2024-11-29T08:21:29+00:00\",\"dateModified\":\"2025-03-25T07:46:57+00:00\",\"breadcrumb\":{\"@id\":\"https:\/\/www.maxins.com\/de\/kontakt\/maxins-nitra\/#breadcrumb\"},\"inLanguage\":\"de\",\"potentialAction\":[{\"@type\":\"ReadAction\",\"target\":[\"https:\/\/www.maxins.com\/de\/kontakt\/maxins-nitra\/\"]}]},{\"@type\":\"ImageObject\",\"inLanguage\":\"de\",\"@id\":\"https:\/\/www.maxins.com\/de\/kontakt\/maxins-nitra\/#primaryimage\",\"url\":\"https:\/\/www.maxins.com\/wp-content\/uploads\/2025\/02\/nr18.jpg\",\"contentUrl\":\"https:\/\/www.maxins.com\/wp-content\/uploads\/2025\/02\/nr18.jpg\",\"width\":1845,\"height\":1384,\"caption\":\"nr18\"},{\"@type\":\"BreadcrumbList\",\"@id\":\"https:\/\/www.maxins.com\/de\/kontakt\/maxins-nitra\/#breadcrumb\",\"itemListElement\":[{\"@type\":\"ListItem\",\"position\":1,\"name\":\"Domovsk\u00e1 str\u00e1nka\",\"item\":\"https:\/\/www.maxins.com\/de\/\"},{\"@type\":\"ListItem\",\"position\":2,\"name\":\"Kontakt\",\"item\":\"https:\/\/www.maxins.com\/de\/kontakt\/\"},{\"@type\":\"ListItem\",\"position\":3,\"name\":\"MAXIN&#8217;S Nitra\"}]},{\"@type\":\"WebSite\",\"@id\":\"https:\/\/www.maxins.com\/#website\",\"url\":\"https:\/\/www.maxins.com\/\",\"name\":\"MAXIN\u2019S\",\"description\":\"\",\"potentialAction\":[{\"@type\":\"SearchAction\",\"target\":{\"@type\":\"EntryPoint\",\"urlTemplate\":\"https:\/\/www.maxins.com\/?s={search_term_string}\"},\"query-input\":{\"@type\":\"PropertyValueSpecification\",\"valueRequired\":true,\"valueName\":\"search_term_string\"}}],\"inLanguage\":\"de\"}]}<\/script>\n<!-- \/ Yoast SEO plugin. -->","yoast_head_json":{"title":"MAXIN'S Nitra - MAXIN\u2019S","robots":{"index":"index","follow":"follow","max-snippet":"max-snippet:-1","max-image-preview":"max-image-preview:large","max-video-preview":"max-video-preview:-1"},"canonical":"https:\/\/www.maxins.com\/de\/kontakt\/maxins-nitra\/","og_locale":"de_DE","og_type":"article","og_title":"MAXIN'S Nitra - MAXIN\u2019S","og_description":"Die Niederlassung Nitra ist ein wichtiges regionales Zentrum f\u00fcr Personalbeschaffung und -dienstleistungen in der Region Nitra. Sie konzentriert sich auf die Rekrutierung, die zeitlich befristete \u00dcberlassung von Mitarbeitern und das Outsourcing von Personaldienstleistungen und arbeitet mit gro\u00dfen Unternehmen aus der Automobil-, Maschinenbau- und Logistikbranche zusammen. Die Niederlassung in Nitra deckt Personalbeschaffungsprojekte f\u00fcr Produktionsbetriebe und Logistikzentren [&hellip;]","og_url":"https:\/\/www.maxins.com\/de\/kontakt\/maxins-nitra\/","og_site_name":"MAXIN\u2019S","article_modified_time":"2025-03-25T07:46:57+00:00","og_image":[{"width":1845,"height":1384,"url":"https:\/\/www.maxins.com\/wp-content\/uploads\/2025\/02\/nr18.jpg","type":"image\/jpeg"}],"twitter_card":"summary_large_image","twitter_misc":{"Gesch\u00e4tzte Lesezeit":"3\u00a0Minuten"},"schema":{"@context":"https:\/\/schema.org","@graph":[{"@type":"WebPage","@id":"https:\/\/www.maxins.com\/de\/kontakt\/maxins-nitra\/","url":"https:\/\/www.maxins.com\/de\/kontakt\/maxins-nitra\/","name":"MAXIN'S Nitra - MAXIN\u2019S","isPartOf":{"@id":"https:\/\/www.maxins.com\/#website"},"primaryImageOfPage":{"@id":"https:\/\/www.maxins.com\/de\/kontakt\/maxins-nitra\/#primaryimage"},"image":{"@id":"https:\/\/www.maxins.com\/de\/kontakt\/maxins-nitra\/#primaryimage"},"thumbnailUrl":"https:\/\/www.maxins.com\/wp-content\/uploads\/2025\/02\/nr18.jpg","datePublished":"2024-11-29T08:21:29+00:00","dateModified":"2025-03-25T07:46:57+00:00","breadcrumb":{"@id":"https:\/\/www.maxins.com\/de\/kontakt\/maxins-nitra\/#breadcrumb"},"inLanguage":"de","potentialAction":[{"@type":"ReadAction","target":["https:\/\/www.maxins.com\/de\/kontakt\/maxins-nitra\/"]}]},{"@type":"ImageObject","inLanguage":"de","@id":"https:\/\/www.maxins.com\/de\/kontakt\/maxins-nitra\/#primaryimage","url":"https:\/\/www.maxins.com\/wp-content\/uploads\/2025\/02\/nr18.jpg","contentUrl":"https:\/\/www.maxins.com\/wp-content\/uploads\/2025\/02\/nr18.jpg","width":1845,"height":1384,"caption":"nr18"},{"@type":"BreadcrumbList","@id":"https:\/\/www.maxins.com\/de\/kontakt\/maxins-nitra\/#breadcrumb","itemListElement":[{"@type":"ListItem","position":1,"name":"Domovsk\u00e1 str\u00e1nka","item":"https:\/\/www.maxins.com\/de\/"},{"@type":"ListItem","position":2,"name":"Kontakt","item":"https:\/\/www.maxins.com\/de\/kontakt\/"},{"@type":"ListItem","position":3,"name":"MAXIN&#8217;S Nitra"}]},{"@type":"WebSite","@id":"https:\/\/www.maxins.com\/#website","url":"https:\/\/www.maxins.com\/","name":"MAXIN\u2019S","description":"","potentialAction":[{"@type":"SearchAction","target":{"@type":"EntryPoint","urlTemplate":"https:\/\/www.maxins.com\/?s={search_term_string}"},"query-input":{"@type":"PropertyValueSpecification","valueRequired":true,"valueName":"search_term_string"}}],"inLanguage":"de"}]}},"_links":{"self":[{"href":"https:\/\/www.maxins.com\/de\/wp-json\/wp\/v2\/pages\/9887","targetHints":{"allow":["GET"]}}],"collection":[{"href":"https:\/\/www.maxins.com\/de\/wp-json\/wp\/v2\/pages"}],"about":[{"href":"https:\/\/www.maxins.com\/de\/wp-json\/wp\/v2\/types\/page"}],"author":[{"embeddable":true,"href":"https:\/\/www.maxins.com\/de\/wp-json\/wp\/v2\/users\/3"}],"replies":[{"embeddable":true,"href":"https:\/\/www.maxins.com\/de\/wp-json\/wp\/v2\/comments?post=9887"}],"version-history":[{"count":4,"href":"https:\/\/www.maxins.com\/de\/wp-json\/wp\/v2\/pages\/9887\/revisions"}],"predecessor-version":[{"id":10294,"href":"https:\/\/www.maxins.com\/de\/wp-json\/wp\/v2\/pages\/9887\/revisions\/10294"}],"up":[{"embeddable":true,"href":"https:\/\/www.maxins.com\/de\/wp-json\/wp\/v2\/pages\/9876"}],"wp:featuredmedia":[{"embeddable":true,"href":"https:\/\/www.maxins.com\/de\/wp-json\/wp\/v2\/media\/7814"}],"wp:attachment":[{"href":"https:\/\/www.maxins.com\/de\/wp-json\/wp\/v2\/media?parent=9887"}],"curies":[{"name":"wp","href":"https:\/\/api.w.org\/{rel}","templated":true}]}}