{"id":9895,"date":"2024-11-29T07:54:54","date_gmt":"2024-11-29T07:54:54","guid":{"rendered":"https:\/\/www.maxins.com\/kontakt\/maxins-zilina\/"},"modified":"2025-03-25T07:59:24","modified_gmt":"2025-03-25T07:59:24","slug":"maxins-zilina","status":"publish","type":"page","link":"https:\/\/www.maxins.com\/de\/kontakt\/maxins-zilina\/","title":{"rendered":"MAXIN&#8217;S \u017dilina"},"content":{"rendered":"<div id=\"pl-9895\"  class=\"panel-layout\" ><div id=\"pg-9895-0\"  class=\"panel-grid panel-has-style\" ><div class=\"floating-sidebar-container siteorigin-panels-stretch panel-row-style panel-row-style-for-9895-0\" data-stretch-type=\"full\" ><div id=\"pgc-9895-0-0\"  class=\"panel-grid-cell\" ><div id=\"panel-9895-0-0-0\" class=\"so-panel widget widget_siteorigin-panels-builder panel-first-child panel-last-child\" data-index=\"0\" ><div class=\"floating-element panel-widget-style panel-widget-style-for-9895-0-0-0\" ><div id=\"pl-w67e2624a912d7\"  class=\"panel-layout\" ><div id=\"pg-w67e2624a912d7-0\"  class=\"panel-grid panel-no-style\" ><div id=\"pgc-w67e2624a912d7-0-0\"  class=\"panel-grid-cell\" ><div id=\"panel-w67e2624a912d7-0-0-0\" class=\"so-panel widget widget_siteorigin-panels-builder panel-first-child panel-last-child\" data-index=\"0\" ><div id=\"pl-w67e2624a912e6\"  class=\"panel-layout\" ><div id=\"pg-w67e2624a912e6-0\"  class=\"panel-grid panel-has-style\" ><div class=\"panel-row-style panel-row-style-for-w67e2624a912e6-0\" ><div id=\"pgc-w67e2624a912e6-0-0\"  class=\"panel-grid-cell\" ><div id=\"panel-w67e2624a912e6-0-0-0\" class=\"so-panel widget widget_sow-image panel-first-child\" data-index=\"0\" ><div\n\t\t\t\n\t\t\tclass=\"so-widget-sow-image so-widget-sow-image-default-8b5b6f678277\"\n\t\t\t\n\t\t>\n<div class=\"sow-image-container\">\n\t\t<img loading=\"lazy\" decoding=\"async\" src=\"https:\/\/www.maxins.com\/wp-content\/uploads\/2025\/01\/Lucia_HRENAKOVA-e1739951934688.jpg\" width=\"1093\" height=\"1037\" srcset=\"https:\/\/www.maxins.com\/wp-content\/uploads\/2025\/01\/Lucia_HRENAKOVA-e1739951934688.jpg 1093w, https:\/\/www.maxins.com\/wp-content\/uploads\/2025\/01\/Lucia_HRENAKOVA-e1739951934688-300x285.jpg 300w, https:\/\/www.maxins.com\/wp-content\/uploads\/2025\/01\/Lucia_HRENAKOVA-e1739951934688-1024x972.jpg 1024w, https:\/\/www.maxins.com\/wp-content\/uploads\/2025\/01\/Lucia_HRENAKOVA-e1739951934688-768x729.jpg 768w, https:\/\/www.maxins.com\/wp-content\/uploads\/2025\/01\/Lucia_HRENAKOVA-e1739951934688-480x455.jpg 480w, https:\/\/www.maxins.com\/wp-content\/uploads\/2025\/01\/Lucia_HRENAKOVA-e1739951934688-992x941.jpg 992w\" sizes=\"auto, (max-width: 1093px) 100vw, 1093px\" title=\"Lucia HRENAKOVA e1739951934688\" alt=\"\" \t\tclass=\"so-widget-image\"\/>\n\t<\/div>\n\n<\/div><\/div><div id=\"panel-w67e2624a912e6-0-0-1\" class=\"so-panel widget widget_sow-editor panel-last-child\" data-index=\"1\" ><div class=\"contact-info panel-widget-style panel-widget-style-for-w67e2624a912e6-0-0-1\" ><div\n\t\t\t\n\t\t\tclass=\"so-widget-sow-editor so-widget-sow-editor-base\"\n\t\t\t\n\t\t>\n<div class=\"siteorigin-widget-tinymce textwidget\">\n\t<p><strong>Lucia Hren\u00e1kov\u00e1<br \/>\n<\/strong>Regionaldirektor - Mitte<\/p>\n<p><a href=\"tel: +421 905 803 015\">+421 905 803 015<\/a><br \/>\n<a href=\"mailto: lhrenakova@maxins.sk\">lhrenakova@maxins.sk<\/a><\/p>\n<p class=\"social-contact\"><a href=\"https:\/\/www.linkedin.com\/in\/lucia-hren%C3%A1kov%C3%A1-34639a1b7\/\" target=\"blank\" rel=\"noopener\">Linkedin<\/a><\/p>\n<\/div>\n<\/div><\/div><\/div><\/div><\/div><\/div><\/div><\/div><\/div><\/div><\/div><\/div><\/div><\/div><div id=\"pgc-9895-0-1\"  class=\"panel-grid-cell\" ><div id=\"panel-9895-0-1-0\" class=\"so-panel widget widget_sow-editor panel-first-child\" data-index=\"1\" ><div class=\"floating-sidebar-containe panel-widget-style panel-widget-style-for-9895-0-1-0\" ><div\n\t\t\t\n\t\t\tclass=\"so-widget-sow-editor so-widget-sow-editor-base\"\n\t\t\t\n\t\t>\n<div class=\"siteorigin-widget-tinymce textwidget\">\n\t<p>Die Niederlassung in \u017dilina ist eines der wichtigsten Zentren f\u00fcr Personalbeschaffung und Personaldienstleistungen in der Nordwestslowakei. Sie konzentriert sich auf die Rekrutierung, die zeitlich befristete \u00dcberlassung von Mitarbeitern und das Outsourcing von HR-L\u00f6sungen f\u00fcr Unternehmen in der Automobil-, Maschinenbau- und Logistikbranche.<\/p>\n<\/div>\n<\/div><\/div><\/div><div id=\"panel-9895-0-1-1\" class=\"so-panel widget widget_siteorigin-panels-builder\" data-index=\"2\" ><div class=\"panel-widget-style panel-widget-style-for-9895-0-1-1\" ><div id=\"pl-w679795b635f3b\"  class=\"panel-layout\" ><div id=\"pg-w679795b635f3b-0\"  class=\"panel-grid panel-has-style\" ><div class=\"panel-row-style panel-row-style-for-w679795b635f3b-0\" ><div id=\"pgc-w679795b635f3b-0-0\"  class=\"panel-grid-cell\" ><div id=\"panel-w679795b635f3b-0-0-0\" class=\"so-panel widget widget_sow-image panel-first-child panel-last-child\" data-index=\"0\" ><div class=\"panel-widget-style panel-widget-style-for-w679795b635f3b-0-0-0\" ><div\n\t\t\t\n\t\t\tclass=\"so-widget-sow-image so-widget-sow-image-default-8b5b6f678277\"\n\t\t\t\n\t\t><\/div><\/div><\/div><\/div><div id=\"pgc-w679795b635f3b-0-1\"  class=\"panel-grid-cell\" ><div id=\"panel-w679795b635f3b-0-1-0\" class=\"so-panel widget widget_sow-editor panel-first-child panel-last-child\" data-index=\"1\" ><div class=\"panel-widget-style panel-widget-style-for-w679795b635f3b-0-1-0\" ><div\n\t\t\t\n\t\t\tclass=\"so-widget-sow-editor so-widget-sow-editor-base\"\n\t\t\t\n\t\t>\n<div class=\"siteorigin-widget-tinymce textwidget\">\n\t<h3>MAXIN'S \u017dilina<\/h3>\n<p>Die \u00d6ffnungszeiten<br \/>\n<strong>Mo-Fr : 08:00 - 16:00<\/strong><\/p>\n<p>Adresse<\/p>\n<p>1. m\u00e1ja 1016\/4,<br \/>\n010 01 \u017dilina<\/p>\n<p><a href=\"https:\/\/maps.app.goo.gl\/5D6RqK2UvkpfPbgB7\" target=\"blank\" title=\"\" class=\"button button-inverse\" rel=\"noopener\">Navigieren Sie auf<\/a><\/p>\n<\/div>\n<\/div><\/div><\/div><\/div><\/div><\/div><\/div><\/div><\/div><div id=\"panel-9895-0-1-2\" class=\"so-panel widget widget_sow-editor\" data-index=\"3\" ><div class=\"floating-sidebar-containe panel-widget-style panel-widget-style-for-9895-0-1-2\" ><div\n\t\t\t\n\t\t\tclass=\"so-widget-sow-editor so-widget-sow-editor-base\"\n\t\t\t\n\t\t>\n<div class=\"siteorigin-widget-tinymce textwidget\">\n\t<p style=\"font-weight: 400;\">Die Niederlassung in \u017dilina \u00fcbernimmt Rekrutierungsprojekte sowohl f\u00fcr internationale als auch f\u00fcr lokale Unternehmen, wobei der Schwerpunkt auf der effizienten Vermittlung von Spezialisten und einer gr\u00f6\u00dferen Anzahl von weniger qualifizierten Mitarbeitern liegt.<\/p>\n<\/div>\n<\/div><\/div><\/div><div id=\"panel-9895-0-1-3\" class=\"so-panel widget widget_sow-editor\" data-index=\"4\" ><div class=\"panel-widget-style panel-widget-style-for-9895-0-1-3\" ><div\n\t\t\t\n\t\t\tclass=\"so-widget-sow-editor so-widget-sow-editor-base\"\n\t\t\t\n\t\t>\n<div class=\"siteorigin-widget-tinymce textwidget\">\n\t<h3>Filiale<\/h3>\n<p style=\"uppercase\">3D Rundgang<\/p>\n<\/div>\n<\/div><\/div><\/div><div id=\"panel-9895-0-1-4\" class=\"so-panel widget widget_sow-editor\" data-index=\"5\" ><div\n\t\t\t\n\t\t\tclass=\"so-widget-sow-editor so-widget-sow-editor-base\"\n\t\t\t\n\t\t>\n<div class=\"siteorigin-widget-tinymce textwidget\">\n\t<p><iframe src=\"https:\/\/www.google.com\/maps\/embed?pb=!4v1738763688244!6m8!1m7!1sCAoSLEFGMVFpcFB6blZxbUx4VE5rb0o0akxMLW9ERmtyLURFUjhEN0M2SDI5akNW!2m2!1d49.2208238501938!2d18.74653439793585!3f337.1322089296379!4f-9.60019090037423!5f0.7820865974627469\" width=\"100%\" height=\"500\" style=\"border:0;\" allowfullscreen=\"\" loading=\"lazy\" referrerpolicy=\"no-referrer-when-downgrade\"><\/iframe><\/p>\n<\/div>\n<\/div><\/div><div id=\"panel-9895-0-1-5\" class=\"so-panel widget widget_sow-editor panel-last-child\" data-index=\"6\" ><div class=\"panel-widget-style panel-widget-style-for-9895-0-1-5\" ><div\n\t\t\t\n\t\t\tclass=\"so-widget-sow-editor so-widget-sow-editor-base\"\n\t\t\t\n\t\t>\n<div class=\"siteorigin-widget-tinymce textwidget\">\n\t<p style=\"text-transform: uppercase\">Galerie<\/p>\n\t\t\t<style>\r\n                #foogallery-gallery-1352.fg-justified .fg-item {\r\n                    margin-right: 2px;\r\n                    margin-bottom: 2px;\r\n                }\r\n\r\n                #foogallery-gallery-1352.fg-justified .fg-image {\r\n                    height: 180px;\r\n                }\r\n\t\t\t<\/style>\r\n\t\t\t<div class=\"foogallery foogallery-container foogallery-justified foogallery-lightbox-foobox fg-justified fg-light fg-loading-default fg-loaded-fade-in fg-hover-fade fg-hover-zoom2 fg-ready\" id=\"foogallery-gallery-1352\" data-foogallery=\"{&quot;item&quot;:{&quot;showCaptionTitle&quot;:true,&quot;showCaptionDescription&quot;:false},&quot;lazy&quot;:true,&quot;template&quot;:{&quot;rowHeight&quot;:180,&quot;maxRowHeight&quot;:300,&quot;margins&quot;:2,&quot;align&quot;:&quot;left&quot;,&quot;lastRow&quot;:&quot;smart&quot;}}\" >\r\n\t<div class=\"fg-item fg-type-image fg-idle\"><figure class=\"fg-item-inner\"><a href=\"https:\/\/www.maxins.com\/wp-content\/uploads\/2024\/11\/XD_Maxins_Group_nologo-1.jpg\" data-caption-title=\"XD Maxins Group nologo 1\" data-caption-desc=\"XD Maxins Group nologo 1\" data-attachment-id=\"7745\" data-type=\"image\" class=\"fg-thumb\"><span class=\"fg-image-wrap\"><img fetchpriority=\"high\" decoding=\"async\" alt=\"XD Maxins Group nologo 1\" title=\"XD Maxins Group nologo 1\" height=\"300\" width=\"400\" class=\"skip-lazy fg-image\" data-src-fg=\"https:\/\/www.maxins.com\/wp-content\/uploads\/cache\/2024\/11\/XD_Maxins_Group_nologo-1\/3592030347.jpg\" data-srcset-fg=\"https:\/\/www.maxins.com\/wp-content\/uploads\/cache\/2024\/11\/XD_Maxins_Group_nologo-1\/2524048188.jpg 2x\" src=\"data:image\/svg+xml,%3Csvg%20xmlns%3D%22http%3A%2F%2Fwww.w3.org%2F2000%2Fsvg%22%20width%3D%22400%22%20height%3D%22300%22%20viewBox%3D%220%200%20400%20300%22%3E%3C%2Fsvg%3E\" loading=\"eager\"><\/span><span class=\"fg-image-overlay\"><\/span><\/a><figcaption class=\"fg-caption\"><div class=\"fg-caption-inner\"><div class=\"fg-caption-title\">XD Maxins Group nologo 1<\/div><\/div><\/figcaption><\/figure><div class=\"fg-loader\"><\/div><\/div><div class=\"fg-item fg-type-image fg-idle\"><figure class=\"fg-item-inner\"><a href=\"https:\/\/www.maxins.com\/wp-content\/uploads\/2024\/11\/XD_Maxins_Group_nologo-4.jpg\" data-caption-title=\"XD Maxins Group nologo 4\" data-caption-desc=\"XD Maxins Group nologo 4\" data-attachment-id=\"7749\" data-type=\"image\" class=\"fg-thumb\"><span class=\"fg-image-wrap\"><img decoding=\"async\" alt=\"XD Maxins Group nologo 4\" title=\"XD Maxins Group nologo 4\" height=\"300\" width=\"400\" class=\"skip-lazy fg-image\" data-src-fg=\"https:\/\/www.maxins.com\/wp-content\/uploads\/cache\/2024\/11\/XD_Maxins_Group_nologo-4\/2006383232.jpg\" data-srcset-fg=\"https:\/\/www.maxins.com\/wp-content\/uploads\/cache\/2024\/11\/XD_Maxins_Group_nologo-4\/939333943.jpg 2x\" src=\"data:image\/svg+xml,%3Csvg%20xmlns%3D%22http%3A%2F%2Fwww.w3.org%2F2000%2Fsvg%22%20width%3D%22400%22%20height%3D%22300%22%20viewBox%3D%220%200%20400%20300%22%3E%3C%2Fsvg%3E\" loading=\"eager\"><\/span><span class=\"fg-image-overlay\"><\/span><\/a><figcaption class=\"fg-caption\"><div class=\"fg-caption-inner\"><div class=\"fg-caption-title\">XD Maxins Group nologo 4<\/div><\/div><\/figcaption><\/figure><div class=\"fg-loader\"><\/div><\/div><div class=\"fg-item fg-type-image fg-idle\"><figure class=\"fg-item-inner\"><a href=\"https:\/\/www.maxins.com\/wp-content\/uploads\/2024\/11\/XD_Maxins_Group_nologo-10.jpg\" data-caption-title=\"XD Maxins Group nologo 10\" data-caption-desc=\"XD Maxins Group nologo 10\" data-attachment-id=\"7753\" data-type=\"image\" class=\"fg-thumb\"><span class=\"fg-image-wrap\"><img decoding=\"async\" alt=\"XD Maxins Group nologo 10\" title=\"XD Maxins Group nologo 10\" height=\"300\" width=\"400\" class=\"skip-lazy fg-image\" data-src-fg=\"https:\/\/www.maxins.com\/wp-content\/uploads\/cache\/2024\/11\/XD_Maxins_Group_nologo-10\/1313336301.jpg\" data-srcset-fg=\"https:\/\/www.maxins.com\/wp-content\/uploads\/cache\/2024\/11\/XD_Maxins_Group_nologo-10\/453158433.jpg 2x\" src=\"data:image\/svg+xml,%3Csvg%20xmlns%3D%22http%3A%2F%2Fwww.w3.org%2F2000%2Fsvg%22%20width%3D%22400%22%20height%3D%22300%22%20viewBox%3D%220%200%20400%20300%22%3E%3C%2Fsvg%3E\" loading=\"eager\"><\/span><span class=\"fg-image-overlay\"><\/span><\/a><figcaption class=\"fg-caption\"><div class=\"fg-caption-inner\"><div class=\"fg-caption-title\">XD Maxins Group nologo 10<\/div><\/div><\/figcaption><\/figure><div class=\"fg-loader\"><\/div><\/div><div class=\"fg-item fg-type-image fg-idle\"><figure class=\"fg-item-inner\"><a href=\"https:\/\/www.maxins.com\/wp-content\/uploads\/2024\/11\/XD_Maxins_Group_nologo-15.jpg\" data-caption-title=\"XD Maxins Group nologo 15\" data-caption-desc=\"XD Maxins Group nologo 15\" data-attachment-id=\"7757\" data-type=\"image\" class=\"fg-thumb\"><span class=\"fg-image-wrap\"><img decoding=\"async\" alt=\"XD Maxins Group nologo 15\" title=\"XD Maxins Group nologo 15\" height=\"300\" width=\"400\" class=\"skip-lazy fg-image\" data-src-fg=\"https:\/\/www.maxins.com\/wp-content\/uploads\/cache\/2024\/11\/XD_Maxins_Group_nologo-15\/4213905317.jpg\" data-srcset-fg=\"https:\/\/www.maxins.com\/wp-content\/uploads\/cache\/2024\/11\/XD_Maxins_Group_nologo-15\/2926467689.jpg 2x\" src=\"data:image\/svg+xml,%3Csvg%20xmlns%3D%22http%3A%2F%2Fwww.w3.org%2F2000%2Fsvg%22%20width%3D%22400%22%20height%3D%22300%22%20viewBox%3D%220%200%20400%20300%22%3E%3C%2Fsvg%3E\" loading=\"eager\"><\/span><span class=\"fg-image-overlay\"><\/span><\/a><figcaption class=\"fg-caption\"><div class=\"fg-caption-inner\"><div class=\"fg-caption-title\">XD Maxins Group nologo 15<\/div><\/div><\/figcaption><\/figure><div class=\"fg-loader\"><\/div><\/div><div class=\"fg-item fg-type-image fg-idle\"><figure class=\"fg-item-inner\"><a href=\"https:\/\/www.maxins.com\/wp-content\/uploads\/2024\/11\/XD_Maxins_Group_nologo-18.jpg\" data-caption-title=\"XD Maxins Group nologo 18\" data-caption-desc=\"XD Maxins Group nologo 18\" data-attachment-id=\"7765\" data-type=\"image\" class=\"fg-thumb\"><span class=\"fg-image-wrap\"><img decoding=\"async\" alt=\"XD Maxins Group nologo 18\" title=\"XD Maxins Group nologo 18\" height=\"300\" width=\"400\" class=\"skip-lazy fg-image\" data-src-fg=\"https:\/\/www.maxins.com\/wp-content\/uploads\/cache\/2024\/11\/XD_Maxins_Group_nologo-18\/2417439198.jpg\" data-srcset-fg=\"https:\/\/www.maxins.com\/wp-content\/uploads\/cache\/2024\/11\/XD_Maxins_Group_nologo-18\/3310517266.jpg 2x\" src=\"data:image\/svg+xml,%3Csvg%20xmlns%3D%22http%3A%2F%2Fwww.w3.org%2F2000%2Fsvg%22%20width%3D%22400%22%20height%3D%22300%22%20viewBox%3D%220%200%20400%20300%22%3E%3C%2Fsvg%3E\" loading=\"eager\"><\/span><span class=\"fg-image-overlay\"><\/span><\/a><figcaption class=\"fg-caption\"><div class=\"fg-caption-inner\"><div class=\"fg-caption-title\">XD Maxins Group nologo 18<\/div><\/div><\/figcaption><\/figure><div class=\"fg-loader\"><\/div><\/div><div class=\"fg-item fg-type-image fg-idle\"><figure class=\"fg-item-inner\"><a href=\"https:\/\/www.maxins.com\/wp-content\/uploads\/2024\/11\/XD_Maxins_Group_nologo-20.jpg\" data-caption-title=\"XD Maxins Group nologo 20\" data-caption-desc=\"XD Maxins Group nologo 20\" data-attachment-id=\"7769\" data-type=\"image\" class=\"fg-thumb\"><span class=\"fg-image-wrap\"><img decoding=\"async\" alt=\"XD Maxins Group nologo 20\" title=\"XD Maxins Group nologo 20\" height=\"300\" width=\"400\" class=\"skip-lazy fg-image\" data-src-fg=\"https:\/\/www.maxins.com\/wp-content\/uploads\/cache\/2024\/11\/XD_Maxins_Group_nologo-20\/2811954843.jpg\" data-srcset-fg=\"https:\/\/www.maxins.com\/wp-content\/uploads\/cache\/2024\/11\/XD_Maxins_Group_nologo-20\/4074654551.jpg 2x\" src=\"data:image\/svg+xml,%3Csvg%20xmlns%3D%22http%3A%2F%2Fwww.w3.org%2F2000%2Fsvg%22%20width%3D%22400%22%20height%3D%22300%22%20viewBox%3D%220%200%20400%20300%22%3E%3C%2Fsvg%3E\" loading=\"eager\"><\/span><span class=\"fg-image-overlay\"><\/span><\/a><figcaption class=\"fg-caption\"><div class=\"fg-caption-inner\"><div class=\"fg-caption-title\">XD Maxins Group nologo 20<\/div><\/div><\/figcaption><\/figure><div class=\"fg-loader\"><\/div><\/div><\/div>\r\n\n<\/div>\n<\/div><\/div><\/div><\/div><\/div><\/div><\/div>","protected":false},"excerpt":{"rendered":"<p>Die Niederlassung in \u017dilina ist eines der wichtigsten Zentren f\u00fcr Personalbeschaffung und Personaldienstleistungen in der Nordwestslowakei. Sie konzentriert sich auf die Rekrutierung, die zeitlich befristete \u00dcberlassung von Mitarbeitern und das Outsourcing von HR-L\u00f6sungen f\u00fcr Unternehmen in der Automobil-, Maschinenbau- und Logistikbranche. Die Niederlassung in \u017dilina \u00fcbernimmt Rekrutierungsprojekte sowohl f\u00fcr internationale als auch f\u00fcr lokale Unternehmen, [&hellip;]<\/p>\n","protected":false},"author":3,"featured_media":1351,"parent":9876,"menu_order":0,"comment_status":"closed","ping_status":"closed","template":"","meta":{"_acf_changed":false,"footnotes":""},"class_list":["post-9895","page","type-page","status-publish","has-post-thumbnail","hentry"],"acf":[],"yoast_head":"<!-- This site is optimized with the Yoast SEO plugin v25.3.1 - https:\/\/yoast.com\/wordpress\/plugins\/seo\/ -->\n<title>MAXIN&#039;S \u017dilina - MAXIN\u2019S<\/title>\n<meta name=\"robots\" content=\"index, follow, max-snippet:-1, max-image-preview:large, max-video-preview:-1\" \/>\n<link rel=\"canonical\" href=\"https:\/\/www.maxins.com\/de\/kontakt\/maxins-zilina\/\" \/>\n<meta property=\"og:locale\" content=\"de_DE\" \/>\n<meta property=\"og:type\" content=\"article\" \/>\n<meta property=\"og:title\" content=\"MAXIN&#039;S \u017dilina - MAXIN\u2019S\" \/>\n<meta property=\"og:description\" content=\"Die Niederlassung in \u017dilina ist eines der wichtigsten Zentren f\u00fcr Personalbeschaffung und Personaldienstleistungen in der Nordwestslowakei. Sie konzentriert sich auf die Rekrutierung, die zeitlich befristete \u00dcberlassung von Mitarbeitern und das Outsourcing von HR-L\u00f6sungen f\u00fcr Unternehmen in der Automobil-, Maschinenbau- und Logistikbranche. Die Niederlassung in \u017dilina \u00fcbernimmt Rekrutierungsprojekte sowohl f\u00fcr internationale als auch f\u00fcr lokale Unternehmen, [&hellip;]\" \/>\n<meta property=\"og:url\" content=\"https:\/\/www.maxins.com\/de\/kontakt\/maxins-zilina\/\" \/>\n<meta property=\"og:site_name\" content=\"MAXIN\u2019S\" \/>\n<meta property=\"article:modified_time\" content=\"2025-03-25T07:59:24+00:00\" \/>\n<meta property=\"og:image\" content=\"https:\/\/www.maxins.com\/wp-content\/uploads\/2024\/11\/5P9A4580K.jpg\" \/>\n\t<meta property=\"og:image:width\" content=\"4898\" \/>\n\t<meta property=\"og:image:height\" content=\"3265\" \/>\n\t<meta property=\"og:image:type\" content=\"image\/jpeg\" \/>\n<meta name=\"twitter:card\" content=\"summary_large_image\" \/>\n<meta name=\"twitter:label1\" content=\"Gesch\u00e4tzte Lesezeit\" \/>\n\t<meta name=\"twitter:data1\" content=\"3\u00a0Minuten\" \/>\n<script type=\"application\/ld+json\" class=\"yoast-schema-graph\">{\"@context\":\"https:\/\/schema.org\",\"@graph\":[{\"@type\":\"WebPage\",\"@id\":\"https:\/\/www.maxins.com\/de\/kontakt\/maxins-zilina\/\",\"url\":\"https:\/\/www.maxins.com\/de\/kontakt\/maxins-zilina\/\",\"name\":\"MAXIN'S \u017dilina - MAXIN\u2019S\",\"isPartOf\":{\"@id\":\"https:\/\/www.maxins.com\/#website\"},\"primaryImageOfPage\":{\"@id\":\"https:\/\/www.maxins.com\/de\/kontakt\/maxins-zilina\/#primaryimage\"},\"image\":{\"@id\":\"https:\/\/www.maxins.com\/de\/kontakt\/maxins-zilina\/#primaryimage\"},\"thumbnailUrl\":\"https:\/\/www.maxins.com\/wp-content\/uploads\/2024\/11\/5P9A4580K.jpg\",\"datePublished\":\"2024-11-29T07:54:54+00:00\",\"dateModified\":\"2025-03-25T07:59:24+00:00\",\"breadcrumb\":{\"@id\":\"https:\/\/www.maxins.com\/de\/kontakt\/maxins-zilina\/#breadcrumb\"},\"inLanguage\":\"de\",\"potentialAction\":[{\"@type\":\"ReadAction\",\"target\":[\"https:\/\/www.maxins.com\/de\/kontakt\/maxins-zilina\/\"]}]},{\"@type\":\"ImageObject\",\"inLanguage\":\"de\",\"@id\":\"https:\/\/www.maxins.com\/de\/kontakt\/maxins-zilina\/#primaryimage\",\"url\":\"https:\/\/www.maxins.com\/wp-content\/uploads\/2024\/11\/5P9A4580K.jpg\",\"contentUrl\":\"https:\/\/www.maxins.com\/wp-content\/uploads\/2024\/11\/5P9A4580K.jpg\",\"width\":4898,\"height\":3265,\"caption\":\"5P9A4580K\"},{\"@type\":\"BreadcrumbList\",\"@id\":\"https:\/\/www.maxins.com\/de\/kontakt\/maxins-zilina\/#breadcrumb\",\"itemListElement\":[{\"@type\":\"ListItem\",\"position\":1,\"name\":\"Domovsk\u00e1 str\u00e1nka\",\"item\":\"https:\/\/www.maxins.com\/de\/\"},{\"@type\":\"ListItem\",\"position\":2,\"name\":\"Kontakt\",\"item\":\"https:\/\/www.maxins.com\/de\/kontakt\/\"},{\"@type\":\"ListItem\",\"position\":3,\"name\":\"MAXIN&#8217;S \u017dilina\"}]},{\"@type\":\"WebSite\",\"@id\":\"https:\/\/www.maxins.com\/#website\",\"url\":\"https:\/\/www.maxins.com\/\",\"name\":\"MAXIN\u2019S\",\"description\":\"\",\"potentialAction\":[{\"@type\":\"SearchAction\",\"target\":{\"@type\":\"EntryPoint\",\"urlTemplate\":\"https:\/\/www.maxins.com\/?s={search_term_string}\"},\"query-input\":{\"@type\":\"PropertyValueSpecification\",\"valueRequired\":true,\"valueName\":\"search_term_string\"}}],\"inLanguage\":\"de\"}]}<\/script>\n<!-- \/ Yoast SEO plugin. -->","yoast_head_json":{"title":"MAXIN'S \u017dilina - MAXIN\u2019S","robots":{"index":"index","follow":"follow","max-snippet":"max-snippet:-1","max-image-preview":"max-image-preview:large","max-video-preview":"max-video-preview:-1"},"canonical":"https:\/\/www.maxins.com\/de\/kontakt\/maxins-zilina\/","og_locale":"de_DE","og_type":"article","og_title":"MAXIN'S \u017dilina - MAXIN\u2019S","og_description":"Die Niederlassung in \u017dilina ist eines der wichtigsten Zentren f\u00fcr Personalbeschaffung und Personaldienstleistungen in der Nordwestslowakei. Sie konzentriert sich auf die Rekrutierung, die zeitlich befristete \u00dcberlassung von Mitarbeitern und das Outsourcing von HR-L\u00f6sungen f\u00fcr Unternehmen in der Automobil-, Maschinenbau- und Logistikbranche. Die Niederlassung in \u017dilina \u00fcbernimmt Rekrutierungsprojekte sowohl f\u00fcr internationale als auch f\u00fcr lokale Unternehmen, [&hellip;]","og_url":"https:\/\/www.maxins.com\/de\/kontakt\/maxins-zilina\/","og_site_name":"MAXIN\u2019S","article_modified_time":"2025-03-25T07:59:24+00:00","og_image":[{"width":4898,"height":3265,"url":"https:\/\/www.maxins.com\/wp-content\/uploads\/2024\/11\/5P9A4580K.jpg","type":"image\/jpeg"}],"twitter_card":"summary_large_image","twitter_misc":{"Gesch\u00e4tzte Lesezeit":"3\u00a0Minuten"},"schema":{"@context":"https:\/\/schema.org","@graph":[{"@type":"WebPage","@id":"https:\/\/www.maxins.com\/de\/kontakt\/maxins-zilina\/","url":"https:\/\/www.maxins.com\/de\/kontakt\/maxins-zilina\/","name":"MAXIN'S \u017dilina - MAXIN\u2019S","isPartOf":{"@id":"https:\/\/www.maxins.com\/#website"},"primaryImageOfPage":{"@id":"https:\/\/www.maxins.com\/de\/kontakt\/maxins-zilina\/#primaryimage"},"image":{"@id":"https:\/\/www.maxins.com\/de\/kontakt\/maxins-zilina\/#primaryimage"},"thumbnailUrl":"https:\/\/www.maxins.com\/wp-content\/uploads\/2024\/11\/5P9A4580K.jpg","datePublished":"2024-11-29T07:54:54+00:00","dateModified":"2025-03-25T07:59:24+00:00","breadcrumb":{"@id":"https:\/\/www.maxins.com\/de\/kontakt\/maxins-zilina\/#breadcrumb"},"inLanguage":"de","potentialAction":[{"@type":"ReadAction","target":["https:\/\/www.maxins.com\/de\/kontakt\/maxins-zilina\/"]}]},{"@type":"ImageObject","inLanguage":"de","@id":"https:\/\/www.maxins.com\/de\/kontakt\/maxins-zilina\/#primaryimage","url":"https:\/\/www.maxins.com\/wp-content\/uploads\/2024\/11\/5P9A4580K.jpg","contentUrl":"https:\/\/www.maxins.com\/wp-content\/uploads\/2024\/11\/5P9A4580K.jpg","width":4898,"height":3265,"caption":"5P9A4580K"},{"@type":"BreadcrumbList","@id":"https:\/\/www.maxins.com\/de\/kontakt\/maxins-zilina\/#breadcrumb","itemListElement":[{"@type":"ListItem","position":1,"name":"Domovsk\u00e1 str\u00e1nka","item":"https:\/\/www.maxins.com\/de\/"},{"@type":"ListItem","position":2,"name":"Kontakt","item":"https:\/\/www.maxins.com\/de\/kontakt\/"},{"@type":"ListItem","position":3,"name":"MAXIN&#8217;S \u017dilina"}]},{"@type":"WebSite","@id":"https:\/\/www.maxins.com\/#website","url":"https:\/\/www.maxins.com\/","name":"MAXIN\u2019S","description":"","potentialAction":[{"@type":"SearchAction","target":{"@type":"EntryPoint","urlTemplate":"https:\/\/www.maxins.com\/?s={search_term_string}"},"query-input":{"@type":"PropertyValueSpecification","valueRequired":true,"valueName":"search_term_string"}}],"inLanguage":"de"}]}},"_links":{"self":[{"href":"https:\/\/www.maxins.com\/de\/wp-json\/wp\/v2\/pages\/9895","targetHints":{"allow":["GET"]}}],"collection":[{"href":"https:\/\/www.maxins.com\/de\/wp-json\/wp\/v2\/pages"}],"about":[{"href":"https:\/\/www.maxins.com\/de\/wp-json\/wp\/v2\/types\/page"}],"author":[{"embeddable":true,"href":"https:\/\/www.maxins.com\/de\/wp-json\/wp\/v2\/users\/3"}],"replies":[{"embeddable":true,"href":"https:\/\/www.maxins.com\/de\/wp-json\/wp\/v2\/comments?post=9895"}],"version-history":[{"count":4,"href":"https:\/\/www.maxins.com\/de\/wp-json\/wp\/v2\/pages\/9895\/revisions"}],"predecessor-version":[{"id":10330,"href":"https:\/\/www.maxins.com\/de\/wp-json\/wp\/v2\/pages\/9895\/revisions\/10330"}],"up":[{"embeddable":true,"href":"https:\/\/www.maxins.com\/de\/wp-json\/wp\/v2\/pages\/9876"}],"wp:featuredmedia":[{"embeddable":true,"href":"https:\/\/www.maxins.com\/de\/wp-json\/wp\/v2\/media\/1351"}],"wp:attachment":[{"href":"https:\/\/www.maxins.com\/de\/wp-json\/wp\/v2\/media?parent=9895"}],"curies":[{"name":"wp","href":"https:\/\/api.w.org\/{rel}","templated":true}]}}