{"id":9912,"date":"2024-12-17T12:48:21","date_gmt":"2024-12-17T12:48:21","guid":{"rendered":"https:\/\/www.maxins.com\/maxins-in-den-medien\/"},"modified":"2025-07-23T10:35:31","modified_gmt":"2025-07-23T10:35:31","slug":"maxins-in-den-medien","status":"publish","type":"page","link":"https:\/\/www.maxins.com\/de\/maxins-in-den-medien\/","title":{"rendered":"MAXIN&#8217;S Media &#038; Podcasts"},"content":{"rendered":"<div id=\"pl-9912\"  class=\"panel-layout\" ><div id=\"pg-9912-0\"  class=\"panel-grid panel-no-style\" ><div id=\"pgc-9912-0-0\"  class=\"panel-grid-cell\" ><div id=\"panel-9912-0-0-0\" class=\"so-panel widget widget_sow-editor panel-first-child\" data-index=\"0\" ><div\n\t\t\t\n\t\t\tclass=\"so-widget-sow-editor so-widget-sow-editor-base\"\n\t\t\t\n\t\t>\n<div class=\"siteorigin-widget-tinymce textwidget\">\n\t<p><iframe title=\"MAXIN\u00b4S v Ekonomike :24 na t\u00e9mu Letn\u00e9 Brig\u00e1dy\" width=\"500\" height=\"281\" data-cookieconsent=\"pr\u00e4ferenzen, statistik, Marketing\" data-src=\"https:\/\/www.youtube.com\/embed\/Kfftblqb4mE?feature=oembed\" frameborder=\"0\" allow=\"accelerometer; autoplay; clipboard-write; encrypted-media; gyroscope; picture-in-picture; web-share\" referrerpolicy=\"strict-origin-when-cross-origin\" allowfullscreen><\/iframe><\/p>\n<div class=\"cookieconsent-optout-preferences cookieconsent-optout-statistics cookieconsent-optout-marketing\"><\/div><\/p>\n<\/div>\n<\/div><\/div><div id=\"panel-9912-0-0-1\" class=\"so-panel widget widget_sow-editor panel-last-child\" data-index=\"1\" ><div\n\t\t\t\n\t\t\tclass=\"so-widget-sow-editor so-widget-sow-editor-base\"\n\t\t\t\n\t\t>\n<div class=\"siteorigin-widget-tinymce textwidget\">\n\t<h4>Sommerjobs<\/h4>\n<p style=\"margin-top: -4px;\">TA3 - Wirtschaft :24<\/p>\n<\/div>\n<\/div><\/div><\/div><div id=\"pgc-9912-0-1\"  class=\"panel-grid-cell\" ><div id=\"panel-9912-0-1-0\" class=\"so-panel widget widget_sow-editor panel-first-child\" data-index=\"2\" ><div\n\t\t\t\n\t\t\tclass=\"so-widget-sow-editor so-widget-sow-editor-base\"\n\t\t\t\n\t\t>\n<div class=\"siteorigin-widget-tinymce textwidget\">\n\t<p><iframe title=\"MAXIN\u00b4S GROUP o pr\u00e1ci seniorov.\" width=\"500\" height=\"281\" data-cookieconsent=\"pr\u00e4ferenzen, statistik, Marketing\" data-src=\"https:\/\/www.youtube.com\/embed\/hcKknzThvpQ?feature=oembed\" frameborder=\"0\" allow=\"accelerometer; autoplay; clipboard-write; encrypted-media; gyroscope; picture-in-picture; web-share\" referrerpolicy=\"strict-origin-when-cross-origin\" allowfullscreen><\/iframe><\/p>\n<div class=\"cookieconsent-optout-preferences cookieconsent-optout-statistics cookieconsent-optout-marketing\"><\/div><\/p>\n<\/div>\n<\/div><\/div><div id=\"panel-9912-0-1-1\" class=\"so-panel widget widget_sow-editor panel-last-child\" data-index=\"3\" ><div\n\t\t\t\n\t\t\tclass=\"so-widget-sow-editor so-widget-sow-editor-base\"\n\t\t\t\n\t\t>\n<div class=\"siteorigin-widget-tinymce textwidget\">\n\t<h4>Besch\u00e4ftigungsm\u00f6glichkeiten f\u00fcr Senioren<\/h4>\n<p style=\"margin-top: -4px;\">RTVS - Magazin f\u00fcr Frauen<\/p>\n<\/div>\n<\/div><\/div><\/div><div id=\"pgc-9912-0-2\"  class=\"panel-grid-cell\" ><div id=\"panel-9912-0-2-0\" class=\"so-panel widget widget_sow-editor panel-first-child\" data-index=\"4\" ><div\n\t\t\t\n\t\t\tclass=\"so-widget-sow-editor so-widget-sow-editor-base\"\n\t\t\t\n\t\t>\n<div class=\"siteorigin-widget-tinymce textwidget\">\n\t<p><iframe title=\"MAXIN\u00b4S V RTVS: Vyu\u017eitie rekrea\u010dn\u00fdch poukazov\" width=\"500\" height=\"281\" data-cookieconsent=\"pr\u00e4ferenzen, statistik, Marketing\" data-src=\"https:\/\/www.youtube.com\/embed\/C8cdWRO6uf0?feature=oembed\" frameborder=\"0\" allow=\"accelerometer; autoplay; clipboard-write; encrypted-media; gyroscope; picture-in-picture; web-share\" referrerpolicy=\"strict-origin-when-cross-origin\" allowfullscreen><\/iframe><\/p>\n<div class=\"cookieconsent-optout-preferences cookieconsent-optout-statistics cookieconsent-optout-marketing\"><\/div><\/p>\n<\/div>\n<\/div><\/div><div id=\"panel-9912-0-2-1\" class=\"so-panel widget widget_sow-editor panel-last-child\" data-index=\"5\" ><div\n\t\t\t\n\t\t\tclass=\"so-widget-sow-editor so-widget-sow-editor-base\"\n\t\t\t\n\t\t>\n<div class=\"siteorigin-widget-tinymce textwidget\">\n\t<h4>Verwendung von Urlaubsgutscheinen<\/h4>\n<p style=\"margin-top: -4px;\">TA3 - Wirtschaft :24<\/p>\n<\/div>\n<\/div><\/div><\/div><\/div><div id=\"pg-9912-1\"  class=\"panel-grid panel-no-style\" ><div id=\"pgc-9912-1-0\"  class=\"panel-grid-cell\" ><div id=\"panel-9912-1-0-0\" class=\"so-panel widget widget_sow-editor panel-first-child\" data-index=\"6\" ><div\n\t\t\t\n\t\t\tclass=\"so-widget-sow-editor so-widget-sow-editor-base\"\n\t\t\t\n\t\t>\n<div class=\"siteorigin-widget-tinymce textwidget\">\n\t<p><iframe title=\"MAXIN\u00b4S report\u00e1\u017e v TV Mark\u00edza o klesaj\u00facej re\u00e1lnej mzde -17.10.2022\" width=\"500\" height=\"281\" data-cookieconsent=\"pr\u00e4ferenzen, statistik, Marketing\" data-src=\"https:\/\/www.youtube.com\/embed\/jgZm3JEyhhQ?feature=oembed\" frameborder=\"0\" allow=\"accelerometer; autoplay; clipboard-write; encrypted-media; gyroscope; picture-in-picture; web-share\" referrerpolicy=\"strict-origin-when-cross-origin\" allowfullscreen><\/iframe><\/p>\n<div class=\"cookieconsent-optout-preferences cookieconsent-optout-statistics cookieconsent-optout-marketing\"><\/div><\/p>\n<\/div>\n<\/div><\/div><div id=\"panel-9912-1-0-1\" class=\"so-panel widget widget_sow-editor panel-last-child\" data-index=\"7\" ><div\n\t\t\t\n\t\t\tclass=\"so-widget-sow-editor so-widget-sow-editor-base\"\n\t\t\t\n\t\t>\n<div class=\"siteorigin-widget-tinymce textwidget\">\n\t<h4>Bericht \u00fcber sinkende Reall\u00f6hne<\/h4>\n<p style=\"margin-top: -4px;\">TV Mark\u00edza - Fernsehnachrichten<\/p>\n<\/div>\n<\/div><\/div><\/div><div id=\"pgc-9912-1-1\"  class=\"panel-grid-cell\" ><div id=\"panel-9912-1-1-0\" class=\"so-panel widget widget_sow-editor panel-first-child\" data-index=\"8\" ><div\n\t\t\t\n\t\t\tclass=\"so-widget-sow-editor so-widget-sow-editor-base\"\n\t\t\t\n\t\t>\n<div class=\"siteorigin-widget-tinymce textwidget\">\n\t<p><iframe title=\"MAXIN&#039;S v Mark\u00edze, Teler\u00e1no 7.6.2022\" width=\"500\" height=\"281\" data-cookieconsent=\"pr\u00e4ferenzen, statistik, Marketing\" data-src=\"https:\/\/www.youtube.com\/embed\/OXVrXnLk5MY?feature=oembed\" frameborder=\"0\" allow=\"accelerometer; autoplay; clipboard-write; encrypted-media; gyroscope; picture-in-picture; web-share\" referrerpolicy=\"strict-origin-when-cross-origin\" allowfullscreen><\/iframe><\/p>\n<div class=\"cookieconsent-optout-preferences cookieconsent-optout-statistics cookieconsent-optout-marketing\"><\/div><\/p>\n<\/div>\n<\/div><\/div><div id=\"panel-9912-1-1-1\" class=\"so-panel widget widget_sow-editor panel-last-child\" data-index=\"9\" ><div\n\t\t\t\n\t\t\tclass=\"so-widget-sow-editor so-widget-sow-editor-base\"\n\t\t\t\n\t\t>\n<div class=\"siteorigin-widget-tinymce textwidget\">\n\t<h4>Alles \u00fcber Sommerjobs<\/h4>\n<p style=\"margin-top: -4px;\">TV Mark\u00edza - Teler\u00e1no<\/p>\n<\/div>\n<\/div><\/div><\/div><div id=\"pgc-9912-1-2\"  class=\"panel-grid-cell\" ><div id=\"panel-9912-1-2-0\" class=\"so-panel widget widget_sow-image panel-first-child\" data-index=\"10\" ><div\n\t\t\t\n\t\t\tclass=\"so-widget-sow-image so-widget-sow-image-default-8b5b6f678277-9912\"\n\t\t\t\n\t\t>\n<div class=\"sow-image-container\">\n\t\t\t<a href=\"https:\/\/www.trend.sk\/spravy\/slovensku-86-percent-neuplnych-rodin-vedu-osamele-matky\"\n\t\t\t\t\t>\n\t\t\t<img loading=\"lazy\" decoding=\"async\" src=\"https:\/\/www.maxins.com\/wp-content\/uploads\/2025\/03\/Hochmotivierte-EU-Arbeitskrafte-Umfassende-Betreuung-der-Mitarbeiter-Konzentrieren-Sie-sich-auf-Ihre-Kernkompetenz.-Deswegen-liefern-wir-Ihnen-ein-Rundum-Soralos-Paket.-Wir-betreuen-unsere-Mitar.png\" width=\"1200\" height=\"675\" srcset=\"https:\/\/www.maxins.com\/wp-content\/uploads\/2025\/03\/Hochmotivierte-EU-Arbeitskrafte-Umfassende-Betreuung-der-Mitarbeiter-Konzentrieren-Sie-sich-auf-Ihre-Kernkompetenz.-Deswegen-liefern-wir-Ihnen-ein-Rundum-Soralos-Paket.-Wir-betreuen-unsere-Mitar.png 1200w, https:\/\/www.maxins.com\/wp-content\/uploads\/2025\/03\/Hochmotivierte-EU-Arbeitskrafte-Umfassende-Betreuung-der-Mitarbeiter-Konzentrieren-Sie-sich-auf-Ihre-Kernkompetenz.-Deswegen-liefern-wir-Ihnen-ein-Rundum-Soralos-Paket.-Wir-betreuen-unsere-Mitar-300x169.png 300w, https:\/\/www.maxins.com\/wp-content\/uploads\/2025\/03\/Hochmotivierte-EU-Arbeitskrafte-Umfassende-Betreuung-der-Mitarbeiter-Konzentrieren-Sie-sich-auf-Ihre-Kernkompetenz.-Deswegen-liefern-wir-Ihnen-ein-Rundum-Soralos-Paket.-Wir-betreuen-unsere-Mitar-1024x576.png 1024w, https:\/\/www.maxins.com\/wp-content\/uploads\/2025\/03\/Hochmotivierte-EU-Arbeitskrafte-Umfassende-Betreuung-der-Mitarbeiter-Konzentrieren-Sie-sich-auf-Ihre-Kernkompetenz.-Deswegen-liefern-wir-Ihnen-ein-Rundum-Soralos-Paket.-Wir-betreuen-unsere-Mitar-768x432.png 768w, https:\/\/www.maxins.com\/wp-content\/uploads\/2025\/03\/Hochmotivierte-EU-Arbeitskrafte-Umfassende-Betreuung-der-Mitarbeiter-Konzentrieren-Sie-sich-auf-Ihre-Kernkompetenz.-Deswegen-liefern-wir-Ihnen-ein-Rundum-Soralos-Paket.-Wir-betreuen-unsere-Mitar-480x270.png 480w, https:\/\/www.maxins.com\/wp-content\/uploads\/2025\/03\/Hochmotivierte-EU-Arbeitskrafte-Umfassende-Betreuung-der-Mitarbeiter-Konzentrieren-Sie-sich-auf-Ihre-Kernkompetenz.-Deswegen-liefern-wir-Ihnen-ein-Rundum-Soralos-Paket.-Wir-betreuen-unsere-Mitar-992x558.png 992w\" sizes=\"auto, (max-width: 1200px) 100vw, 1200px\" alt=\"Osamel\u00e9 matky\" \t\tclass=\"so-widget-image\"\/>\n\t<\/a><\/div>\n\n<\/div><\/div><div id=\"panel-9912-1-2-1\" class=\"so-panel widget widget_sow-editor panel-last-child\" data-index=\"11\" ><div\n\t\t\t\n\t\t\tclass=\"so-widget-sow-editor so-widget-sow-editor-base\"\n\t\t\t\n\t\t>\n<div class=\"siteorigin-widget-tinymce textwidget\">\n\t<h4>Alleinerziehende M\u00fctter<\/h4>\n<p style=\"margin-top: -4px;\">TREND.sk \/ Nachrichten<\/p>\n<\/div>\n<\/div><\/div><\/div><\/div><\/div>","protected":false},"excerpt":{"rendered":"<p>Sommerjobs TA3 &#8211; Wirtschaft :24 Besch\u00e4ftigungsm\u00f6glichkeiten f\u00fcr Senioren RTVS &#8211; Magazin f\u00fcr Frauen Verwendung von Urlaubsgutscheinen TA3 &#8211; Wirtschaft :24 Bericht \u00fcber sinkende Reall\u00f6hne TV Mark\u00edza &#8211; Fernsehnachrichten Alles \u00fcber Sommerjobs TV Mark\u00edza &#8211; Teler\u00e1no Alleinerziehende M\u00fctter TREND.sk \/ Nachrichten<\/p>\n","protected":false},"author":3,"featured_media":11341,"parent":0,"menu_order":0,"comment_status":"closed","ping_status":"closed","template":"","meta":{"_acf_changed":false,"footnotes":""},"class_list":["post-9912","page","type-page","status-publish","has-post-thumbnail","hentry"],"acf":[],"yoast_head":"<!-- This site is optimized with the Yoast SEO plugin v25.3.1 - https:\/\/yoast.com\/wordpress\/plugins\/seo\/ -->\n<title>MAXIN&#039;S in den Medien | Medienausgaben und Interviews des Unternehmens<\/title>\n<meta name=\"description\" content=\"Sehen Sie sich die Medienberichterstattung der MAXIN&#039;S Gruppe im Fernsehen und online an. Berichte \u00fcber Zeitarbeit, Stellenangebote und aktuelle Trends auf dem Arbeitsmarkt.\" \/>\n<meta name=\"robots\" content=\"index, follow, max-snippet:-1, max-image-preview:large, max-video-preview:-1\" \/>\n<link rel=\"canonical\" href=\"https:\/\/www.maxins.com\/de\/maxins-in-den-medien\/\" \/>\n<meta property=\"og:locale\" content=\"de_DE\" \/>\n<meta property=\"og:type\" content=\"article\" \/>\n<meta property=\"og:title\" content=\"MAXIN&#039;S in den Medien | Medienausgaben und Interviews des Unternehmens\" \/>\n<meta property=\"og:description\" content=\"Sehen Sie sich die Medienberichterstattung der MAXIN&#039;S Gruppe im Fernsehen und online an. Berichte \u00fcber Zeitarbeit, Stellenangebote und aktuelle Trends auf dem Arbeitsmarkt.\" \/>\n<meta property=\"og:url\" content=\"https:\/\/www.maxins.com\/de\/maxins-in-den-medien\/\" \/>\n<meta property=\"og:site_name\" content=\"MAXIN\u2019S\" \/>\n<meta property=\"article:modified_time\" content=\"2025-07-23T10:35:31+00:00\" \/>\n<meta property=\"og:image\" content=\"https:\/\/www.maxins.com\/wp-content\/uploads\/2025\/01\/IMG-57b3626c27674b32e4cd9110a8372399-V-1.jpg\" \/>\n\t<meta property=\"og:image:width\" content=\"1600\" \/>\n\t<meta property=\"og:image:height\" content=\"1066\" \/>\n\t<meta property=\"og:image:type\" content=\"image\/jpeg\" \/>\n<meta name=\"twitter:card\" content=\"summary_large_image\" \/>\n<meta name=\"twitter:label1\" content=\"Gesch\u00e4tzte Lesezeit\" \/>\n\t<meta name=\"twitter:data1\" content=\"1\u00a0Minute\" \/>\n<script type=\"application\/ld+json\" class=\"yoast-schema-graph\">{\"@context\":\"https:\/\/schema.org\",\"@graph\":[{\"@type\":\"WebPage\",\"@id\":\"https:\/\/www.maxins.com\/de\/maxins-in-den-medien\/\",\"url\":\"https:\/\/www.maxins.com\/de\/maxins-in-den-medien\/\",\"name\":\"MAXIN'S in den Medien | Medienausgaben und Interviews des Unternehmens\",\"isPartOf\":{\"@id\":\"https:\/\/www.maxins.com\/#website\"},\"primaryImageOfPage\":{\"@id\":\"https:\/\/www.maxins.com\/de\/maxins-in-den-medien\/#primaryimage\"},\"image\":{\"@id\":\"https:\/\/www.maxins.com\/de\/maxins-in-den-medien\/#primaryimage\"},\"thumbnailUrl\":\"https:\/\/www.maxins.com\/wp-content\/uploads\/2025\/08\/maxins_zilina_2025-627_websize.jpg\",\"datePublished\":\"2024-12-17T12:48:21+00:00\",\"dateModified\":\"2025-07-23T10:35:31+00:00\",\"description\":\"Sehen Sie sich die Medienberichterstattung der MAXIN'S Gruppe im Fernsehen und online an. Berichte \u00fcber Zeitarbeit, Stellenangebote und aktuelle Trends auf dem Arbeitsmarkt.\",\"breadcrumb\":{\"@id\":\"https:\/\/www.maxins.com\/de\/maxins-in-den-medien\/#breadcrumb\"},\"inLanguage\":\"de\",\"potentialAction\":[{\"@type\":\"ReadAction\",\"target\":[\"https:\/\/www.maxins.com\/de\/maxins-in-den-medien\/\"]}]},{\"@type\":\"ImageObject\",\"inLanguage\":\"de\",\"@id\":\"https:\/\/www.maxins.com\/de\/maxins-in-den-medien\/#primaryimage\",\"url\":\"https:\/\/www.maxins.com\/wp-content\/uploads\/2025\/08\/maxins_zilina_2025-627_websize.jpg\",\"contentUrl\":\"https:\/\/www.maxins.com\/wp-content\/uploads\/2025\/08\/maxins_zilina_2025-627_websize.jpg\",\"width\":1600,\"height\":1067,\"caption\":\"maxins video\"},{\"@type\":\"BreadcrumbList\",\"@id\":\"https:\/\/www.maxins.com\/de\/maxins-in-den-medien\/#breadcrumb\",\"itemListElement\":[{\"@type\":\"ListItem\",\"position\":1,\"name\":\"Domovsk\u00e1 str\u00e1nka\",\"item\":\"https:\/\/www.maxins.com\/de\/\"},{\"@type\":\"ListItem\",\"position\":2,\"name\":\"MAXIN&#8217;S Media &#038; Podcasts\"}]},{\"@type\":\"WebSite\",\"@id\":\"https:\/\/www.maxins.com\/#website\",\"url\":\"https:\/\/www.maxins.com\/\",\"name\":\"MAXIN\u2019S\",\"description\":\"\",\"potentialAction\":[{\"@type\":\"SearchAction\",\"target\":{\"@type\":\"EntryPoint\",\"urlTemplate\":\"https:\/\/www.maxins.com\/?s={search_term_string}\"},\"query-input\":{\"@type\":\"PropertyValueSpecification\",\"valueRequired\":true,\"valueName\":\"search_term_string\"}}],\"inLanguage\":\"de\"}]}<\/script>\n<!-- \/ Yoast SEO plugin. -->","yoast_head_json":{"title":"MAXIN'S in den Medien | Medienausgaben und Interviews des Unternehmens","description":"Sehen Sie sich die Medienberichterstattung der MAXIN'S Gruppe im Fernsehen und online an. Berichte \u00fcber Zeitarbeit, Stellenangebote und aktuelle Trends auf dem Arbeitsmarkt.","robots":{"index":"index","follow":"follow","max-snippet":"max-snippet:-1","max-image-preview":"max-image-preview:large","max-video-preview":"max-video-preview:-1"},"canonical":"https:\/\/www.maxins.com\/de\/maxins-in-den-medien\/","og_locale":"de_DE","og_type":"article","og_title":"MAXIN'S in den Medien | Medienausgaben und Interviews des Unternehmens","og_description":"Sehen Sie sich die Medienberichterstattung der MAXIN'S Gruppe im Fernsehen und online an. Berichte \u00fcber Zeitarbeit, Stellenangebote und aktuelle Trends auf dem Arbeitsmarkt.","og_url":"https:\/\/www.maxins.com\/de\/maxins-in-den-medien\/","og_site_name":"MAXIN\u2019S","article_modified_time":"2025-07-23T10:35:31+00:00","og_image":[{"width":1600,"height":1066,"url":"https:\/\/www.maxins.com\/wp-content\/uploads\/2025\/01\/IMG-57b3626c27674b32e4cd9110a8372399-V-1.jpg","type":"image\/jpeg"}],"twitter_card":"summary_large_image","twitter_misc":{"Gesch\u00e4tzte Lesezeit":"1\u00a0Minute"},"schema":{"@context":"https:\/\/schema.org","@graph":[{"@type":"WebPage","@id":"https:\/\/www.maxins.com\/de\/maxins-in-den-medien\/","url":"https:\/\/www.maxins.com\/de\/maxins-in-den-medien\/","name":"MAXIN'S in den Medien | Medienausgaben und Interviews des Unternehmens","isPartOf":{"@id":"https:\/\/www.maxins.com\/#website"},"primaryImageOfPage":{"@id":"https:\/\/www.maxins.com\/de\/maxins-in-den-medien\/#primaryimage"},"image":{"@id":"https:\/\/www.maxins.com\/de\/maxins-in-den-medien\/#primaryimage"},"thumbnailUrl":"https:\/\/www.maxins.com\/wp-content\/uploads\/2025\/08\/maxins_zilina_2025-627_websize.jpg","datePublished":"2024-12-17T12:48:21+00:00","dateModified":"2025-07-23T10:35:31+00:00","description":"Sehen Sie sich die Medienberichterstattung der MAXIN'S Gruppe im Fernsehen und online an. Berichte \u00fcber Zeitarbeit, Stellenangebote und aktuelle Trends auf dem Arbeitsmarkt.","breadcrumb":{"@id":"https:\/\/www.maxins.com\/de\/maxins-in-den-medien\/#breadcrumb"},"inLanguage":"de","potentialAction":[{"@type":"ReadAction","target":["https:\/\/www.maxins.com\/de\/maxins-in-den-medien\/"]}]},{"@type":"ImageObject","inLanguage":"de","@id":"https:\/\/www.maxins.com\/de\/maxins-in-den-medien\/#primaryimage","url":"https:\/\/www.maxins.com\/wp-content\/uploads\/2025\/08\/maxins_zilina_2025-627_websize.jpg","contentUrl":"https:\/\/www.maxins.com\/wp-content\/uploads\/2025\/08\/maxins_zilina_2025-627_websize.jpg","width":1600,"height":1067,"caption":"maxins video"},{"@type":"BreadcrumbList","@id":"https:\/\/www.maxins.com\/de\/maxins-in-den-medien\/#breadcrumb","itemListElement":[{"@type":"ListItem","position":1,"name":"Domovsk\u00e1 str\u00e1nka","item":"https:\/\/www.maxins.com\/de\/"},{"@type":"ListItem","position":2,"name":"MAXIN&#8217;S Media &#038; Podcasts"}]},{"@type":"WebSite","@id":"https:\/\/www.maxins.com\/#website","url":"https:\/\/www.maxins.com\/","name":"MAXIN\u2019S","description":"","potentialAction":[{"@type":"SearchAction","target":{"@type":"EntryPoint","urlTemplate":"https:\/\/www.maxins.com\/?s={search_term_string}"},"query-input":{"@type":"PropertyValueSpecification","valueRequired":true,"valueName":"search_term_string"}}],"inLanguage":"de"}]}},"_links":{"self":[{"href":"https:\/\/www.maxins.com\/de\/wp-json\/wp\/v2\/pages\/9912","targetHints":{"allow":["GET"]}}],"collection":[{"href":"https:\/\/www.maxins.com\/de\/wp-json\/wp\/v2\/pages"}],"about":[{"href":"https:\/\/www.maxins.com\/de\/wp-json\/wp\/v2\/types\/page"}],"author":[{"embeddable":true,"href":"https:\/\/www.maxins.com\/de\/wp-json\/wp\/v2\/users\/3"}],"replies":[{"embeddable":true,"href":"https:\/\/www.maxins.com\/de\/wp-json\/wp\/v2\/comments?post=9912"}],"version-history":[{"count":2,"href":"https:\/\/www.maxins.com\/de\/wp-json\/wp\/v2\/pages\/9912\/revisions"}],"predecessor-version":[{"id":11298,"href":"https:\/\/www.maxins.com\/de\/wp-json\/wp\/v2\/pages\/9912\/revisions\/11298"}],"wp:featuredmedia":[{"embeddable":true,"href":"https:\/\/www.maxins.com\/de\/wp-json\/wp\/v2\/media\/11341"}],"wp:attachment":[{"href":"https:\/\/www.maxins.com\/de\/wp-json\/wp\/v2\/media?parent=9912"}],"curies":[{"name":"wp","href":"https:\/\/api.w.org\/{rel}","templated":true}]}}