{"id":9914,"date":"2024-12-17T09:56:40","date_gmt":"2024-12-17T09:56:40","guid":{"rendered":"https:\/\/www.maxins.com\/herunterladen\/"},"modified":"2025-04-30T08:39:56","modified_gmt":"2025-04-30T08:39:56","slug":"herunterladen","status":"publish","type":"page","link":"https:\/\/www.maxins.com\/de\/herunterladen\/","title":{"rendered":"Herunterladen"},"content":{"rendered":"<div id=\"pl-gb9914-69ecdcc55d756\"  class=\"panel-layout\" ><div id=\"pg-gb9914-69ecdcc55d756-0\"  class=\"panel-grid panel-no-style\" ><div id=\"pgc-gb9914-69ecdcc55d756-0-0\"  class=\"panel-grid-cell\" ><div id=\"panel-gb9914-69ecdcc55d756-0-0-0\" class=\"so-panel widget widget_sow-editor panel-first-child\" data-index=\"0\" ><div\n\t\t\t\n\t\t\tclass=\"so-widget-sow-editor so-widget-sow-editor-base\"\n\t\t\t\n\t\t>\n<div class=\"siteorigin-widget-tinymce textwidget\">\n\t<h4>Bereich:Sortieren und Reparieren von Komponenten f\u00fcr die Autoindustrie<\/h4>\n<ul class=\"outsourcing-dots\">\n<li style=\"padding-left: 30px;\">ISO 9001:2016<\/li>\n<li style=\"padding-left: 30px;\">ISO 14001:2016<\/li>\n<li style=\"padding-left: 30px;\">ISO 45001:2019<\/li>\n<\/ul>\n<p><a class=\"button button-brand-color-2\" title=\"\" href=\"https:\/\/www.maxins.com\/wp-content\/uploads\/2024\/12\/CERTIFICATES20ISO_MQS.pdf\" target=\"blank\" rel=\"noopener\">Zertifikate<\/a><\/p>\n<\/div>\n<\/div><\/div><div id=\"panel-gb9914-69ecdcc55d756-0-0-1\" class=\"so-panel widget widget_siteorigin-panels-builder panel-last-child\" data-index=\"1\" ><div id=\"pl-w675fe84a06fd5\"  class=\"panel-layout\" ><div id=\"pg-w675fe84a06fd5-0\"  class=\"panel-grid panel-no-style\" ><div id=\"pgc-w675fe84a06fd5-0-0\"  class=\"panel-grid-cell\" ><div id=\"panel-w675fe84a06fd5-0-0-0\" class=\"so-panel widget widget_sow-image panel-first-child panel-last-child\" data-index=\"0\" ><div class=\"panel-widget-style panel-widget-style-for-w675fe84a06fd5-0-0-0\" ><div\n\t\t\t\n\t\t\tclass=\"so-widget-sow-image so-widget-sow-image-default-8b5b6f678277\"\n\t\t\t\n\t\t>\n<div class=\"sow-image-container\">\n\t\t<img loading=\"lazy\" decoding=\"async\" src=\"https:\/\/www.maxins.com\/wp-content\/uploads\/2024\/12\/tsu_logo_9001.gif\" width=\"509\" height=\"491\" sizes=\"auto, (max-width: 509px) 100vw, 509px\" title=\"tsu logo 9001\" alt=\"\" \t\tclass=\"so-widget-image\"\/>\n\t<\/div>\n\n<\/div><\/div><\/div><\/div><div id=\"pgc-w675fe84a06fd5-0-1\"  class=\"panel-grid-cell\" ><div id=\"panel-w675fe84a06fd5-0-1-0\" class=\"so-panel widget widget_sow-image panel-first-child panel-last-child\" data-index=\"1\" ><div class=\"panel-widget-style panel-widget-style-for-w675fe84a06fd5-0-1-0\" ><div\n\t\t\t\n\t\t\tclass=\"so-widget-sow-image so-widget-sow-image-default-8b5b6f678277\"\n\t\t\t\n\t\t>\n<div class=\"sow-image-container\">\n\t\t<img loading=\"lazy\" decoding=\"async\" src=\"https:\/\/www.maxins.com\/wp-content\/uploads\/2024\/12\/tsu_logo_45001.gif\" width=\"509\" height=\"491\" sizes=\"auto, (max-width: 509px) 100vw, 509px\" title=\"tsu logo 45001\" alt=\"\" \t\tclass=\"so-widget-image\"\/>\n\t<\/div>\n\n<\/div><\/div><\/div><\/div><div id=\"pgc-w675fe84a06fd5-0-2\"  class=\"panel-grid-cell panel-grid-cell-mobile-last\" ><div id=\"panel-w675fe84a06fd5-0-2-0\" class=\"so-panel widget widget_sow-image panel-first-child panel-last-child\" data-index=\"2\" ><div class=\"panel-widget-style panel-widget-style-for-w675fe84a06fd5-0-2-0\" ><div\n\t\t\t\n\t\t\tclass=\"so-widget-sow-image so-widget-sow-image-default-8b5b6f678277\"\n\t\t\t\n\t\t>\n<div class=\"sow-image-container\">\n\t\t<img loading=\"lazy\" decoding=\"async\" src=\"https:\/\/www.maxins.com\/wp-content\/uploads\/2024\/12\/tsu_logo_14001.jpg\" width=\"509\" height=\"491\" srcset=\"https:\/\/www.maxins.com\/wp-content\/uploads\/2024\/12\/tsu_logo_14001.jpg 509w, https:\/\/www.maxins.com\/wp-content\/uploads\/2024\/12\/tsu_logo_14001-300x289.jpg 300w, https:\/\/www.maxins.com\/wp-content\/uploads\/2024\/12\/tsu_logo_14001-480x463.jpg 480w\" sizes=\"auto, (max-width: 509px) 100vw, 509px\" title=\"tsu logo 14001\" alt=\"\" \t\tclass=\"so-widget-image\"\/>\n\t<\/div>\n\n<\/div><\/div><\/div><\/div><div id=\"pgc-w675fe84a06fd5-0-3\"  class=\"panel-grid-cell panel-grid-cell-empty\" ><\/div><\/div><\/div><\/div><\/div><div id=\"pgc-gb9914-69ecdcc55d756-0-1\"  class=\"panel-grid-cell\" ><div id=\"panel-gb9914-69ecdcc55d756-0-1-0\" class=\"so-panel widget widget_sow-image panel-first-child panel-last-child\" data-index=\"2\" ><div\n\t\t\t\n\t\t\tclass=\"so-widget-sow-image so-widget-sow-image-default-8b5b6f678277-9914\"\n\t\t\t\n\t\t>\n<div class=\"sow-image-container\">\n\t\t<img loading=\"lazy\" decoding=\"async\" src=\"https:\/\/www.maxins.com\/wp-content\/uploads\/2024\/12\/DSC5378-Edit.jpg\" width=\"2080\" height=\"1388\" srcset=\"https:\/\/www.maxins.com\/wp-content\/uploads\/2024\/12\/DSC5378-Edit.jpg 2080w, https:\/\/www.maxins.com\/wp-content\/uploads\/2024\/12\/DSC5378-Edit-300x200.jpg 300w, https:\/\/www.maxins.com\/wp-content\/uploads\/2024\/12\/DSC5378-Edit-1024x683.jpg 1024w, https:\/\/www.maxins.com\/wp-content\/uploads\/2024\/12\/DSC5378-Edit-768x512.jpg 768w, https:\/\/www.maxins.com\/wp-content\/uploads\/2024\/12\/DSC5378-Edit-1536x1025.jpg 1536w, https:\/\/www.maxins.com\/wp-content\/uploads\/2024\/12\/DSC5378-Edit-2048x1367.jpg 2048w, https:\/\/www.maxins.com\/wp-content\/uploads\/2024\/12\/DSC5378-Edit-480x320.jpg 480w, https:\/\/www.maxins.com\/wp-content\/uploads\/2024\/12\/DSC5378-Edit-992x662.jpg 992w, https:\/\/www.maxins.com\/wp-content\/uploads\/2024\/12\/DSC5378-Edit-1200x801.jpg 1200w, https:\/\/www.maxins.com\/wp-content\/uploads\/2024\/12\/DSC5378-Edit-272x182.jpg 272w\" sizes=\"auto, (max-width: 2080px) 100vw, 2080px\" title=\"DSC5378 Edit\" alt=\"\" \t\tclass=\"so-widget-image\"\/>\n\t<\/div>\n\n<\/div><\/div><\/div><\/div><div id=\"pg-gb9914-69ecdcc55d756-1\"  class=\"panel-grid panel-no-style\" ><div id=\"pgc-gb9914-69ecdcc55d756-1-0\"  class=\"panel-grid-cell\" ><div id=\"panel-gb9914-69ecdcc55d756-1-0-0\" class=\"so-panel widget widget_sow-editor panel-first-child panel-last-child\" data-index=\"3\" ><div\n\t\t\t\n\t\t\tclass=\"so-widget-sow-editor so-widget-sow-editor-base\"\n\t\t\t\n\t\t>\n<div class=\"siteorigin-widget-tinymce textwidget\">\n\t<hr>\n<\/div>\n<\/div><\/div><\/div><\/div><div id=\"pg-gb9914-69ecdcc55d756-2\"  class=\"panel-grid panel-has-style\" ><div class=\"panel-row-style panel-row-style-for-gb9914-69ecdcc55d756-2\" ><div id=\"pgc-gb9914-69ecdcc55d756-2-0\"  class=\"panel-grid-cell\" ><div id=\"panel-gb9914-69ecdcc55d756-2-0-0\" class=\"so-panel widget widget_sow-editor panel-first-child panel-last-child\" data-index=\"4\" ><div\n\t\t\t\n\t\t\tclass=\"so-widget-sow-editor so-widget-sow-editor-base\"\n\t\t\t\n\t\t>\n<div class=\"siteorigin-widget-tinymce textwidget\">\n\t<h4>Bereich: Zeitarbeitsfirma<\/h4>\n<ul class=\"outsourcing-dots\">\n<li style=\"padding-left: 30px;\">STN ISO 9001:2016<\/li>\n<\/ul>\n<p><a title=\"\" href=\"https:\/\/www.maxins.com\/wp-content\/uploads\/2024\/12\/Certifikat-AGENCY-OF-TEMPORARY-EMPLOYMENT.pdf\" target=\"blank\" rel=\"noopener\">Laden Sie das Zertifikat herunter<\/a><\/p>\n<\/div>\n<\/div><\/div><\/div><div id=\"pgc-gb9914-69ecdcc55d756-2-1\"  class=\"panel-grid-cell\" ><div id=\"panel-gb9914-69ecdcc55d756-2-1-0\" class=\"so-panel widget widget_sow-editor panel-first-child\" data-index=\"5\" ><div\n\t\t\t\n\t\t\tclass=\"so-widget-sow-editor so-widget-sow-editor-base\"\n\t\t\t\n\t\t>\n<div class=\"siteorigin-widget-tinymce textwidget\">\n\t<h4>Haftpflichtversicherung<\/h4>\n<p><a href=\"https:\/\/www.maxins.com\/wp-content\/uploads\/2024\/12\/MPSK20-20PoistnyCC8120certifikaCC81t.pdf\" target=\"blank\" title=\"\" rel=\"noopener\">Laden Sie das Zertifikat herunter<\/a><\/p>\n<\/div>\n<\/div><\/div><div id=\"panel-gb9914-69ecdcc55d756-2-1-1\" class=\"so-panel widget widget_sow-image panel-last-child\" data-index=\"6\" ><div class=\"panel-widget-style panel-widget-style-for-gb9914-69ecdcc55d756-2-1-1\" ><div\n\t\t\t\n\t\t\tclass=\"so-widget-sow-image so-widget-sow-image-default-8b5b6f678277-9914\"\n\t\t\t\n\t\t>\n<div class=\"sow-image-container\">\n\t\t<img loading=\"lazy\" decoding=\"async\" src=\"https:\/\/www.maxins.com\/wp-content\/uploads\/2024\/12\/pngwing.com_.png\" width=\"2500\" height=\"620\" srcset=\"https:\/\/www.maxins.com\/wp-content\/uploads\/2024\/12\/pngwing.com_.png 2500w, https:\/\/www.maxins.com\/wp-content\/uploads\/2024\/12\/pngwing.com_-300x74.png 300w, https:\/\/www.maxins.com\/wp-content\/uploads\/2024\/12\/pngwing.com_-1024x254.png 1024w, https:\/\/www.maxins.com\/wp-content\/uploads\/2024\/12\/pngwing.com_-768x191.png 768w, https:\/\/www.maxins.com\/wp-content\/uploads\/2024\/12\/pngwing.com_-1536x381.png 1536w, https:\/\/www.maxins.com\/wp-content\/uploads\/2024\/12\/pngwing.com_-2048x508.png 2048w, https:\/\/www.maxins.com\/wp-content\/uploads\/2024\/12\/pngwing.com_-480x119.png 480w, https:\/\/www.maxins.com\/wp-content\/uploads\/2024\/12\/pngwing.com_-992x246.png 992w, https:\/\/www.maxins.com\/wp-content\/uploads\/2024\/12\/pngwing.com_-1200x298.png 1200w\" sizes=\"auto, (max-width: 2500px) 100vw, 2500px\" title=\"pngwing.com \" alt=\"\" \t\tclass=\"so-widget-image\"\/>\n\t<\/div>\n\n<\/div><\/div><\/div><\/div><\/div><\/div><div id=\"pg-gb9914-69ecdcc55d756-3\"  class=\"panel-grid panel-has-style\" ><div class=\"panel-row-style panel-row-style-for-gb9914-69ecdcc55d756-3\" ><div id=\"pgc-gb9914-69ecdcc55d756-3-0\"  class=\"panel-grid-cell\" ><div id=\"panel-gb9914-69ecdcc55d756-3-0-0\" class=\"so-panel widget widget_sow-editor panel-first-child\" data-index=\"7\" ><div\n\t\t\t\n\t\t\tclass=\"so-widget-sow-editor so-widget-sow-editor-base\"\n\t\t\t\n\t\t>\n<div class=\"siteorigin-widget-tinymce textwidget\">\n\t<h4>Lizenz (ADZ)  <\/h4>\n<p><a href=\"https:\/\/www.maxins.com\/wp-content\/uploads\/2024\/12\/ADZ20-20Povolenie202620Licencia.pdf\" target=\"blank\" title=\"\" rel=\"noopener\">Laden Sie das Zertifikat herunter<\/a><\/p>\n<\/div>\n<\/div><\/div><div id=\"panel-gb9914-69ecdcc55d756-3-0-1\" class=\"so-panel widget widget_sow-image panel-last-child\" data-index=\"8\" ><div class=\"panel-widget-style panel-widget-style-for-gb9914-69ecdcc55d756-3-0-1\" ><div\n\t\t\t\n\t\t\tclass=\"so-widget-sow-image so-widget-sow-image-default-8b5b6f678277-9914\"\n\t\t\t\n\t\t>\n<div class=\"sow-image-container\">\n\t\t<img loading=\"lazy\" decoding=\"async\" src=\"https:\/\/www.maxins.com\/wp-content\/uploads\/2024\/12\/logo-upsvar.png\" width=\"1024\" height=\"321\" srcset=\"https:\/\/www.maxins.com\/wp-content\/uploads\/2024\/12\/logo-upsvar.png 1024w, https:\/\/www.maxins.com\/wp-content\/uploads\/2024\/12\/logo-upsvar-300x94.png 300w, https:\/\/www.maxins.com\/wp-content\/uploads\/2024\/12\/logo-upsvar-768x241.png 768w, https:\/\/www.maxins.com\/wp-content\/uploads\/2024\/12\/logo-upsvar-480x150.png 480w, https:\/\/www.maxins.com\/wp-content\/uploads\/2024\/12\/logo-upsvar-992x311.png 992w\" sizes=\"auto, (max-width: 1024px) 100vw, 1024px\" title=\"logo upsvar\" alt=\"\" \t\tclass=\"so-widget-image\"\/>\n\t<\/div>\n\n<\/div><\/div><\/div><\/div><div id=\"pgc-gb9914-69ecdcc55d756-3-1\"  class=\"panel-grid-cell\" ><div id=\"panel-gb9914-69ecdcc55d756-3-1-0\" class=\"so-panel widget widget_sow-editor panel-first-child\" data-index=\"9\" ><div\n\t\t\t\n\t\t\tclass=\"so-widget-sow-editor so-widget-sow-editor-base\"\n\t\t\t\n\t\t>\n<div class=\"siteorigin-widget-tinymce textwidget\">\n\t<h4>MAXIN&#8217;S Logo<\/h4>\n<p><a href=\"https:\/\/www.maxins.com\/wp-content\/uploads\/2024\/12\/logo-maxins.zip\" target=\"blank\" title=\"\" rel=\"noopener\">Logo herunterladen<\/a><\/p>\n<\/div>\n<\/div><\/div><div id=\"panel-gb9914-69ecdcc55d756-3-1-1\" class=\"so-panel widget widget_sow-image panel-last-child\" data-index=\"10\" ><div class=\"panel-widget-style panel-widget-style-for-gb9914-69ecdcc55d756-3-1-1\" ><div\n\t\t\t\n\t\t\tclass=\"so-widget-sow-image so-widget-sow-image-default-8b5b6f678277-9914\"\n\t\t\t\n\t\t>\n<div class=\"sow-image-container\">\n\t\t<img decoding=\"async\" src=\"https:\/\/www.maxins.com\/wp-content\/uploads\/2024\/12\/maxins-logo_black.svg\" title=\"maxins logo black\" alt=\"\" \t\tclass=\"so-widget-image\"\/>\n\t<\/div>\n\n<\/div><\/div><\/div><\/div><\/div><\/div><div id=\"pg-gb9914-69ecdcc55d756-4\"  class=\"panel-grid panel-has-style\" ><div class=\"siteorigin-panels-stretch panel-row-style panel-row-style-for-gb9914-69ecdcc55d756-4\" data-stretch-type=\"full\" ><div id=\"pgc-gb9914-69ecdcc55d756-4-0\"  class=\"panel-grid-cell\" ><div id=\"panel-gb9914-69ecdcc55d756-4-0-0\" class=\"so-panel widget widget_siteorigin-panels-builder panel-first-child panel-last-child\" data-index=\"11\" ><div class=\"panel-widget-style panel-widget-style-for-gb9914-69ecdcc55d756-4-0-0\" ><div id=\"pl-w6811e1dac9050\"  class=\"panel-layout\" ><div id=\"pg-w6811e1dac9050-0\"  class=\"panel-grid panel-no-style\" ><div id=\"pgc-w6811e1dac9050-0-0\"  class=\"panel-grid-cell\" ><div id=\"panel-w6811e1dac9050-0-0-0\" class=\"so-panel widget widget_sow-editor panel-first-child panel-last-child\" data-index=\"0\" ><div\n\t\t\t\n\t\t\tclass=\"so-widget-sow-editor so-widget-sow-editor-base\"\n\t\t\t\n\t\t>\n<div class=\"siteorigin-widget-tinymce textwidget\">\n\t<h2 style=\"text-align: center;\"><span style=\"font-family: var(--font-family-2); font-weight: 300; color: #D0AB6F; font-size: 3.3rem\">Ethischer Kodex <\/span><br \/>\n<\/h2>\n<h2 style=\"text-align: center; margin-top: -10px;\">MAXIN&#8217;S Group<\/h2>\n<\/div>\n<\/div><\/div><\/div><\/div><div id=\"pg-w6811e1dac9050-1\"  class=\"panel-grid panel-no-style\" ><div id=\"pgc-w6811e1dac9050-1-0\"  class=\"panel-grid-cell\" ><div id=\"panel-w6811e1dac9050-1-0-0\" class=\"so-panel widget widget_sow-image panel-first-child panel-last-child\" data-index=\"1\" ><div class=\"panel-widget-style panel-widget-style-for-w6811e1dac9050-1-0-0\" ><div\n\t\t\t\n\t\t\tclass=\"so-widget-sow-image so-widget-sow-image-default-8b5b6f678277\"\n\t\t\t\n\t\t><\/div><\/div><\/div><\/div><div id=\"pgc-w6811e1dac9050-1-1\"  class=\"panel-grid-cell\" ><div id=\"panel-w6811e1dac9050-1-1-0\" class=\"so-panel widget widget_sow-editor panel-first-child panel-last-child\" data-index=\"2\" ><div\n\t\t\t\n\t\t\tclass=\"so-widget-sow-editor so-widget-sow-editor-base\"\n\t\t\t\n\t\t>\n<div class=\"siteorigin-widget-tinymce textwidget\">\n\t<p>Unser Verhaltenskodex legt klare Regeln f\u00fcr das Verhalten und die Verantwortung fest, die wir bei all unseren Aktivit\u00e4ten befolgen. Ziel ist es, transparente und faire (Mitarbeiter- und Gesch\u00e4fts-) Beziehungen zu schaffen, die auf Respekt und Integrit\u00e4t beruhen.<\/p>\n<ul class=\"outsourcing-dots\">\n<li style=\"padding-left: 30px;\">Ehrlichkeit und Transparenz in allen Beziehungen<\/li>\n<li style=\"padding-left: 30px;\">Fairer Wettbewerb ohne unethische Praktiken<\/li>\n<li style=\"padding-left: 30px;\">Null Toleranz gegen\u00fcber Korruption und Betrug<\/li>\n<li style=\"padding-left: 30px;\">Datenschutz und Datensicherheit<\/li>\n<li style=\"padding-left: 30px;\">Gleichbehandlung f\u00fcr alle Partner und Mitarbeiter<\/li>\n<\/ul>\n<p><a href=\"https:\/\/www.maxins.com\/wp-content\/uploads\/2025\/04\/eticky-kodex-v.3-28.4.2025.pdf\" target=\"blank\" title=\"\" class=\"button button-brand-color-2\" rel=\"noopener\">Download des Ethikkodexes<\/a><\/p>\n<\/div>\n<\/div><\/div><\/div><\/div><\/div><\/div><\/div><\/div><\/div><\/div><\/div>","protected":false},"excerpt":{"rendered":"<p>Bereich:Sortieren und Reparieren von Komponenten f\u00fcr die Autoindustrie ISO 9001:2016 ISO 14001:2016 ISO 45001:2019 Zertifikate<\/p>\n","protected":false},"author":3,"featured_media":7542,"parent":0,"menu_order":0,"comment_status":"closed","ping_status":"closed","template":"","meta":{"_acf_changed":false,"footnotes":""},"class_list":["post-9914","page","type-page","status-publish","has-post-thumbnail","hentry"],"acf":[],"yoast_head":"<!-- This site is optimized with the Yoast SEO plugin v25.3.1 - https:\/\/yoast.com\/wordpress\/plugins\/seo\/ -->\n<title>Download | Zertifikate, Dokumente und MAXINs Ethikkodex<\/title>\n<meta name=\"description\" content=\"Laden Sie wichtige Dokumente, Zertifikate und den Verhaltenskodex der MAXIN&#039;S Gruppe herunter. Hier finden Sie alle notwendigen Materialien an einem Ort.\" \/>\n<meta name=\"robots\" content=\"index, follow, max-snippet:-1, max-image-preview:large, max-video-preview:-1\" \/>\n<link rel=\"canonical\" href=\"https:\/\/www.maxins.com\/de\/herunterladen\/\" \/>\n<meta property=\"og:locale\" content=\"de_DE\" \/>\n<meta property=\"og:type\" content=\"article\" \/>\n<meta property=\"og:title\" content=\"Download | Zertifikate, Dokumente und MAXINs Ethikkodex\" \/>\n<meta property=\"og:description\" content=\"Laden Sie wichtige Dokumente, Zertifikate und den Verhaltenskodex der MAXIN&#039;S Gruppe herunter. Hier finden Sie alle notwendigen Materialien an einem Ort.\" \/>\n<meta property=\"og:url\" content=\"https:\/\/www.maxins.com\/de\/herunterladen\/\" \/>\n<meta property=\"og:site_name\" content=\"MAXIN\u2019S\" \/>\n<meta property=\"article:modified_time\" content=\"2025-04-30T08:39:56+00:00\" \/>\n<meta property=\"og:image\" content=\"https:\/\/www.maxins.com\/wp-content\/uploads\/2025\/02\/5P9A4576K.jpg\" \/>\n\t<meta property=\"og:image:width\" content=\"4860\" \/>\n\t<meta property=\"og:image:height\" content=\"3240\" \/>\n\t<meta property=\"og:image:type\" content=\"image\/jpeg\" \/>\n<meta name=\"twitter:card\" content=\"summary_large_image\" \/>\n<meta name=\"twitter:label1\" content=\"Gesch\u00e4tzte Lesezeit\" \/>\n\t<meta name=\"twitter:data1\" content=\"3\u00a0Minuten\" \/>\n<script type=\"application\/ld+json\" class=\"yoast-schema-graph\">{\"@context\":\"https:\/\/schema.org\",\"@graph\":[{\"@type\":\"WebPage\",\"@id\":\"https:\/\/www.maxins.com\/de\/herunterladen\/\",\"url\":\"https:\/\/www.maxins.com\/de\/herunterladen\/\",\"name\":\"Download | Zertifikate, Dokumente und MAXINs Ethikkodex\",\"isPartOf\":{\"@id\":\"https:\/\/www.maxins.com\/#website\"},\"primaryImageOfPage\":{\"@id\":\"https:\/\/www.maxins.com\/de\/herunterladen\/#primaryimage\"},\"image\":{\"@id\":\"https:\/\/www.maxins.com\/de\/herunterladen\/#primaryimage\"},\"thumbnailUrl\":\"https:\/\/www.maxins.com\/wp-content\/uploads\/2025\/02\/5P9A4576K.jpg\",\"datePublished\":\"2024-12-17T09:56:40+00:00\",\"dateModified\":\"2025-04-30T08:39:56+00:00\",\"description\":\"Laden Sie wichtige Dokumente, Zertifikate und den Verhaltenskodex der MAXIN'S Gruppe herunter. Hier finden Sie alle notwendigen Materialien an einem Ort.\",\"breadcrumb\":{\"@id\":\"https:\/\/www.maxins.com\/de\/herunterladen\/#breadcrumb\"},\"inLanguage\":\"de\",\"potentialAction\":[{\"@type\":\"ReadAction\",\"target\":[\"https:\/\/www.maxins.com\/de\/herunterladen\/\"]}]},{\"@type\":\"ImageObject\",\"inLanguage\":\"de\",\"@id\":\"https:\/\/www.maxins.com\/de\/herunterladen\/#primaryimage\",\"url\":\"https:\/\/www.maxins.com\/wp-content\/uploads\/2025\/02\/5P9A4576K.jpg\",\"contentUrl\":\"https:\/\/www.maxins.com\/wp-content\/uploads\/2025\/02\/5P9A4576K.jpg\",\"width\":4860,\"height\":3240,\"caption\":\"5P9A4576K\"},{\"@type\":\"BreadcrumbList\",\"@id\":\"https:\/\/www.maxins.com\/de\/herunterladen\/#breadcrumb\",\"itemListElement\":[{\"@type\":\"ListItem\",\"position\":1,\"name\":\"Domovsk\u00e1 str\u00e1nka\",\"item\":\"https:\/\/www.maxins.com\/de\/\"},{\"@type\":\"ListItem\",\"position\":2,\"name\":\"Herunterladen\"}]},{\"@type\":\"WebSite\",\"@id\":\"https:\/\/www.maxins.com\/#website\",\"url\":\"https:\/\/www.maxins.com\/\",\"name\":\"MAXIN\u2019S\",\"description\":\"\",\"potentialAction\":[{\"@type\":\"SearchAction\",\"target\":{\"@type\":\"EntryPoint\",\"urlTemplate\":\"https:\/\/www.maxins.com\/?s={search_term_string}\"},\"query-input\":{\"@type\":\"PropertyValueSpecification\",\"valueRequired\":true,\"valueName\":\"search_term_string\"}}],\"inLanguage\":\"de\"}]}<\/script>\n<!-- \/ Yoast SEO plugin. -->","yoast_head_json":{"title":"Download | Zertifikate, Dokumente und MAXINs Ethikkodex","description":"Laden Sie wichtige Dokumente, Zertifikate und den Verhaltenskodex der MAXIN'S Gruppe herunter. Hier finden Sie alle notwendigen Materialien an einem Ort.","robots":{"index":"index","follow":"follow","max-snippet":"max-snippet:-1","max-image-preview":"max-image-preview:large","max-video-preview":"max-video-preview:-1"},"canonical":"https:\/\/www.maxins.com\/de\/herunterladen\/","og_locale":"de_DE","og_type":"article","og_title":"Download | Zertifikate, Dokumente und MAXINs Ethikkodex","og_description":"Laden Sie wichtige Dokumente, Zertifikate und den Verhaltenskodex der MAXIN'S Gruppe herunter. Hier finden Sie alle notwendigen Materialien an einem Ort.","og_url":"https:\/\/www.maxins.com\/de\/herunterladen\/","og_site_name":"MAXIN\u2019S","article_modified_time":"2025-04-30T08:39:56+00:00","og_image":[{"width":4860,"height":3240,"url":"https:\/\/www.maxins.com\/wp-content\/uploads\/2025\/02\/5P9A4576K.jpg","type":"image\/jpeg"}],"twitter_card":"summary_large_image","twitter_misc":{"Gesch\u00e4tzte Lesezeit":"3\u00a0Minuten"},"schema":{"@context":"https:\/\/schema.org","@graph":[{"@type":"WebPage","@id":"https:\/\/www.maxins.com\/de\/herunterladen\/","url":"https:\/\/www.maxins.com\/de\/herunterladen\/","name":"Download | Zertifikate, Dokumente und MAXINs Ethikkodex","isPartOf":{"@id":"https:\/\/www.maxins.com\/#website"},"primaryImageOfPage":{"@id":"https:\/\/www.maxins.com\/de\/herunterladen\/#primaryimage"},"image":{"@id":"https:\/\/www.maxins.com\/de\/herunterladen\/#primaryimage"},"thumbnailUrl":"https:\/\/www.maxins.com\/wp-content\/uploads\/2025\/02\/5P9A4576K.jpg","datePublished":"2024-12-17T09:56:40+00:00","dateModified":"2025-04-30T08:39:56+00:00","description":"Laden Sie wichtige Dokumente, Zertifikate und den Verhaltenskodex der MAXIN'S Gruppe herunter. Hier finden Sie alle notwendigen Materialien an einem Ort.","breadcrumb":{"@id":"https:\/\/www.maxins.com\/de\/herunterladen\/#breadcrumb"},"inLanguage":"de","potentialAction":[{"@type":"ReadAction","target":["https:\/\/www.maxins.com\/de\/herunterladen\/"]}]},{"@type":"ImageObject","inLanguage":"de","@id":"https:\/\/www.maxins.com\/de\/herunterladen\/#primaryimage","url":"https:\/\/www.maxins.com\/wp-content\/uploads\/2025\/02\/5P9A4576K.jpg","contentUrl":"https:\/\/www.maxins.com\/wp-content\/uploads\/2025\/02\/5P9A4576K.jpg","width":4860,"height":3240,"caption":"5P9A4576K"},{"@type":"BreadcrumbList","@id":"https:\/\/www.maxins.com\/de\/herunterladen\/#breadcrumb","itemListElement":[{"@type":"ListItem","position":1,"name":"Domovsk\u00e1 str\u00e1nka","item":"https:\/\/www.maxins.com\/de\/"},{"@type":"ListItem","position":2,"name":"Herunterladen"}]},{"@type":"WebSite","@id":"https:\/\/www.maxins.com\/#website","url":"https:\/\/www.maxins.com\/","name":"MAXIN\u2019S","description":"","potentialAction":[{"@type":"SearchAction","target":{"@type":"EntryPoint","urlTemplate":"https:\/\/www.maxins.com\/?s={search_term_string}"},"query-input":{"@type":"PropertyValueSpecification","valueRequired":true,"valueName":"search_term_string"}}],"inLanguage":"de"}]}},"_links":{"self":[{"href":"https:\/\/www.maxins.com\/de\/wp-json\/wp\/v2\/pages\/9914","targetHints":{"allow":["GET"]}}],"collection":[{"href":"https:\/\/www.maxins.com\/de\/wp-json\/wp\/v2\/pages"}],"about":[{"href":"https:\/\/www.maxins.com\/de\/wp-json\/wp\/v2\/types\/page"}],"author":[{"embeddable":true,"href":"https:\/\/www.maxins.com\/de\/wp-json\/wp\/v2\/users\/3"}],"replies":[{"embeddable":true,"href":"https:\/\/www.maxins.com\/de\/wp-json\/wp\/v2\/comments?post=9914"}],"version-history":[{"count":5,"href":"https:\/\/www.maxins.com\/de\/wp-json\/wp\/v2\/pages\/9914\/revisions"}],"predecessor-version":[{"id":10846,"href":"https:\/\/www.maxins.com\/de\/wp-json\/wp\/v2\/pages\/9914\/revisions\/10846"}],"wp:featuredmedia":[{"embeddable":true,"href":"https:\/\/www.maxins.com\/de\/wp-json\/wp\/v2\/media\/7542"}],"wp:attachment":[{"href":"https:\/\/www.maxins.com\/de\/wp-json\/wp\/v2\/media?parent=9914"}],"curies":[{"name":"wp","href":"https:\/\/api.w.org\/{rel}","templated":true}]}}