{"id":9637,"date":"2025-02-20T13:14:15","date_gmt":"2025-02-20T13:14:15","guid":{"rendered":"https:\/\/www.maxins.com\/impressum\/"},"modified":"2025-02-20T13:14:15","modified_gmt":"2025-02-20T13:14:15","slug":"impressum","status":"publish","type":"page","link":"https:\/\/www.maxins.com\/en\/impressum\/","title":{"rendered":"Impressum"},"content":{"rendered":"<h3><b>Website Operator:<\/b><b><\/b><\/h3>\n<p><b>MAXIN&#8217;S Group, a.s.<\/b><br \/>\nBajkalsk\u00e1 22<br \/>\n821 09 Bratislava<\/p>\n<p>I\u010cO: 47242337<br \/>\nDI\u010c: 2023631423<br \/>\nI\u010c DPH: SK2023631423<\/p>\n<h3><b>Entry in the commercial register:<\/b><\/h3>\n<p>Bratislava III Municipal Court<br \/>\nSection: Sa, File number: 7337\/B<\/p>\n<h3><b>Contact details:<\/b><\/h3>\n<p>Phone: 0917 555 768<br \/>\nE-mail:  obchod@maxins.sk<br \/>\nWeb:  <a href=\"http:\/\/www.maxins.com\">www.maxins.com<\/a><\/p>\n<h3><b>The person responsible for the content of the website:<\/b><\/h3>\n<p>Juraj Wertlen &#8211;<span class=\"Apple-converted-space\">  <\/span>Marketing Manager, tel: 0911 639 877<\/p>\n<h3><b>Privacy Policy:<\/b><\/h3>\n<p>Detailed information on the processing of personal data can be found in  <a href=\"https:\/\/www.osobnyudaj.sk\/informovanie\/50657160\/gdpr\/sk\/informacie-o-ucele-spracuvania-a-dobe-uchovavania-osobnych-udajov\">at this link.<\/a><span class=\"Apple-converted-space\"> <\/span><\/p>\n<h3><b>Copyright and liability:<\/b><\/h3>\n<p>\u00a9 2025 MAXIN&#8217;S Group, a.s. All rights reserved.<br \/>\nThe content of this website is protected by copyright and its use without the consent of the operator is prohibited. We are not responsible for the content of external sites to which we link.<\/p>\n","protected":false},"excerpt":{"rendered":"<p>Website Operator: MAXIN&#8217;S Group, a.s. Bajkalsk\u00e1 22 821 09 Bratislava I\u010cO: 47242337 DI\u010c: 2023631423 I\u010c DPH: SK2023631423 Entry in the commercial register: Bratislava III Municipal Court Section: Sa, File number: 7337\/B Contact details: Phone: 0917 555 768 E-mail: obchod@maxins.sk Web: www.maxins.com The person responsible for the content of the website: Juraj Wertlen &#8211; Marketing Manager, [&hellip;]<\/p>\n","protected":false},"author":2,"featured_media":0,"parent":0,"menu_order":0,"comment_status":"closed","ping_status":"closed","template":"","meta":{"_acf_changed":false,"footnotes":""},"class_list":["post-9637","page","type-page","status-publish","hentry"],"acf":[],"yoast_head":"<!-- This site is optimized with the Yoast SEO plugin v25.3.1 - https:\/\/yoast.com\/wordpress\/plugins\/seo\/ -->\n<title>Impressum - MAXIN\u2019S<\/title>\n<meta name=\"robots\" content=\"index, follow, max-snippet:-1, max-image-preview:large, max-video-preview:-1\" \/>\n<link rel=\"canonical\" href=\"https:\/\/www.maxins.com\/impressum\/\" \/>\n<meta property=\"og:locale\" content=\"en_US\" \/>\n<meta property=\"og:type\" content=\"article\" \/>\n<meta property=\"og:title\" content=\"Impressum - MAXIN\u2019S\" \/>\n<meta property=\"og:description\" content=\"Website Operator: MAXIN&#8217;S Group, a.s. Bajkalsk\u00e1 22 821 09 Bratislava I\u010cO: 47242337 DI\u010c: 2023631423 I\u010c DPH: SK2023631423 Entry in the commercial register: Bratislava III Municipal Court Section: Sa, File number: 7337\/B Contact details: Phone: 0917 555 768 E-mail: obchod@maxins.sk Web: www.maxins.com The person responsible for the content of the website: Juraj Wertlen &#8211; Marketing Manager, [&hellip;]\" \/>\n<meta property=\"og:url\" content=\"https:\/\/www.maxins.com\/impressum\/\" \/>\n<meta property=\"og:site_name\" content=\"MAXIN\u2019S\" \/>\n<meta name=\"twitter:card\" content=\"summary_large_image\" \/>\n<meta name=\"twitter:label1\" content=\"Est. reading time\" \/>\n\t<meta name=\"twitter:data1\" content=\"1 minute\" \/>\n<script type=\"application\/ld+json\" class=\"yoast-schema-graph\">{\"@context\":\"https:\/\/schema.org\",\"@graph\":[{\"@type\":\"WebPage\",\"@id\":\"https:\/\/www.maxins.com\/impressum\/\",\"url\":\"https:\/\/www.maxins.com\/impressum\/\",\"name\":\"Impressum - MAXIN\u2019S\",\"isPartOf\":{\"@id\":\"https:\/\/www.maxins.com\/#website\"},\"datePublished\":\"2025-02-20T13:14:15+00:00\",\"breadcrumb\":{\"@id\":\"https:\/\/www.maxins.com\/impressum\/#breadcrumb\"},\"inLanguage\":\"en-US\",\"potentialAction\":[{\"@type\":\"ReadAction\",\"target\":[\"https:\/\/www.maxins.com\/impressum\/\"]}]},{\"@type\":\"BreadcrumbList\",\"@id\":\"https:\/\/www.maxins.com\/impressum\/#breadcrumb\",\"itemListElement\":[{\"@type\":\"ListItem\",\"position\":1,\"name\":\"Domovsk\u00e1 str\u00e1nka\",\"item\":\"https:\/\/www.maxins.com\/en\/\"},{\"@type\":\"ListItem\",\"position\":2,\"name\":\"Impressum\"}]},{\"@type\":\"WebSite\",\"@id\":\"https:\/\/www.maxins.com\/#website\",\"url\":\"https:\/\/www.maxins.com\/\",\"name\":\"MAXIN\u2019S\",\"description\":\"\",\"potentialAction\":[{\"@type\":\"SearchAction\",\"target\":{\"@type\":\"EntryPoint\",\"urlTemplate\":\"https:\/\/www.maxins.com\/?s={search_term_string}\"},\"query-input\":{\"@type\":\"PropertyValueSpecification\",\"valueRequired\":true,\"valueName\":\"search_term_string\"}}],\"inLanguage\":\"en-US\"}]}<\/script>\n<!-- \/ Yoast SEO plugin. -->","yoast_head_json":{"title":"Impressum - MAXIN\u2019S","robots":{"index":"index","follow":"follow","max-snippet":"max-snippet:-1","max-image-preview":"max-image-preview:large","max-video-preview":"max-video-preview:-1"},"canonical":"https:\/\/www.maxins.com\/impressum\/","og_locale":"en_US","og_type":"article","og_title":"Impressum - MAXIN\u2019S","og_description":"Website Operator: MAXIN&#8217;S Group, a.s. Bajkalsk\u00e1 22 821 09 Bratislava I\u010cO: 47242337 DI\u010c: 2023631423 I\u010c DPH: SK2023631423 Entry in the commercial register: Bratislava III Municipal Court Section: Sa, File number: 7337\/B Contact details: Phone: 0917 555 768 E-mail: obchod@maxins.sk Web: www.maxins.com The person responsible for the content of the website: Juraj Wertlen &#8211; Marketing Manager, [&hellip;]","og_url":"https:\/\/www.maxins.com\/impressum\/","og_site_name":"MAXIN\u2019S","twitter_card":"summary_large_image","twitter_misc":{"Est. reading time":"1 minute"},"schema":{"@context":"https:\/\/schema.org","@graph":[{"@type":"WebPage","@id":"https:\/\/www.maxins.com\/impressum\/","url":"https:\/\/www.maxins.com\/impressum\/","name":"Impressum - MAXIN\u2019S","isPartOf":{"@id":"https:\/\/www.maxins.com\/#website"},"datePublished":"2025-02-20T13:14:15+00:00","breadcrumb":{"@id":"https:\/\/www.maxins.com\/impressum\/#breadcrumb"},"inLanguage":"en-US","potentialAction":[{"@type":"ReadAction","target":["https:\/\/www.maxins.com\/impressum\/"]}]},{"@type":"BreadcrumbList","@id":"https:\/\/www.maxins.com\/impressum\/#breadcrumb","itemListElement":[{"@type":"ListItem","position":1,"name":"Domovsk\u00e1 str\u00e1nka","item":"https:\/\/www.maxins.com\/en\/"},{"@type":"ListItem","position":2,"name":"Impressum"}]},{"@type":"WebSite","@id":"https:\/\/www.maxins.com\/#website","url":"https:\/\/www.maxins.com\/","name":"MAXIN\u2019S","description":"","potentialAction":[{"@type":"SearchAction","target":{"@type":"EntryPoint","urlTemplate":"https:\/\/www.maxins.com\/?s={search_term_string}"},"query-input":{"@type":"PropertyValueSpecification","valueRequired":true,"valueName":"search_term_string"}}],"inLanguage":"en-US"}]}},"_links":{"self":[{"href":"https:\/\/www.maxins.com\/en\/wp-json\/wp\/v2\/pages\/9637","targetHints":{"allow":["GET"]}}],"collection":[{"href":"https:\/\/www.maxins.com\/en\/wp-json\/wp\/v2\/pages"}],"about":[{"href":"https:\/\/www.maxins.com\/en\/wp-json\/wp\/v2\/types\/page"}],"author":[{"embeddable":true,"href":"https:\/\/www.maxins.com\/en\/wp-json\/wp\/v2\/users\/2"}],"replies":[{"embeddable":true,"href":"https:\/\/www.maxins.com\/en\/wp-json\/wp\/v2\/comments?post=9637"}],"version-history":[{"count":0,"href":"https:\/\/www.maxins.com\/en\/wp-json\/wp\/v2\/pages\/9637\/revisions"}],"wp:attachment":[{"href":"https:\/\/www.maxins.com\/en\/wp-json\/wp\/v2\/media?parent=9637"}],"curies":[{"name":"wp","href":"https:\/\/api.w.org\/{rel}","templated":true}]}}