{"id":9654,"date":"2025-01-27T14:01:13","date_gmt":"2025-01-27T14:01:13","guid":{"rendered":"https:\/\/www.maxins.com\/contact\/maxins-germany-ulm\/"},"modified":"2025-03-21T09:29:36","modified_gmt":"2025-03-21T09:29:36","slug":"maxins-germany-ulm","status":"publish","type":"page","link":"https:\/\/www.maxins.com\/en\/contact\/maxins-germany-ulm\/","title":{"rendered":"MAXIN&#8217;S Germany Ulm"},"content":{"rendered":"<div id=\"pl-9654\"  class=\"panel-layout\" ><div id=\"pg-9654-0\"  class=\"panel-grid panel-has-style\" ><div class=\"floating-sidebar-container siteorigin-panels-stretch panel-row-style panel-row-style-for-9654-0\" data-stretch-type=\"full\" ><div id=\"pgc-9654-0-0\"  class=\"panel-grid-cell\" ><div id=\"panel-9654-0-0-0\" class=\"so-panel widget widget_siteorigin-panels-builder panel-first-child panel-last-child\" data-index=\"0\" ><div class=\"floating-element panel-widget-style panel-widget-style-for-9654-0-0-0\" ><div id=\"pl-w67a6859ca38be\"  class=\"panel-layout\" ><div id=\"pg-w67a6859ca38be-0\"  class=\"panel-grid panel-no-style\" ><div id=\"pgc-w67a6859ca38be-0-0\"  class=\"panel-grid-cell\" ><div id=\"panel-w67a6859ca38be-0-0-0\" class=\"so-panel widget widget_siteorigin-panels-builder panel-first-child panel-last-child\" data-index=\"0\" ><div id=\"pl-w67a6859ca38ca\"  class=\"panel-layout\" ><div id=\"pg-w67a6859ca38ca-0\"  class=\"panel-grid panel-has-style\" ><div class=\"panel-row-style panel-row-style-for-w67a6859ca38ca-0\" ><div id=\"pgc-w67a6859ca38ca-0-0\"  class=\"panel-grid-cell\" ><div id=\"panel-w67a6859ca38ca-0-0-0\" class=\"so-panel widget widget_sow-image panel-first-child\" data-index=\"0\" ><div class=\"panel-widget-style panel-widget-style-for-w67a6859ca38ca-0-0-0\" ><div\n\t\t\t\n\t\t\tclass=\"so-widget-sow-image so-widget-sow-image-default-8b5b6f678277\"\n\t\t\t\n\t\t>\n<div class=\"sow-image-container\">\n\t\t<img loading=\"lazy\" decoding=\"async\" src=\"https:\/\/www.maxins.com\/wp-content\/uploads\/2025\/01\/Lubomir-Petruska.png\" width=\"2000\" height=\"2000\" srcset=\"https:\/\/www.maxins.com\/wp-content\/uploads\/2025\/01\/Lubomir-Petruska.png 2000w, https:\/\/www.maxins.com\/wp-content\/uploads\/2025\/01\/Lubomir-Petruska-300x300.png 300w, https:\/\/www.maxins.com\/wp-content\/uploads\/2025\/01\/Lubomir-Petruska-1024x1024.png 1024w, https:\/\/www.maxins.com\/wp-content\/uploads\/2025\/01\/Lubomir-Petruska-150x150.png 150w, https:\/\/www.maxins.com\/wp-content\/uploads\/2025\/01\/Lubomir-Petruska-768x768.png 768w, https:\/\/www.maxins.com\/wp-content\/uploads\/2025\/01\/Lubomir-Petruska-1536x1536.png 1536w, https:\/\/www.maxins.com\/wp-content\/uploads\/2025\/01\/Lubomir-Petruska-480x480.png 480w, https:\/\/www.maxins.com\/wp-content\/uploads\/2025\/01\/Lubomir-Petruska-992x992.png 992w, https:\/\/www.maxins.com\/wp-content\/uploads\/2025\/01\/Lubomir-Petruska-1200x1200.png 1200w\" sizes=\"auto, (max-width: 2000px) 100vw, 2000px\" title=\"Lubomir Petruska\" alt=\"\" \t\tclass=\"so-widget-image\"\/>\n\t<\/div>\n\n<\/div><\/div><\/div><div id=\"panel-w67a6859ca38ca-0-0-1\" class=\"so-panel widget widget_sow-editor panel-last-child\" data-index=\"1\" ><div class=\"contact-info panel-widget-style panel-widget-style-for-w67a6859ca38ca-0-0-1\" ><div\n\t\t\t\n\t\t\tclass=\"so-widget-sow-editor so-widget-sow-editor-base\"\n\t\t\t\n\t\t>\n<div class=\"siteorigin-widget-tinymce textwidget\">\n\t<p><b>\u013dubom\u00edr Petru\u0161ka<br \/>\n<\/b>Operations Director<\/p>\n<p><a href=\"tel:+491732308440\">+49 173 230 8440<\/a><br \/>\n<a href=\"mailto: lubomir.petruska@areon.eu\">lubomir.petruska@areon.eu<\/a><\/p>\n<p class=\"social-contact\"><span style=\"color: #aaaaaa;\"><a style=\"color: #aaaaaa;\" href=\"https:\/\/www.linkedin.com\/in\/lubomir-petruska\/\" target=\"blank\" rel=\"noopener\">Linkedin<\/a><\/span><\/p>\n<\/div>\n<\/div><\/div><\/div><\/div><\/div><\/div><\/div><\/div><\/div><\/div><\/div><\/div><\/div><\/div><div id=\"pgc-9654-0-1\"  class=\"panel-grid-cell\" ><div id=\"panel-9654-0-1-0\" class=\"so-panel widget widget_sow-editor panel-first-child\" data-index=\"1\" ><div class=\"floating-sidebar-containe panel-widget-style panel-widget-style-for-9654-0-1-0\" ><div\n\t\t\t\n\t\t\tclass=\"so-widget-sow-editor so-widget-sow-editor-base\"\n\t\t\t\n\t\t>\n<div class=\"siteorigin-widget-tinymce textwidget\">\n\t<p>The Areon branch in Ulm is the heart of the company's operations. It provides permanent coordination of employees throughout Germany and round-the-clock support for our clients.<\/p>\n<\/div>\n<\/div><\/div><\/div><div id=\"panel-9654-0-1-1\" class=\"so-panel widget widget_siteorigin-panels-builder panel-last-child\" data-index=\"2\" ><div class=\"panel-widget-style panel-widget-style-for-9654-0-1-1\" ><div id=\"pl-w679d3f5f77e41\"  class=\"panel-layout\" ><div id=\"pg-w679d3f5f77e41-0\"  class=\"panel-grid panel-has-style\" ><div class=\"panel-row-style panel-row-style-for-w679d3f5f77e41-0\" ><div id=\"pgc-w679d3f5f77e41-0-0\"  class=\"panel-grid-cell\" ><div id=\"panel-w679d3f5f77e41-0-0-0\" class=\"so-panel widget widget_sow-image panel-first-child panel-last-child\" data-index=\"0\" ><div class=\"panel-widget-style panel-widget-style-for-w679d3f5f77e41-0-0-0\" ><div\n\t\t\t\n\t\t\tclass=\"so-widget-sow-image so-widget-sow-image-default-8b5b6f678277\"\n\t\t\t\n\t\t><\/div><\/div><\/div><\/div><div id=\"pgc-w679d3f5f77e41-0-1\"  class=\"panel-grid-cell\" ><div id=\"panel-w679d3f5f77e41-0-1-0\" class=\"so-panel widget widget_sow-editor panel-first-child panel-last-child\" data-index=\"1\" ><div class=\"panel-widget-style panel-widget-style-for-w679d3f5f77e41-0-1-0\" ><div\n\t\t\t\n\t\t\tclass=\"so-widget-sow-editor so-widget-sow-editor-base\"\n\t\t\t\n\t\t>\n<div class=\"siteorigin-widget-tinymce textwidget\">\n\t<h3>MAXIN'S Ulm<\/h3>\n<p>Opening hours<br \/><strong>Mon-Fri: 08:00 - 16:00<\/strong><\/p>\n<p>Address<\/p>\n<p>Hans-Lorenser-Stra\u00dfe 40,<br \/>89079 Ulm<\/p>\n<p><a class=\"button button-inverse\" title=\"\" href=\"https:\/\/maps.app.goo.gl\/uLoHpd1n7BDHrpri9\" target=\"blank\" rel=\"noopener\">Navigate<\/a><\/p>\n<\/div>\n<\/div><\/div><\/div><\/div><\/div><\/div><\/div><\/div><\/div><\/div><\/div><\/div><\/div>","protected":false},"excerpt":{"rendered":"<p>The Areon branch in Ulm is the heart of the company&#8217;s operations. It provides permanent coordination of employees throughout Germany and round-the-clock support for our clients.<\/p>\n","protected":false},"author":3,"featured_media":7206,"parent":9642,"menu_order":0,"comment_status":"closed","ping_status":"closed","template":"","meta":{"_acf_changed":false,"footnotes":""},"class_list":["post-9654","page","type-page","status-publish","has-post-thumbnail","hentry"],"acf":[],"yoast_head":"<!-- This site is optimized with the Yoast SEO plugin v25.3.1 - https:\/\/yoast.com\/wordpress\/plugins\/seo\/ -->\n<title>MAXIN&#039;S Germany Ulm - MAXIN\u2019S<\/title>\n<meta name=\"robots\" content=\"index, follow, max-snippet:-1, max-image-preview:large, max-video-preview:-1\" \/>\n<link rel=\"canonical\" href=\"https:\/\/www.maxins.com\/en\/contact\/maxins-germany-ulm\/\" \/>\n<meta property=\"og:locale\" content=\"en_US\" \/>\n<meta property=\"og:type\" content=\"article\" \/>\n<meta property=\"og:title\" content=\"MAXIN&#039;S Germany Ulm - MAXIN\u2019S\" \/>\n<meta property=\"og:description\" content=\"The Areon branch in Ulm is the heart of the company&#039;s operations. It provides permanent coordination of employees throughout Germany and round-the-clock support for our clients.\" \/>\n<meta property=\"og:url\" content=\"https:\/\/www.maxins.com\/en\/contact\/maxins-germany-ulm\/\" \/>\n<meta property=\"og:site_name\" content=\"MAXIN\u2019S\" \/>\n<meta property=\"article:modified_time\" content=\"2025-03-21T09:29:36+00:00\" \/>\n<meta property=\"og:image\" content=\"https:\/\/www.maxins.com\/wp-content\/uploads\/2025\/02\/Screenshot-2025-02-07-at-19.31.29-1024x704.png\" \/>\n\t<meta property=\"og:image:width\" content=\"1024\" \/>\n\t<meta property=\"og:image:height\" content=\"704\" \/>\n\t<meta property=\"og:image:type\" content=\"image\/png\" \/>\n<meta name=\"twitter:card\" content=\"summary_large_image\" \/>\n<meta name=\"twitter:label1\" content=\"Est. reading time\" \/>\n\t<meta name=\"twitter:data1\" content=\"1 minute\" \/>\n<script type=\"application\/ld+json\" class=\"yoast-schema-graph\">{\"@context\":\"https:\/\/schema.org\",\"@graph\":[{\"@type\":\"WebPage\",\"@id\":\"https:\/\/www.maxins.com\/en\/contact\/maxins-germany-ulm\/\",\"url\":\"https:\/\/www.maxins.com\/en\/contact\/maxins-germany-ulm\/\",\"name\":\"MAXIN'S Germany Ulm - MAXIN\u2019S\",\"isPartOf\":{\"@id\":\"https:\/\/www.maxins.com\/#website\"},\"primaryImageOfPage\":{\"@id\":\"https:\/\/www.maxins.com\/en\/contact\/maxins-germany-ulm\/#primaryimage\"},\"image\":{\"@id\":\"https:\/\/www.maxins.com\/en\/contact\/maxins-germany-ulm\/#primaryimage\"},\"thumbnailUrl\":\"https:\/\/www.maxins.com\/wp-content\/uploads\/2025\/02\/Screenshot-2025-02-07-at-19.31.29.png\",\"datePublished\":\"2025-01-27T14:01:13+00:00\",\"dateModified\":\"2025-03-21T09:29:36+00:00\",\"breadcrumb\":{\"@id\":\"https:\/\/www.maxins.com\/en\/contact\/maxins-germany-ulm\/#breadcrumb\"},\"inLanguage\":\"en-US\",\"potentialAction\":[{\"@type\":\"ReadAction\",\"target\":[\"https:\/\/www.maxins.com\/en\/contact\/maxins-germany-ulm\/\"]}]},{\"@type\":\"ImageObject\",\"inLanguage\":\"en-US\",\"@id\":\"https:\/\/www.maxins.com\/en\/contact\/maxins-germany-ulm\/#primaryimage\",\"url\":\"https:\/\/www.maxins.com\/wp-content\/uploads\/2025\/02\/Screenshot-2025-02-07-at-19.31.29.png\",\"contentUrl\":\"https:\/\/www.maxins.com\/wp-content\/uploads\/2025\/02\/Screenshot-2025-02-07-at-19.31.29.png\",\"width\":3146,\"height\":2162,\"caption\":\"Screenshot 2025 02 07 at 19.31.29\"},{\"@type\":\"BreadcrumbList\",\"@id\":\"https:\/\/www.maxins.com\/en\/contact\/maxins-germany-ulm\/#breadcrumb\",\"itemListElement\":[{\"@type\":\"ListItem\",\"position\":1,\"name\":\"Domovsk\u00e1 str\u00e1nka\",\"item\":\"https:\/\/www.maxins.com\/en\/\"},{\"@type\":\"ListItem\",\"position\":2,\"name\":\"Contact\",\"item\":\"https:\/\/www.maxins.com\/en\/contact\/\"},{\"@type\":\"ListItem\",\"position\":3,\"name\":\"MAXIN&#8217;S Germany Ulm\"}]},{\"@type\":\"WebSite\",\"@id\":\"https:\/\/www.maxins.com\/#website\",\"url\":\"https:\/\/www.maxins.com\/\",\"name\":\"MAXIN\u2019S\",\"description\":\"\",\"potentialAction\":[{\"@type\":\"SearchAction\",\"target\":{\"@type\":\"EntryPoint\",\"urlTemplate\":\"https:\/\/www.maxins.com\/?s={search_term_string}\"},\"query-input\":{\"@type\":\"PropertyValueSpecification\",\"valueRequired\":true,\"valueName\":\"search_term_string\"}}],\"inLanguage\":\"en-US\"}]}<\/script>\n<!-- \/ Yoast SEO plugin. -->","yoast_head_json":{"title":"MAXIN'S Germany Ulm - MAXIN\u2019S","robots":{"index":"index","follow":"follow","max-snippet":"max-snippet:-1","max-image-preview":"max-image-preview:large","max-video-preview":"max-video-preview:-1"},"canonical":"https:\/\/www.maxins.com\/en\/contact\/maxins-germany-ulm\/","og_locale":"en_US","og_type":"article","og_title":"MAXIN'S Germany Ulm - MAXIN\u2019S","og_description":"The Areon branch in Ulm is the heart of the company's operations. It provides permanent coordination of employees throughout Germany and round-the-clock support for our clients.","og_url":"https:\/\/www.maxins.com\/en\/contact\/maxins-germany-ulm\/","og_site_name":"MAXIN\u2019S","article_modified_time":"2025-03-21T09:29:36+00:00","og_image":[{"width":1024,"height":704,"url":"https:\/\/www.maxins.com\/wp-content\/uploads\/2025\/02\/Screenshot-2025-02-07-at-19.31.29-1024x704.png","type":"image\/png"}],"twitter_card":"summary_large_image","twitter_misc":{"Est. reading time":"1 minute"},"schema":{"@context":"https:\/\/schema.org","@graph":[{"@type":"WebPage","@id":"https:\/\/www.maxins.com\/en\/contact\/maxins-germany-ulm\/","url":"https:\/\/www.maxins.com\/en\/contact\/maxins-germany-ulm\/","name":"MAXIN'S Germany Ulm - MAXIN\u2019S","isPartOf":{"@id":"https:\/\/www.maxins.com\/#website"},"primaryImageOfPage":{"@id":"https:\/\/www.maxins.com\/en\/contact\/maxins-germany-ulm\/#primaryimage"},"image":{"@id":"https:\/\/www.maxins.com\/en\/contact\/maxins-germany-ulm\/#primaryimage"},"thumbnailUrl":"https:\/\/www.maxins.com\/wp-content\/uploads\/2025\/02\/Screenshot-2025-02-07-at-19.31.29.png","datePublished":"2025-01-27T14:01:13+00:00","dateModified":"2025-03-21T09:29:36+00:00","breadcrumb":{"@id":"https:\/\/www.maxins.com\/en\/contact\/maxins-germany-ulm\/#breadcrumb"},"inLanguage":"en-US","potentialAction":[{"@type":"ReadAction","target":["https:\/\/www.maxins.com\/en\/contact\/maxins-germany-ulm\/"]}]},{"@type":"ImageObject","inLanguage":"en-US","@id":"https:\/\/www.maxins.com\/en\/contact\/maxins-germany-ulm\/#primaryimage","url":"https:\/\/www.maxins.com\/wp-content\/uploads\/2025\/02\/Screenshot-2025-02-07-at-19.31.29.png","contentUrl":"https:\/\/www.maxins.com\/wp-content\/uploads\/2025\/02\/Screenshot-2025-02-07-at-19.31.29.png","width":3146,"height":2162,"caption":"Screenshot 2025 02 07 at 19.31.29"},{"@type":"BreadcrumbList","@id":"https:\/\/www.maxins.com\/en\/contact\/maxins-germany-ulm\/#breadcrumb","itemListElement":[{"@type":"ListItem","position":1,"name":"Domovsk\u00e1 str\u00e1nka","item":"https:\/\/www.maxins.com\/en\/"},{"@type":"ListItem","position":2,"name":"Contact","item":"https:\/\/www.maxins.com\/en\/contact\/"},{"@type":"ListItem","position":3,"name":"MAXIN&#8217;S Germany Ulm"}]},{"@type":"WebSite","@id":"https:\/\/www.maxins.com\/#website","url":"https:\/\/www.maxins.com\/","name":"MAXIN\u2019S","description":"","potentialAction":[{"@type":"SearchAction","target":{"@type":"EntryPoint","urlTemplate":"https:\/\/www.maxins.com\/?s={search_term_string}"},"query-input":{"@type":"PropertyValueSpecification","valueRequired":true,"valueName":"search_term_string"}}],"inLanguage":"en-US"}]}},"_links":{"self":[{"href":"https:\/\/www.maxins.com\/en\/wp-json\/wp\/v2\/pages\/9654","targetHints":{"allow":["GET"]}}],"collection":[{"href":"https:\/\/www.maxins.com\/en\/wp-json\/wp\/v2\/pages"}],"about":[{"href":"https:\/\/www.maxins.com\/en\/wp-json\/wp\/v2\/types\/page"}],"author":[{"embeddable":true,"href":"https:\/\/www.maxins.com\/en\/wp-json\/wp\/v2\/users\/3"}],"replies":[{"embeddable":true,"href":"https:\/\/www.maxins.com\/en\/wp-json\/wp\/v2\/comments?post=9654"}],"version-history":[{"count":2,"href":"https:\/\/www.maxins.com\/en\/wp-json\/wp\/v2\/pages\/9654\/revisions"}],"predecessor-version":[{"id":9839,"href":"https:\/\/www.maxins.com\/en\/wp-json\/wp\/v2\/pages\/9654\/revisions\/9839"}],"up":[{"embeddable":true,"href":"https:\/\/www.maxins.com\/en\/wp-json\/wp\/v2\/pages\/9642"}],"wp:featuredmedia":[{"embeddable":true,"href":"https:\/\/www.maxins.com\/en\/wp-json\/wp\/v2\/media\/7206"}],"wp:attachment":[{"href":"https:\/\/www.maxins.com\/en\/wp-json\/wp\/v2\/media?parent=9654"}],"curies":[{"name":"wp","href":"https:\/\/api.w.org\/{rel}","templated":true}]}}