{"id":9661,"date":"2025-03-07T10:00:56","date_gmt":"2025-03-07T10:00:56","guid":{"rendered":"https:\/\/www.maxins.com\/?page_id=9661"},"modified":"2025-03-20T13:08:35","modified_gmt":"2025-03-20T13:08:35","slug":"maxins-praha","status":"publish","type":"page","link":"https:\/\/www.maxins.com\/en\/contact\/maxins-praha\/","title":{"rendered":"MAXIN\u2019S Prague"},"content":{"rendered":"<div id=\"pl-9661\"  class=\"panel-layout\" ><div id=\"pg-9661-0\"  class=\"panel-grid panel-has-style\" ><div class=\"floating-sidebar-container siteorigin-panels-stretch panel-row-style panel-row-style-for-9661-0\" data-stretch-type=\"full\" ><div id=\"pgc-9661-0-0\"  class=\"panel-grid-cell\" ><div id=\"panel-9661-0-0-0\" class=\"so-panel widget widget_siteorigin-panels-builder panel-first-child panel-last-child\" data-index=\"0\" ><div class=\"floating-element panel-widget-style panel-widget-style-for-9661-0-0-0\" ><div id=\"pl-w67cac3d9a6865\"  class=\"panel-layout\" ><div id=\"pg-w67cac3d9a6865-0\"  class=\"panel-grid panel-no-style\" ><div id=\"pgc-w67cac3d9a6865-0-0\"  class=\"panel-grid-cell\" ><div id=\"panel-w67cac3d9a6865-0-0-0\" class=\"so-panel widget widget_siteorigin-panels-builder panel-first-child panel-last-child\" data-index=\"0\" ><div id=\"pl-w67a680ffbac59\"  class=\"panel-layout\" ><div id=\"pg-w67a680ffbac59-0\"  class=\"panel-grid panel-has-style\" ><div class=\"panel-row-style panel-row-style-for-w67a680ffbac59-0\" ><div id=\"pgc-w67a680ffbac59-0-0\"  class=\"panel-grid-cell\" ><div id=\"panel-w67a680ffbac59-0-0-0\" class=\"so-panel widget widget_sow-image panel-first-child\" data-index=\"0\" ><div\n\t\t\t\n\t\t\tclass=\"so-widget-sow-image so-widget-sow-image-default-8b5b6f678277\"\n\t\t\t\n\t\t>\n<div class=\"sow-image-container\">\n\t\t<img loading=\"lazy\" decoding=\"async\" src=\"https:\/\/www.maxins.com\/wp-content\/uploads\/2025\/02\/1723535063572.jpeg\" width=\"800\" height=\"659\" srcset=\"https:\/\/www.maxins.com\/wp-content\/uploads\/2025\/02\/1723535063572.jpeg 800w, https:\/\/www.maxins.com\/wp-content\/uploads\/2025\/02\/1723535063572-300x247.jpeg 300w, https:\/\/www.maxins.com\/wp-content\/uploads\/2025\/02\/1723535063572-768x633.jpeg 768w, https:\/\/www.maxins.com\/wp-content\/uploads\/2025\/02\/1723535063572-480x395.jpeg 480w\" sizes=\"auto, (max-width: 800px) 100vw, 800px\" title=\"1723535063572\" alt=\"\" \t\tclass=\"so-widget-image\"\/>\n\t<\/div>\n\n<\/div><\/div><div id=\"panel-w67a680ffbac59-0-0-1\" class=\"so-panel widget widget_sow-editor panel-last-child\" data-index=\"1\" ><div class=\"contact-info panel-widget-style panel-widget-style-for-w67a680ffbac59-0-0-1\" ><div\n\t\t\t\n\t\t\tclass=\"so-widget-sow-editor so-widget-sow-editor-base\"\n\t\t\t\n\t\t>\n<div class=\"siteorigin-widget-tinymce textwidget\">\n\t<p><strong>Mari\u00e1n Luk\u00e1\u010d ml.<br \/>\n<\/strong>Branch Manager<\/p>\n<p><a href=\"tel: +420 608 764 153\">+420 608 764 153<\/a><br \/>\n<a href=\"mailto: marianlukac@maxins.cz\">marianlukac@maxins.cz<\/a><\/p>\n<p class=\"social-contact\"><a href=\"https:\/\/www.linkedin.com\/in\/mari\u00e1n-luk\u00e1\u010d\/\" target=\"blank\" rel=\"noopener\">Linkedin<\/a><\/p>\n<\/div>\n<\/div><\/div><\/div><\/div><\/div><\/div><\/div><\/div><\/div><\/div><\/div><\/div><\/div><\/div><div id=\"pgc-9661-0-1\"  class=\"panel-grid-cell\" ><div id=\"panel-9661-0-1-0\" class=\"so-panel widget widget_sow-editor panel-first-child\" data-index=\"1\" ><div class=\"floating-sidebar-containe panel-widget-style panel-widget-style-for-9661-0-1-0\" ><div\n\t\t\t\n\t\t\tclass=\"so-widget-sow-editor so-widget-sow-editor-base\"\n\t\t\t\n\t\t>\n<div class=\"siteorigin-widget-tinymce textwidget\">\n\t<p>The Prague office offers jobs in various sectors such as manufacturing, logistics, automotive and others. It provides its clients with comprehensive HR services, including consulting, recruitment and selection of employees.<\/p>\n<\/div>\n<\/div><\/div><\/div><div id=\"panel-9661-0-1-1\" class=\"so-panel widget widget_siteorigin-panels-builder\" data-index=\"2\" ><div class=\"panel-widget-style panel-widget-style-for-9661-0-1-1\" ><div id=\"pl-w67dc132aadefd\"  class=\"panel-layout\" ><div id=\"pg-w67dc132aadefd-0\"  class=\"panel-grid panel-has-style\" ><div class=\"panel-row-style panel-row-style-for-w67dc132aadefd-0\" ><div id=\"pgc-w67dc132aadefd-0-0\"  class=\"panel-grid-cell\" ><div id=\"panel-w67dc132aadefd-0-0-0\" class=\"so-panel widget widget_sow-image panel-first-child panel-last-child\" data-index=\"0\" ><div class=\"panel-widget-style panel-widget-style-for-w67dc132aadefd-0-0-0\" ><div\n\t\t\t\n\t\t\tclass=\"so-widget-sow-image so-widget-sow-image-default-8b5b6f678277\"\n\t\t\t\n\t\t><\/div><\/div><\/div><\/div><div id=\"pgc-w67dc132aadefd-0-1\"  class=\"panel-grid-cell\" ><div id=\"panel-w67dc132aadefd-0-1-0\" class=\"so-panel widget widget_sow-editor panel-first-child panel-last-child\" data-index=\"1\" ><div class=\"panel-widget-style panel-widget-style-for-w67dc132aadefd-0-1-0\" ><div\n\t\t\t\n\t\t\tclass=\"so-widget-sow-editor so-widget-sow-editor-base\"\n\t\t\t\n\t\t>\n<div class=\"siteorigin-widget-tinymce textwidget\">\n\t<h3>MAXIN\u2019S Prague<\/h3>\n<p>Opening hours<br \/>\n<strong>Mon-Fri : 08:00 - 16:00<\/strong><\/p>\n<p>Adresa<\/p>\n<p>V J\u00e1m\u011b 1,<br \/>\n110 00 Prague<\/p>\n<p><a href=\"https:\/\/maps.app.goo.gl\/FBmBxXBrHW7ocgZC7\" target=\"blank\" title=\"\" class=\"button button-inverse\" rel=\"noopener\">Navigate<\/a><\/p>\n<\/div>\n<\/div><\/div><\/div><\/div><\/div><\/div><\/div><\/div><\/div><div id=\"panel-9661-0-1-2\" class=\"so-panel widget widget_sow-editor panel-last-child\" data-index=\"3\" ><div class=\"panel-widget-style panel-widget-style-for-9661-0-1-2\" ><div\n\t\t\t\n\t\t\tclass=\"so-widget-sow-editor so-widget-sow-editor-base\"\n\t\t\t\n\t\t>\n<div class=\"siteorigin-widget-tinymce textwidget\">\n\t<p style=\"text-transform: uppercase\">gallery<\/p>\n\t\t\t<style>\r\n                #foogallery-gallery-7701.fg-justified .fg-item {\r\n                    margin-right: 2px;\r\n                    margin-bottom: 2px;\r\n                }\r\n\r\n                #foogallery-gallery-7701.fg-justified .fg-image {\r\n                    height: 200px;\r\n                }\r\n\t\t\t<\/style>\r\n\t\t\t<div class=\"foogallery foogallery-container foogallery-justified foogallery-lightbox-foobox fg-justified fg-light fg-loading-default fg-loaded-fade-in fg-hover-fade fg-hover-zoom2 fg-ready\" id=\"foogallery-gallery-7701\" data-foogallery=\"{&quot;item&quot;:{&quot;showCaptionTitle&quot;:true,&quot;showCaptionDescription&quot;:false},&quot;lazy&quot;:true,&quot;template&quot;:{&quot;rowHeight&quot;:200,&quot;maxRowHeight&quot;:300,&quot;margins&quot;:2,&quot;align&quot;:&quot;left&quot;,&quot;lastRow&quot;:&quot;smart&quot;}}\" >\r\n\t<div class=\"fg-item fg-type-image fg-idle\"><figure class=\"fg-item-inner\"><a href=\"https:\/\/www.maxins.com\/wp-content\/uploads\/2025\/02\/IMG_1448.jpeg\" data-caption-title=\"IMG 1448\" data-caption-desc=\"IMG 1448\" data-attachment-id=\"7704\" data-type=\"image\" class=\"fg-thumb\"><span class=\"fg-image-wrap\"><img fetchpriority=\"high\" decoding=\"async\" alt=\"IMG 1448\" title=\"IMG 1448\" height=\"300\" width=\"400\" class=\"skip-lazy fg-image\" data-src-fg=\"https:\/\/www.maxins.com\/wp-content\/uploads\/cache\/2025\/02\/IMG_1448\/217899202.jpeg\" data-srcset-fg=\"https:\/\/www.maxins.com\/wp-content\/uploads\/cache\/2025\/02\/IMG_1448\/3371762974.jpeg 2x\" src=\"data:image\/svg+xml,%3Csvg%20xmlns%3D%22http%3A%2F%2Fwww.w3.org%2F2000%2Fsvg%22%20width%3D%22400%22%20height%3D%22300%22%20viewBox%3D%220%200%20400%20300%22%3E%3C%2Fsvg%3E\" loading=\"eager\"><\/span><span class=\"fg-image-overlay\"><\/span><\/a><figcaption class=\"fg-caption\"><div class=\"fg-caption-inner\"><div class=\"fg-caption-title\">IMG 1448<\/div><\/div><\/figcaption><\/figure><div class=\"fg-loader\"><\/div><\/div><div class=\"fg-item fg-type-image fg-idle\"><figure class=\"fg-item-inner\"><a href=\"https:\/\/www.maxins.com\/wp-content\/uploads\/2025\/02\/IMG_2316.jpg\" data-caption-title=\"IMG 2316\" data-caption-desc=\"IMG 2316\" data-attachment-id=\"7716\" data-type=\"image\" class=\"fg-thumb\"><span class=\"fg-image-wrap\"><img decoding=\"async\" alt=\"IMG 2316\" title=\"IMG 2316\" height=\"300\" width=\"400\" class=\"skip-lazy fg-image\" data-src-fg=\"https:\/\/www.maxins.com\/wp-content\/uploads\/cache\/2025\/02\/IMG_2316\/1264574127.jpg\" data-srcset-fg=\"https:\/\/www.maxins.com\/wp-content\/uploads\/cache\/2025\/02\/IMG_2316\/541086435.jpg 2x\" src=\"data:image\/svg+xml,%3Csvg%20xmlns%3D%22http%3A%2F%2Fwww.w3.org%2F2000%2Fsvg%22%20width%3D%22400%22%20height%3D%22300%22%20viewBox%3D%220%200%20400%20300%22%3E%3C%2Fsvg%3E\" loading=\"eager\"><\/span><span class=\"fg-image-overlay\"><\/span><\/a><figcaption class=\"fg-caption\"><div class=\"fg-caption-inner\"><div class=\"fg-caption-title\">IMG 2316<\/div><\/div><\/figcaption><\/figure><div class=\"fg-loader\"><\/div><\/div><div class=\"fg-item fg-type-image fg-idle\"><figure class=\"fg-item-inner\"><a href=\"https:\/\/www.maxins.com\/wp-content\/uploads\/2025\/02\/IMG_2318-rotated.jpg\" data-caption-title=\"IMG 2318 rotated\" data-caption-desc=\"IMG 2318 rotated\" data-attachment-id=\"7720\" data-type=\"image\" class=\"fg-thumb\"><span class=\"fg-image-wrap\"><img decoding=\"async\" alt=\"IMG 2318 rotated\" title=\"IMG 2318 rotated\" height=\"300\" width=\"225\" class=\"skip-lazy fg-image\" data-src-fg=\"https:\/\/www.maxins.com\/wp-content\/uploads\/cache\/2025\/02\/IMG_2318-rotated\/2000707955.jpg\" data-srcset-fg=\"https:\/\/www.maxins.com\/wp-content\/uploads\/cache\/2025\/02\/IMG_2318-rotated\/459460593.jpg 2x\" src=\"data:image\/svg+xml,%3Csvg%20xmlns%3D%22http%3A%2F%2Fwww.w3.org%2F2000%2Fsvg%22%20width%3D%22225%22%20height%3D%22300%22%20viewBox%3D%220%200%20225%20300%22%3E%3C%2Fsvg%3E\" loading=\"eager\"><\/span><span class=\"fg-image-overlay\"><\/span><\/a><figcaption class=\"fg-caption\"><div class=\"fg-caption-inner\"><div class=\"fg-caption-title\">IMG 2318 rotated<\/div><\/div><\/figcaption><\/figure><div class=\"fg-loader\"><\/div><\/div><div class=\"fg-item fg-type-image fg-idle\"><figure class=\"fg-item-inner\"><a href=\"https:\/\/www.maxins.com\/wp-content\/uploads\/2025\/02\/IMG_2321.jpg\" data-caption-title=\"IMG 2321\" data-caption-desc=\"IMG 2321\" data-attachment-id=\"7724\" data-type=\"image\" class=\"fg-thumb\"><span class=\"fg-image-wrap\"><img decoding=\"async\" alt=\"IMG 2321\" title=\"IMG 2321\" height=\"300\" width=\"400\" class=\"skip-lazy fg-image\" data-src-fg=\"https:\/\/www.maxins.com\/wp-content\/uploads\/cache\/2025\/02\/IMG_2321\/2750492825.jpg\" data-srcset-fg=\"https:\/\/www.maxins.com\/wp-content\/uploads\/cache\/2025\/02\/IMG_2321\/3371089109.jpg 2x\" src=\"data:image\/svg+xml,%3Csvg%20xmlns%3D%22http%3A%2F%2Fwww.w3.org%2F2000%2Fsvg%22%20width%3D%22400%22%20height%3D%22300%22%20viewBox%3D%220%200%20400%20300%22%3E%3C%2Fsvg%3E\" loading=\"eager\"><\/span><span class=\"fg-image-overlay\"><\/span><\/a><figcaption class=\"fg-caption\"><div class=\"fg-caption-inner\"><div class=\"fg-caption-title\">IMG 2321<\/div><\/div><\/figcaption><\/figure><div class=\"fg-loader\"><\/div><\/div><div class=\"fg-item fg-type-image fg-idle\"><figure class=\"fg-item-inner\"><a href=\"https:\/\/www.maxins.com\/wp-content\/uploads\/2025\/02\/IMG_2324.jpg\" data-caption-title=\"IMG 2324\" data-caption-desc=\"IMG 2324\" data-attachment-id=\"7728\" data-type=\"image\" class=\"fg-thumb\"><span class=\"fg-image-wrap\"><img decoding=\"async\" alt=\"IMG 2324\" title=\"IMG 2324\" height=\"300\" width=\"400\" class=\"skip-lazy fg-image\" data-src-fg=\"https:\/\/www.maxins.com\/wp-content\/uploads\/cache\/2025\/02\/IMG_2324\/2230081359.jpg\" data-srcset-fg=\"https:\/\/www.maxins.com\/wp-content\/uploads\/cache\/2025\/02\/IMG_2324\/4025735939.jpg 2x\" src=\"data:image\/svg+xml,%3Csvg%20xmlns%3D%22http%3A%2F%2Fwww.w3.org%2F2000%2Fsvg%22%20width%3D%22400%22%20height%3D%22300%22%20viewBox%3D%220%200%20400%20300%22%3E%3C%2Fsvg%3E\" loading=\"eager\"><\/span><span class=\"fg-image-overlay\"><\/span><\/a><figcaption class=\"fg-caption\"><div class=\"fg-caption-inner\"><div class=\"fg-caption-title\">IMG 2324<\/div><\/div><\/figcaption><\/figure><div class=\"fg-loader\"><\/div><\/div><div class=\"fg-item fg-type-image fg-idle\"><figure class=\"fg-item-inner\"><a href=\"https:\/\/www.maxins.com\/wp-content\/uploads\/2025\/02\/IMG_2325.jpg\" data-caption-title=\"IMG 2325\" data-caption-desc=\"IMG 2325\" data-attachment-id=\"7732\" data-type=\"image\" class=\"fg-thumb\"><span class=\"fg-image-wrap\"><img decoding=\"async\" alt=\"IMG 2325\" title=\"IMG 2325\" height=\"300\" width=\"400\" class=\"skip-lazy fg-image\" data-src-fg=\"https:\/\/www.maxins.com\/wp-content\/uploads\/cache\/2025\/02\/IMG_2325\/2350821723.jpg\" data-srcset-fg=\"https:\/\/www.maxins.com\/wp-content\/uploads\/cache\/2025\/02\/IMG_2325\/3875618071.jpg 2x\" src=\"data:image\/svg+xml,%3Csvg%20xmlns%3D%22http%3A%2F%2Fwww.w3.org%2F2000%2Fsvg%22%20width%3D%22400%22%20height%3D%22300%22%20viewBox%3D%220%200%20400%20300%22%3E%3C%2Fsvg%3E\" loading=\"eager\"><\/span><span class=\"fg-image-overlay\"><\/span><\/a><figcaption class=\"fg-caption\"><div class=\"fg-caption-inner\"><div class=\"fg-caption-title\">IMG 2325<\/div><\/div><\/figcaption><\/figure><div class=\"fg-loader\"><\/div><\/div><\/div>\r\n\n<\/div>\n<\/div><\/div><\/div><\/div><\/div><\/div><\/div>","protected":false},"excerpt":{"rendered":"<p>The Prague office offers jobs in various sectors such as manufacturing, logistics, automotive and others. It provides its clients with comprehensive HR services, including consulting, recruitment and selection of employees. gallery<\/p>\n","protected":false},"author":3,"featured_media":9518,"parent":9642,"menu_order":0,"comment_status":"closed","ping_status":"closed","template":"","meta":{"_acf_changed":false,"footnotes":""},"class_list":["post-9661","page","type-page","status-publish","has-post-thumbnail","hentry"],"acf":[],"yoast_head":"<!-- This site is optimized with the Yoast SEO plugin v25.3.1 - https:\/\/yoast.com\/wordpress\/plugins\/seo\/ -->\n<title>MAXIN\u2019S Prague - MAXIN\u2019S<\/title>\n<meta name=\"robots\" content=\"index, follow, max-snippet:-1, max-image-preview:large, max-video-preview:-1\" \/>\n<link rel=\"canonical\" href=\"https:\/\/www.maxins.com\/en\/contact\/maxins-praha\/\" \/>\n<meta property=\"og:locale\" content=\"en_US\" \/>\n<meta property=\"og:type\" content=\"article\" \/>\n<meta property=\"og:title\" content=\"MAXIN\u2019S Prague - MAXIN\u2019S\" \/>\n<meta property=\"og:description\" content=\"The Prague office offers jobs in various sectors such as manufacturing, logistics, automotive and others. It provides its clients with comprehensive HR services, including consulting, recruitment and selection of employees. gallery\" \/>\n<meta property=\"og:url\" content=\"https:\/\/www.maxins.com\/en\/contact\/maxins-praha\/\" \/>\n<meta property=\"og:site_name\" content=\"MAXIN\u2019S\" \/>\n<meta property=\"article:modified_time\" content=\"2025-03-20T13:08:35+00:00\" \/>\n<meta property=\"og:image\" content=\"https:\/\/www.maxins.com\/wp-content\/uploads\/2025\/03\/Praha.png\" \/>\n\t<meta property=\"og:image:width\" content=\"1200\" \/>\n\t<meta property=\"og:image:height\" content=\"800\" \/>\n\t<meta property=\"og:image:type\" content=\"image\/png\" \/>\n<meta name=\"twitter:card\" content=\"summary_large_image\" \/>\n<meta name=\"twitter:label1\" content=\"Est. reading time\" \/>\n\t<meta name=\"twitter:data1\" content=\"2 minutes\" \/>\n<script type=\"application\/ld+json\" class=\"yoast-schema-graph\">{\"@context\":\"https:\/\/schema.org\",\"@graph\":[{\"@type\":\"WebPage\",\"@id\":\"https:\/\/www.maxins.com\/en\/contact\/maxins-praha\/\",\"url\":\"https:\/\/www.maxins.com\/en\/contact\/maxins-praha\/\",\"name\":\"MAXIN\u2019S Prague - MAXIN\u2019S\",\"isPartOf\":{\"@id\":\"https:\/\/www.maxins.com\/#website\"},\"primaryImageOfPage\":{\"@id\":\"https:\/\/www.maxins.com\/en\/contact\/maxins-praha\/#primaryimage\"},\"image\":{\"@id\":\"https:\/\/www.maxins.com\/en\/contact\/maxins-praha\/#primaryimage\"},\"thumbnailUrl\":\"https:\/\/www.maxins.com\/wp-content\/uploads\/2025\/03\/Praha.png\",\"datePublished\":\"2025-03-07T10:00:56+00:00\",\"dateModified\":\"2025-03-20T13:08:35+00:00\",\"breadcrumb\":{\"@id\":\"https:\/\/www.maxins.com\/en\/contact\/maxins-praha\/#breadcrumb\"},\"inLanguage\":\"en-US\",\"potentialAction\":[{\"@type\":\"ReadAction\",\"target\":[\"https:\/\/www.maxins.com\/en\/contact\/maxins-praha\/\"]}]},{\"@type\":\"ImageObject\",\"inLanguage\":\"en-US\",\"@id\":\"https:\/\/www.maxins.com\/en\/contact\/maxins-praha\/#primaryimage\",\"url\":\"https:\/\/www.maxins.com\/wp-content\/uploads\/2025\/03\/Praha.png\",\"contentUrl\":\"https:\/\/www.maxins.com\/wp-content\/uploads\/2025\/03\/Praha.png\",\"width\":1200,\"height\":800},{\"@type\":\"BreadcrumbList\",\"@id\":\"https:\/\/www.maxins.com\/en\/contact\/maxins-praha\/#breadcrumb\",\"itemListElement\":[{\"@type\":\"ListItem\",\"position\":1,\"name\":\"Domovsk\u00e1 str\u00e1nka\",\"item\":\"https:\/\/www.maxins.com\/en\/\"},{\"@type\":\"ListItem\",\"position\":2,\"name\":\"Contact\",\"item\":\"https:\/\/www.maxins.com\/en\/contact\/\"},{\"@type\":\"ListItem\",\"position\":3,\"name\":\"MAXIN\u2019S Prague\"}]},{\"@type\":\"WebSite\",\"@id\":\"https:\/\/www.maxins.com\/#website\",\"url\":\"https:\/\/www.maxins.com\/\",\"name\":\"MAXIN\u2019S\",\"description\":\"\",\"potentialAction\":[{\"@type\":\"SearchAction\",\"target\":{\"@type\":\"EntryPoint\",\"urlTemplate\":\"https:\/\/www.maxins.com\/?s={search_term_string}\"},\"query-input\":{\"@type\":\"PropertyValueSpecification\",\"valueRequired\":true,\"valueName\":\"search_term_string\"}}],\"inLanguage\":\"en-US\"}]}<\/script>\n<!-- \/ Yoast SEO plugin. -->","yoast_head_json":{"title":"MAXIN\u2019S Prague - MAXIN\u2019S","robots":{"index":"index","follow":"follow","max-snippet":"max-snippet:-1","max-image-preview":"max-image-preview:large","max-video-preview":"max-video-preview:-1"},"canonical":"https:\/\/www.maxins.com\/en\/contact\/maxins-praha\/","og_locale":"en_US","og_type":"article","og_title":"MAXIN\u2019S Prague - MAXIN\u2019S","og_description":"The Prague office offers jobs in various sectors such as manufacturing, logistics, automotive and others. It provides its clients with comprehensive HR services, including consulting, recruitment and selection of employees. gallery","og_url":"https:\/\/www.maxins.com\/en\/contact\/maxins-praha\/","og_site_name":"MAXIN\u2019S","article_modified_time":"2025-03-20T13:08:35+00:00","og_image":[{"width":1200,"height":800,"url":"https:\/\/www.maxins.com\/wp-content\/uploads\/2025\/03\/Praha.png","type":"image\/png"}],"twitter_card":"summary_large_image","twitter_misc":{"Est. reading time":"2 minutes"},"schema":{"@context":"https:\/\/schema.org","@graph":[{"@type":"WebPage","@id":"https:\/\/www.maxins.com\/en\/contact\/maxins-praha\/","url":"https:\/\/www.maxins.com\/en\/contact\/maxins-praha\/","name":"MAXIN\u2019S Prague - MAXIN\u2019S","isPartOf":{"@id":"https:\/\/www.maxins.com\/#website"},"primaryImageOfPage":{"@id":"https:\/\/www.maxins.com\/en\/contact\/maxins-praha\/#primaryimage"},"image":{"@id":"https:\/\/www.maxins.com\/en\/contact\/maxins-praha\/#primaryimage"},"thumbnailUrl":"https:\/\/www.maxins.com\/wp-content\/uploads\/2025\/03\/Praha.png","datePublished":"2025-03-07T10:00:56+00:00","dateModified":"2025-03-20T13:08:35+00:00","breadcrumb":{"@id":"https:\/\/www.maxins.com\/en\/contact\/maxins-praha\/#breadcrumb"},"inLanguage":"en-US","potentialAction":[{"@type":"ReadAction","target":["https:\/\/www.maxins.com\/en\/contact\/maxins-praha\/"]}]},{"@type":"ImageObject","inLanguage":"en-US","@id":"https:\/\/www.maxins.com\/en\/contact\/maxins-praha\/#primaryimage","url":"https:\/\/www.maxins.com\/wp-content\/uploads\/2025\/03\/Praha.png","contentUrl":"https:\/\/www.maxins.com\/wp-content\/uploads\/2025\/03\/Praha.png","width":1200,"height":800},{"@type":"BreadcrumbList","@id":"https:\/\/www.maxins.com\/en\/contact\/maxins-praha\/#breadcrumb","itemListElement":[{"@type":"ListItem","position":1,"name":"Domovsk\u00e1 str\u00e1nka","item":"https:\/\/www.maxins.com\/en\/"},{"@type":"ListItem","position":2,"name":"Contact","item":"https:\/\/www.maxins.com\/en\/contact\/"},{"@type":"ListItem","position":3,"name":"MAXIN\u2019S Prague"}]},{"@type":"WebSite","@id":"https:\/\/www.maxins.com\/#website","url":"https:\/\/www.maxins.com\/","name":"MAXIN\u2019S","description":"","potentialAction":[{"@type":"SearchAction","target":{"@type":"EntryPoint","urlTemplate":"https:\/\/www.maxins.com\/?s={search_term_string}"},"query-input":{"@type":"PropertyValueSpecification","valueRequired":true,"valueName":"search_term_string"}}],"inLanguage":"en-US"}]}},"_links":{"self":[{"href":"https:\/\/www.maxins.com\/en\/wp-json\/wp\/v2\/pages\/9661","targetHints":{"allow":["GET"]}}],"collection":[{"href":"https:\/\/www.maxins.com\/en\/wp-json\/wp\/v2\/pages"}],"about":[{"href":"https:\/\/www.maxins.com\/en\/wp-json\/wp\/v2\/types\/page"}],"author":[{"embeddable":true,"href":"https:\/\/www.maxins.com\/en\/wp-json\/wp\/v2\/users\/3"}],"replies":[{"embeddable":true,"href":"https:\/\/www.maxins.com\/en\/wp-json\/wp\/v2\/comments?post=9661"}],"version-history":[{"count":8,"href":"https:\/\/www.maxins.com\/en\/wp-json\/wp\/v2\/pages\/9661\/revisions"}],"predecessor-version":[{"id":9669,"href":"https:\/\/www.maxins.com\/en\/wp-json\/wp\/v2\/pages\/9661\/revisions\/9669"}],"up":[{"embeddable":true,"href":"https:\/\/www.maxins.com\/en\/wp-json\/wp\/v2\/pages\/9642"}],"wp:featuredmedia":[{"embeddable":true,"href":"https:\/\/www.maxins.com\/en\/wp-json\/wp\/v2\/media\/9518"}],"wp:attachment":[{"href":"https:\/\/www.maxins.com\/en\/wp-json\/wp\/v2\/media?parent=9661"}],"curies":[{"name":"wp","href":"https:\/\/api.w.org\/{rel}","templated":true}]}}