{"id":13067,"date":"2025-02-20T13:14:15","date_gmt":"2025-02-20T13:14:15","guid":{"rendered":"https:\/\/www.maxins.com\/impressum\/"},"modified":"2025-02-20T13:14:15","modified_gmt":"2025-02-20T13:14:15","slug":"impressum","status":"publish","type":"page","link":"https:\/\/www.maxins.com\/nl\/impressum\/","title":{"rendered":"Impressum"},"content":{"rendered":"<h3><b>Websitebeheerder:<\/b><b><\/b><\/h3>\n<p><b>MAXIN&#8217;S Group, a.s.<\/b><br \/>\nBajkalsk\u00e1 22<br \/>\n821 09 Bratislava<\/p>\n<p>I\u010cO: 47242337<br \/>\nDI\u010c: 2023631423<br \/>\nI\u010c DPH: SK2023631423<\/p>\n<h3><b>Inschrijving in het handelsregister:<\/b><\/h3>\n<p>Rechtbank Bratislava III<br \/>\nAfdeling: Sa, Dossiernummer: 7337\/B<\/p>\n<h3><b>Contactgegevens:<\/b><\/h3>\n<p>Telefoon: 0917 555 768<br \/>\nE-mail: <a href=\"mailto:obchod@maxins.sk\">obchod@maxins.sk<\/a><br \/>\nWeb:   <a href=\"http:\/\/www.maxins.com\">www.maxins.com<\/a><\/p>\n<h3><b>De persoon die verantwoordelijk is voor de inhoud van de website:<\/b><\/h3>\n<p>Juraj Wertlen &#8211;<span class=\"Apple-converted-space\">  <\/span>Marketingmanager, tel: 0911 639 877<\/p>\n<h3><b>Privacybeleid:<\/b><\/h3>\n<p>Gedetailleerde informatie over de verwerking van persoonlijke gegevens vindt u in  <a href=\"https:\/\/www.osobnyudaj.sk\/informovanie\/50657160\/gdpr\/sk\/informacie-o-ucele-spracuvania-a-dobe-uchovavania-osobnych-udajov\">op deze link.<\/a><span class=\"Apple-converted-space\"> <\/span><\/p>\n<h3><b>Auteursrecht en aansprakelijkheid:<\/b><\/h3>\n<p>\u00a9 2025 MAXIN&#8217;S Group, a.s. Alle rechten voorbehouden.<br \/>\nDe inhoud van deze website is auteursrechtelijk beschermd en het gebruik ervan zonder toestemming van de operator is verboden. Wij zijn niet verantwoordelijk voor de inhoud van externe sites waarnaar we linken. <\/p>\n","protected":false},"excerpt":{"rendered":"<p>Websitebeheerder: MAXIN&#8217;S Group, a.s. Bajkalsk\u00e1 22 821 09 Bratislava I\u010cO: 47242337 DI\u010c: 2023631423 I\u010c DPH: SK2023631423 Inschrijving in het handelsregister: Rechtbank Bratislava III Afdeling: Sa, Dossiernummer: 7337\/B Contactgegevens: Telefoon: 0917 555 768 E-mail: obchod@maxins.sk Web: www.maxins.com De persoon die verantwoordelijk is voor de inhoud van de website: Juraj Wertlen &#8211; Marketingmanager, tel: 0911 639 877 [&hellip;]<\/p>\n","protected":false},"author":2,"featured_media":0,"parent":0,"menu_order":0,"comment_status":"closed","ping_status":"closed","template":"","meta":{"_acf_changed":false,"footnotes":""},"class_list":["post-13067","page","type-page","status-publish","hentry"],"acf":[],"yoast_head":"<!-- This site is optimized with the Yoast SEO plugin v25.3.1 - https:\/\/yoast.com\/wordpress\/plugins\/seo\/ -->\n<title>Impressum - MAXIN\u2019S<\/title>\n<meta name=\"robots\" content=\"index, follow, max-snippet:-1, max-image-preview:large, max-video-preview:-1\" \/>\n<link rel=\"canonical\" href=\"https:\/\/www.maxins.com\/impressum\/\" \/>\n<meta property=\"og:locale\" content=\"nl_NL\" \/>\n<meta property=\"og:type\" content=\"article\" \/>\n<meta property=\"og:title\" content=\"Impressum - MAXIN\u2019S\" \/>\n<meta property=\"og:description\" content=\"Websitebeheerder: MAXIN&#8217;S Group, a.s. Bajkalsk\u00e1 22 821 09 Bratislava I\u010cO: 47242337 DI\u010c: 2023631423 I\u010c DPH: SK2023631423 Inschrijving in het handelsregister: Rechtbank Bratislava III Afdeling: Sa, Dossiernummer: 7337\/B Contactgegevens: Telefoon: 0917 555 768 E-mail: obchod@maxins.sk Web: www.maxins.com De persoon die verantwoordelijk is voor de inhoud van de website: Juraj Wertlen &#8211; Marketingmanager, tel: 0911 639 877 [&hellip;]\" \/>\n<meta property=\"og:url\" content=\"https:\/\/www.maxins.com\/impressum\/\" \/>\n<meta property=\"og:site_name\" content=\"MAXIN\u2019S\" \/>\n<meta name=\"twitter:card\" content=\"summary_large_image\" \/>\n<meta name=\"twitter:label1\" content=\"Geschatte leestijd\" \/>\n\t<meta name=\"twitter:data1\" content=\"1 minuut\" \/>\n<script type=\"application\/ld+json\" class=\"yoast-schema-graph\">{\"@context\":\"https:\/\/schema.org\",\"@graph\":[{\"@type\":\"WebPage\",\"@id\":\"https:\/\/www.maxins.com\/impressum\/\",\"url\":\"https:\/\/www.maxins.com\/impressum\/\",\"name\":\"Impressum - MAXIN\u2019S\",\"isPartOf\":{\"@id\":\"https:\/\/www.maxins.com\/#website\"},\"datePublished\":\"2025-02-20T13:14:15+00:00\",\"breadcrumb\":{\"@id\":\"https:\/\/www.maxins.com\/impressum\/#breadcrumb\"},\"inLanguage\":\"nl-NL\",\"potentialAction\":[{\"@type\":\"ReadAction\",\"target\":[\"https:\/\/www.maxins.com\/impressum\/\"]}]},{\"@type\":\"BreadcrumbList\",\"@id\":\"https:\/\/www.maxins.com\/impressum\/#breadcrumb\",\"itemListElement\":[{\"@type\":\"ListItem\",\"position\":1,\"name\":\"Domovsk\u00e1 str\u00e1nka\",\"item\":\"https:\/\/www.maxins.com\/nl\/\"},{\"@type\":\"ListItem\",\"position\":2,\"name\":\"Impressum\"}]},{\"@type\":\"WebSite\",\"@id\":\"https:\/\/www.maxins.com\/#website\",\"url\":\"https:\/\/www.maxins.com\/\",\"name\":\"MAXIN\u2019S\",\"description\":\"\",\"potentialAction\":[{\"@type\":\"SearchAction\",\"target\":{\"@type\":\"EntryPoint\",\"urlTemplate\":\"https:\/\/www.maxins.com\/?s={search_term_string}\"},\"query-input\":{\"@type\":\"PropertyValueSpecification\",\"valueRequired\":true,\"valueName\":\"search_term_string\"}}],\"inLanguage\":\"nl-NL\"}]}<\/script>\n<!-- \/ Yoast SEO plugin. -->","yoast_head_json":{"title":"Impressum - MAXIN\u2019S","robots":{"index":"index","follow":"follow","max-snippet":"max-snippet:-1","max-image-preview":"max-image-preview:large","max-video-preview":"max-video-preview:-1"},"canonical":"https:\/\/www.maxins.com\/impressum\/","og_locale":"nl_NL","og_type":"article","og_title":"Impressum - MAXIN\u2019S","og_description":"Websitebeheerder: MAXIN&#8217;S Group, a.s. Bajkalsk\u00e1 22 821 09 Bratislava I\u010cO: 47242337 DI\u010c: 2023631423 I\u010c DPH: SK2023631423 Inschrijving in het handelsregister: Rechtbank Bratislava III Afdeling: Sa, Dossiernummer: 7337\/B Contactgegevens: Telefoon: 0917 555 768 E-mail: obchod@maxins.sk Web: www.maxins.com De persoon die verantwoordelijk is voor de inhoud van de website: Juraj Wertlen &#8211; Marketingmanager, tel: 0911 639 877 [&hellip;]","og_url":"https:\/\/www.maxins.com\/impressum\/","og_site_name":"MAXIN\u2019S","twitter_card":"summary_large_image","twitter_misc":{"Geschatte leestijd":"1 minuut"},"schema":{"@context":"https:\/\/schema.org","@graph":[{"@type":"WebPage","@id":"https:\/\/www.maxins.com\/impressum\/","url":"https:\/\/www.maxins.com\/impressum\/","name":"Impressum - MAXIN\u2019S","isPartOf":{"@id":"https:\/\/www.maxins.com\/#website"},"datePublished":"2025-02-20T13:14:15+00:00","breadcrumb":{"@id":"https:\/\/www.maxins.com\/impressum\/#breadcrumb"},"inLanguage":"nl-NL","potentialAction":[{"@type":"ReadAction","target":["https:\/\/www.maxins.com\/impressum\/"]}]},{"@type":"BreadcrumbList","@id":"https:\/\/www.maxins.com\/impressum\/#breadcrumb","itemListElement":[{"@type":"ListItem","position":1,"name":"Domovsk\u00e1 str\u00e1nka","item":"https:\/\/www.maxins.com\/nl\/"},{"@type":"ListItem","position":2,"name":"Impressum"}]},{"@type":"WebSite","@id":"https:\/\/www.maxins.com\/#website","url":"https:\/\/www.maxins.com\/","name":"MAXIN\u2019S","description":"","potentialAction":[{"@type":"SearchAction","target":{"@type":"EntryPoint","urlTemplate":"https:\/\/www.maxins.com\/?s={search_term_string}"},"query-input":{"@type":"PropertyValueSpecification","valueRequired":true,"valueName":"search_term_string"}}],"inLanguage":"nl-NL"}]}},"_links":{"self":[{"href":"https:\/\/www.maxins.com\/nl\/wp-json\/wp\/v2\/pages\/13067","targetHints":{"allow":["GET"]}}],"collection":[{"href":"https:\/\/www.maxins.com\/nl\/wp-json\/wp\/v2\/pages"}],"about":[{"href":"https:\/\/www.maxins.com\/nl\/wp-json\/wp\/v2\/types\/page"}],"author":[{"embeddable":true,"href":"https:\/\/www.maxins.com\/nl\/wp-json\/wp\/v2\/users\/2"}],"replies":[{"embeddable":true,"href":"https:\/\/www.maxins.com\/nl\/wp-json\/wp\/v2\/comments?post=13067"}],"version-history":[{"count":0,"href":"https:\/\/www.maxins.com\/nl\/wp-json\/wp\/v2\/pages\/13067\/revisions"}],"wp:attachment":[{"href":"https:\/\/www.maxins.com\/nl\/wp-json\/wp\/v2\/media?parent=13067"}],"curies":[{"name":"wp","href":"https:\/\/api.w.org\/{rel}","templated":true}]}}