{"id":13104,"date":"2025-01-27T14:01:13","date_gmt":"2025-01-27T14:01:13","guid":{"rendered":"https:\/\/www.maxins.com\/maxins-duitsland-ulm\/"},"modified":"2026-04-10T12:24:12","modified_gmt":"2026-04-10T12:24:12","slug":"maxins-duitsland-ulm","status":"publish","type":"page","link":"https:\/\/www.maxins.com\/nl\/neem-contact-op-met\/maxins-duitsland-ulm\/","title":{"rendered":"MAXIN&#8217;S Duitsland Ulm"},"content":{"rendered":"<div id=\"pl-13104\"  class=\"panel-layout\" ><div id=\"pg-13104-0\"  class=\"panel-grid panel-has-style\" ><div class=\"floating-sidebar-container siteorigin-panels-stretch panel-row-style panel-row-style-for-13104-0\" data-stretch-type=\"full\" ><div id=\"pgc-13104-0-0\"  class=\"panel-grid-cell\" ><div id=\"panel-13104-0-0-0\" class=\"so-panel widget widget_siteorigin-panels-builder panel-first-child panel-last-child\" data-index=\"0\" ><div class=\"floating-element panel-widget-style panel-widget-style-for-13104-0-0-0\" ><div id=\"pl-w67a6859ca38be\"  class=\"panel-layout\" ><div id=\"pg-w67a6859ca38be-0\"  class=\"panel-grid panel-no-style\" ><div id=\"pgc-w67a6859ca38be-0-0\"  class=\"panel-grid-cell\" ><div id=\"panel-w67a6859ca38be-0-0-0\" class=\"so-panel widget widget_siteorigin-panels-builder panel-first-child panel-last-child\" data-index=\"0\" ><div id=\"pl-w67a6859ca38ca\"  class=\"panel-layout\" ><div id=\"pg-w67a6859ca38ca-0\"  class=\"panel-grid panel-has-style\" ><div class=\"panel-row-style panel-row-style-for-w67a6859ca38ca-0\" ><div id=\"pgc-w67a6859ca38ca-0-0\"  class=\"panel-grid-cell\" ><div id=\"panel-w67a6859ca38ca-0-0-0\" class=\"so-panel widget widget_sow-image panel-first-child\" data-index=\"0\" ><div class=\"panel-widget-style panel-widget-style-for-w67a6859ca38ca-0-0-0\" ><div\n\t\t\t\n\t\t\tclass=\"so-widget-sow-image so-widget-sow-image-default-8b5b6f678277\"\n\t\t\t\n\t\t>\n<div class=\"sow-image-container\">\n\t\t<img loading=\"lazy\" decoding=\"async\" src=\"https:\/\/www.maxins.com\/wp-content\/uploads\/2025\/01\/Lubomir-Petruska.png\" width=\"2000\" height=\"2000\" srcset=\"https:\/\/www.maxins.com\/wp-content\/uploads\/2025\/01\/Lubomir-Petruska.png 2000w, https:\/\/www.maxins.com\/wp-content\/uploads\/2025\/01\/Lubomir-Petruska-300x300.png 300w, https:\/\/www.maxins.com\/wp-content\/uploads\/2025\/01\/Lubomir-Petruska-1024x1024.png 1024w, https:\/\/www.maxins.com\/wp-content\/uploads\/2025\/01\/Lubomir-Petruska-150x150.png 150w, https:\/\/www.maxins.com\/wp-content\/uploads\/2025\/01\/Lubomir-Petruska-768x768.png 768w, https:\/\/www.maxins.com\/wp-content\/uploads\/2025\/01\/Lubomir-Petruska-1536x1536.png 1536w, https:\/\/www.maxins.com\/wp-content\/uploads\/2025\/01\/Lubomir-Petruska-480x480.png 480w, https:\/\/www.maxins.com\/wp-content\/uploads\/2025\/01\/Lubomir-Petruska-992x992.png 992w, https:\/\/www.maxins.com\/wp-content\/uploads\/2025\/01\/Lubomir-Petruska-1200x1200.png 1200w\" sizes=\"auto, (max-width: 2000px) 100vw, 2000px\" title=\"Lubomir Petruska\" alt=\"\" \t\tclass=\"so-widget-image\"\/>\n\t<\/div>\n\n<\/div><\/div><\/div><div id=\"panel-w67a6859ca38ca-0-0-1\" class=\"so-panel widget widget_sow-editor panel-last-child\" data-index=\"1\" ><div class=\"contact-info panel-widget-style panel-widget-style-for-w67a6859ca38ca-0-0-1\" ><div\n\t\t\t\n\t\t\tclass=\"so-widget-sow-editor so-widget-sow-editor-base\"\n\t\t\t\n\t\t>\n<div class=\"siteorigin-widget-tinymce textwidget\">\n\t<p><b>\u013dubom\u00edr Petru\u0161ka<br \/>\n<\/b>Operations Director<\/p>\n<p><a href=\"tel:+491732308440\">+49 173 230 8440<\/a><br \/>\n<a href=\"mailto: lubomir.petruska@areon.eu\">lubomir.petruska@areon.eu<\/a><\/p>\n<p class=\"social-contact\"><span style=\"color: #aaaaaa;\"><a style=\"color: #aaaaaa;\" href=\"https:\/\/www.linkedin.com\/in\/lubomir-petruska\/\" target=\"blank\" rel=\"noopener\">Linkedin<\/a><\/span><\/p>\n<\/div>\n<\/div><\/div><\/div><\/div><\/div><\/div><\/div><\/div><\/div><\/div><\/div><\/div><\/div><\/div><div id=\"pgc-13104-0-1\"  class=\"panel-grid-cell\" ><div id=\"panel-13104-0-1-0\" class=\"so-panel widget widget_sow-editor panel-first-child\" data-index=\"1\" ><div class=\"floating-sidebar-containe panel-widget-style panel-widget-style-for-13104-0-1-0\" ><div\n\t\t\t\n\t\t\tclass=\"so-widget-sow-editor so-widget-sow-editor-base\"\n\t\t\t\n\t\t>\n<div class=\"siteorigin-widget-tinymce textwidget\">\n\t<p>De Areon\u2011vestiging in Ulm is het hart van de operationele activiteiten van het bedrijf. Ze zorgt voor permanente co\u00f6rdinatie van werknemers in heel Duitsland en biedt continue ondersteuning aan onze klanten.<\/p>\n<\/div>\n<\/div><\/div><\/div><div id=\"panel-13104-0-1-1\" class=\"so-panel widget widget_siteorigin-panels-builder panel-last-child\" data-index=\"2\" ><div class=\"panel-widget-style panel-widget-style-for-13104-0-1-1\" ><div id=\"pl-w679d3f5f77e41\"  class=\"panel-layout\" ><div id=\"pg-w679d3f5f77e41-0\"  class=\"panel-grid panel-has-style\" ><div class=\"panel-row-style panel-row-style-for-w679d3f5f77e41-0\" ><div id=\"pgc-w679d3f5f77e41-0-0\"  class=\"panel-grid-cell\" ><div id=\"panel-w679d3f5f77e41-0-0-0\" class=\"so-panel widget widget_sow-image panel-first-child panel-last-child\" data-index=\"0\" ><div class=\"panel-widget-style panel-widget-style-for-w679d3f5f77e41-0-0-0\" ><div\n\t\t\t\n\t\t\tclass=\"so-widget-sow-image so-widget-sow-image-default-8b5b6f678277\"\n\t\t\t\n\t\t><\/div><\/div><\/div><\/div><div id=\"pgc-w679d3f5f77e41-0-1\"  class=\"panel-grid-cell\" ><div id=\"panel-w679d3f5f77e41-0-1-0\" class=\"so-panel widget widget_sow-editor panel-first-child panel-last-child\" data-index=\"1\" ><div class=\"panel-widget-style panel-widget-style-for-w679d3f5f77e41-0-1-0\" ><div\n\t\t\t\n\t\t\tclass=\"so-widget-sow-editor so-widget-sow-editor-base\"\n\t\t\t\n\t\t>\n<div class=\"siteorigin-widget-tinymce textwidget\">\n\t<h3>MAXIN'S Ulm<\/h3>\n<p>Openingstijden<br \/><strong>ma-vr: 08:00 - 16:00<\/strong><\/p>\n<p>Adres<\/p>\n<p>Hans-Lorenser-Stra\u00dfe 40,<br \/>89079 Ulm<\/p>\n<p><a class=\"button button-inverse\" title=\"\" href=\"https:\/\/maps.app.goo.gl\/uLoHpd1n7BDHrpri9\" target=\"blank\" rel=\"noopener\">Navigeer naar<\/a><\/p>\n<\/div>\n<\/div><\/div><\/div><\/div><\/div><\/div><\/div><\/div><\/div><\/div><\/div><\/div><\/div>","protected":false},"excerpt":{"rendered":"<p>De Areon\u2011vestiging in Ulm is het hart van de operationele activiteiten van het bedrijf. Ze zorgt voor permanente co\u00f6rdinatie van werknemers in heel Duitsland en biedt continue ondersteuning aan onze klanten.<\/p>\n","protected":false},"author":3,"featured_media":13109,"parent":13566,"menu_order":0,"comment_status":"closed","ping_status":"closed","template":"","meta":{"_acf_changed":false,"footnotes":""},"class_list":["post-13104","page","type-page","status-publish","has-post-thumbnail","hentry"],"acf":[],"yoast_head":"<!-- This site is optimized with the Yoast SEO plugin v25.3.1 - https:\/\/yoast.com\/wordpress\/plugins\/seo\/ -->\n<title>MAXIN&#039;S Duitsland Ulm - MAXIN\u2019S<\/title>\n<meta name=\"robots\" content=\"index, follow, max-snippet:-1, max-image-preview:large, max-video-preview:-1\" \/>\n<link rel=\"canonical\" href=\"https:\/\/www.maxins.com\/nl\/neem-contact-op-met\/maxins-duitsland-ulm\/\" \/>\n<meta property=\"og:locale\" content=\"nl_NL\" \/>\n<meta property=\"og:type\" content=\"article\" \/>\n<meta property=\"og:title\" content=\"MAXIN&#039;S Duitsland Ulm - MAXIN\u2019S\" \/>\n<meta property=\"og:description\" content=\"De Areon\u2011vestiging in Ulm is het hart van de operationele activiteiten van het bedrijf. Ze zorgt voor permanente co\u00f6rdinatie van werknemers in heel Duitsland en biedt continue ondersteuning aan onze klanten.\" \/>\n<meta property=\"og:url\" content=\"https:\/\/www.maxins.com\/nl\/neem-contact-op-met\/maxins-duitsland-ulm\/\" \/>\n<meta property=\"og:site_name\" content=\"MAXIN\u2019S\" \/>\n<meta property=\"article:modified_time\" content=\"2026-04-10T12:24:12+00:00\" \/>\n<meta property=\"og:image\" content=\"https:\/\/www.maxins.com\/wp-content\/uploads\/2025\/02\/Screenshot-2025-02-07-at-19.31.29.png\" \/>\n\t<meta property=\"og:image:width\" content=\"2500\" \/>\n\t<meta property=\"og:image:height\" content=\"1718\" \/>\n\t<meta property=\"og:image:type\" content=\"image\/png\" \/>\n<meta name=\"twitter:card\" content=\"summary_large_image\" \/>\n<meta name=\"twitter:label1\" content=\"Geschatte leestijd\" \/>\n\t<meta name=\"twitter:data1\" content=\"1 minuut\" \/>\n<script type=\"application\/ld+json\" class=\"yoast-schema-graph\">{\"@context\":\"https:\/\/schema.org\",\"@graph\":[{\"@type\":\"WebPage\",\"@id\":\"https:\/\/www.maxins.com\/nl\/neem-contact-op-met\/maxins-duitsland-ulm\/\",\"url\":\"https:\/\/www.maxins.com\/nl\/neem-contact-op-met\/maxins-duitsland-ulm\/\",\"name\":\"MAXIN'S Duitsland Ulm - MAXIN\u2019S\",\"isPartOf\":{\"@id\":\"https:\/\/www.maxins.com\/#website\"},\"primaryImageOfPage\":{\"@id\":\"https:\/\/www.maxins.com\/nl\/neem-contact-op-met\/maxins-duitsland-ulm\/#primaryimage\"},\"image\":{\"@id\":\"https:\/\/www.maxins.com\/nl\/neem-contact-op-met\/maxins-duitsland-ulm\/#primaryimage\"},\"thumbnailUrl\":\"https:\/\/www.maxins.com\/wp-content\/uploads\/2025\/02\/Screenshot-2025-02-07-at-19.31.29.png\",\"datePublished\":\"2025-01-27T14:01:13+00:00\",\"dateModified\":\"2026-04-10T12:24:12+00:00\",\"breadcrumb\":{\"@id\":\"https:\/\/www.maxins.com\/nl\/neem-contact-op-met\/maxins-duitsland-ulm\/#breadcrumb\"},\"inLanguage\":\"nl-NL\",\"potentialAction\":[{\"@type\":\"ReadAction\",\"target\":[\"https:\/\/www.maxins.com\/nl\/neem-contact-op-met\/maxins-duitsland-ulm\/\"]}]},{\"@type\":\"ImageObject\",\"inLanguage\":\"nl-NL\",\"@id\":\"https:\/\/www.maxins.com\/nl\/neem-contact-op-met\/maxins-duitsland-ulm\/#primaryimage\",\"url\":\"https:\/\/www.maxins.com\/wp-content\/uploads\/2025\/02\/Screenshot-2025-02-07-at-19.31.29.png\",\"contentUrl\":\"https:\/\/www.maxins.com\/wp-content\/uploads\/2025\/02\/Screenshot-2025-02-07-at-19.31.29.png\",\"width\":2500,\"height\":1718},{\"@type\":\"BreadcrumbList\",\"@id\":\"https:\/\/www.maxins.com\/nl\/neem-contact-op-met\/maxins-duitsland-ulm\/#breadcrumb\",\"itemListElement\":[{\"@type\":\"ListItem\",\"position\":1,\"name\":\"Domovsk\u00e1 str\u00e1nka\",\"item\":\"https:\/\/www.maxins.com\/nl\/\"},{\"@type\":\"ListItem\",\"position\":2,\"name\":\"Neem contact op met\",\"item\":\"https:\/\/www.maxins.com\/nl\/neem-contact-op-met\/\"},{\"@type\":\"ListItem\",\"position\":3,\"name\":\"MAXIN&#8217;S Duitsland Ulm\"}]},{\"@type\":\"WebSite\",\"@id\":\"https:\/\/www.maxins.com\/#website\",\"url\":\"https:\/\/www.maxins.com\/\",\"name\":\"MAXIN\u2019S\",\"description\":\"\",\"potentialAction\":[{\"@type\":\"SearchAction\",\"target\":{\"@type\":\"EntryPoint\",\"urlTemplate\":\"https:\/\/www.maxins.com\/?s={search_term_string}\"},\"query-input\":{\"@type\":\"PropertyValueSpecification\",\"valueRequired\":true,\"valueName\":\"search_term_string\"}}],\"inLanguage\":\"nl-NL\"}]}<\/script>\n<!-- \/ Yoast SEO plugin. -->","yoast_head_json":{"title":"MAXIN'S Duitsland Ulm - MAXIN\u2019S","robots":{"index":"index","follow":"follow","max-snippet":"max-snippet:-1","max-image-preview":"max-image-preview:large","max-video-preview":"max-video-preview:-1"},"canonical":"https:\/\/www.maxins.com\/nl\/neem-contact-op-met\/maxins-duitsland-ulm\/","og_locale":"nl_NL","og_type":"article","og_title":"MAXIN'S Duitsland Ulm - MAXIN\u2019S","og_description":"De Areon\u2011vestiging in Ulm is het hart van de operationele activiteiten van het bedrijf. Ze zorgt voor permanente co\u00f6rdinatie van werknemers in heel Duitsland en biedt continue ondersteuning aan onze klanten.","og_url":"https:\/\/www.maxins.com\/nl\/neem-contact-op-met\/maxins-duitsland-ulm\/","og_site_name":"MAXIN\u2019S","article_modified_time":"2026-04-10T12:24:12+00:00","og_image":[{"width":2500,"height":1718,"url":"https:\/\/www.maxins.com\/wp-content\/uploads\/2025\/02\/Screenshot-2025-02-07-at-19.31.29.png","type":"image\/png"}],"twitter_card":"summary_large_image","twitter_misc":{"Geschatte leestijd":"1 minuut"},"schema":{"@context":"https:\/\/schema.org","@graph":[{"@type":"WebPage","@id":"https:\/\/www.maxins.com\/nl\/neem-contact-op-met\/maxins-duitsland-ulm\/","url":"https:\/\/www.maxins.com\/nl\/neem-contact-op-met\/maxins-duitsland-ulm\/","name":"MAXIN'S Duitsland Ulm - MAXIN\u2019S","isPartOf":{"@id":"https:\/\/www.maxins.com\/#website"},"primaryImageOfPage":{"@id":"https:\/\/www.maxins.com\/nl\/neem-contact-op-met\/maxins-duitsland-ulm\/#primaryimage"},"image":{"@id":"https:\/\/www.maxins.com\/nl\/neem-contact-op-met\/maxins-duitsland-ulm\/#primaryimage"},"thumbnailUrl":"https:\/\/www.maxins.com\/wp-content\/uploads\/2025\/02\/Screenshot-2025-02-07-at-19.31.29.png","datePublished":"2025-01-27T14:01:13+00:00","dateModified":"2026-04-10T12:24:12+00:00","breadcrumb":{"@id":"https:\/\/www.maxins.com\/nl\/neem-contact-op-met\/maxins-duitsland-ulm\/#breadcrumb"},"inLanguage":"nl-NL","potentialAction":[{"@type":"ReadAction","target":["https:\/\/www.maxins.com\/nl\/neem-contact-op-met\/maxins-duitsland-ulm\/"]}]},{"@type":"ImageObject","inLanguage":"nl-NL","@id":"https:\/\/www.maxins.com\/nl\/neem-contact-op-met\/maxins-duitsland-ulm\/#primaryimage","url":"https:\/\/www.maxins.com\/wp-content\/uploads\/2025\/02\/Screenshot-2025-02-07-at-19.31.29.png","contentUrl":"https:\/\/www.maxins.com\/wp-content\/uploads\/2025\/02\/Screenshot-2025-02-07-at-19.31.29.png","width":2500,"height":1718},{"@type":"BreadcrumbList","@id":"https:\/\/www.maxins.com\/nl\/neem-contact-op-met\/maxins-duitsland-ulm\/#breadcrumb","itemListElement":[{"@type":"ListItem","position":1,"name":"Domovsk\u00e1 str\u00e1nka","item":"https:\/\/www.maxins.com\/nl\/"},{"@type":"ListItem","position":2,"name":"Neem contact op met","item":"https:\/\/www.maxins.com\/nl\/neem-contact-op-met\/"},{"@type":"ListItem","position":3,"name":"MAXIN&#8217;S Duitsland Ulm"}]},{"@type":"WebSite","@id":"https:\/\/www.maxins.com\/#website","url":"https:\/\/www.maxins.com\/","name":"MAXIN\u2019S","description":"","potentialAction":[{"@type":"SearchAction","target":{"@type":"EntryPoint","urlTemplate":"https:\/\/www.maxins.com\/?s={search_term_string}"},"query-input":{"@type":"PropertyValueSpecification","valueRequired":true,"valueName":"search_term_string"}}],"inLanguage":"nl-NL"}]}},"_links":{"self":[{"href":"https:\/\/www.maxins.com\/nl\/wp-json\/wp\/v2\/pages\/13104","targetHints":{"allow":["GET"]}}],"collection":[{"href":"https:\/\/www.maxins.com\/nl\/wp-json\/wp\/v2\/pages"}],"about":[{"href":"https:\/\/www.maxins.com\/nl\/wp-json\/wp\/v2\/types\/page"}],"author":[{"embeddable":true,"href":"https:\/\/www.maxins.com\/nl\/wp-json\/wp\/v2\/users\/3"}],"replies":[{"embeddable":true,"href":"https:\/\/www.maxins.com\/nl\/wp-json\/wp\/v2\/comments?post=13104"}],"version-history":[{"count":2,"href":"https:\/\/www.maxins.com\/nl\/wp-json\/wp\/v2\/pages\/13104\/revisions"}],"predecessor-version":[{"id":14084,"href":"https:\/\/www.maxins.com\/nl\/wp-json\/wp\/v2\/pages\/13104\/revisions\/14084"}],"up":[{"embeddable":true,"href":"https:\/\/www.maxins.com\/nl\/wp-json\/wp\/v2\/pages\/13566"}],"wp:featuredmedia":[{"embeddable":true,"href":"https:\/\/www.maxins.com\/nl\/wp-json\/wp\/v2\/media\/13109"}],"wp:attachment":[{"href":"https:\/\/www.maxins.com\/nl\/wp-json\/wp\/v2\/media?parent=13104"}],"curies":[{"name":"wp","href":"https:\/\/api.w.org\/{rel}","templated":true}]}}