{"id":13172,"date":"2024-12-17T09:56:40","date_gmt":"2024-12-17T09:56:40","guid":{"rendered":"https:\/\/www.maxins.com\/downloaden\/"},"modified":"2026-04-10T09:38:42","modified_gmt":"2026-04-10T09:38:42","slug":"downloaden","status":"publish","type":"page","link":"https:\/\/www.maxins.com\/nl\/downloaden\/","title":{"rendered":"Downloaden"},"content":{"rendered":"<div id=\"pl-gb13172-69ecdbc5318e9\"  class=\"panel-layout\" ><div id=\"pg-gb13172-69ecdbc5318e9-0\"  class=\"panel-grid panel-no-style\" ><div id=\"pgc-gb13172-69ecdbc5318e9-0-0\"  class=\"panel-grid-cell\" ><div id=\"panel-gb13172-69ecdbc5318e9-0-0-0\" class=\"so-panel widget widget_sow-editor panel-first-child\" data-index=\"0\" ><div\n\t\t\t\n\t\t\tclass=\"so-widget-sow-editor so-widget-sow-editor-base\"\n\t\t\t\n\t\t>\n<div class=\"siteorigin-widget-tinymce textwidget\">\n\t<h4>Gebied:Sorteren en repareren van onderdelen voor de auto-industrie<\/h4>\n<ul class=\"outsourcing-dots\">\n<li style=\"padding-left: 30px;\">ISO 9001:2016<\/li>\n<li style=\"padding-left: 30px;\">ISO 14001:2016<\/li>\n<li style=\"padding-left: 30px;\">ISO 45001:2019<\/li>\n<\/ul>\n<p><a class=\"button button-brand-color-2\" title=\"\" href=\"https:\/\/www.maxins.com\/wp-content\/uploads\/2024\/12\/CERTIFICATES20ISO_MQS.pdf\" target=\"blank\" rel=\"noopener\">Certificaten<\/a><\/p>\n<\/div>\n<\/div><\/div><div id=\"panel-gb13172-69ecdbc5318e9-0-0-1\" class=\"so-panel widget widget_siteorigin-panels-builder panel-last-child\" data-index=\"1\" ><div id=\"pl-w675fe84a06fd5\"  class=\"panel-layout\" ><div id=\"pg-w675fe84a06fd5-0\"  class=\"panel-grid panel-no-style\" ><div id=\"pgc-w675fe84a06fd5-0-0\"  class=\"panel-grid-cell\" ><div id=\"panel-w675fe84a06fd5-0-0-0\" class=\"so-panel widget widget_sow-image panel-first-child panel-last-child\" data-index=\"0\" ><div class=\"panel-widget-style panel-widget-style-for-w675fe84a06fd5-0-0-0\" ><div\n\t\t\t\n\t\t\tclass=\"so-widget-sow-image so-widget-sow-image-default-8b5b6f678277\"\n\t\t\t\n\t\t>\n<div class=\"sow-image-container\">\n\t\t<img loading=\"lazy\" decoding=\"async\" src=\"https:\/\/www.maxins.com\/wp-content\/uploads\/2024\/12\/tsu_logo_9001.gif\" width=\"509\" height=\"491\" sizes=\"auto, (max-width: 509px) 100vw, 509px\" alt=\"\" \t\tclass=\"so-widget-image\"\/>\n\t<\/div>\n\n<\/div><\/div><\/div><\/div><div id=\"pgc-w675fe84a06fd5-0-1\"  class=\"panel-grid-cell\" ><div id=\"panel-w675fe84a06fd5-0-1-0\" class=\"so-panel widget widget_sow-image panel-first-child panel-last-child\" data-index=\"1\" ><div class=\"panel-widget-style panel-widget-style-for-w675fe84a06fd5-0-1-0\" ><div\n\t\t\t\n\t\t\tclass=\"so-widget-sow-image so-widget-sow-image-default-8b5b6f678277\"\n\t\t\t\n\t\t>\n<div class=\"sow-image-container\">\n\t\t<img loading=\"lazy\" decoding=\"async\" src=\"https:\/\/www.maxins.com\/wp-content\/uploads\/2024\/12\/tsu_logo_45001.gif\" width=\"509\" height=\"491\" sizes=\"auto, (max-width: 509px) 100vw, 509px\" alt=\"\" \t\tclass=\"so-widget-image\"\/>\n\t<\/div>\n\n<\/div><\/div><\/div><\/div><div id=\"pgc-w675fe84a06fd5-0-2\"  class=\"panel-grid-cell panel-grid-cell-mobile-last\" ><div id=\"panel-w675fe84a06fd5-0-2-0\" class=\"so-panel widget widget_sow-image panel-first-child panel-last-child\" data-index=\"2\" ><div class=\"panel-widget-style panel-widget-style-for-w675fe84a06fd5-0-2-0\" ><div\n\t\t\t\n\t\t\tclass=\"so-widget-sow-image so-widget-sow-image-default-8b5b6f678277\"\n\t\t\t\n\t\t>\n<div class=\"sow-image-container\">\n\t\t<img loading=\"lazy\" decoding=\"async\" src=\"https:\/\/www.maxins.com\/wp-content\/uploads\/2024\/12\/tsu_logo_14001.jpg\" width=\"509\" height=\"491\" srcset=\"https:\/\/www.maxins.com\/wp-content\/uploads\/2024\/12\/tsu_logo_14001.jpg 509w, https:\/\/www.maxins.com\/wp-content\/uploads\/2024\/12\/tsu_logo_14001-300x289.jpg 300w, https:\/\/www.maxins.com\/wp-content\/uploads\/2024\/12\/tsu_logo_14001-480x463.jpg 480w\" sizes=\"auto, (max-width: 509px) 100vw, 509px\" title=\"tsu_logo_draft1\" alt=\"\" \t\tclass=\"so-widget-image\"\/>\n\t<\/div>\n\n<\/div><\/div><\/div><\/div><div id=\"pgc-w675fe84a06fd5-0-3\"  class=\"panel-grid-cell panel-grid-cell-empty\" ><\/div><\/div><\/div><\/div><\/div><div id=\"pgc-gb13172-69ecdbc5318e9-0-1\"  class=\"panel-grid-cell\" ><div id=\"panel-gb13172-69ecdbc5318e9-0-1-0\" class=\"so-panel widget widget_sow-image panel-first-child panel-last-child\" data-index=\"2\" ><div\n\t\t\t\n\t\t\tclass=\"so-widget-sow-image so-widget-sow-image-default-8b5b6f678277-13172\"\n\t\t\t\n\t\t>\n<div class=\"sow-image-container\">\n\t\t<img loading=\"lazy\" decoding=\"async\" src=\"https:\/\/www.maxins.com\/wp-content\/uploads\/2024\/12\/DSC5378-Edit.jpg\" width=\"2080\" height=\"1388\" srcset=\"https:\/\/www.maxins.com\/wp-content\/uploads\/2024\/12\/DSC5378-Edit.jpg 2080w, https:\/\/www.maxins.com\/wp-content\/uploads\/2024\/12\/DSC5378-Edit-300x200.jpg 300w, https:\/\/www.maxins.com\/wp-content\/uploads\/2024\/12\/DSC5378-Edit-1024x683.jpg 1024w, https:\/\/www.maxins.com\/wp-content\/uploads\/2024\/12\/DSC5378-Edit-768x512.jpg 768w, https:\/\/www.maxins.com\/wp-content\/uploads\/2024\/12\/DSC5378-Edit-1536x1025.jpg 1536w, https:\/\/www.maxins.com\/wp-content\/uploads\/2024\/12\/DSC5378-Edit-2048x1367.jpg 2048w, https:\/\/www.maxins.com\/wp-content\/uploads\/2024\/12\/DSC5378-Edit-480x320.jpg 480w, https:\/\/www.maxins.com\/wp-content\/uploads\/2024\/12\/DSC5378-Edit-992x662.jpg 992w, https:\/\/www.maxins.com\/wp-content\/uploads\/2024\/12\/DSC5378-Edit-1200x801.jpg 1200w, https:\/\/www.maxins.com\/wp-content\/uploads\/2024\/12\/DSC5378-Edit-272x182.jpg 272w\" sizes=\"auto, (max-width: 2080px) 100vw, 2080px\" title=\"_DSC5378-Edit\" alt=\"\" \t\tclass=\"so-widget-image\"\/>\n\t<\/div>\n\n<\/div><\/div><\/div><\/div><div id=\"pg-gb13172-69ecdbc5318e9-1\"  class=\"panel-grid panel-no-style\" ><div id=\"pgc-gb13172-69ecdbc5318e9-1-0\"  class=\"panel-grid-cell\" ><div id=\"panel-gb13172-69ecdbc5318e9-1-0-0\" class=\"so-panel widget widget_sow-editor panel-first-child panel-last-child\" data-index=\"3\" ><div\n\t\t\t\n\t\t\tclass=\"so-widget-sow-editor so-widget-sow-editor-base\"\n\t\t\t\n\t\t>\n<div class=\"siteorigin-widget-tinymce textwidget\">\n\t<hr\/>\n<\/div>\n<\/div><\/div><\/div><\/div><div id=\"pg-gb13172-69ecdbc5318e9-2\"  class=\"panel-grid panel-has-style\" ><div class=\"panel-row-style panel-row-style-for-gb13172-69ecdbc5318e9-2\" ><div id=\"pgc-gb13172-69ecdbc5318e9-2-0\"  class=\"panel-grid-cell\" ><div id=\"panel-gb13172-69ecdbc5318e9-2-0-0\" class=\"so-panel widget widget_sow-editor panel-first-child panel-last-child\" data-index=\"4\" ><div\n\t\t\t\n\t\t\tclass=\"so-widget-sow-editor so-widget-sow-editor-base\"\n\t\t\t\n\t\t>\n<div class=\"siteorigin-widget-tinymce textwidget\">\n\t<h4>Gebied: Uitzendbureau<\/h4>\n<ul class=\"outsourcing-dots\">\n<li style=\"padding-left: 30px;\">STN ISO 9001:2016<\/li>\n<\/ul>\n<p><a title=\"\" href=\"https:\/\/www.maxins.com\/wp-content\/uploads\/2024\/12\/Certifikat-AGENCY-OF-TEMPORARY-EMPLOYMENT.pdf\" target=\"blank\" rel=\"noopener\">Het certificaat downloaden<\/a><\/p>\n<\/div>\n<\/div><\/div><\/div><div id=\"pgc-gb13172-69ecdbc5318e9-2-1\"  class=\"panel-grid-cell\" ><div id=\"panel-gb13172-69ecdbc5318e9-2-1-0\" class=\"so-panel widget widget_sow-editor panel-first-child\" data-index=\"5\" ><div\n\t\t\t\n\t\t\tclass=\"so-widget-sow-editor so-widget-sow-editor-base\"\n\t\t\t\n\t\t>\n<div class=\"siteorigin-widget-tinymce textwidget\">\n\t<h4>Aansprakelijkheidsverzekering<\/h4>\n<p><a href=\"https:\/\/www.maxins.com\/wp-content\/uploads\/2024\/12\/MPSK20-20PoistnyCC8120certifikaCC81t.pdf\" target=\"blank\" title=\"\" rel=\"noopener\">Het certificaat downloaden<\/a><\/p>\n<\/div>\n<\/div><\/div><div id=\"panel-gb13172-69ecdbc5318e9-2-1-1\" class=\"so-panel widget widget_sow-image panel-last-child\" data-index=\"6\" ><div class=\"panel-widget-style panel-widget-style-for-gb13172-69ecdbc5318e9-2-1-1\" ><div\n\t\t\t\n\t\t\tclass=\"so-widget-sow-image so-widget-sow-image-default-8b5b6f678277-13172\"\n\t\t\t\n\t\t>\n<div class=\"sow-image-container\">\n\t\t<img loading=\"lazy\" decoding=\"async\" src=\"https:\/\/www.maxins.com\/wp-content\/uploads\/2024\/12\/pngwing.com_.png\" width=\"2500\" height=\"620\" srcset=\"https:\/\/www.maxins.com\/wp-content\/uploads\/2024\/12\/pngwing.com_.png 2500w, https:\/\/www.maxins.com\/wp-content\/uploads\/2024\/12\/pngwing.com_-300x74.png 300w, https:\/\/www.maxins.com\/wp-content\/uploads\/2024\/12\/pngwing.com_-1024x254.png 1024w, https:\/\/www.maxins.com\/wp-content\/uploads\/2024\/12\/pngwing.com_-768x191.png 768w, https:\/\/www.maxins.com\/wp-content\/uploads\/2024\/12\/pngwing.com_-1536x381.png 1536w, https:\/\/www.maxins.com\/wp-content\/uploads\/2024\/12\/pngwing.com_-2048x508.png 2048w, https:\/\/www.maxins.com\/wp-content\/uploads\/2024\/12\/pngwing.com_-480x119.png 480w, https:\/\/www.maxins.com\/wp-content\/uploads\/2024\/12\/pngwing.com_-992x246.png 992w, https:\/\/www.maxins.com\/wp-content\/uploads\/2024\/12\/pngwing.com_-1200x298.png 1200w\" sizes=\"auto, (max-width: 2500px) 100vw, 2500px\" title=\"pngwing.com\" alt=\"\" \t\tclass=\"so-widget-image\"\/>\n\t<\/div>\n\n<\/div><\/div><\/div><\/div><\/div><\/div><div id=\"pg-gb13172-69ecdbc5318e9-3\"  class=\"panel-grid panel-has-style\" ><div class=\"panel-row-style panel-row-style-for-gb13172-69ecdbc5318e9-3\" ><div id=\"pgc-gb13172-69ecdbc5318e9-3-0\"  class=\"panel-grid-cell\" ><div id=\"panel-gb13172-69ecdbc5318e9-3-0-0\" class=\"so-panel widget widget_sow-editor panel-first-child\" data-index=\"7\" ><div\n\t\t\t\n\t\t\tclass=\"so-widget-sow-editor so-widget-sow-editor-base\"\n\t\t\t\n\t\t>\n<div class=\"siteorigin-widget-tinymce textwidget\">\n\t<h4>Vergunning (ADZ)  <\/h4>\n<p><a href=\"https:\/\/www.maxins.com\/wp-content\/uploads\/2024\/12\/ADZ20-20Povolenie202620Licencia.pdf\" target=\"blank\" title=\"\" rel=\"noopener\">Het certificaat downloaden<\/a><\/p>\n<\/div>\n<\/div><\/div><div id=\"panel-gb13172-69ecdbc5318e9-3-0-1\" class=\"so-panel widget widget_sow-image panel-last-child\" data-index=\"8\" ><div class=\"panel-widget-style panel-widget-style-for-gb13172-69ecdbc5318e9-3-0-1\" ><div\n\t\t\t\n\t\t\tclass=\"so-widget-sow-image so-widget-sow-image-default-8b5b6f678277-13172\"\n\t\t\t\n\t\t>\n<div class=\"sow-image-container\">\n\t\t<img loading=\"lazy\" decoding=\"async\" src=\"https:\/\/www.maxins.com\/wp-content\/uploads\/2024\/12\/logo-upsvar.png\" width=\"1024\" height=\"321\" srcset=\"https:\/\/www.maxins.com\/wp-content\/uploads\/2024\/12\/logo-upsvar.png 1024w, https:\/\/www.maxins.com\/wp-content\/uploads\/2024\/12\/logo-upsvar-300x94.png 300w, https:\/\/www.maxins.com\/wp-content\/uploads\/2024\/12\/logo-upsvar-768x241.png 768w, https:\/\/www.maxins.com\/wp-content\/uploads\/2024\/12\/logo-upsvar-480x150.png 480w, https:\/\/www.maxins.com\/wp-content\/uploads\/2024\/12\/logo-upsvar-992x311.png 992w\" sizes=\"auto, (max-width: 1024px) 100vw, 1024px\" alt=\"\" \t\tclass=\"so-widget-image\"\/>\n\t<\/div>\n\n<\/div><\/div><\/div><\/div><div id=\"pgc-gb13172-69ecdbc5318e9-3-1\"  class=\"panel-grid-cell\" ><div id=\"panel-gb13172-69ecdbc5318e9-3-1-0\" class=\"so-panel widget widget_sow-editor panel-first-child\" data-index=\"9\" ><div\n\t\t\t\n\t\t\tclass=\"so-widget-sow-editor so-widget-sow-editor-base\"\n\t\t\t\n\t\t>\n<div class=\"siteorigin-widget-tinymce textwidget\">\n\t<h4>MAXIN&#8217;S logo<\/h4>\n<p><a href=\"https:\/\/www.maxins.com\/wp-content\/uploads\/2024\/12\/logo-maxins.zip\" target=\"blank\" title=\"\" rel=\"noopener\">Logo downloaden<\/a><\/p>\n<\/div>\n<\/div><\/div><div id=\"panel-gb13172-69ecdbc5318e9-3-1-1\" class=\"so-panel widget widget_sow-image panel-last-child\" data-index=\"10\" ><div class=\"panel-widget-style panel-widget-style-for-gb13172-69ecdbc5318e9-3-1-1\" ><div\n\t\t\t\n\t\t\tclass=\"so-widget-sow-image so-widget-sow-image-default-8b5b6f678277-13172\"\n\t\t\t\n\t\t>\n<div class=\"sow-image-container\">\n\t\t<img decoding=\"async\" src=\"https:\/\/www.maxins.com\/wp-content\/uploads\/2024\/12\/maxins-logo_black.svg\" title=\"maxins logo_black\" alt=\"\" \t\tclass=\"so-widget-image\"\/>\n\t<\/div>\n\n<\/div><\/div><\/div><\/div><\/div><\/div><div id=\"pg-gb13172-69ecdbc5318e9-4\"  class=\"panel-grid panel-has-style\" ><div class=\"siteorigin-panels-stretch panel-row-style panel-row-style-for-gb13172-69ecdbc5318e9-4\" data-stretch-type=\"full\" ><div id=\"pgc-gb13172-69ecdbc5318e9-4-0\"  class=\"panel-grid-cell\" ><div id=\"panel-gb13172-69ecdbc5318e9-4-0-0\" class=\"so-panel widget widget_siteorigin-panels-builder panel-first-child panel-last-child\" data-index=\"11\" ><div class=\"panel-widget-style panel-widget-style-for-gb13172-69ecdbc5318e9-4-0-0\" ><div id=\"pl-w6811dce3b3b95\"  class=\"panel-layout\" ><div id=\"pg-w6811dce3b3b95-0\"  class=\"panel-grid panel-no-style\" ><div id=\"pgc-w6811dce3b3b95-0-0\"  class=\"panel-grid-cell\" ><div id=\"panel-w6811dce3b3b95-0-0-0\" class=\"so-panel widget widget_sow-editor panel-first-child panel-last-child\" data-index=\"0\" ><div\n\t\t\t\n\t\t\tclass=\"so-widget-sow-editor so-widget-sow-editor-base\"\n\t\t\t\n\t\t>\n<div class=\"siteorigin-widget-tinymce textwidget\">\n\t<h2 style=\"text-align: center;\"><span style=\"font-family: var(--font-family-2); font-weight: 300; color: #D0AB6F; font-size: 3.3rem\">Etick\u00fd k\u00f3dex <\/span><br \/>\n<\/h2>\n<h2 style=\"text-align: center; margin-top: -10px;\">MAXIN&#8217;S Group<\/h2>\n<\/div>\n<\/div><\/div><\/div><\/div><div id=\"pg-w6811dce3b3b95-1\"  class=\"panel-grid panel-no-style\" ><div id=\"pgc-w6811dce3b3b95-1-0\"  class=\"panel-grid-cell\" ><div id=\"panel-w6811dce3b3b95-1-0-0\" class=\"so-panel widget widget_sow-image panel-first-child panel-last-child\" data-index=\"1\" ><div class=\"panel-widget-style panel-widget-style-for-w6811dce3b3b95-1-0-0\" ><div\n\t\t\t\n\t\t\tclass=\"so-widget-sow-image so-widget-sow-image-default-8b5b6f678277\"\n\t\t\t\n\t\t><\/div><\/div><\/div><\/div><div id=\"pgc-w6811dce3b3b95-1-1\"  class=\"panel-grid-cell\" ><div id=\"panel-w6811dce3b3b95-1-1-0\" class=\"so-panel widget widget_sow-editor panel-first-child panel-last-child\" data-index=\"2\" ><div\n\t\t\t\n\t\t\tclass=\"so-widget-sow-editor so-widget-sow-editor-base\"\n\t\t\t\n\t\t>\n<div class=\"siteorigin-widget-tinymce textwidget\">\n\t<p>N\u00e1\u0161 etick\u00fd k\u00f3dex stanovuje jasn\u00e9 pravidl\u00e1 spr\u00e1vania a zodpovednosti, ktor\u00e9 dodr\u017eiavame pri v\u0161etk\u00fdch na\u0161ich aktivit\u00e1ch. Cie\u013eom je vytv\u00e1ra\u0165 transparentn\u00e9 a f\u00e9rov\u00e9 (zamestnaneck\u00e9 a obchodn\u00e9) vz\u0165ahy, zalo\u017een\u00e9 na re\u0161pekte a integrite.<\/p>\n<ul class=\"outsourcing-dots\">\n<li style=\"padding-left: 30px;\">\u010cestnos\u0165 a transparentnos\u0165 vo v\u0161etk\u00fdch vz\u0165ahoch<\/li>\n<li style=\"padding-left: 30px;\">F\u00e9rov\u00e1 hospod\u00e1rska s\u00fa\u0165a\u017e bez neetick\u00fdch prakt\u00edk<\/li>\n<li style=\"padding-left: 30px;\">Nulov\u00e1 tolerancia vo\u010di korupcii a podvodom<\/li>\n<li style=\"padding-left: 30px;\">Ochrana osobn\u00fdch \u00fadajov a bezpe\u010dnos\u0165 d\u00e1t<\/li>\n<li style=\"padding-left: 30px;\">Rovn\u00e9 zaobch\u00e1dzanie pre v\u0161etk\u00fdch partnerov a zamestnancov<\/li>\n<\/ul>\n<p><a href=\"https:\/\/www.maxins.com\/wp-content\/uploads\/2025\/04\/eticky-kodex-v.3-28.4.2025.pdf\" target=\"blank\" title=\"\" class=\"button button-brand-color-2\" rel=\"noopener\">Stiahnu\u0165 Etick\u00fd k\u00f3dex<\/a><\/p>\n<\/div>\n<\/div><\/div><\/div><\/div><\/div><\/div><\/div><\/div><\/div><\/div><\/div>","protected":false},"excerpt":{"rendered":"<p>Gebied:Sorteren en repareren van onderdelen voor de auto-industrie ISO 9001:2016 ISO 14001:2016 ISO 45001:2019 Certificaten<\/p>\n","protected":false},"author":3,"featured_media":13183,"parent":0,"menu_order":0,"comment_status":"closed","ping_status":"closed","template":"","meta":{"_acf_changed":false,"footnotes":""},"class_list":["post-13172","page","type-page","status-publish","has-post-thumbnail","hentry"],"acf":[],"yoast_head":"<!-- This site is optimized with the Yoast SEO plugin v25.3.1 - https:\/\/yoast.com\/wordpress\/plugins\/seo\/ -->\n<title>Download certificaten, documenten en MAXIN&#039;s Ethische Code<\/title>\n<meta name=\"description\" content=\"Download belangrijke documenten, certificaten en de gedragscode van MAXIN&#039;S Group. U vindt alle benodigde materialen op \u00e9\u00e9n plek.\" \/>\n<meta name=\"robots\" content=\"index, follow, max-snippet:-1, max-image-preview:large, max-video-preview:-1\" \/>\n<link rel=\"canonical\" href=\"https:\/\/www.maxins.com\/nl\/downloaden\/\" \/>\n<meta property=\"og:locale\" content=\"nl_NL\" \/>\n<meta property=\"og:type\" content=\"article\" \/>\n<meta property=\"og:title\" content=\"Download certificaten, documenten en MAXIN&#039;s Ethische Code\" \/>\n<meta property=\"og:description\" content=\"Download belangrijke documenten, certificaten en de gedragscode van MAXIN&#039;S Group. U vindt alle benodigde materialen op \u00e9\u00e9n plek.\" \/>\n<meta property=\"og:url\" content=\"https:\/\/www.maxins.com\/nl\/downloaden\/\" \/>\n<meta property=\"og:site_name\" content=\"MAXIN\u2019S\" \/>\n<meta property=\"article:modified_time\" content=\"2026-04-10T09:38:42+00:00\" \/>\n<meta property=\"og:image\" content=\"https:\/\/www.maxins.com\/wp-content\/uploads\/2025\/02\/5P9A4576K.jpg\" \/>\n\t<meta property=\"og:image:width\" content=\"2500\" \/>\n\t<meta property=\"og:image:height\" content=\"1667\" \/>\n\t<meta property=\"og:image:type\" content=\"image\/jpeg\" \/>\n<meta name=\"twitter:card\" content=\"summary_large_image\" \/>\n<script type=\"application\/ld+json\" class=\"yoast-schema-graph\">{\"@context\":\"https:\/\/schema.org\",\"@graph\":[{\"@type\":\"WebPage\",\"@id\":\"https:\/\/www.maxins.com\/nl\/downloaden\/\",\"url\":\"https:\/\/www.maxins.com\/nl\/downloaden\/\",\"name\":\"Download certificaten, documenten en MAXIN's Ethische Code\",\"isPartOf\":{\"@id\":\"https:\/\/www.maxins.com\/#website\"},\"primaryImageOfPage\":{\"@id\":\"https:\/\/www.maxins.com\/nl\/downloaden\/#primaryimage\"},\"image\":{\"@id\":\"https:\/\/www.maxins.com\/nl\/downloaden\/#primaryimage\"},\"thumbnailUrl\":\"https:\/\/www.maxins.com\/wp-content\/uploads\/2025\/02\/5P9A4576K.jpg\",\"datePublished\":\"2024-12-17T09:56:40+00:00\",\"dateModified\":\"2026-04-10T09:38:42+00:00\",\"description\":\"Download belangrijke documenten, certificaten en de gedragscode van MAXIN'S Group. U vindt alle benodigde materialen op \u00e9\u00e9n plek.\",\"breadcrumb\":{\"@id\":\"https:\/\/www.maxins.com\/nl\/downloaden\/#breadcrumb\"},\"inLanguage\":\"nl-NL\",\"potentialAction\":[{\"@type\":\"ReadAction\",\"target\":[\"https:\/\/www.maxins.com\/nl\/downloaden\/\"]}]},{\"@type\":\"ImageObject\",\"inLanguage\":\"nl-NL\",\"@id\":\"https:\/\/www.maxins.com\/nl\/downloaden\/#primaryimage\",\"url\":\"https:\/\/www.maxins.com\/wp-content\/uploads\/2025\/02\/5P9A4576K.jpg\",\"contentUrl\":\"https:\/\/www.maxins.com\/wp-content\/uploads\/2025\/02\/5P9A4576K.jpg\",\"width\":2500,\"height\":1667},{\"@type\":\"BreadcrumbList\",\"@id\":\"https:\/\/www.maxins.com\/nl\/downloaden\/#breadcrumb\",\"itemListElement\":[{\"@type\":\"ListItem\",\"position\":1,\"name\":\"Domovsk\u00e1 str\u00e1nka\",\"item\":\"https:\/\/www.maxins.com\/nl\/\"},{\"@type\":\"ListItem\",\"position\":2,\"name\":\"Downloaden\"}]},{\"@type\":\"WebSite\",\"@id\":\"https:\/\/www.maxins.com\/#website\",\"url\":\"https:\/\/www.maxins.com\/\",\"name\":\"MAXIN\u2019S\",\"description\":\"\",\"potentialAction\":[{\"@type\":\"SearchAction\",\"target\":{\"@type\":\"EntryPoint\",\"urlTemplate\":\"https:\/\/www.maxins.com\/?s={search_term_string}\"},\"query-input\":{\"@type\":\"PropertyValueSpecification\",\"valueRequired\":true,\"valueName\":\"search_term_string\"}}],\"inLanguage\":\"nl-NL\"}]}<\/script>\n<!-- \/ Yoast SEO plugin. -->","yoast_head_json":{"title":"Download certificaten, documenten en MAXIN's Ethische Code","description":"Download belangrijke documenten, certificaten en de gedragscode van MAXIN'S Group. U vindt alle benodigde materialen op \u00e9\u00e9n plek.","robots":{"index":"index","follow":"follow","max-snippet":"max-snippet:-1","max-image-preview":"max-image-preview:large","max-video-preview":"max-video-preview:-1"},"canonical":"https:\/\/www.maxins.com\/nl\/downloaden\/","og_locale":"nl_NL","og_type":"article","og_title":"Download certificaten, documenten en MAXIN's Ethische Code","og_description":"Download belangrijke documenten, certificaten en de gedragscode van MAXIN'S Group. U vindt alle benodigde materialen op \u00e9\u00e9n plek.","og_url":"https:\/\/www.maxins.com\/nl\/downloaden\/","og_site_name":"MAXIN\u2019S","article_modified_time":"2026-04-10T09:38:42+00:00","og_image":[{"width":2500,"height":1667,"url":"https:\/\/www.maxins.com\/wp-content\/uploads\/2025\/02\/5P9A4576K.jpg","type":"image\/jpeg"}],"twitter_card":"summary_large_image","schema":{"@context":"https:\/\/schema.org","@graph":[{"@type":"WebPage","@id":"https:\/\/www.maxins.com\/nl\/downloaden\/","url":"https:\/\/www.maxins.com\/nl\/downloaden\/","name":"Download certificaten, documenten en MAXIN's Ethische Code","isPartOf":{"@id":"https:\/\/www.maxins.com\/#website"},"primaryImageOfPage":{"@id":"https:\/\/www.maxins.com\/nl\/downloaden\/#primaryimage"},"image":{"@id":"https:\/\/www.maxins.com\/nl\/downloaden\/#primaryimage"},"thumbnailUrl":"https:\/\/www.maxins.com\/wp-content\/uploads\/2025\/02\/5P9A4576K.jpg","datePublished":"2024-12-17T09:56:40+00:00","dateModified":"2026-04-10T09:38:42+00:00","description":"Download belangrijke documenten, certificaten en de gedragscode van MAXIN'S Group. U vindt alle benodigde materialen op \u00e9\u00e9n plek.","breadcrumb":{"@id":"https:\/\/www.maxins.com\/nl\/downloaden\/#breadcrumb"},"inLanguage":"nl-NL","potentialAction":[{"@type":"ReadAction","target":["https:\/\/www.maxins.com\/nl\/downloaden\/"]}]},{"@type":"ImageObject","inLanguage":"nl-NL","@id":"https:\/\/www.maxins.com\/nl\/downloaden\/#primaryimage","url":"https:\/\/www.maxins.com\/wp-content\/uploads\/2025\/02\/5P9A4576K.jpg","contentUrl":"https:\/\/www.maxins.com\/wp-content\/uploads\/2025\/02\/5P9A4576K.jpg","width":2500,"height":1667},{"@type":"BreadcrumbList","@id":"https:\/\/www.maxins.com\/nl\/downloaden\/#breadcrumb","itemListElement":[{"@type":"ListItem","position":1,"name":"Domovsk\u00e1 str\u00e1nka","item":"https:\/\/www.maxins.com\/nl\/"},{"@type":"ListItem","position":2,"name":"Downloaden"}]},{"@type":"WebSite","@id":"https:\/\/www.maxins.com\/#website","url":"https:\/\/www.maxins.com\/","name":"MAXIN\u2019S","description":"","potentialAction":[{"@type":"SearchAction","target":{"@type":"EntryPoint","urlTemplate":"https:\/\/www.maxins.com\/?s={search_term_string}"},"query-input":{"@type":"PropertyValueSpecification","valueRequired":true,"valueName":"search_term_string"}}],"inLanguage":"nl-NL"}]}},"_links":{"self":[{"href":"https:\/\/www.maxins.com\/nl\/wp-json\/wp\/v2\/pages\/13172","targetHints":{"allow":["GET"]}}],"collection":[{"href":"https:\/\/www.maxins.com\/nl\/wp-json\/wp\/v2\/pages"}],"about":[{"href":"https:\/\/www.maxins.com\/nl\/wp-json\/wp\/v2\/types\/page"}],"author":[{"embeddable":true,"href":"https:\/\/www.maxins.com\/nl\/wp-json\/wp\/v2\/users\/3"}],"replies":[{"embeddable":true,"href":"https:\/\/www.maxins.com\/nl\/wp-json\/wp\/v2\/comments?post=13172"}],"version-history":[{"count":1,"href":"https:\/\/www.maxins.com\/nl\/wp-json\/wp\/v2\/pages\/13172\/revisions"}],"predecessor-version":[{"id":13185,"href":"https:\/\/www.maxins.com\/nl\/wp-json\/wp\/v2\/pages\/13172\/revisions\/13185"}],"wp:featuredmedia":[{"embeddable":true,"href":"https:\/\/www.maxins.com\/nl\/wp-json\/wp\/v2\/media\/13183"}],"wp:attachment":[{"href":"https:\/\/www.maxins.com\/nl\/wp-json\/wp\/v2\/media?parent=13172"}],"curies":[{"name":"wp","href":"https:\/\/api.w.org\/{rel}","templated":true}]}}