{"id":13187,"date":"2024-12-17T12:48:21","date_gmt":"2024-12-17T12:48:21","guid":{"rendered":"https:\/\/www.maxins.com\/maxins-media-podcasts\/"},"modified":"2026-04-13T08:42:59","modified_gmt":"2026-04-13T08:42:59","slug":"maxins-media-podcasts","status":"publish","type":"page","link":"https:\/\/www.maxins.com\/nl\/maxins-media-podcasts\/","title":{"rendered":"MAXIN&#8217;S media &amp; podcasts"},"content":{"rendered":"<div id=\"pl-13187\"  class=\"panel-layout\" ><div id=\"pg-13187-0\"  class=\"panel-grid panel-no-style\" ><div id=\"pgc-13187-0-0\"  class=\"panel-grid-cell\" ><div id=\"panel-13187-0-0-0\" class=\"so-panel widget widget_sow-editor panel-first-child\" data-index=\"0\" ><div\n\t\t\t\n\t\t\tclass=\"so-widget-sow-editor so-widget-sow-editor-base\"\n\t\t\t\n\t\t>\n<div class=\"siteorigin-widget-tinymce textwidget\">\n\t<p><iframe title=\"MAXIN&#039;S IN MEDIA - Prv\u00e1 pr\u00e1ca a o\u010dak\u00e1vania zamestn\u00e1vate\u013eov\" width=\"500\" height=\"281\" data-cookieconsent=\"voorkeuren, statistieken, marketing\" data-src=\"https:\/\/www.youtube.com\/embed\/Bf1_QqV05no?feature=oembed\" frameborder=\"0\" allow=\"accelerometer; autoplay; clipboard-write; encrypted-media; gyroscope; picture-in-picture; web-share\" referrerpolicy=\"strict-origin-when-cross-origin\" allowfullscreen><\/iframe><\/p>\n<div class=\"cookieconsent-optout-preferences cookieconsent-optout-statistics cookieconsent-optout-marketing\"><\/div><\/p>\n<\/div>\n<\/div><\/div><div id=\"panel-13187-0-0-1\" class=\"so-panel widget widget_sow-editor panel-last-child\" data-index=\"1\" ><div\n\t\t\t\n\t\t\tclass=\"so-widget-sow-editor so-widget-sow-editor-base\"\n\t\t\t\n\t\t>\n<div class=\"siteorigin-widget-tinymce textwidget\">\n\t<h4>Zomerbanen<\/h4>\n<p style=\"margin-top: -4px;\">STVR - Ochtendnieuws<\/p>\n<\/div>\n<\/div><\/div><\/div><div id=\"pgc-13187-0-1\"  class=\"panel-grid-cell\" ><div id=\"panel-13187-0-1-0\" class=\"so-panel widget widget_sow-editor panel-first-child\" data-index=\"2\" ><div\n\t\t\t\n\t\t\tclass=\"so-widget-sow-editor so-widget-sow-editor-base\"\n\t\t\t\n\t\t>\n<div class=\"siteorigin-widget-tinymce textwidget\">\n\t<p><iframe title=\"MAXIN\u00b4S v Ekonomike :24 na t\u00e9mu Letn\u00e9 Brig\u00e1dy\" width=\"500\" height=\"281\" data-cookieconsent=\"voorkeuren, statistieken, marketing\" data-src=\"https:\/\/www.youtube.com\/embed\/Kfftblqb4mE?feature=oembed\" frameborder=\"0\" allow=\"accelerometer; autoplay; clipboard-write; encrypted-media; gyroscope; picture-in-picture; web-share\" referrerpolicy=\"strict-origin-when-cross-origin\" allowfullscreen><\/iframe><\/p>\n<div class=\"cookieconsent-optout-preferences cookieconsent-optout-statistics cookieconsent-optout-marketing\"><\/div><\/p>\n<\/div>\n<\/div><\/div><div id=\"panel-13187-0-1-1\" class=\"so-panel widget widget_sow-editor panel-last-child\" data-index=\"3\" ><div\n\t\t\t\n\t\t\tclass=\"so-widget-sow-editor so-widget-sow-editor-base\"\n\t\t\t\n\t\t>\n<div class=\"siteorigin-widget-tinymce textwidget\">\n\t<h4>Zomerbanen<\/h4>\n<p style=\"margin-top: -4px;\">TA3 - Zuinigheid :24<\/p>\n<\/div>\n<\/div><\/div><\/div><div id=\"pgc-13187-0-2\"  class=\"panel-grid-cell\" ><div id=\"panel-13187-0-2-0\" class=\"so-panel widget widget_sow-editor panel-first-child\" data-index=\"4\" ><div\n\t\t\t\n\t\t\tclass=\"so-widget-sow-editor so-widget-sow-editor-base\"\n\t\t\t\n\t\t>\n<div class=\"siteorigin-widget-tinymce textwidget\">\n\t<p><iframe title=\"MAXIN\u00b4S GROUP o pr\u00e1ci seniorov.\" width=\"500\" height=\"281\" data-cookieconsent=\"voorkeuren, statistieken, marketing\" data-src=\"https:\/\/www.youtube.com\/embed\/hcKknzThvpQ?feature=oembed\" frameborder=\"0\" allow=\"accelerometer; autoplay; clipboard-write; encrypted-media; gyroscope; picture-in-picture; web-share\" referrerpolicy=\"strict-origin-when-cross-origin\" allowfullscreen><\/iframe><\/p>\n<div class=\"cookieconsent-optout-preferences cookieconsent-optout-statistics cookieconsent-optout-marketing\"><\/div><\/p>\n<\/div>\n<\/div><\/div><div id=\"panel-13187-0-2-1\" class=\"so-panel widget widget_sow-editor panel-last-child\" data-index=\"5\" ><div\n\t\t\t\n\t\t\tclass=\"so-widget-sow-editor so-widget-sow-editor-base\"\n\t\t\t\n\t\t>\n<div class=\"siteorigin-widget-tinymce textwidget\">\n\t<h4>Baankansen voor senioren<\/h4>\n<p style=\"margin-top: -4px;\">RTVS - Vrouwenblad<\/p>\n<\/div>\n<\/div><\/div><\/div><\/div><div id=\"pg-13187-1\"  class=\"panel-grid panel-no-style\" ><div id=\"pgc-13187-1-0\"  class=\"panel-grid-cell\" ><div id=\"panel-13187-1-0-0\" class=\"so-panel widget widget_sow-editor panel-first-child\" data-index=\"6\" ><div\n\t\t\t\n\t\t\tclass=\"so-widget-sow-editor so-widget-sow-editor-base\"\n\t\t\t\n\t\t>\n<div class=\"siteorigin-widget-tinymce textwidget\">\n\t<p><iframe title=\"MAXIN\u00b4S V RTVS: Vyu\u017eitie rekrea\u010dn\u00fdch poukazov\" width=\"500\" height=\"281\" data-cookieconsent=\"voorkeuren, statistieken, marketing\" data-src=\"https:\/\/www.youtube.com\/embed\/C8cdWRO6uf0?feature=oembed\" frameborder=\"0\" allow=\"accelerometer; autoplay; clipboard-write; encrypted-media; gyroscope; picture-in-picture; web-share\" referrerpolicy=\"strict-origin-when-cross-origin\" allowfullscreen><\/iframe><\/p>\n<div class=\"cookieconsent-optout-preferences cookieconsent-optout-statistics cookieconsent-optout-marketing\"><\/div><\/p>\n<\/div>\n<\/div><\/div><div id=\"panel-13187-1-0-1\" class=\"so-panel widget widget_sow-editor panel-last-child\" data-index=\"7\" ><div\n\t\t\t\n\t\t\tclass=\"so-widget-sow-editor so-widget-sow-editor-base\"\n\t\t\t\n\t\t>\n<div class=\"siteorigin-widget-tinymce textwidget\">\n\t<h4>Gebruik van vakantiebonnen<\/h4>\n<p style=\"margin-top: -4px;\">TA3 - Zuinigheid :24<\/p>\n<\/div>\n<\/div><\/div><\/div><div id=\"pgc-13187-1-1\"  class=\"panel-grid-cell\" ><div id=\"panel-13187-1-1-0\" class=\"so-panel widget widget_sow-editor panel-first-child\" data-index=\"8\" ><div\n\t\t\t\n\t\t\tclass=\"so-widget-sow-editor so-widget-sow-editor-base\"\n\t\t\t\n\t\t>\n<div class=\"siteorigin-widget-tinymce textwidget\">\n\t<p><iframe title=\"MAXIN\u00b4S report\u00e1\u017e v TV Mark\u00edza o klesaj\u00facej re\u00e1lnej mzde -17.10.2022\" width=\"500\" height=\"281\" data-cookieconsent=\"voorkeuren, statistieken, marketing\" data-src=\"https:\/\/www.youtube.com\/embed\/jgZm3JEyhhQ?feature=oembed\" frameborder=\"0\" allow=\"accelerometer; autoplay; clipboard-write; encrypted-media; gyroscope; picture-in-picture; web-share\" referrerpolicy=\"strict-origin-when-cross-origin\" allowfullscreen><\/iframe><\/p>\n<div class=\"cookieconsent-optout-preferences cookieconsent-optout-statistics cookieconsent-optout-marketing\"><\/div><\/p>\n<\/div>\n<\/div><\/div><div id=\"panel-13187-1-1-1\" class=\"so-panel widget widget_sow-editor panel-last-child\" data-index=\"9\" ><div\n\t\t\t\n\t\t\tclass=\"so-widget-sow-editor so-widget-sow-editor-base\"\n\t\t\t\n\t\t>\n<div class=\"siteorigin-widget-tinymce textwidget\">\n\t<h4>Rapport over dalende re\u00eble lonen<\/h4>\n<p style=\"margin-top: -4px;\">TV Mark\u00edza - Televisienieuws<\/p>\n<\/div>\n<\/div><\/div><\/div><div id=\"pgc-13187-1-2\"  class=\"panel-grid-cell\" ><div id=\"panel-13187-1-2-0\" class=\"so-panel widget widget_sow-editor panel-first-child\" data-index=\"10\" ><div\n\t\t\t\n\t\t\tclass=\"so-widget-sow-editor so-widget-sow-editor-base\"\n\t\t\t\n\t\t>\n<div class=\"siteorigin-widget-tinymce textwidget\">\n\t<p><iframe title=\"MAXIN&#039;S v Mark\u00edze, Teler\u00e1no 7.6.2022\" width=\"500\" height=\"281\" data-cookieconsent=\"voorkeuren, statistieken, marketing\" data-src=\"https:\/\/www.youtube.com\/embed\/OXVrXnLk5MY?feature=oembed\" frameborder=\"0\" allow=\"accelerometer; autoplay; clipboard-write; encrypted-media; gyroscope; picture-in-picture; web-share\" referrerpolicy=\"strict-origin-when-cross-origin\" allowfullscreen><\/iframe><\/p>\n<div class=\"cookieconsent-optout-preferences cookieconsent-optout-statistics cookieconsent-optout-marketing\"><\/div><\/p>\n<\/div>\n<\/div><\/div><div id=\"panel-13187-1-2-1\" class=\"so-panel widget widget_sow-editor panel-last-child\" data-index=\"11\" ><div\n\t\t\t\n\t\t\tclass=\"so-widget-sow-editor so-widget-sow-editor-base\"\n\t\t\t\n\t\t>\n<div class=\"siteorigin-widget-tinymce textwidget\">\n\t<h4>Alles over zomerbanen<\/h4>\n<p style=\"margin-top: -4px;\">TV Mark\u00edza - Teler\u00e1no<\/p>\n<\/div>\n<\/div><\/div><\/div><\/div><div id=\"pg-13187-2\"  class=\"panel-grid panel-no-style\" ><div id=\"pgc-13187-2-0\"  class=\"panel-grid-cell\" ><div id=\"panel-13187-2-0-0\" class=\"so-panel widget widget_sow-image panel-first-child\" data-index=\"12\" ><div\n\t\t\t\n\t\t\tclass=\"so-widget-sow-image so-widget-sow-image-default-8b5b6f678277-13187\"\n\t\t\t\n\t\t>\n<div class=\"sow-image-container\">\n\t\t\t<a href=\"https:\/\/www.trend.sk\/spravy\/slovensku-86-percent-neuplnych-rodin-vedu-osamele-matky\"\n\t\t\t\t\t>\n\t\t\t<img loading=\"lazy\" decoding=\"async\" src=\"https:\/\/www.maxins.com\/wp-content\/uploads\/2025\/03\/Hochmotivierte-EU-Arbeitskrafte-Umfassende-Betreuung-der-Mitarbeiter-Konzentrieren-Sie-sich-auf-Ihre-Kernkompetenz.-Deswegen-liefern-wir-Ihnen-ein-Rundum-Soralos-Paket.-Wir-betreuen-unsere-Mitar.png\" width=\"1200\" height=\"675\" srcset=\"https:\/\/www.maxins.com\/wp-content\/uploads\/2025\/03\/Hochmotivierte-EU-Arbeitskrafte-Umfassende-Betreuung-der-Mitarbeiter-Konzentrieren-Sie-sich-auf-Ihre-Kernkompetenz.-Deswegen-liefern-wir-Ihnen-ein-Rundum-Soralos-Paket.-Wir-betreuen-unsere-Mitar.png 1200w, https:\/\/www.maxins.com\/wp-content\/uploads\/2025\/03\/Hochmotivierte-EU-Arbeitskrafte-Umfassende-Betreuung-der-Mitarbeiter-Konzentrieren-Sie-sich-auf-Ihre-Kernkompetenz.-Deswegen-liefern-wir-Ihnen-ein-Rundum-Soralos-Paket.-Wir-betreuen-unsere-Mitar-300x169.png 300w, https:\/\/www.maxins.com\/wp-content\/uploads\/2025\/03\/Hochmotivierte-EU-Arbeitskrafte-Umfassende-Betreuung-der-Mitarbeiter-Konzentrieren-Sie-sich-auf-Ihre-Kernkompetenz.-Deswegen-liefern-wir-Ihnen-ein-Rundum-Soralos-Paket.-Wir-betreuen-unsere-Mitar-1024x576.png 1024w, https:\/\/www.maxins.com\/wp-content\/uploads\/2025\/03\/Hochmotivierte-EU-Arbeitskrafte-Umfassende-Betreuung-der-Mitarbeiter-Konzentrieren-Sie-sich-auf-Ihre-Kernkompetenz.-Deswegen-liefern-wir-Ihnen-ein-Rundum-Soralos-Paket.-Wir-betreuen-unsere-Mitar-768x432.png 768w, https:\/\/www.maxins.com\/wp-content\/uploads\/2025\/03\/Hochmotivierte-EU-Arbeitskrafte-Umfassende-Betreuung-der-Mitarbeiter-Konzentrieren-Sie-sich-auf-Ihre-Kernkompetenz.-Deswegen-liefern-wir-Ihnen-ein-Rundum-Soralos-Paket.-Wir-betreuen-unsere-Mitar-480x270.png 480w, https:\/\/www.maxins.com\/wp-content\/uploads\/2025\/03\/Hochmotivierte-EU-Arbeitskrafte-Umfassende-Betreuung-der-Mitarbeiter-Konzentrieren-Sie-sich-auf-Ihre-Kernkompetenz.-Deswegen-liefern-wir-Ihnen-ein-Rundum-Soralos-Paket.-Wir-betreuen-unsere-Mitar-992x558.png 992w\" sizes=\"auto, (max-width: 1200px) 100vw, 1200px\" alt=\"Osamel\u00e9 matky\" \t\tclass=\"so-widget-image\"\/>\n\t<\/a><\/div>\n\n<\/div><\/div><div id=\"panel-13187-2-0-1\" class=\"so-panel widget widget_sow-editor panel-last-child\" data-index=\"13\" ><div\n\t\t\t\n\t\t\tclass=\"so-widget-sow-editor so-widget-sow-editor-base\"\n\t\t\t\n\t\t>\n<div class=\"siteorigin-widget-tinymce textwidget\">\n\t<h4>Alleenstaande moeders<\/h4>\n<p style=\"margin-top: -4px;\">TREND.sk \/ Nieuws<\/p>\n<\/div>\n<\/div><\/div><\/div><div id=\"pgc-13187-2-1\"  class=\"panel-grid-cell panel-grid-cell-empty panel-grid-cell-mobile-last\" ><\/div><div id=\"pgc-13187-2-2\"  class=\"panel-grid-cell panel-grid-cell-empty\" ><\/div><\/div><\/div>","protected":false},"excerpt":{"rendered":"<p>Zomerbanen STVR &#8211; Ochtendnieuws Zomerbanen TA3 &#8211; Zuinigheid :24 Baankansen voor senioren RTVS &#8211; Vrouwenblad Gebruik van vakantiebonnen TA3 &#8211; Zuinigheid :24 Rapport over dalende re\u00eble lonen TV Mark\u00edza &#8211; Televisienieuws Alles over zomerbanen TV Mark\u00edza &#8211; Teler\u00e1no<\/p>\n","protected":false},"author":3,"featured_media":13215,"parent":0,"menu_order":0,"comment_status":"closed","ping_status":"closed","template":"","meta":{"_acf_changed":false,"footnotes":""},"class_list":["post-13187","page","type-page","status-publish","has-post-thumbnail","hentry"],"acf":[],"yoast_head":"<!-- This site is optimized with the Yoast SEO plugin v25.3.1 - https:\/\/yoast.com\/wordpress\/plugins\/seo\/ -->\n<title>MAXIN&#039;S in Media | Media-uitgaven en interviews van het bedrijf<\/title>\n<meta name=\"description\" content=\"Bekijk de media-aandacht van MAXIN&#039;S Group op tv en online. Reportages over tijdelijke banen, vacatures en actuele trends op de arbeidsmarkt.\" \/>\n<meta name=\"robots\" content=\"index, follow, max-snippet:-1, max-image-preview:large, max-video-preview:-1\" \/>\n<link rel=\"canonical\" href=\"https:\/\/www.maxins.com\/nl\/maxins-media-podcasts\/\" \/>\n<meta property=\"og:locale\" content=\"nl_NL\" \/>\n<meta property=\"og:type\" content=\"article\" \/>\n<meta property=\"og:title\" content=\"MAXIN&#039;S in Media | Media-uitgaven en interviews van het bedrijf\" \/>\n<meta property=\"og:description\" content=\"Bekijk de media-aandacht van MAXIN&#039;S Group op tv en online. Reportages over tijdelijke banen, vacatures en actuele trends op de arbeidsmarkt.\" \/>\n<meta property=\"og:url\" content=\"https:\/\/www.maxins.com\/nl\/maxins-media-podcasts\/\" \/>\n<meta property=\"og:site_name\" content=\"MAXIN\u2019S\" \/>\n<meta property=\"article:modified_time\" content=\"2026-04-13T08:42:59+00:00\" \/>\n<meta property=\"og:image\" content=\"https:\/\/www.maxins.com\/wp-content\/uploads\/2025\/08\/maxins_zilina_2025-627_websize.jpg\" \/>\n\t<meta property=\"og:image:width\" content=\"1600\" \/>\n\t<meta property=\"og:image:height\" content=\"1067\" \/>\n\t<meta property=\"og:image:type\" content=\"image\/jpeg\" \/>\n<meta name=\"twitter:card\" content=\"summary_large_image\" \/>\n<meta name=\"twitter:label1\" content=\"Geschatte leestijd\" \/>\n\t<meta name=\"twitter:data1\" content=\"1 minuut\" \/>\n<script type=\"application\/ld+json\" class=\"yoast-schema-graph\">{\"@context\":\"https:\/\/schema.org\",\"@graph\":[{\"@type\":\"WebPage\",\"@id\":\"https:\/\/www.maxins.com\/nl\/maxins-media-podcasts\/\",\"url\":\"https:\/\/www.maxins.com\/nl\/maxins-media-podcasts\/\",\"name\":\"MAXIN'S in Media | Media-uitgaven en interviews van het bedrijf\",\"isPartOf\":{\"@id\":\"https:\/\/www.maxins.com\/#website\"},\"primaryImageOfPage\":{\"@id\":\"https:\/\/www.maxins.com\/nl\/maxins-media-podcasts\/#primaryimage\"},\"image\":{\"@id\":\"https:\/\/www.maxins.com\/nl\/maxins-media-podcasts\/#primaryimage\"},\"thumbnailUrl\":\"https:\/\/www.maxins.com\/wp-content\/uploads\/2025\/08\/maxins_zilina_2025-627_websize.jpg\",\"datePublished\":\"2024-12-17T12:48:21+00:00\",\"dateModified\":\"2026-04-13T08:42:59+00:00\",\"description\":\"Bekijk de media-aandacht van MAXIN'S Group op tv en online. Reportages over tijdelijke banen, vacatures en actuele trends op de arbeidsmarkt.\",\"breadcrumb\":{\"@id\":\"https:\/\/www.maxins.com\/nl\/maxins-media-podcasts\/#breadcrumb\"},\"inLanguage\":\"nl-NL\",\"potentialAction\":[{\"@type\":\"ReadAction\",\"target\":[\"https:\/\/www.maxins.com\/nl\/maxins-media-podcasts\/\"]}]},{\"@type\":\"ImageObject\",\"inLanguage\":\"nl-NL\",\"@id\":\"https:\/\/www.maxins.com\/nl\/maxins-media-podcasts\/#primaryimage\",\"url\":\"https:\/\/www.maxins.com\/wp-content\/uploads\/2025\/08\/maxins_zilina_2025-627_websize.jpg\",\"contentUrl\":\"https:\/\/www.maxins.com\/wp-content\/uploads\/2025\/08\/maxins_zilina_2025-627_websize.jpg\",\"width\":1600,\"height\":1067,\"caption\":\"maxins video\"},{\"@type\":\"BreadcrumbList\",\"@id\":\"https:\/\/www.maxins.com\/nl\/maxins-media-podcasts\/#breadcrumb\",\"itemListElement\":[{\"@type\":\"ListItem\",\"position\":1,\"name\":\"Domovsk\u00e1 str\u00e1nka\",\"item\":\"https:\/\/www.maxins.com\/nl\/\"},{\"@type\":\"ListItem\",\"position\":2,\"name\":\"MAXIN&#8217;S media &amp; podcasts\"}]},{\"@type\":\"WebSite\",\"@id\":\"https:\/\/www.maxins.com\/#website\",\"url\":\"https:\/\/www.maxins.com\/\",\"name\":\"MAXIN\u2019S\",\"description\":\"\",\"potentialAction\":[{\"@type\":\"SearchAction\",\"target\":{\"@type\":\"EntryPoint\",\"urlTemplate\":\"https:\/\/www.maxins.com\/?s={search_term_string}\"},\"query-input\":{\"@type\":\"PropertyValueSpecification\",\"valueRequired\":true,\"valueName\":\"search_term_string\"}}],\"inLanguage\":\"nl-NL\"}]}<\/script>\n<!-- \/ Yoast SEO plugin. -->","yoast_head_json":{"title":"MAXIN'S in Media | Media-uitgaven en interviews van het bedrijf","description":"Bekijk de media-aandacht van MAXIN'S Group op tv en online. Reportages over tijdelijke banen, vacatures en actuele trends op de arbeidsmarkt.","robots":{"index":"index","follow":"follow","max-snippet":"max-snippet:-1","max-image-preview":"max-image-preview:large","max-video-preview":"max-video-preview:-1"},"canonical":"https:\/\/www.maxins.com\/nl\/maxins-media-podcasts\/","og_locale":"nl_NL","og_type":"article","og_title":"MAXIN'S in Media | Media-uitgaven en interviews van het bedrijf","og_description":"Bekijk de media-aandacht van MAXIN'S Group op tv en online. Reportages over tijdelijke banen, vacatures en actuele trends op de arbeidsmarkt.","og_url":"https:\/\/www.maxins.com\/nl\/maxins-media-podcasts\/","og_site_name":"MAXIN\u2019S","article_modified_time":"2026-04-13T08:42:59+00:00","og_image":[{"width":1600,"height":1067,"url":"https:\/\/www.maxins.com\/wp-content\/uploads\/2025\/08\/maxins_zilina_2025-627_websize.jpg","type":"image\/jpeg"}],"twitter_card":"summary_large_image","twitter_misc":{"Geschatte leestijd":"1 minuut"},"schema":{"@context":"https:\/\/schema.org","@graph":[{"@type":"WebPage","@id":"https:\/\/www.maxins.com\/nl\/maxins-media-podcasts\/","url":"https:\/\/www.maxins.com\/nl\/maxins-media-podcasts\/","name":"MAXIN'S in Media | Media-uitgaven en interviews van het bedrijf","isPartOf":{"@id":"https:\/\/www.maxins.com\/#website"},"primaryImageOfPage":{"@id":"https:\/\/www.maxins.com\/nl\/maxins-media-podcasts\/#primaryimage"},"image":{"@id":"https:\/\/www.maxins.com\/nl\/maxins-media-podcasts\/#primaryimage"},"thumbnailUrl":"https:\/\/www.maxins.com\/wp-content\/uploads\/2025\/08\/maxins_zilina_2025-627_websize.jpg","datePublished":"2024-12-17T12:48:21+00:00","dateModified":"2026-04-13T08:42:59+00:00","description":"Bekijk de media-aandacht van MAXIN'S Group op tv en online. Reportages over tijdelijke banen, vacatures en actuele trends op de arbeidsmarkt.","breadcrumb":{"@id":"https:\/\/www.maxins.com\/nl\/maxins-media-podcasts\/#breadcrumb"},"inLanguage":"nl-NL","potentialAction":[{"@type":"ReadAction","target":["https:\/\/www.maxins.com\/nl\/maxins-media-podcasts\/"]}]},{"@type":"ImageObject","inLanguage":"nl-NL","@id":"https:\/\/www.maxins.com\/nl\/maxins-media-podcasts\/#primaryimage","url":"https:\/\/www.maxins.com\/wp-content\/uploads\/2025\/08\/maxins_zilina_2025-627_websize.jpg","contentUrl":"https:\/\/www.maxins.com\/wp-content\/uploads\/2025\/08\/maxins_zilina_2025-627_websize.jpg","width":1600,"height":1067,"caption":"maxins video"},{"@type":"BreadcrumbList","@id":"https:\/\/www.maxins.com\/nl\/maxins-media-podcasts\/#breadcrumb","itemListElement":[{"@type":"ListItem","position":1,"name":"Domovsk\u00e1 str\u00e1nka","item":"https:\/\/www.maxins.com\/nl\/"},{"@type":"ListItem","position":2,"name":"MAXIN&#8217;S media &amp; podcasts"}]},{"@type":"WebSite","@id":"https:\/\/www.maxins.com\/#website","url":"https:\/\/www.maxins.com\/","name":"MAXIN\u2019S","description":"","potentialAction":[{"@type":"SearchAction","target":{"@type":"EntryPoint","urlTemplate":"https:\/\/www.maxins.com\/?s={search_term_string}"},"query-input":{"@type":"PropertyValueSpecification","valueRequired":true,"valueName":"search_term_string"}}],"inLanguage":"nl-NL"}]}},"_links":{"self":[{"href":"https:\/\/www.maxins.com\/nl\/wp-json\/wp\/v2\/pages\/13187","targetHints":{"allow":["GET"]}}],"collection":[{"href":"https:\/\/www.maxins.com\/nl\/wp-json\/wp\/v2\/pages"}],"about":[{"href":"https:\/\/www.maxins.com\/nl\/wp-json\/wp\/v2\/types\/page"}],"author":[{"embeddable":true,"href":"https:\/\/www.maxins.com\/nl\/wp-json\/wp\/v2\/users\/3"}],"replies":[{"embeddable":true,"href":"https:\/\/www.maxins.com\/nl\/wp-json\/wp\/v2\/comments?post=13187"}],"version-history":[{"count":2,"href":"https:\/\/www.maxins.com\/nl\/wp-json\/wp\/v2\/pages\/13187\/revisions"}],"predecessor-version":[{"id":14176,"href":"https:\/\/www.maxins.com\/nl\/wp-json\/wp\/v2\/pages\/13187\/revisions\/14176"}],"wp:featuredmedia":[{"embeddable":true,"href":"https:\/\/www.maxins.com\/nl\/wp-json\/wp\/v2\/media\/13215"}],"wp:attachment":[{"href":"https:\/\/www.maxins.com\/nl\/wp-json\/wp\/v2\/media?parent=13187"}],"curies":[{"name":"wp","href":"https:\/\/api.w.org\/{rel}","templated":true}]}}