{"id":13268,"date":"2024-11-29T13:21:13","date_gmt":"2024-11-29T13:21:13","guid":{"rendered":"https:\/\/www.maxins.com\/maxins-pardubice\/"},"modified":"2026-04-10T12:20:08","modified_gmt":"2026-04-10T12:20:08","slug":"maxins-pardubice","status":"publish","type":"page","link":"https:\/\/www.maxins.com\/nl\/neem-contact-op-met\/maxins-pardubice\/","title":{"rendered":"MAXIN&#8217;S Pardubice"},"content":{"rendered":"<div id=\"pl-13268\"  class=\"panel-layout\" ><div id=\"pg-13268-0\"  class=\"panel-grid panel-has-style\" ><div class=\"floating-sidebar-container siteorigin-panels-stretch panel-row-style panel-row-style-for-13268-0\" data-stretch-type=\"full\" ><div id=\"pgc-13268-0-0\"  class=\"panel-grid-cell\" ><div id=\"panel-13268-0-0-0\" class=\"so-panel widget widget_siteorigin-panels-builder panel-first-child panel-last-child\" data-index=\"0\" ><div class=\"floating-element panel-widget-style panel-widget-style-for-13268-0-0-0\" ><div id=\"pl-w67a680ffbac51\"  class=\"panel-layout\" ><div id=\"pg-w67a680ffbac51-0\"  class=\"panel-grid panel-no-style\" ><div id=\"pgc-w67a680ffbac51-0-0\"  class=\"panel-grid-cell\" ><div id=\"panel-w67a680ffbac51-0-0-0\" class=\"so-panel widget widget_siteorigin-panels-builder panel-first-child panel-last-child\" data-index=\"0\" ><div id=\"pl-w67a680ffbac59\"  class=\"panel-layout\" ><div id=\"pg-w67a680ffbac59-0\"  class=\"panel-grid panel-has-style\" ><div class=\"panel-row-style panel-row-style-for-w67a680ffbac59-0\" ><div id=\"pgc-w67a680ffbac59-0-0\"  class=\"panel-grid-cell\" ><div id=\"panel-w67a680ffbac59-0-0-0\" class=\"so-panel widget widget_sow-image panel-first-child\" data-index=\"0\" ><div\n\t\t\t\n\t\t\tclass=\"so-widget-sow-image so-widget-sow-image-default-8b5b6f678277\"\n\t\t\t\n\t\t>\n<div class=\"sow-image-container\">\n\t\t<img loading=\"lazy\" decoding=\"async\" src=\"https:\/\/www.maxins.com\/wp-content\/uploads\/2025\/02\/1723535063572.jpeg\" width=\"800\" height=\"659\" srcset=\"https:\/\/www.maxins.com\/wp-content\/uploads\/2025\/02\/1723535063572.jpeg 800w, https:\/\/www.maxins.com\/wp-content\/uploads\/2025\/02\/1723535063572-300x247.jpeg 300w, https:\/\/www.maxins.com\/wp-content\/uploads\/2025\/02\/1723535063572-768x633.jpeg 768w, https:\/\/www.maxins.com\/wp-content\/uploads\/2025\/02\/1723535063572-480x395.jpeg 480w\" sizes=\"auto, (max-width: 800px) 100vw, 800px\" title=\"Marian Luk\u00e1\u010d ml.\" alt=\"\" \t\tclass=\"so-widget-image\"\/>\n\t<\/div>\n\n<\/div><\/div><div id=\"panel-w67a680ffbac59-0-0-1\" class=\"so-panel widget widget_sow-editor panel-last-child\" data-index=\"1\" ><div class=\"contact-info panel-widget-style panel-widget-style-for-w67a680ffbac59-0-0-1\" ><div\n\t\t\t\n\t\t\tclass=\"so-widget-sow-editor so-widget-sow-editor-base\"\n\t\t\t\n\t\t>\n<div class=\"siteorigin-widget-tinymce textwidget\">\n\t<p><strong>Mari\u00e1n Luk\u00e1\u010d ml.<br \/>\n<\/strong>Branch Manager<\/p>\n<p><a href=\"tel: +420 608 764 153\">+420 608 764 153<\/a><br \/>\n<a href=\"mailto: marianlukac@maxins.cz\">marianlukac@maxins.cz<\/a><\/p>\n<p class=\"social-contact\"><a href=\"https:\/\/www.linkedin.com\/in\/mari\u00e1n-luk\u00e1\u010d\/\" target=\"blank\" rel=\"noopener\">Linkedin<\/a><\/p>\n<\/div>\n<\/div><\/div><\/div><\/div><\/div><\/div><\/div><\/div><\/div><\/div><\/div><\/div><\/div><\/div><div id=\"pgc-13268-0-1\"  class=\"panel-grid-cell\" ><div id=\"panel-13268-0-1-0\" class=\"so-panel widget widget_sow-editor panel-first-child\" data-index=\"1\" ><div class=\"floating-sidebar-containe panel-widget-style panel-widget-style-for-13268-0-1-0\" ><div\n\t\t\t\n\t\t\tclass=\"so-widget-sow-editor so-widget-sow-editor-base\"\n\t\t\t\n\t\t>\n<div class=\"siteorigin-widget-tinymce textwidget\">\n\t<p>De vestiging in Pardubice biedt werkgelegenheid in diverse sectoren, zoals productie, logistiek, de auto\u2011industrie en meer. Ze levert haar klanten complete HR\u2011diensten, waaronder advies, werving en selectie van werknemers.<\/p>\n<\/div>\n<\/div><\/div><\/div><div id=\"panel-13268-0-1-1\" class=\"so-panel widget widget_siteorigin-panels-builder\" data-index=\"2\" ><div class=\"panel-widget-style panel-widget-style-for-13268-0-1-1\" ><div id=\"pl-w679795ab52b91\"  class=\"panel-layout\" ><div id=\"pg-w679795ab52b91-0\"  class=\"panel-grid panel-has-style\" ><div class=\"panel-row-style panel-row-style-for-w679795ab52b91-0\" ><div id=\"pgc-w679795ab52b91-0-0\"  class=\"panel-grid-cell\" ><div id=\"panel-w679795ab52b91-0-0-0\" class=\"so-panel widget widget_sow-image panel-first-child panel-last-child\" data-index=\"0\" ><div class=\"panel-widget-style panel-widget-style-for-w679795ab52b91-0-0-0\" ><div\n\t\t\t\n\t\t\tclass=\"so-widget-sow-image so-widget-sow-image-default-8b5b6f678277\"\n\t\t\t\n\t\t><\/div><\/div><\/div><\/div><div id=\"pgc-w679795ab52b91-0-1\"  class=\"panel-grid-cell\" ><div id=\"panel-w679795ab52b91-0-1-0\" class=\"so-panel widget widget_sow-editor panel-first-child panel-last-child\" data-index=\"1\" ><div class=\"panel-widget-style panel-widget-style-for-w679795ab52b91-0-1-0\" ><div\n\t\t\t\n\t\t\tclass=\"so-widget-sow-editor so-widget-sow-editor-base\"\n\t\t\t\n\t\t>\n<div class=\"siteorigin-widget-tinymce textwidget\">\n\t<h3>MAXIN'S Pardubice<\/h3>\n<p>Openingstijden<br \/>\n<strong>Ma-vr : 08:00 - 16:00<\/strong><\/p>\n<p>Adres<\/p>\n<p>Na Spravedlnosti 2853,<br \/>\n530 02 Pardubice<\/p>\n<p><a href=\"https:\/\/maps.app.goo.gl\/CHrhuZxvSKWgseVQ6\" target=\"blank\" title=\"\" class=\"button button-inverse\" rel=\"noopener\">Navigeer naar<\/a><\/p>\n<\/div>\n<\/div><\/div><\/div><\/div><\/div><\/div><\/div><\/div><\/div><div id=\"panel-13268-0-1-2\" class=\"so-panel widget widget_sow-editor panel-last-child\" data-index=\"3\" ><div class=\"panel-widget-style panel-widget-style-for-13268-0-1-2\" ><div\n\t\t\t\n\t\t\tclass=\"so-widget-sow-editor so-widget-sow-editor-base\"\n\t\t\t\n\t\t>\n<div class=\"siteorigin-widget-tinymce textwidget\">\n\t<p style=\"text-transform: uppercase\">Galerij<\/p>\n\t\t\t<style>\r\n                #foogallery-gallery-7701.fg-justified .fg-item {\r\n                    margin-right: 2px;\r\n                    margin-bottom: 2px;\r\n                }\r\n\r\n                #foogallery-gallery-7701.fg-justified .fg-image {\r\n                    height: 200px;\r\n                }\r\n\t\t\t<\/style>\r\n\t\t\t<div class=\"foogallery foogallery-container foogallery-justified foogallery-lightbox-foobox fg-justified fg-light fg-loading-default fg-loaded-fade-in fg-hover-fade fg-hover-zoom2 fg-ready\" id=\"foogallery-gallery-7701\" data-foogallery=\"{&quot;item&quot;:{&quot;showCaptionTitle&quot;:true,&quot;showCaptionDescription&quot;:false},&quot;lazy&quot;:true,&quot;template&quot;:{&quot;rowHeight&quot;:200,&quot;maxRowHeight&quot;:300,&quot;margins&quot;:2,&quot;align&quot;:&quot;left&quot;,&quot;lastRow&quot;:&quot;smart&quot;}}\" >\r\n\t<div class=\"fg-item fg-type-image fg-idle\"><figure class=\"fg-item-inner\"><a href=\"https:\/\/www.maxins.com\/wp-content\/uploads\/2025\/02\/IMG_1448.jpeg\" data-attachment-id=\"7702\" data-type=\"image\" class=\"fg-thumb\"><span class=\"fg-image-wrap\"><img fetchpriority=\"high\" decoding=\"async\" height=\"300\" width=\"400\" class=\"skip-lazy fg-image\" data-src-fg=\"https:\/\/www.maxins.com\/wp-content\/uploads\/cache\/2025\/02\/IMG_1448\/4089738246.jpeg\" data-srcset-fg=\"https:\/\/www.maxins.com\/wp-content\/uploads\/cache\/2025\/02\/IMG_1448\/2361746993.jpeg 2x\" src=\"data:image\/svg+xml,%3Csvg%20xmlns%3D%22http%3A%2F%2Fwww.w3.org%2F2000%2Fsvg%22%20width%3D%22400%22%20height%3D%22300%22%20viewBox%3D%220%200%20400%20300%22%3E%3C%2Fsvg%3E\" loading=\"eager\"><\/span><span class=\"fg-image-overlay\"><\/span><\/a><figcaption class=\"fg-caption\"><div class=\"fg-caption-inner\"><\/div><\/figcaption><\/figure><div class=\"fg-loader\"><\/div><\/div><div class=\"fg-item fg-type-image fg-idle\"><figure class=\"fg-item-inner\"><a href=\"https:\/\/www.maxins.com\/wp-content\/uploads\/2025\/02\/IMG_2316.jpg\" data-attachment-id=\"13272\" data-type=\"image\" class=\"fg-thumb\"><span class=\"fg-image-wrap\"><img decoding=\"async\" height=\"300\" width=\"400\" class=\"skip-lazy fg-image\" data-src-fg=\"https:\/\/www.maxins.com\/wp-content\/uploads\/cache\/2025\/02\/IMG_2316\/1799142089.jpg\" data-srcset-fg=\"https:\/\/www.maxins.com\/wp-content\/uploads\/cache\/2025\/02\/IMG_2316\/339585278.jpg 2x\" src=\"data:image\/svg+xml,%3Csvg%20xmlns%3D%22http%3A%2F%2Fwww.w3.org%2F2000%2Fsvg%22%20width%3D%22400%22%20height%3D%22300%22%20viewBox%3D%220%200%20400%20300%22%3E%3C%2Fsvg%3E\" loading=\"eager\"><\/span><span class=\"fg-image-overlay\"><\/span><\/a><figcaption class=\"fg-caption\"><div class=\"fg-caption-inner\"><\/div><\/figcaption><\/figure><div class=\"fg-loader\"><\/div><\/div><div class=\"fg-item fg-type-image fg-idle\"><figure class=\"fg-item-inner\"><a href=\"https:\/\/www.maxins.com\/wp-content\/uploads\/2025\/02\/IMG_2318-rotated.jpg\" data-attachment-id=\"7718\" data-type=\"image\" class=\"fg-thumb\"><span class=\"fg-image-wrap\"><img decoding=\"async\" height=\"300\" width=\"225\" class=\"skip-lazy fg-image\" data-src-fg=\"https:\/\/www.maxins.com\/wp-content\/uploads\/cache\/2025\/02\/IMG_2318-rotated\/1003393406.jpg\" data-srcset-fg=\"https:\/\/www.maxins.com\/wp-content\/uploads\/cache\/2025\/02\/IMG_2318-rotated\/1475100668.jpg 2x\" src=\"data:image\/svg+xml,%3Csvg%20xmlns%3D%22http%3A%2F%2Fwww.w3.org%2F2000%2Fsvg%22%20width%3D%22225%22%20height%3D%22300%22%20viewBox%3D%220%200%20225%20300%22%3E%3C%2Fsvg%3E\" loading=\"eager\"><\/span><span class=\"fg-image-overlay\"><\/span><\/a><figcaption class=\"fg-caption\"><div class=\"fg-caption-inner\"><\/div><\/figcaption><\/figure><div class=\"fg-loader\"><\/div><\/div><div class=\"fg-item fg-type-image fg-idle\"><figure class=\"fg-item-inner\"><a href=\"https:\/\/www.maxins.com\/wp-content\/uploads\/2025\/02\/IMG_2321.jpg\" data-attachment-id=\"7722\" data-type=\"image\" class=\"fg-thumb\"><span class=\"fg-image-wrap\"><img decoding=\"async\" height=\"300\" width=\"400\" class=\"skip-lazy fg-image\" data-src-fg=\"https:\/\/www.maxins.com\/wp-content\/uploads\/cache\/2025\/02\/IMG_2321\/2484044864.jpg\" data-srcset-fg=\"https:\/\/www.maxins.com\/wp-content\/uploads\/cache\/2025\/02\/IMG_2321\/4279240716.jpg 2x\" src=\"data:image\/svg+xml,%3Csvg%20xmlns%3D%22http%3A%2F%2Fwww.w3.org%2F2000%2Fsvg%22%20width%3D%22400%22%20height%3D%22300%22%20viewBox%3D%220%200%20400%20300%22%3E%3C%2Fsvg%3E\" loading=\"eager\"><\/span><span class=\"fg-image-overlay\"><\/span><\/a><figcaption class=\"fg-caption\"><div class=\"fg-caption-inner\"><\/div><\/figcaption><\/figure><div class=\"fg-loader\"><\/div><\/div><div class=\"fg-item fg-type-image fg-idle\"><figure class=\"fg-item-inner\"><a href=\"https:\/\/www.maxins.com\/wp-content\/uploads\/2025\/02\/IMG_2324.jpg\" data-attachment-id=\"7726\" data-type=\"image\" class=\"fg-thumb\"><span class=\"fg-image-wrap\"><img decoding=\"async\" height=\"300\" width=\"400\" class=\"skip-lazy fg-image\" data-src-fg=\"https:\/\/www.maxins.com\/wp-content\/uploads\/cache\/2025\/02\/IMG_2324\/1332457333.jpg\" data-srcset-fg=\"https:\/\/www.maxins.com\/wp-content\/uploads\/cache\/2025\/02\/IMG_2324\/611590969.jpg 2x\" src=\"data:image\/svg+xml,%3Csvg%20xmlns%3D%22http%3A%2F%2Fwww.w3.org%2F2000%2Fsvg%22%20width%3D%22400%22%20height%3D%22300%22%20viewBox%3D%220%200%20400%20300%22%3E%3C%2Fsvg%3E\" loading=\"eager\"><\/span><span class=\"fg-image-overlay\"><\/span><\/a><figcaption class=\"fg-caption\"><div class=\"fg-caption-inner\"><\/div><\/figcaption><\/figure><div class=\"fg-loader\"><\/div><\/div><div class=\"fg-item fg-type-image fg-idle\"><figure class=\"fg-item-inner\"><a href=\"https:\/\/www.maxins.com\/wp-content\/uploads\/2025\/02\/IMG_2325.jpg\" data-attachment-id=\"7730\" data-type=\"image\" class=\"fg-thumb\"><span class=\"fg-image-wrap\"><img decoding=\"async\" height=\"300\" width=\"400\" class=\"skip-lazy fg-image\" data-src-fg=\"https:\/\/www.maxins.com\/wp-content\/uploads\/cache\/2025\/02\/IMG_2325\/677650643.jpg\" data-srcset-fg=\"https:\/\/www.maxins.com\/wp-content\/uploads\/cache\/2025\/02\/IMG_2325\/1132178591.jpg 2x\" src=\"data:image\/svg+xml,%3Csvg%20xmlns%3D%22http%3A%2F%2Fwww.w3.org%2F2000%2Fsvg%22%20width%3D%22400%22%20height%3D%22300%22%20viewBox%3D%220%200%20400%20300%22%3E%3C%2Fsvg%3E\" loading=\"eager\"><\/span><span class=\"fg-image-overlay\"><\/span><\/a><figcaption class=\"fg-caption\"><div class=\"fg-caption-inner\"><\/div><\/figcaption><\/figure><div class=\"fg-loader\"><\/div><\/div><\/div>\r\n\n<\/div>\n<\/div><\/div><\/div><\/div><\/div><\/div><\/div>","protected":false},"excerpt":{"rendered":"<p>De vestiging in Pardubice biedt werkgelegenheid in diverse sectoren, zoals productie, logistiek, de auto\u2011industrie en meer. Ze levert haar klanten complete HR\u2011diensten, waaronder advies, werving en selectie van werknemers. Galerij<\/p>\n","protected":false},"author":3,"featured_media":13272,"parent":13566,"menu_order":0,"comment_status":"closed","ping_status":"closed","template":"","meta":{"_acf_changed":false,"footnotes":""},"class_list":["post-13268","page","type-page","status-publish","has-post-thumbnail","hentry"],"acf":[],"yoast_head":"<!-- This site is optimized with the Yoast SEO plugin v25.3.1 - https:\/\/yoast.com\/wordpress\/plugins\/seo\/ -->\n<title>MAXIN&#039;S Pardubice - MAXIN\u2019S<\/title>\n<meta name=\"robots\" content=\"index, follow, max-snippet:-1, max-image-preview:large, max-video-preview:-1\" \/>\n<link rel=\"canonical\" href=\"https:\/\/www.maxins.com\/nl\/neem-contact-op-met\/maxins-pardubice\/\" \/>\n<meta property=\"og:locale\" content=\"nl_NL\" \/>\n<meta property=\"og:type\" content=\"article\" \/>\n<meta property=\"og:title\" content=\"MAXIN&#039;S Pardubice - MAXIN\u2019S\" \/>\n<meta property=\"og:description\" content=\"De vestiging in Pardubice biedt werkgelegenheid in diverse sectoren, zoals productie, logistiek, de auto\u2011industrie en meer. Ze levert haar klanten complete HR\u2011diensten, waaronder advies, werving en selectie van werknemers. Galerij\" \/>\n<meta property=\"og:url\" content=\"https:\/\/www.maxins.com\/nl\/neem-contact-op-met\/maxins-pardubice\/\" \/>\n<meta property=\"og:site_name\" content=\"MAXIN\u2019S\" \/>\n<meta property=\"article:modified_time\" content=\"2026-04-10T12:20:08+00:00\" \/>\n<meta property=\"og:image\" content=\"https:\/\/www.maxins.com\/wp-content\/uploads\/2025\/02\/IMG_2316.jpg\" \/>\n\t<meta property=\"og:image:width\" content=\"2500\" \/>\n\t<meta property=\"og:image:height\" content=\"1875\" \/>\n\t<meta property=\"og:image:type\" content=\"image\/jpeg\" \/>\n<meta name=\"twitter:card\" content=\"summary_large_image\" \/>\n<meta name=\"twitter:label1\" content=\"Geschatte leestijd\" \/>\n\t<meta name=\"twitter:data1\" content=\"1 minuut\" \/>\n<script type=\"application\/ld+json\" class=\"yoast-schema-graph\">{\"@context\":\"https:\/\/schema.org\",\"@graph\":[{\"@type\":\"WebPage\",\"@id\":\"https:\/\/www.maxins.com\/nl\/neem-contact-op-met\/maxins-pardubice\/\",\"url\":\"https:\/\/www.maxins.com\/nl\/neem-contact-op-met\/maxins-pardubice\/\",\"name\":\"MAXIN'S Pardubice - MAXIN\u2019S\",\"isPartOf\":{\"@id\":\"https:\/\/www.maxins.com\/#website\"},\"primaryImageOfPage\":{\"@id\":\"https:\/\/www.maxins.com\/nl\/neem-contact-op-met\/maxins-pardubice\/#primaryimage\"},\"image\":{\"@id\":\"https:\/\/www.maxins.com\/nl\/neem-contact-op-met\/maxins-pardubice\/#primaryimage\"},\"thumbnailUrl\":\"https:\/\/www.maxins.com\/wp-content\/uploads\/2025\/02\/IMG_2316.jpg\",\"datePublished\":\"2024-11-29T13:21:13+00:00\",\"dateModified\":\"2026-04-10T12:20:08+00:00\",\"breadcrumb\":{\"@id\":\"https:\/\/www.maxins.com\/nl\/neem-contact-op-met\/maxins-pardubice\/#breadcrumb\"},\"inLanguage\":\"nl-NL\",\"potentialAction\":[{\"@type\":\"ReadAction\",\"target\":[\"https:\/\/www.maxins.com\/nl\/neem-contact-op-met\/maxins-pardubice\/\"]}]},{\"@type\":\"ImageObject\",\"inLanguage\":\"nl-NL\",\"@id\":\"https:\/\/www.maxins.com\/nl\/neem-contact-op-met\/maxins-pardubice\/#primaryimage\",\"url\":\"https:\/\/www.maxins.com\/wp-content\/uploads\/2025\/02\/IMG_2316.jpg\",\"contentUrl\":\"https:\/\/www.maxins.com\/wp-content\/uploads\/2025\/02\/IMG_2316.jpg\",\"width\":2500,\"height\":1875},{\"@type\":\"BreadcrumbList\",\"@id\":\"https:\/\/www.maxins.com\/nl\/neem-contact-op-met\/maxins-pardubice\/#breadcrumb\",\"itemListElement\":[{\"@type\":\"ListItem\",\"position\":1,\"name\":\"Domovsk\u00e1 str\u00e1nka\",\"item\":\"https:\/\/www.maxins.com\/nl\/\"},{\"@type\":\"ListItem\",\"position\":2,\"name\":\"Neem contact op met\",\"item\":\"https:\/\/www.maxins.com\/nl\/neem-contact-op-met\/\"},{\"@type\":\"ListItem\",\"position\":3,\"name\":\"MAXIN&#8217;S Pardubice\"}]},{\"@type\":\"WebSite\",\"@id\":\"https:\/\/www.maxins.com\/#website\",\"url\":\"https:\/\/www.maxins.com\/\",\"name\":\"MAXIN\u2019S\",\"description\":\"\",\"potentialAction\":[{\"@type\":\"SearchAction\",\"target\":{\"@type\":\"EntryPoint\",\"urlTemplate\":\"https:\/\/www.maxins.com\/?s={search_term_string}\"},\"query-input\":{\"@type\":\"PropertyValueSpecification\",\"valueRequired\":true,\"valueName\":\"search_term_string\"}}],\"inLanguage\":\"nl-NL\"}]}<\/script>\n<!-- \/ Yoast SEO plugin. -->","yoast_head_json":{"title":"MAXIN'S Pardubice - MAXIN\u2019S","robots":{"index":"index","follow":"follow","max-snippet":"max-snippet:-1","max-image-preview":"max-image-preview:large","max-video-preview":"max-video-preview:-1"},"canonical":"https:\/\/www.maxins.com\/nl\/neem-contact-op-met\/maxins-pardubice\/","og_locale":"nl_NL","og_type":"article","og_title":"MAXIN'S Pardubice - MAXIN\u2019S","og_description":"De vestiging in Pardubice biedt werkgelegenheid in diverse sectoren, zoals productie, logistiek, de auto\u2011industrie en meer. Ze levert haar klanten complete HR\u2011diensten, waaronder advies, werving en selectie van werknemers. Galerij","og_url":"https:\/\/www.maxins.com\/nl\/neem-contact-op-met\/maxins-pardubice\/","og_site_name":"MAXIN\u2019S","article_modified_time":"2026-04-10T12:20:08+00:00","og_image":[{"width":2500,"height":1875,"url":"https:\/\/www.maxins.com\/wp-content\/uploads\/2025\/02\/IMG_2316.jpg","type":"image\/jpeg"}],"twitter_card":"summary_large_image","twitter_misc":{"Geschatte leestijd":"1 minuut"},"schema":{"@context":"https:\/\/schema.org","@graph":[{"@type":"WebPage","@id":"https:\/\/www.maxins.com\/nl\/neem-contact-op-met\/maxins-pardubice\/","url":"https:\/\/www.maxins.com\/nl\/neem-contact-op-met\/maxins-pardubice\/","name":"MAXIN'S Pardubice - MAXIN\u2019S","isPartOf":{"@id":"https:\/\/www.maxins.com\/#website"},"primaryImageOfPage":{"@id":"https:\/\/www.maxins.com\/nl\/neem-contact-op-met\/maxins-pardubice\/#primaryimage"},"image":{"@id":"https:\/\/www.maxins.com\/nl\/neem-contact-op-met\/maxins-pardubice\/#primaryimage"},"thumbnailUrl":"https:\/\/www.maxins.com\/wp-content\/uploads\/2025\/02\/IMG_2316.jpg","datePublished":"2024-11-29T13:21:13+00:00","dateModified":"2026-04-10T12:20:08+00:00","breadcrumb":{"@id":"https:\/\/www.maxins.com\/nl\/neem-contact-op-met\/maxins-pardubice\/#breadcrumb"},"inLanguage":"nl-NL","potentialAction":[{"@type":"ReadAction","target":["https:\/\/www.maxins.com\/nl\/neem-contact-op-met\/maxins-pardubice\/"]}]},{"@type":"ImageObject","inLanguage":"nl-NL","@id":"https:\/\/www.maxins.com\/nl\/neem-contact-op-met\/maxins-pardubice\/#primaryimage","url":"https:\/\/www.maxins.com\/wp-content\/uploads\/2025\/02\/IMG_2316.jpg","contentUrl":"https:\/\/www.maxins.com\/wp-content\/uploads\/2025\/02\/IMG_2316.jpg","width":2500,"height":1875},{"@type":"BreadcrumbList","@id":"https:\/\/www.maxins.com\/nl\/neem-contact-op-met\/maxins-pardubice\/#breadcrumb","itemListElement":[{"@type":"ListItem","position":1,"name":"Domovsk\u00e1 str\u00e1nka","item":"https:\/\/www.maxins.com\/nl\/"},{"@type":"ListItem","position":2,"name":"Neem contact op met","item":"https:\/\/www.maxins.com\/nl\/neem-contact-op-met\/"},{"@type":"ListItem","position":3,"name":"MAXIN&#8217;S Pardubice"}]},{"@type":"WebSite","@id":"https:\/\/www.maxins.com\/#website","url":"https:\/\/www.maxins.com\/","name":"MAXIN\u2019S","description":"","potentialAction":[{"@type":"SearchAction","target":{"@type":"EntryPoint","urlTemplate":"https:\/\/www.maxins.com\/?s={search_term_string}"},"query-input":{"@type":"PropertyValueSpecification","valueRequired":true,"valueName":"search_term_string"}}],"inLanguage":"nl-NL"}]}},"_links":{"self":[{"href":"https:\/\/www.maxins.com\/nl\/wp-json\/wp\/v2\/pages\/13268","targetHints":{"allow":["GET"]}}],"collection":[{"href":"https:\/\/www.maxins.com\/nl\/wp-json\/wp\/v2\/pages"}],"about":[{"href":"https:\/\/www.maxins.com\/nl\/wp-json\/wp\/v2\/types\/page"}],"author":[{"embeddable":true,"href":"https:\/\/www.maxins.com\/nl\/wp-json\/wp\/v2\/users\/3"}],"replies":[{"embeddable":true,"href":"https:\/\/www.maxins.com\/nl\/wp-json\/wp\/v2\/comments?post=13268"}],"version-history":[{"count":2,"href":"https:\/\/www.maxins.com\/nl\/wp-json\/wp\/v2\/pages\/13268\/revisions"}],"predecessor-version":[{"id":14080,"href":"https:\/\/www.maxins.com\/nl\/wp-json\/wp\/v2\/pages\/13268\/revisions\/14080"}],"up":[{"embeddable":true,"href":"https:\/\/www.maxins.com\/nl\/wp-json\/wp\/v2\/pages\/13566"}],"wp:featuredmedia":[{"embeddable":true,"href":"https:\/\/www.maxins.com\/nl\/wp-json\/wp\/v2\/media\/13272"}],"wp:attachment":[{"href":"https:\/\/www.maxins.com\/nl\/wp-json\/wp\/v2\/media?parent=13268"}],"curies":[{"name":"wp","href":"https:\/\/api.w.org\/{rel}","templated":true}]}}