{"id":13273,"date":"2024-11-29T13:33:44","date_gmt":"2024-11-29T13:33:44","guid":{"rendered":"https:\/\/www.maxins.com\/maxins-munchen\/"},"modified":"2026-04-10T12:23:15","modified_gmt":"2026-04-10T12:23:15","slug":"maxins-munchen","status":"publish","type":"page","link":"https:\/\/www.maxins.com\/nl\/neem-contact-op-met\/maxins-munchen\/","title":{"rendered":"MAXIN&#8217;S M\u00fcnchen"},"content":{"rendered":"<div id=\"pl-13273\"  class=\"panel-layout\" ><div id=\"pg-13273-0\"  class=\"panel-grid panel-has-style\" ><div class=\"floating-sidebar-container siteorigin-panels-stretch panel-row-style panel-row-style-for-13273-0\" data-stretch-type=\"full\" ><div id=\"pgc-13273-0-0\"  class=\"panel-grid-cell\" ><div id=\"panel-13273-0-0-0\" class=\"so-panel widget widget_siteorigin-panels-builder panel-first-child panel-last-child\" data-index=\"0\" ><div class=\"floating-element panel-widget-style panel-widget-style-for-13273-0-0-0\" ><div id=\"pl-w67a685e0d3dbf\"  class=\"panel-layout\" ><div id=\"pg-w67a685e0d3dbf-0\"  class=\"panel-grid panel-no-style\" ><div id=\"pgc-w67a685e0d3dbf-0-0\"  class=\"panel-grid-cell\" ><div id=\"panel-w67a685e0d3dbf-0-0-0\" class=\"so-panel widget widget_siteorigin-panels-builder panel-first-child panel-last-child\" data-index=\"0\" ><div id=\"pl-w67a685e0d3dc6\"  class=\"panel-layout\" ><div id=\"pg-w67a685e0d3dc6-0\"  class=\"panel-grid panel-has-style\" ><div class=\"panel-row-style panel-row-style-for-w67a685e0d3dc6-0\" ><div id=\"pgc-w67a685e0d3dc6-0-0\"  class=\"panel-grid-cell\" ><div id=\"panel-w67a685e0d3dc6-0-0-0\" class=\"so-panel widget widget_sow-image panel-first-child\" data-index=\"0\" ><div\n\t\t\t\n\t\t\tclass=\"so-widget-sow-image so-widget-sow-image-default-8b5b6f678277\"\n\t\t\t\n\t\t>\n<div class=\"sow-image-container\">\n\t\t<img loading=\"lazy\" decoding=\"async\" src=\"https:\/\/www.maxins.com\/wp-content\/uploads\/2025\/01\/Martin-Gasper.png\" width=\"2000\" height=\"2000\" srcset=\"https:\/\/www.maxins.com\/wp-content\/uploads\/2025\/01\/Martin-Gasper.png 2000w, https:\/\/www.maxins.com\/wp-content\/uploads\/2025\/01\/Martin-Gasper-300x300.png 300w, https:\/\/www.maxins.com\/wp-content\/uploads\/2025\/01\/Martin-Gasper-1024x1024.png 1024w, https:\/\/www.maxins.com\/wp-content\/uploads\/2025\/01\/Martin-Gasper-150x150.png 150w, https:\/\/www.maxins.com\/wp-content\/uploads\/2025\/01\/Martin-Gasper-768x768.png 768w, https:\/\/www.maxins.com\/wp-content\/uploads\/2025\/01\/Martin-Gasper-1536x1536.png 1536w, https:\/\/www.maxins.com\/wp-content\/uploads\/2025\/01\/Martin-Gasper-480x480.png 480w, https:\/\/www.maxins.com\/wp-content\/uploads\/2025\/01\/Martin-Gasper-992x992.png 992w, https:\/\/www.maxins.com\/wp-content\/uploads\/2025\/01\/Martin-Gasper-1200x1200.png 1200w\" sizes=\"auto, (max-width: 2000px) 100vw, 2000px\" title=\"Martin Gasper\" alt=\"\" \t\tclass=\"so-widget-image\"\/>\n\t<\/div>\n\n<\/div><\/div><div id=\"panel-w67a685e0d3dc6-0-0-1\" class=\"so-panel widget widget_sow-editor panel-last-child\" data-index=\"1\" ><div class=\"contact-info panel-widget-style panel-widget-style-for-w67a685e0d3dc6-0-0-1\" ><div\n\t\t\t\n\t\t\tclass=\"so-widget-sow-editor so-widget-sow-editor-base\"\n\t\t\t\n\t\t>\n<div class=\"siteorigin-widget-tinymce textwidget\">\n\t<p><strong>Martin Gasper<\/strong><br \/>\nV\u00fdkonn\u00fd riadite\u013e<\/p>\n<p><a href=\"tel: +49 173 230 8855\">+49 173 230 8855<\/a><br \/>\n<a href=\"mailto: martin.gasper@areon.eu\">martin.gasper@areon.eu<\/a><\/p>\n<p class=\"social-contact\"><span style=\"color: #aaaaaa;\"><a style=\"color: #aaaaaa;\" href=\"https:\/\/www.linkedin.com\/in\/martin-gasper\/\" target=\"blank\" rel=\"noopener\">Linkedin<\/a><\/span><\/p>\n<\/div>\n<\/div><\/div><\/div><\/div><\/div><\/div><\/div><\/div><\/div><\/div><\/div><\/div><\/div><\/div><div id=\"pgc-13273-0-1\"  class=\"panel-grid-cell\" ><div id=\"panel-13273-0-1-0\" class=\"so-panel widget widget_sow-editor panel-first-child\" data-index=\"1\" ><div class=\"floating-sidebar-containe panel-widget-style panel-widget-style-for-13273-0-1-0\" ><div\n\t\t\t\n\t\t\tclass=\"so-widget-sow-editor so-widget-sow-editor-base\"\n\t\t\t\n\t\t>\n<div class=\"siteorigin-widget-tinymce textwidget\">\n\t<p>Het hoofdkantoor van Areon in M\u00fcnchen is de zetel van onze Backoffice, die HR\u2011 en administratieve ondersteuning biedt aan onze partners en werknemers in Duitsland.<\/p>\n<\/div>\n<\/div><\/div><\/div><div id=\"panel-13273-0-1-1\" class=\"so-panel widget widget_siteorigin-panels-builder\" data-index=\"2\" ><div class=\"panel-widget-style panel-widget-style-for-13273-0-1-1\" ><div id=\"pl-w67a35c33b77ba\"  class=\"panel-layout\" ><div id=\"pg-w67a35c33b77ba-0\"  class=\"panel-grid panel-has-style\" ><div class=\"panel-row-style panel-row-style-for-w67a35c33b77ba-0\" ><div id=\"pgc-w67a35c33b77ba-0-0\"  class=\"panel-grid-cell\" ><div id=\"panel-w67a35c33b77ba-0-0-0\" class=\"so-panel widget widget_sow-image panel-first-child panel-last-child\" data-index=\"0\" ><div class=\"panel-widget-style panel-widget-style-for-w67a35c33b77ba-0-0-0\" ><div\n\t\t\t\n\t\t\tclass=\"so-widget-sow-image so-widget-sow-image-default-8b5b6f678277\"\n\t\t\t\n\t\t><\/div><\/div><\/div><\/div><div id=\"pgc-w67a35c33b77ba-0-1\"  class=\"panel-grid-cell\" ><div id=\"panel-w67a35c33b77ba-0-1-0\" class=\"so-panel widget widget_sow-editor panel-first-child panel-last-child\" data-index=\"1\" ><div class=\"panel-widget-style panel-widget-style-for-w67a35c33b77ba-0-1-0\" ><div\n\t\t\t\n\t\t\tclass=\"so-widget-sow-editor so-widget-sow-editor-base\"\n\t\t\t\n\t\t>\n<div class=\"siteorigin-widget-tinymce textwidget\">\n\t<h3>MAXIN'S M\u00fcnchen<\/h3>\n<p>Openingstijden<br \/>\n<strong>Ma-vr: 08:00 - 16:00<\/strong><\/p>\n<p>Adres<\/p>\n<p>Adalperostra\u00dfe 80<br \/>\n85737 - Ismaning<\/p>\n<p><a href=\"https:\/\/maps.app.goo.gl\/2UVFvumwXVxDkvFDA\" target=\"blank\" title=\"\" class=\"button button-inverse\" rel=\"noopener\">Navigeer naar<\/a><\/p>\n<\/div>\n<\/div><\/div><\/div><\/div><\/div><\/div><\/div><\/div><\/div><div id=\"panel-13273-0-1-2\" class=\"so-panel widget widget_siteorigin-panels-builder panel-last-child\" data-index=\"3\" ><div class=\"panel-widget-style panel-widget-style-for-13273-0-1-2\" ><div id=\"pl-w67a6702f34e49\"  class=\"panel-layout\" ><div id=\"pg-w67a6702f34e49-0\"  class=\"panel-grid panel-no-style\" ><div id=\"pgc-w67a6702f34e49-0-0\"  class=\"panel-grid-cell\" ><div id=\"panel-w67a6702f34e49-0-0-0\" class=\"so-panel widget widget_sow-editor panel-first-child panel-last-child\" data-index=\"0\" ><div\n\t\t\t\n\t\t\tclass=\"so-widget-sow-editor so-widget-sow-editor-base\"\n\t\t\t\n\t\t>\n<div class=\"siteorigin-widget-tinymce textwidget\">\n\t<div style=\"width: 1280px;\" class=\"wp-video\"><video class=\"wp-video-shortcode__disabled\" id=\"video-13273-1\" width=\"1280\" height=\"720\" poster=\"https:\/\/www.maxins.com\/wp-content\/uploads\/2025\/02\/Screenshot-2025-02-07-at-21.38.48-1.png\" preload=\"metadata\" controls=\"controls\"><source type=\"video\/mp4\" data-cookieconsent=\"voorkeuren, statistieken, marketing\" data-src=\"https:\/\/www.maxins.com\/wp-content\/uploads\/2024\/11\/Predstavenie-pracovnej-agentAory-Areon.mp4?_=1\" \/><a href=\"https:\/\/www.maxins.com\/wp-content\/uploads\/2024\/11\/Predstavenie-pracovnej-agentAory-Areon.mp4\">https:\/\/www.maxins.com\/wp-content\/uploads\/2024\/11\/Predstavenie-pracovnej-agentAory-Areon.mp4<\/a><\/video><\/div><div class=\"cookieconsent-optout-preferences cookieconsent-optout-statistics cookieconsent-optout-marketing\"><\/div>\n<\/div>\n<\/div><\/div><\/div><\/div><\/div><\/div><\/div><\/div><\/div><\/div><\/div>","protected":false},"excerpt":{"rendered":"<p>Het hoofdkantoor van Areon in M\u00fcnchen is de zetel van onze Backoffice, die HR\u2011 en administratieve ondersteuning biedt aan onze partners en werknemers in Duitsland.<\/p>\n","protected":false},"author":3,"featured_media":13284,"parent":13566,"menu_order":0,"comment_status":"closed","ping_status":"closed","template":"","meta":{"_acf_changed":false,"footnotes":""},"class_list":["post-13273","page","type-page","status-publish","has-post-thumbnail","hentry"],"acf":[],"yoast_head":"<!-- This site is optimized with the Yoast SEO plugin v25.3.1 - https:\/\/yoast.com\/wordpress\/plugins\/seo\/ -->\n<title>MAXIN&#039;S M\u00fcnchen - MAXIN\u2019S<\/title>\n<meta name=\"robots\" content=\"index, follow, max-snippet:-1, max-image-preview:large, max-video-preview:-1\" \/>\n<link rel=\"canonical\" href=\"https:\/\/www.maxins.com\/nl\/neem-contact-op-met\/maxins-munchen\/\" \/>\n<meta property=\"og:locale\" content=\"nl_NL\" \/>\n<meta property=\"og:type\" content=\"article\" \/>\n<meta property=\"og:title\" content=\"MAXIN&#039;S M\u00fcnchen - MAXIN\u2019S\" \/>\n<meta property=\"og:description\" content=\"Het hoofdkantoor van Areon in M\u00fcnchen is de zetel van onze Backoffice, die HR\u2011 en administratieve ondersteuning biedt aan onze partners en werknemers in Duitsland.\" \/>\n<meta property=\"og:url\" content=\"https:\/\/www.maxins.com\/nl\/neem-contact-op-met\/maxins-munchen\/\" \/>\n<meta property=\"og:site_name\" content=\"MAXIN\u2019S\" \/>\n<meta property=\"article:modified_time\" content=\"2026-04-10T12:23:15+00:00\" \/>\n<meta property=\"og:image\" content=\"https:\/\/www.maxins.com\/wp-content\/uploads\/2025\/02\/Screenshot-2025-02-07-at-11.15.25.png\" \/>\n\t<meta property=\"og:image:width\" content=\"2500\" \/>\n\t<meta property=\"og:image:height\" content=\"1712\" \/>\n\t<meta property=\"og:image:type\" content=\"image\/png\" \/>\n<meta name=\"twitter:card\" content=\"summary_large_image\" \/>\n<meta name=\"twitter:label1\" content=\"Geschatte leestijd\" \/>\n\t<meta name=\"twitter:data1\" content=\"1 minuut\" \/>\n<script type=\"application\/ld+json\" class=\"yoast-schema-graph\">{\"@context\":\"https:\/\/schema.org\",\"@graph\":[{\"@type\":\"WebPage\",\"@id\":\"https:\/\/www.maxins.com\/nl\/neem-contact-op-met\/maxins-munchen\/\",\"url\":\"https:\/\/www.maxins.com\/nl\/neem-contact-op-met\/maxins-munchen\/\",\"name\":\"MAXIN'S M\u00fcnchen - MAXIN\u2019S\",\"isPartOf\":{\"@id\":\"https:\/\/www.maxins.com\/#website\"},\"primaryImageOfPage\":{\"@id\":\"https:\/\/www.maxins.com\/nl\/neem-contact-op-met\/maxins-munchen\/#primaryimage\"},\"image\":{\"@id\":\"https:\/\/www.maxins.com\/nl\/neem-contact-op-met\/maxins-munchen\/#primaryimage\"},\"thumbnailUrl\":\"https:\/\/www.maxins.com\/wp-content\/uploads\/2025\/02\/Screenshot-2025-02-07-at-11.15.25.png\",\"datePublished\":\"2024-11-29T13:33:44+00:00\",\"dateModified\":\"2026-04-10T12:23:15+00:00\",\"breadcrumb\":{\"@id\":\"https:\/\/www.maxins.com\/nl\/neem-contact-op-met\/maxins-munchen\/#breadcrumb\"},\"inLanguage\":\"nl-NL\",\"potentialAction\":[{\"@type\":\"ReadAction\",\"target\":[\"https:\/\/www.maxins.com\/nl\/neem-contact-op-met\/maxins-munchen\/\"]}]},{\"@type\":\"ImageObject\",\"inLanguage\":\"nl-NL\",\"@id\":\"https:\/\/www.maxins.com\/nl\/neem-contact-op-met\/maxins-munchen\/#primaryimage\",\"url\":\"https:\/\/www.maxins.com\/wp-content\/uploads\/2025\/02\/Screenshot-2025-02-07-at-11.15.25.png\",\"contentUrl\":\"https:\/\/www.maxins.com\/wp-content\/uploads\/2025\/02\/Screenshot-2025-02-07-at-11.15.25.png\",\"width\":2500,\"height\":1712},{\"@type\":\"BreadcrumbList\",\"@id\":\"https:\/\/www.maxins.com\/nl\/neem-contact-op-met\/maxins-munchen\/#breadcrumb\",\"itemListElement\":[{\"@type\":\"ListItem\",\"position\":1,\"name\":\"Domovsk\u00e1 str\u00e1nka\",\"item\":\"https:\/\/www.maxins.com\/nl\/\"},{\"@type\":\"ListItem\",\"position\":2,\"name\":\"Neem contact op met\",\"item\":\"https:\/\/www.maxins.com\/nl\/neem-contact-op-met\/\"},{\"@type\":\"ListItem\",\"position\":3,\"name\":\"MAXIN&#8217;S M\u00fcnchen\"}]},{\"@type\":\"WebSite\",\"@id\":\"https:\/\/www.maxins.com\/#website\",\"url\":\"https:\/\/www.maxins.com\/\",\"name\":\"MAXIN\u2019S\",\"description\":\"\",\"potentialAction\":[{\"@type\":\"SearchAction\",\"target\":{\"@type\":\"EntryPoint\",\"urlTemplate\":\"https:\/\/www.maxins.com\/?s={search_term_string}\"},\"query-input\":{\"@type\":\"PropertyValueSpecification\",\"valueRequired\":true,\"valueName\":\"search_term_string\"}}],\"inLanguage\":\"nl-NL\"}]}<\/script>\n<!-- \/ Yoast SEO plugin. -->","yoast_head_json":{"title":"MAXIN'S M\u00fcnchen - MAXIN\u2019S","robots":{"index":"index","follow":"follow","max-snippet":"max-snippet:-1","max-image-preview":"max-image-preview:large","max-video-preview":"max-video-preview:-1"},"canonical":"https:\/\/www.maxins.com\/nl\/neem-contact-op-met\/maxins-munchen\/","og_locale":"nl_NL","og_type":"article","og_title":"MAXIN'S M\u00fcnchen - MAXIN\u2019S","og_description":"Het hoofdkantoor van Areon in M\u00fcnchen is de zetel van onze Backoffice, die HR\u2011 en administratieve ondersteuning biedt aan onze partners en werknemers in Duitsland.","og_url":"https:\/\/www.maxins.com\/nl\/neem-contact-op-met\/maxins-munchen\/","og_site_name":"MAXIN\u2019S","article_modified_time":"2026-04-10T12:23:15+00:00","og_image":[{"width":2500,"height":1712,"url":"https:\/\/www.maxins.com\/wp-content\/uploads\/2025\/02\/Screenshot-2025-02-07-at-11.15.25.png","type":"image\/png"}],"twitter_card":"summary_large_image","twitter_misc":{"Geschatte leestijd":"1 minuut"},"schema":{"@context":"https:\/\/schema.org","@graph":[{"@type":"WebPage","@id":"https:\/\/www.maxins.com\/nl\/neem-contact-op-met\/maxins-munchen\/","url":"https:\/\/www.maxins.com\/nl\/neem-contact-op-met\/maxins-munchen\/","name":"MAXIN'S M\u00fcnchen - MAXIN\u2019S","isPartOf":{"@id":"https:\/\/www.maxins.com\/#website"},"primaryImageOfPage":{"@id":"https:\/\/www.maxins.com\/nl\/neem-contact-op-met\/maxins-munchen\/#primaryimage"},"image":{"@id":"https:\/\/www.maxins.com\/nl\/neem-contact-op-met\/maxins-munchen\/#primaryimage"},"thumbnailUrl":"https:\/\/www.maxins.com\/wp-content\/uploads\/2025\/02\/Screenshot-2025-02-07-at-11.15.25.png","datePublished":"2024-11-29T13:33:44+00:00","dateModified":"2026-04-10T12:23:15+00:00","breadcrumb":{"@id":"https:\/\/www.maxins.com\/nl\/neem-contact-op-met\/maxins-munchen\/#breadcrumb"},"inLanguage":"nl-NL","potentialAction":[{"@type":"ReadAction","target":["https:\/\/www.maxins.com\/nl\/neem-contact-op-met\/maxins-munchen\/"]}]},{"@type":"ImageObject","inLanguage":"nl-NL","@id":"https:\/\/www.maxins.com\/nl\/neem-contact-op-met\/maxins-munchen\/#primaryimage","url":"https:\/\/www.maxins.com\/wp-content\/uploads\/2025\/02\/Screenshot-2025-02-07-at-11.15.25.png","contentUrl":"https:\/\/www.maxins.com\/wp-content\/uploads\/2025\/02\/Screenshot-2025-02-07-at-11.15.25.png","width":2500,"height":1712},{"@type":"BreadcrumbList","@id":"https:\/\/www.maxins.com\/nl\/neem-contact-op-met\/maxins-munchen\/#breadcrumb","itemListElement":[{"@type":"ListItem","position":1,"name":"Domovsk\u00e1 str\u00e1nka","item":"https:\/\/www.maxins.com\/nl\/"},{"@type":"ListItem","position":2,"name":"Neem contact op met","item":"https:\/\/www.maxins.com\/nl\/neem-contact-op-met\/"},{"@type":"ListItem","position":3,"name":"MAXIN&#8217;S M\u00fcnchen"}]},{"@type":"WebSite","@id":"https:\/\/www.maxins.com\/#website","url":"https:\/\/www.maxins.com\/","name":"MAXIN\u2019S","description":"","potentialAction":[{"@type":"SearchAction","target":{"@type":"EntryPoint","urlTemplate":"https:\/\/www.maxins.com\/?s={search_term_string}"},"query-input":{"@type":"PropertyValueSpecification","valueRequired":true,"valueName":"search_term_string"}}],"inLanguage":"nl-NL"}]}},"_links":{"self":[{"href":"https:\/\/www.maxins.com\/nl\/wp-json\/wp\/v2\/pages\/13273","targetHints":{"allow":["GET"]}}],"collection":[{"href":"https:\/\/www.maxins.com\/nl\/wp-json\/wp\/v2\/pages"}],"about":[{"href":"https:\/\/www.maxins.com\/nl\/wp-json\/wp\/v2\/types\/page"}],"author":[{"embeddable":true,"href":"https:\/\/www.maxins.com\/nl\/wp-json\/wp\/v2\/users\/3"}],"replies":[{"embeddable":true,"href":"https:\/\/www.maxins.com\/nl\/wp-json\/wp\/v2\/comments?post=13273"}],"version-history":[{"count":2,"href":"https:\/\/www.maxins.com\/nl\/wp-json\/wp\/v2\/pages\/13273\/revisions"}],"predecessor-version":[{"id":14083,"href":"https:\/\/www.maxins.com\/nl\/wp-json\/wp\/v2\/pages\/13273\/revisions\/14083"}],"up":[{"embeddable":true,"href":"https:\/\/www.maxins.com\/nl\/wp-json\/wp\/v2\/pages\/13566"}],"wp:featuredmedia":[{"embeddable":true,"href":"https:\/\/www.maxins.com\/nl\/wp-json\/wp\/v2\/media\/13284"}],"wp:attachment":[{"href":"https:\/\/www.maxins.com\/nl\/wp-json\/wp\/v2\/media?parent=13273"}],"curies":[{"name":"wp","href":"https:\/\/api.w.org\/{rel}","templated":true}]}}